{"id":16,"date":"2018-04-03T08:24:08","date_gmt":"2018-04-03T11:24:08","guid":{"rendered":"https:\/\/www.ufsm.br\/pro-reitorias\/prpgp\/?page_id=16"},"modified":"2026-04-02T14:32:33","modified_gmt":"2026-04-02T17:32:33","slug":"contato","status":"publish","type":"page","link":"https:\/\/www.ufsm.br\/pro-reitorias\/prpgp\/contato","title":{"rendered":"Contato"},"content":{"rendered":"\t\t<div data-elementor-type=\"wp-post\" data-elementor-id=\"16\" class=\"elementor elementor-16\">\n\t\t\t\t\t\t<section class=\"elementor-section elementor-top-section elementor-element elementor-element-6d2056f9 elementor-section-boxed elementor-section-height-default elementor-section-height-default\" data-id=\"6d2056f9\" data-element_type=\"section\">\n\t\t\t\t\t\t<div class=\"elementor-container elementor-column-gap-default\">\n\t\t\t\t\t<div class=\"elementor-column elementor-col-100 elementor-top-column elementor-element elementor-element-6a4dc674\" data-id=\"6a4dc674\" data-element_type=\"column\">\n\t\t\t<div class=\"elementor-widget-wrap elementor-element-populated\">\n\t\t\t\t\t\t<div class=\"elementor-element elementor-element-7016defc elementor-widget elementor-widget-text-editor\" data-id=\"7016defc\" data-element_type=\"widget\" data-widget_type=\"text-editor.default\">\n\t\t\t\t<div class=\"elementor-widget-container\">\n\t\t\t\t\t\t\t<p>A <strong>Pr\u00f3-reitoria de P\u00f3s-Gradua\u00e7\u00e3o e Pesquisa (<\/strong><strong>PRPGP)<\/strong> atende no s\u00e9timo andar do Pr\u00e9dio da Reitoria, no Campus Sede, com alguns setores lotados em outros pr\u00e9dios do Campus (veja no quadro abaixo).<\/p><table style=\"border-collapse: collapse;width: 100%;height: 574px\" border=\"1\"><tbody><tr style=\"height: 15px\"><td style=\"width: 41.431%;height: 15px;text-align: center\"><b>Setor<\/b><\/td><td style=\"width: 41.4441%;height: 15px;text-align: center\"><b>E-mail<\/b><\/td><td style=\"width: 17.1249%;height: 15px;text-align: center\"><b>Telefone<\/b><\/td><\/tr><tr style=\"height: 15px\"><td style=\"width: 41.431%;height: 15px;text-align: center\"><strong>Pr\u00f3-Reitora\u00a0de P\u00f3s-gradua\u00e7\u00e3o e Pesquisa<\/strong><br \/>Prof.\u00aa Cristina Wayne Nogueira<\/td><td style=\"width: 41.4441%;height: 15px;text-align: center\">prpgp@ufsm.br<\/td><td style=\"width: 17.1249%;height: 15px;text-align: center\">(55) 3220-8655<\/td><\/tr><tr style=\"height: 15px\"><td style=\"width: 41.431%;height: 15px;text-align: center\"><strong>Pr\u00f3-Reitora Substituta<\/strong><br \/>Prof.\u00aa Tatiana Emanuelli<\/td><td style=\"width: 41.4441%;height: 15px;text-align: center\">cpg.prpgp@ufsm.br<\/td><td style=\"width: 17.1249%;height: 15px;text-align: center\">(55) 3220-9451<\/td><\/tr><tr style=\"height: 15px\"><td style=\"width: 41.431%;height: 15px;text-align: center\">N\u00facleo de Apoio Administrativo-Or\u00e7ament\u00e1rio (NAAO)<\/td><td style=\"width: 41.4441%;height: 15px;text-align: center\">financeiro.prpgp@ufsm.br<\/td><td style=\"width: 17.1249%;height: 15px;text-align: center\">(55) 3178-0828<\/td><\/tr><tr style=\"height: 15px\"><td style=\"width: 41.431%;text-align: center;height: 15px\">N\u00facleo Administrativo de Apoio \u00e0 Regulamenta\u00e7\u00e3o em Pesquisa (NARP)<\/td><td style=\"width: 41.4441%;text-align: center;height: 15px\">ceua@ufsm.br<br \/>cep.ufsm@ufsm.br<br \/>cibio@ufsm.br<\/td><td style=\"width: 17.1249%;text-align: center;height: 15px\">(55) 3220-9362<\/td><\/tr><tr style=\"height: 15px\"><td style=\"width: 41.431%;text-align: center;height: 15px\">Biot\u00e9rio Central<br \/>Localiza\u00e7\u00e3o: Pr\u00e9dio 98B<\/td><td style=\"width: 41.4441%;text-align: center;height: 15px\">bioterio@ufsm.br<\/td><td style=\"width: 17.1249%;text-align: center;height: 15px\">(55) 3220-8135<\/td><\/tr><tr style=\"height: 15px\"><td style=\"width: 41.431%;text-align: center;height: 15px\"><strong>Coordenadoria de P\u00f3s-Gradua\u00e7\u00e3o (CPG)<\/strong><\/td><td style=\"width: 41.4441%;text-align: center;height: 15px\">cpg.prpgp@ufsm.br<\/td><td style=\"width: 17.1249%;text-align: center;height: 15px\">(55) 3220-9451<\/td><\/tr><tr style=\"height: 15px\"><td style=\"width: 41.431%;text-align: center;height: 15px\">N\u00facleo de Cria\u00e7\u00e3o e Acompanhamento de Cursos de P\u00f3s-Gradua\u00e7\u00e3o (NCAC)<\/td><td style=\"width: 41.4441%;text-align: center;height: 15px\">prpgp@ufsm.br<br \/>ncac.prpgp@ufsm.br<\/td><td style=\"width: 17.1249%;text-align: center;height: 15px\"><span style=\"color: #000000;font-size: 16px\">(55) <\/span>3220-8655<\/td><\/tr><tr style=\"height: 15px\"><td style=\"width: 41.431%;text-align: center;height: 15px\"><span style=\"color: #000000;font-size: 16px;text-align: left\">N\u00facleo de Sele\u00e7\u00e3o e Bolsas da P\u00f3s-Gradua\u00e7\u00e3o<\/span>\u00a0(NSB)<\/td><td style=\"width: 41.4441%;text-align: center;height: 15px\">cpg.prpgp@ufsm.br<br \/>Bolsas CAPES e CNPq: bolsas.cpg@ufsm.br<br \/>Editais de sele\u00e7\u00e3o de ingresso na PG: editais.cpg@ufsm.br<\/td><td style=\"width: 17.1249%;text-align: center;height: 15px\"><span style=\"color: #000000;font-size: 16px\">(55) <\/span>3220-9451<\/td><\/tr><tr style=\"height: 15px\"><td style=\"width: 41.431%;text-align: center;height: 15px\"><a href=\"https:\/\/www.ufsm.br\/pro-reitorias\/prpgp\/controle-academico-de-pos-graduacao\" target=\"_blank\" rel=\"noopener\">N\u00facleo de Controle Acad\u00eamico da P\u00f3s-gradua\u00e7\u00e3o (NCAPG)\u00a0<\/a><br \/>Localiza\u00e7\u00e3o: T\u00e9rreo do Pr\u00e9dio 48D (Antigo DERCA)<\/td><td style=\"width: 41.4441%;text-align: center;height: 15px\"><ul><li style=\"text-align: left\">Para assuntos gerais dos registros acad\u00eamicos da PG\/UFSM (academico.prpgp@ufsm.br)<\/li><li style=\"text-align: left\">Para ingresso\/ingressantes na PG\/UFSM (ingresso.prpgp@ufsm.br)<\/li><li style=\"text-align: left\">Para oferta e matr\u00edcula de disciplinas (oferta.prpgp@ufsm.br)<\/li><li style=\"text-align: left\">Para plano de estudos e defesa (planoedefesa.prpgp@ufsm.br)<\/li><li style=\"text-align: left\">Para titula\u00e7\u00e3o\/diploma\u00e7\u00e3o dos discentes e sobre egressos da PG\/UFSM (diplomas.prpgp@ufsm.br)<\/li><li style=\"text-align: left\">Para registros dos cursos e PPC (cursos.prpgp@ufsm.br)<\/li><\/ul><\/td><td style=\"width: 17.1249%;text-align: center;height: 15px\"><span style=\"color: #000000;font-size: 16px\">(55) <\/span>3220-8921<br \/><span style=\"color: #000000;font-size: 16px\">(55) <\/span>3178-0580<br \/>(55) <span style=\"font-size: 16px\">3178-0579<\/span><\/td><\/tr><tr style=\"height: 48px\"><td style=\"width: 41.431%;text-align: center;height: 48px\"><span style=\"font-weight: bolder;color: #000000;font-size: 16px;text-align: start\">Coordenadoria de Pesquisa (CP)<\/span><\/td><td style=\"width: 41.4441%;text-align: center;height: 48px\">cic.prpgp@ufsm.br<\/td><td style=\"width: 17.1249%;text-align: center;height: 48px\"><span style=\"color: #000000;font-size: 16px\">(55) 3220-8082<\/span><\/td><\/tr><tr style=\"height: 72px\"><td style=\"width: 41.431%;text-align: center;height: 72px\"><span style=\"color: #000000;font-size: 16px;text-align: left\">N\u00facleo de Ger\u00eancia de Inicia\u00e7\u00e3o Cient\u00edfica (NGIC)<\/span><\/td><td style=\"width: 41.4441%;text-align: center;height: 72px\">cic.prpgp@ufsm.br<br \/>jai@ufsm.br<\/td><td style=\"width: 17.1249%;text-align: center;height: 72px\"><span style=\"color: #000000;font-size: 16px\">(55) 3220-8082<\/span><\/td><\/tr><tr style=\"height: 96px\"><td style=\"width: 41.431%;text-align: center;height: 10px\"><span style=\"color: #000000;font-size: 16px;text-align: left\">N\u00facleo de Apoio \u00e0 Pesquisa e Estruturas Multiusu\u00e1rias (NAPEM)<\/span><\/td><td style=\"width: 41.4441%;height: 10px;text-align: left\"><ul><li>Apoio \u00e0 Pesquisa (cp.prpgp@ufsm.br)<\/li><li>Estruturas Multiusu\u00e1rias (napem.prpgp@ufsm.br)<\/li><\/ul><\/td><td style=\"width: 17.1249%;text-align: center;height: 10px\"><p>\u00a0(55) 3220-8800<\/p><p>\u00a0(55) 3220-2264<\/p><\/td><\/tr><tr style=\"height: 72px\"><td style=\"width: 41.431%;text-align: center;height: 72px\"><span style=\"font-weight: bolder;color: #000000;font-size: 16px;text-align: start\">Coordenadoria de A\u00e7\u00f5es e Programas Estrat\u00e9gico<strong>s<\/strong><\/span><strong>\u00a0(CAPR)<\/strong><\/td><td style=\"width: 41.4441%;text-align: center;height: 72px\">npe.prpe@ufsm.br<\/td><td style=\"width: 17.1249%;text-align: center;height: 72px\">(55) 3220-9656<\/td><\/tr><tr style=\"height: 72px\"><td style=\"width: 41.431%;text-align: center;height: 72px\"><span style=\"color: #000000;font-size: 16px;text-align: left\">N\u00facleo de Gest\u00e3o e Programas Estrat\u00e9gicos<\/span>\u00a0(NGPP)<\/td><td style=\"width: 41.4441%;text-align: center;height: 72px\">npe.prpe@ufsm.br<\/td><td style=\"width: 17.1249%;text-align: center;height: 72px\">(55) 3220-9656<\/td><\/tr><tr style=\"height: 248px\"><td style=\"width: 41.431%;text-align: center;height: 150px\">Internacionaliza\u00e7\u00e3o<\/td><td style=\"width: 41.4441%;text-align: center;height: 150px\"><ul style=\"color: #000000;font-size: 16px\"><li style=\"text-align: left\"><span style=\"color: #000000\">Para d\u00favidas gerais<br \/><\/span><span style=\"color: #000000\">(nint.prpgp@ufsm.br)<\/span><\/li><li style=\"text-align: left\"><span style=\"color: #000000\">Programa CAPES-PrInt<br \/><\/span><span style=\"color: #000000\">(capes.print@ufsm.br)<\/span><\/li><li style=\"text-align: left\"><span style=\"color: #000000\">Reconhecimento de Diplomas de P\u00f3s-gradua\u00e7\u00e3o no Exterior<br \/><\/span><span style=\"color: #000000\">(reconhecimento.prpgp@ufsm.br)<br \/><\/span><\/li><li style=\"text-align: left\"><span style=\"color: #000000\">Programa de Doutorado Sandu\u00edche no Exterior PDSE-CAPES<br \/>(pdse@ufsm.br)<\/span><\/li><\/ul><\/td><td style=\"width: 17.1249%;text-align: center;height: 150px\"><span style=\"font-size: 16px\">(55) 3220-8645<\/span><\/td><\/tr><\/tbody><\/table><p><strong>Expediente Externo:<br \/><\/strong>De segunda a sexta-feira<br \/><span lang=\"PT-BR\" xml:lang=\"PT-BR\">das 8h \u00e0s 12h<br \/><\/span><span lang=\"PT-BR\" xml:lang=\"PT-BR\">das 14h \u00e0s\u00a017h<\/span><\/p>\t\t\t\t\t\t<\/div>\n\t\t\t\t<\/div>\n\t\t\t\t\t<\/div>\n\t\t<\/div>\n\t\t\t\t\t<\/div>\n\t\t<\/section>\n\t\t\t\t<\/div>\n\t\t","protected":false},"excerpt":{"rendered":"<p>A Pr\u00f3-reitoria de P\u00f3s-Gradua\u00e7\u00e3o e Pesquisa (PRPGP) atende no s\u00e9timo andar do Pr\u00e9dio da Reitoria, no Campus Sede, com alguns setores lotados em outros pr\u00e9dios do Campus (veja no quadro abaixo). Setor E-mail Telefone Pr\u00f3-Reitora\u00a0de P\u00f3s-gradua\u00e7\u00e3o e PesquisaProf.\u00aa Cristina Wayne Nogueira prpgp@ufsm.br (55) 3220-8655 Pr\u00f3-Reitora SubstitutaProf.\u00aa Tatiana Emanuelli cpg.prpgp@ufsm.br (55) 3220-9451 N\u00facleo de Apoio Administrativo-Or\u00e7ament\u00e1rio [&hellip;]<\/p>\n","protected":false},"author":74,"featured_media":0,"parent":0,"menu_order":0,"comment_status":"closed","ping_status":"closed","template":"","meta":{"footnotes":""},"categories":[],"tags":[],"class_list":["post-16","page","type-page","status-publish","hentry"],"acf":[],"_links":{"self":[{"href":"https:\/\/www.ufsm.br\/pro-reitorias\/prpgp\/wp-json\/wp\/v2\/pages\/16","targetHints":{"allow":["GET"]}}],"collection":[{"href":"https:\/\/www.ufsm.br\/pro-reitorias\/prpgp\/wp-json\/wp\/v2\/pages"}],"about":[{"href":"https:\/\/www.ufsm.br\/pro-reitorias\/prpgp\/wp-json\/wp\/v2\/types\/page"}],"author":[{"embeddable":true,"href":"https:\/\/www.ufsm.br\/pro-reitorias\/prpgp\/wp-json\/wp\/v2\/users\/74"}],"replies":[{"embeddable":true,"href":"https:\/\/www.ufsm.br\/pro-reitorias\/prpgp\/wp-json\/wp\/v2\/comments?post=16"}],"version-history":[{"count":0,"href":"https:\/\/www.ufsm.br\/pro-reitorias\/prpgp\/wp-json\/wp\/v2\/pages\/16\/revisions"}],"wp:attachment":[{"href":"https:\/\/www.ufsm.br\/pro-reitorias\/prpgp\/wp-json\/wp\/v2\/media?parent=16"}],"wp:term":[{"taxonomy":"category","embeddable":true,"href":"https:\/\/www.ufsm.br\/pro-reitorias\/prpgp\/wp-json\/wp\/v2\/categories?post=16"},{"taxonomy":"post_tag","embeddable":true,"href":"https:\/\/www.ufsm.br\/pro-reitorias\/prpgp\/wp-json\/wp\/v2\/tags?post=16"}],"curies":[{"name":"wp","href":"https:\/\/api.w.org\/{rel}","templated":true}]}}