{"id":175,"date":"2018-04-09T09:16:38","date_gmt":"2018-04-09T12:16:38","guid":{"rendered":"https:\/\/www.ufsm.br\/pro-reitorias\/prpgp\/?page_id=175"},"modified":"2018-04-09T09:16:38","modified_gmt":"2018-04-09T12:16:38","slug":"educacao-fisica","status":"publish","type":"page","link":"https:\/\/www.ufsm.br\/pro-reitorias\/prpgp\/educacao-fisica","title":{"rendered":"Educa\u00e7\u00e3o F\u00edsica"},"content":{"rendered":"<p><strong>PROGRAMA DE P\u00d3S-GRADUA\u00c7\u00c3O EM EDUCA\u00c7\u00c3O F\u00cdSICA<\/strong><\/p>\n<p>&nbsp;<\/p>\n<p>Endere\u00e7o: \u00a0 \u00a0 \u00a0 \u00a0 \u00a0Universidade Federal de Santa Maria<br \/>\nAv. Roraima n. 1000<br \/>\nFaixa de Camobi, Km 09 &#8211; Campus Universit\u00e1rio<br \/>\nCentro de Educa\u00e7\u00e3o F\u00edsica e Desportos \u2013 Pr\u00e9dio 51<br \/>\nSanta Maria\/RS \u2013 97105-900<\/p>\n<p>&nbsp;<\/p>\n<p>Telefone: \u00a0 \u00a0 \u00a0 \u00a0 \u00a0 55 3220 8431<br \/>\nHome Page: \u00a0 \u00a0 \u00a0\u00a0<a href=\"https:\/\/www.ufsm.br\/posef\" target=\"_blank\" rel=\"noopener\">www.ufsm.br\/posef<\/a>\u00a0(endere\u00e7o antigo)<br \/>\n<a href=\"https:\/\/www.ufsm.br\/ppgedf\" target=\"_blank\" rel=\"noopener\">www.ufsm.br\/ppgedf<\/a>\u00a0(endere\u00e7o novo)<\/p>\n<p>e-mail: \u00a0 \u00a0 \u00a0 \u00a0 \u00a0 \u00a0 \u00a0\u00a0<a href=\"mailto:posef.ufsm@gmail.com\">posef.ufsm@gmail.com<\/a><\/p>\n<p>&nbsp;<\/p>\n<p>N\u00edvel: \u00a0 \u00a0 \u00a0 \u00a0 \u00a0 \u00a0 \u00a0 \u00a0 Mestrado Acad\u00eamico<\/p>\n<p>&nbsp;<\/p>\n<p>\u00c1rea de concentra\u00e7\u00e3o:<br \/>\nEduca\u00e7\u00e3o F\u00edsica, Sa\u00fade e Sociedade<\/p>\n<p>&nbsp;<\/p>\n<p>Conceito: Nota anterior 3<br \/>\nNota atualizada 4<\/p>\n","protected":false},"excerpt":{"rendered":"<p>PROGRAMA DE P\u00d3S-GRADUA\u00c7\u00c3O EM EDUCA\u00c7\u00c3O F\u00cdSICA &nbsp; Endere\u00e7o: \u00a0 \u00a0 \u00a0 \u00a0 \u00a0Universidade Federal de Santa Maria Av. Roraima n. 1000 Faixa de Camobi, Km 09 &#8211; Campus Universit\u00e1rio Centro de Educa\u00e7\u00e3o F\u00edsica e Desportos \u2013 Pr\u00e9dio 51 Santa Maria\/RS \u2013 97105-900 &nbsp; Telefone: \u00a0 \u00a0 \u00a0 \u00a0 \u00a0 55 3220 8431 Home Page: \u00a0 [&hellip;]<\/p>\n","protected":false},"author":74,"featured_media":0,"parent":0,"menu_order":0,"comment_status":"closed","ping_status":"closed","template":"","meta":{"footnotes":""},"categories":[],"tags":[],"class_list":["post-175","page","type-page","status-publish","hentry"],"acf":[],"_links":{"self":[{"href":"https:\/\/www.ufsm.br\/pro-reitorias\/prpgp\/wp-json\/wp\/v2\/pages\/175","targetHints":{"allow":["GET"]}}],"collection":[{"href":"https:\/\/www.ufsm.br\/pro-reitorias\/prpgp\/wp-json\/wp\/v2\/pages"}],"about":[{"href":"https:\/\/www.ufsm.br\/pro-reitorias\/prpgp\/wp-json\/wp\/v2\/types\/page"}],"author":[{"embeddable":true,"href":"https:\/\/www.ufsm.br\/pro-reitorias\/prpgp\/wp-json\/wp\/v2\/users\/74"}],"replies":[{"embeddable":true,"href":"https:\/\/www.ufsm.br\/pro-reitorias\/prpgp\/wp-json\/wp\/v2\/comments?post=175"}],"version-history":[{"count":0,"href":"https:\/\/www.ufsm.br\/pro-reitorias\/prpgp\/wp-json\/wp\/v2\/pages\/175\/revisions"}],"wp:attachment":[{"href":"https:\/\/www.ufsm.br\/pro-reitorias\/prpgp\/wp-json\/wp\/v2\/media?parent=175"}],"wp:term":[{"taxonomy":"category","embeddable":true,"href":"https:\/\/www.ufsm.br\/pro-reitorias\/prpgp\/wp-json\/wp\/v2\/categories?post=175"},{"taxonomy":"post_tag","embeddable":true,"href":"https:\/\/www.ufsm.br\/pro-reitorias\/prpgp\/wp-json\/wp\/v2\/tags?post=175"}],"curies":[{"name":"wp","href":"https:\/\/api.w.org\/{rel}","templated":true}]}}