{"id":18366,"date":"2025-02-19T11:36:52","date_gmt":"2025-02-19T14:36:52","guid":{"rendered":"https:\/\/www.ufsm.br\/pro-reitorias\/prpgp\/?page_id=18366"},"modified":"2025-05-06T11:49:31","modified_gmt":"2025-05-06T14:49:31","slug":"bolsas-fipe-campus-de-cachoeira-do-sul-cs-2","status":"publish","type":"page","link":"https:\/\/www.ufsm.br\/pro-reitorias\/prpgp\/bolsas-fipe-campus-de-cachoeira-do-sul-cs-2","title":{"rendered":"Bolsas FIPE \u2013 Campus de Cachoeira do Sul (CS)"},"content":{"rendered":"\t\t<div data-elementor-type=\"wp-page\" data-elementor-id=\"18366\" class=\"elementor elementor-18366\">\n\t\t\t\t\t\t<section class=\"elementor-section elementor-top-section elementor-element elementor-element-8688d0b elementor-section-boxed elementor-section-height-default elementor-section-height-default\" data-id=\"8688d0b\" data-element_type=\"section\">\n\t\t\t\t\t\t<div class=\"elementor-container elementor-column-gap-default\">\n\t\t\t\t\t<div class=\"elementor-column elementor-col-100 elementor-top-column elementor-element elementor-element-6bec528\" data-id=\"6bec528\" data-element_type=\"column\">\n\t\t\t<div class=\"elementor-widget-wrap elementor-element-populated\">\n\t\t\t\t\t\t<div class=\"elementor-element elementor-element-101f2f6 elementor-widget elementor-widget-text-editor\" data-id=\"101f2f6\" data-element_type=\"widget\" data-widget_type=\"text-editor.default\">\n\t\t\t\t<div class=\"elementor-widget-container\">\n\t\t\t\t\t\t\t<p>Abaixo voc\u00ea est\u00e1 visualizando todas as bolsas de <a href=\"https:\/\/www.ufsm.br\/pro-reitorias\/prpgp\/editais\/012-2025\"><strong>IC do Edital 012\/2025 FIPE UNIFICADO<\/strong><\/a> dispon\u00edveis nesta unidade, ordenadas por \u00e1rea de classifica\u00e7\u00e3o do CNPq e por docente. Voc\u00ea poder\u00e1 escolher a \u00e1rea com a qual tem afinidade ou com a qual deseja trabalhar ou, ainda, poder\u00e1 escolher o docente com quem deseja trabalhar. <strong>O detalhamento das informa\u00e7\u00f5es para a sele\u00e7\u00e3o, tais como cronograma de inscri\u00e7\u00e3o, exig\u00eancias e etapas da sele\u00e7\u00e3o do bolsista e outras caracter\u00edsticas do projeto voc\u00ea obter\u00e1 clicando no link do edital espec\u00edfico.<\/strong> O resultado final da sele\u00e7\u00e3o est\u00e1 dispon\u00edvel ap\u00f3s conclu\u00edda a etapa de sele\u00e7\u00e3o por parte do docente.<\/p><table style=\"height: 1196px;width: 102.217%;border-collapse: collapse;border-color: #000000\"><tbody><tr style=\"height: 24px\"><td style=\"width: 28.0098%;height: 24px;border-color: #000000;background-color: #ffffff;text-align: center\"><span style=\"color: #000000\"><strong>\u00c1rea CNPq<\/strong><\/span><\/td><td style=\"width: 26.647%;text-align: center;border-color: #000000;height: 24px\"><strong>Sub\u00e1rea<\/strong><\/td><td style=\"width: 51.9049%;height: 24px;text-align: center;border-color: #000000\"><strong>Docente<\/strong><\/td><td style=\"width: 20.4724%;height: 24px;text-align: center;border-color: #000000\"><strong>Bolsas<\/strong><\/td><td style=\"width: 2.62467%;height: 24px;background-color: #1841a8;border-color: #000000;text-align: center\"><span style=\"color: #ffffff\"><strong>Edital<\/strong><\/span><\/td><td style=\"width: 16.6667%;height: 24px;background-color: #114d12;border-color: #000000;text-align: center\"><span style=\"color: #ffffff\"><strong>Resultado<\/strong><\/span><\/td><\/tr><tr style=\"height: 77px\"><td style=\"width: 28.0098%;text-align: center;border-color: #000000;height: 77px\" align=\"left\" valign=\"middle\" height=\"77\" data-sheets-value=\"{ &quot;1&quot;: 2, &quot;2&quot;: &quot;ARQUITETURA E URBANISMO&quot;}\"><span style=\"color: #000000;font-family: SansSerif\">ARQUITETURA E URBANISMO<\/span><\/td><td style=\"width: 26.647%;text-align: center;border-color: #000000;height: 77px\" align=\"left\" valign=\"middle\" data-sheets-value=\"{ &quot;1&quot;: 2, &quot;2&quot;: &quot;TECNOLOGIA DE ARQUITETURA E URBANISMO&quot;}\"><span style=\"color: #000000;font-family: SansSerif\">TECNOLOGIA DE ARQUITETURA E URBANISMO<\/span><\/td><td style=\"width: 51.9049%;text-align: center;border-color: #000000;height: 77px\" align=\"left\" valign=\"middle\" data-sheets-value=\"{ &quot;1&quot;: 2, &quot;2&quot;: &quot;MIN\u00c9IA JOHANN SCHERER&quot;}\"><span style=\"color: #000000;font-family: SansSerif\">MIN\u00c9IA JOHANN SCHERER<\/span><\/td><td style=\"width: 20.4724%;height: 77px;text-align: center;border-color: #000000;background-color: #ffffff\">1<\/td><td style=\"width: 2.62467%;height: 77px;text-align: center;border-color: #000000;background-color: #ffffff\"><a href=\"https:\/\/www.ufsm.br\/app\/uploads\/sites\/345\/2025\/04\/Mineia-Johann-Scherer_Edital-012_2025_FIPE-UNIFICADO_anexo2_edital-de-selecao.pdf\"><strong><em>link<\/em><\/strong><\/a><\/td><td style=\"width: 16.6667%;height: 77px;text-align: center;border-color: #000000;background-color: #ffffff\"><a href=\"https:\/\/www.ufsm.br\/app\/uploads\/sites\/345\/2025\/04\/Mineia-Johann-Scherer.pdf\"><strong><em>link<\/em><\/strong><\/a><\/td><\/tr><tr style=\"height: 77px\"><td style=\"width: 28.0098%;text-align: center;border-color: #000000;height: 77px\" align=\"left\" valign=\"middle\" height=\"77\" data-sheets-value=\"{ &quot;1&quot;: 2, &quot;2&quot;: &quot;CI\u00caNCIAS AMBIENTAIS&quot;}\"><span style=\"color: #000000;font-family: SansSerif\">CI\u00caNCIAS AMBIENTAIS<\/span><\/td><td style=\"width: 26.647%;text-align: center;border-color: #000000;height: 77px\" align=\"left\" valign=\"middle\" data-sheets-value=\"{ &quot;1&quot;: 2, &quot;2&quot;: &quot;ECOLOGIA APLICADA&quot;}\"><span style=\"color: #000000;font-family: SansSerif\">ECOLOGIA APLICADA<\/span><\/td><td style=\"width: 51.9049%;text-align: center;border-color: #000000;height: 77px\" align=\"left\" valign=\"middle\" data-sheets-value=\"{ &quot;1&quot;: 2, &quot;2&quot;: &quot;MARIANA VIEIRA CORONAS&quot;}\"><span style=\"color: #000000;font-family: SansSerif\">MARIANA VIEIRA CORONAS<\/span><\/td><td style=\"width: 20.4724%;height: 77px;text-align: center;border-color: #000000;background-color: #ffffff\">1<\/td><td style=\"width: 2.62467%;height: 77px;text-align: center;border-color: #000000;background-color: #ffffff\"><a href=\"https:\/\/www.ufsm.br\/app\/uploads\/sites\/345\/2025\/04\/Mariana-Vieira-Coronas.pdf\"><strong><em>link<\/em><\/strong><\/a><\/td><td style=\"width: 16.6667%;height: 77px;text-align: center;border-color: #000000;background-color: #ffffff\"><a href=\"https:\/\/www.ufsm.br\/app\/uploads\/sites\/345\/2025\/04\/Mariana-Vieira-Coronas-1.pdf\"><strong><em>link<\/em><\/strong><\/a><\/td><\/tr><tr style=\"height: 59px\"><td style=\"width: 28.0098%;text-align: center;border-color: #000000;height: 59px\" align=\"left\" valign=\"middle\" height=\"59\" data-sheets-value=\"{ &quot;1&quot;: 2, &quot;2&quot;: &quot;CI\u00caNCIAS AGR\u00c1RIAS&quot;}\"><span style=\"color: #000000;font-family: SansSerif\">CI\u00caNCIAS AGR\u00c1RIAS<\/span><\/td><td style=\"width: 26.647%;text-align: center;border-color: #000000;height: 59px\" align=\"left\" valign=\"middle\" data-sheets-value=\"{ &quot;1&quot;: 2, &quot;2&quot;: &quot;ENGENHARIA DE \u00c1GUA E SOLO&quot;}\"><span style=\"color: #000000;font-family: SansSerif\">ENGENHARIA DE \u00c1GUA E SOLO<\/span><\/td><td style=\"width: 51.9049%;text-align: center;border-color: #000000;height: 59px\" align=\"left\" valign=\"middle\" data-sheets-value=\"{ &quot;1&quot;: 2, &quot;2&quot;: &quot;ZANANDRA BOFF DE OLIVEIRA&quot;}\"><span style=\"color: #000000;font-family: SansSerif\">ZANANDRA BOFF DE OLIVEIRA<\/span><\/td><td style=\"width: 20.4724%;height: 59px;text-align: center;border-color: #000000;background-color: #ffffff\">1<\/td><td style=\"width: 2.62467%;height: 59px;text-align: center;border-color: #000000;background-color: #ffffff\"><a href=\"https:\/\/www.ufsm.br\/app\/uploads\/sites\/345\/2025\/04\/Zanandra-Boff-de-Oliveira_Edital-012_2025_FIPE-UNIFICADO_anexo-2_edital-de-selecao.pdf\"><strong><em>link<\/em><\/strong><\/a><\/td><td style=\"width: 16.6667%;height: 59px;text-align: center;border-color: #000000;background-color: #ffffff\"><a href=\"https:\/\/www.ufsm.br\/app\/uploads\/sites\/345\/2025\/04\/Zanandra-Boff.pdf\"><strong><em>link<\/em><\/strong><\/a><\/td><\/tr><tr style=\"height: 77px\"><td style=\"width: 28.0098%;text-align: center;border-color: #000000;height: 77px\" align=\"left\" valign=\"middle\" height=\"77\" data-sheets-value=\"{ &quot;1&quot;: 2, &quot;2&quot;: &quot;CI\u00caNCIAS AGR\u00c1RIAS&quot;}\"><span style=\"color: #000000;font-family: SansSerif\">CI\u00caNCIAS AGR\u00c1RIAS<\/span><\/td><td style=\"width: 26.647%;text-align: center;border-color: #000000;height: 77px\" align=\"left\" valign=\"middle\" data-sheets-value=\"{ &quot;1&quot;: 2, &quot;2&quot;: &quot;Agricultura de Precis\u00e3o&quot;}\"><span style=\"color: #000000;font-family: SansSerif\">Agricultura de Precis\u00e3o<\/span><\/td><td style=\"width: 51.9049%;text-align: center;border-color: #000000;height: 77px\" align=\"left\" valign=\"middle\" data-sheets-value=\"{ &quot;1&quot;: 2, &quot;2&quot;: &quot;EDUARDO LEONEL BOTTEGA&quot;}\"><span style=\"color: #000000;font-family: SansSerif\">EDUARDO LEONEL BOTTEGA<\/span><\/td><td style=\"width: 20.4724%;height: 77px;text-align: center;border-color: #000000;background-color: #ffffff\">1<\/td><td style=\"width: 2.62467%;height: 77px;text-align: center;border-color: #000000;background-color: #ffffff\"><a href=\"https:\/\/www.ufsm.br\/app\/uploads\/sites\/345\/2025\/04\/Eduardo-Leonel-Bottega.pdf\"><strong><em>link<\/em><\/strong><\/a><\/td><td style=\"width: 16.6667%;height: 77px;text-align: center;border-color: #000000;background-color: #ffffff\"><a href=\"https:\/\/www.ufsm.br\/app\/uploads\/sites\/345\/2025\/04\/Eduardo-Leonel-Bottega-1.pdf\"><strong><em>link<\/em><\/strong><\/a><\/td><\/tr><tr style=\"height: 77px\"><td style=\"width: 28.0098%;text-align: center;border-color: #000000;height: 77px\" align=\"left\" valign=\"middle\" height=\"77\" data-sheets-value=\"{ &quot;1&quot;: 2, &quot;2&quot;: &quot;CI\u00caNCIAS AGR\u00c1RIAS&quot;}\"><span style=\"color: #000000;font-family: SansSerif\">CI\u00caNCIAS AGR\u00c1RIAS<\/span><\/td><td style=\"width: 26.647%;text-align: center;border-color: #000000;height: 77px\" align=\"left\" valign=\"middle\" data-sheets-value=\"{ &quot;1&quot;: 2, &quot;2&quot;: &quot;FITOTECNIA&quot;}\"><span style=\"color: #000000;font-family: SansSerif\">FITOTECNIA<\/span><\/td><td style=\"width: 51.9049%;text-align: center;border-color: #000000;height: 77px\" align=\"left\" valign=\"middle\" data-sheets-value=\"{ &quot;1&quot;: 2, &quot;2&quot;: &quot;MARIA IN\u00caS DIEL&quot;}\"><span style=\"color: #000000;font-family: SansSerif\">MARIA IN\u00caS DIEL<\/span><\/td><td style=\"width: 20.4724%;background-color: #ffffff;text-align: center;border-color: #000000;height: 77px\">1<\/td><td style=\"width: 2.62467%;background-color: #ffffff;text-align: center;border-color: #000000;height: 77px\"><a href=\"https:\/\/www.ufsm.br\/app\/uploads\/sites\/345\/2025\/04\/Maria-Ines-Diel_Edital-selecao-do-Bolsista-Edital-012_2025_FIPE-UNIFICADO.pdf\"><strong><em>link<\/em><\/strong><\/a><\/td><td style=\"width: 16.6667%;background-color: #ffffff;text-align: center;border-color: #000000;height: 77px\"><a href=\"https:\/\/www.ufsm.br\/app\/uploads\/sites\/345\/2025\/04\/MARIA-INES-DIEL.pdf\"><strong><em>link<\/em><\/strong><\/a><\/td><\/tr><tr style=\"height: 110px\"><td style=\"width: 28.0098%;text-align: center;border-color: #000000;height: 110px\" align=\"left\" valign=\"middle\" height=\"110\" data-sheets-value=\"{ &quot;1&quot;: 2, &quot;2&quot;: &quot;ENGENHARIAS I&quot;}\"><span style=\"color: #000000;font-family: SansSerif\">ENGENHARIAS I<\/span><\/td><td style=\"width: 26.647%;text-align: center;border-color: #000000;height: 110px\" align=\"left\" valign=\"middle\" data-sheets-value=\"{ &quot;1&quot;: 2, &quot;2&quot;: &quot;Recursos H\u00eddricos e Saneamento Ambiental*****&quot;}\"><span style=\"color: #000000;font-family: SansSerif\">Recursos H\u00eddricos e Saneamento Ambiental<\/span><\/td><td style=\"width: 51.9049%;text-align: center;border-color: #000000;height: 110px\" align=\"left\" valign=\"middle\" data-sheets-value=\"{ &quot;1&quot;: 2, &quot;2&quot;: &quot;CAROLINA K\u00dcHN NOVAKOSKI&quot;}\"><span style=\"color: #000000;font-family: SansSerif\">CAROLINA K\u00dcHN NOVAKOSKI<\/span><\/td><td style=\"width: 20.4724%;text-align: center;border-color: #000000;height: 110px;background-color: #ffffff\">1<\/td><td style=\"width: 2.62467%;text-align: center;border-color: #000000;height: 110px;background-color: #ffffff\"><a href=\"https:\/\/www.ufsm.br\/app\/uploads\/sites\/345\/2025\/04\/Carolina-Kuhn-Novakoski.pdf\"><strong><em>link<\/em><\/strong><\/a><\/td><td style=\"width: 16.6667%;text-align: center;border-color: #000000;height: 110px;background-color: #ffffff\"><a href=\"https:\/\/www.ufsm.br\/app\/uploads\/sites\/345\/2025\/05\/Carolina-Kuhn-Novakoski.pdf\"><strong><em>link<\/em><\/strong><\/a><\/td><\/tr><tr style=\"height: 77px\"><td style=\"width: 28.0098%;text-align: center;border-color: #000000;height: 77px\" align=\"left\" valign=\"middle\" height=\"77\" data-sheets-value=\"{ &quot;1&quot;: 2, &quot;2&quot;: &quot;ENGENHARIAS I&quot;}\"><span style=\"color: #000000;font-family: SansSerif\">ENGENHARIAS I<\/span><\/td><td style=\"width: 26.647%;text-align: center;border-color: #000000;height: 77px\" align=\"left\" valign=\"middle\" data-sheets-value=\"{ &quot;1&quot;: 2, &quot;2&quot;: &quot;TECNOLOGIA DE ARQUITETURA E URBANISMO&quot;}\"><span style=\"color: #000000;font-family: SansSerif\">TECNOLOGIA DE ARQUITETURA E URBANISMO<\/span><\/td><td style=\"width: 51.9049%;text-align: center;border-color: #000000;height: 77px\" align=\"left\" valign=\"middle\" data-sheets-value=\"{ &quot;1&quot;: 2, &quot;2&quot;: &quot;ELAISE GABRIEL&quot;}\"><span style=\"color: #000000;font-family: SansSerif\">ELAISE GABRIEL<\/span><\/td><td style=\"width: 20.4724%;height: 77px;text-align: center;border-color: #000000;background-color: #ffffff\">1<\/td><td style=\"width: 2.62467%;height: 77px;text-align: center;border-color: #000000;background-color: #ffffff\"><a href=\"https:\/\/www.ufsm.br\/app\/uploads\/sites\/345\/2025\/04\/Elaise-Gabriel_Edital-012_2025_FIPE-UNIFICADO_anexo-2_edital-de-selecao.pdf\"><strong><em>link<\/em><\/strong><\/a><\/td><td style=\"width: 16.6667%;height: 77px;text-align: center;border-color: #000000;background-color: #ffffff\"><a href=\"https:\/\/www.ufsm.br\/app\/uploads\/sites\/345\/2025\/04\/Elaise-Gabriel.pdf\"><strong><em>l<\/em><em>ink<\/em><\/strong><\/a><\/td><\/tr><tr style=\"height: 77px\"><td style=\"width: 28.0098%;text-align: center;border-color: #000000;height: 77px\" align=\"left\" valign=\"middle\" height=\"77\" data-sheets-value=\"{ &quot;1&quot;: 2, &quot;2&quot;: &quot;ENGENHARIAS I&quot;}\"><span style=\"color: #000000;font-family: SansSerif\">ENGENHARIAS I<\/span><\/td><td style=\"width: 26.647%;text-align: center;border-color: #000000;height: 77px\" align=\"left\" valign=\"middle\" data-sheets-value=\"{ &quot;1&quot;: 2, &quot;2&quot;: &quot;PLANEJAMENTO DE TRANSPORTES&quot;}\"><span style=\"color: #000000;font-family: SansSerif\">PLANEJAMENTO DE TRANSPORTES<\/span><\/td><td style=\"width: 51.9049%;text-align: center;border-color: #000000;height: 77px\" align=\"left\" valign=\"middle\" data-sheets-value=\"{ &quot;1&quot;: 2, &quot;2&quot;: &quot;FELIPE CALEFFI&quot;}\"><span style=\"color: #000000;font-family: SansSerif\">FELIPE CALEFFI<\/span><\/td><td style=\"width: 20.4724%;height: 77px;text-align: center;border-color: #000000;background-color: #ffffff\">1<\/td><td style=\"width: 2.62467%;height: 77px;text-align: center;border-color: #000000;background-color: #ffffff\"><a href=\"https:\/\/www.ufsm.br\/app\/uploads\/sites\/345\/2025\/04\/Felipe-Caleffi_Edital-012_2025_FIPE-UNIFICADO_anexo-2_edital-de-selecao.pdf\"><strong><em>link<\/em><\/strong><\/a><\/td><td style=\"width: 16.6667%;height: 77px;text-align: center;border-color: #000000;background-color: #ffffff\"><a href=\"https:\/\/www.ufsm.br\/app\/uploads\/sites\/345\/2025\/04\/Felipe-Caleffi-resultado-selecao-edital-FIPE.pdf\"><strong><em>link<\/em><\/strong><\/a><\/td><\/tr><tr style=\"height: 97px\"><td style=\"width: 28.0098%;text-align: center;border-color: #000000;height: 97px\" align=\"left\" valign=\"middle\" height=\"77\" data-sheets-value=\"{ &quot;1&quot;: 2, &quot;2&quot;: &quot;ENGENHARIAS IV&quot;}\"><span style=\"color: #000000;font-family: SansSerif\">ENGENHARIAS IV<\/span><\/td><td style=\"width: 26.647%;text-align: center;border-color: #000000;height: 97px\" align=\"left\" valign=\"middle\" data-sheets-value=\"{ &quot;1&quot;: 2, &quot;2&quot;: &quot;MEDIDAS EL\u00c9TRICAS, MAGN\u00c9TICAS E ELETR\u00d4NICAS; INSTRUMENTA\u00c7\u00c3O&quot;}\"><span style=\"color: #000000;font-family: SansSerif\">MEDIDAS EL\u00c9TRICAS, MAGN\u00c9TICAS E ELETR\u00d4NICAS; INSTRUMENTA\u00c7\u00c3O<\/span><\/td><td style=\"width: 51.9049%;text-align: center;border-color: #000000;height: 97px\" align=\"left\" valign=\"middle\" data-sheets-value=\"{ &quot;1&quot;: 2, &quot;2&quot;: &quot;GUSTAVO GUILHERME KOCH&quot;}\"><span style=\"color: #000000;font-family: SansSerif\">GUSTAVO GUILHERME KOCH<\/span><\/td><td style=\"width: 20.4724%;height: 97px;text-align: center;border-color: #000000;background-color: #ffffff\">1<\/td><td style=\"width: 2.62467%;height: 97px;text-align: center;border-color: #000000;background-color: #ffffff\"><a href=\"https:\/\/www.ufsm.br\/app\/uploads\/sites\/345\/2025\/04\/Gustavo-Guilherme-Koch_Edital-selecao-de-bolsistas_FIPE_2025.pdf\"><strong><em>link<\/em><\/strong><\/a><\/td><td style=\"width: 16.6667%;height: 97px;text-align: center;border-color: #000000;background-color: #ffffff\"><a href=\"https:\/\/www.ufsm.br\/app\/uploads\/sites\/345\/2025\/04\/Gustavo-Guilherme-Koch_Resultado-selecao-docente-edital-FIPE-2025.pdf\"><strong><em>link<\/em><\/strong><\/a><\/td><\/tr><tr style=\"height: 77px\"><td style=\"width: 28.0098%;text-align: center;border-color: #000000;height: 77px\" align=\"left\" valign=\"middle\" height=\"77\" data-sheets-value=\"{ &quot;1&quot;: 2, &quot;2&quot;: &quot;ENGENHARIAS IV&quot;}\"><span style=\"color: #000000;font-family: SansSerif\">ENGENHARIAS IV<\/span><\/td><td style=\"width: 26.647%;text-align: center;border-color: #000000;height: 77px\" align=\"left\" valign=\"middle\" data-sheets-value=\"{ &quot;1&quot;: 2, &quot;2&quot;: &quot;SISTEMAS EL\u00c9TRICOS DE POT\u00caNCIA&quot;}\"><span style=\"color: #000000;font-family: SansSerif\">SISTEMAS EL\u00c9TRICOS DE POT\u00caNCIA<\/span><\/td><td style=\"width: 51.9049%;text-align: center;border-color: #000000;height: 77px\" align=\"left\" valign=\"middle\" data-sheets-value=\"{ &quot;1&quot;: 2, &quot;2&quot;: &quot;LAURA LISIANE CALLAI DOS SANTOS&quot;}\"><span style=\"color: #000000;font-family: SansSerif\">LAURA LISIANE CALLAI DOS SANTOS<\/span><\/td><td style=\"width: 20.4724%;height: 77px;text-align: center;border-color: #000000;background-color: #ffffff\">1<\/td><td style=\"width: 2.62467%;height: 77px;text-align: center;border-color: #000000;background-color: #ffffff\"><a href=\"https:\/\/www.ufsm.br\/app\/uploads\/sites\/345\/2025\/04\/Laura-Lisiane-Callai-dos-Santos.pdf\"><strong><em>link<\/em><\/strong><\/a><\/td><td style=\"width: 16.6667%;height: 77px;text-align: center;border-color: #000000;background-color: #ffffff\"><a href=\"https:\/\/www.ufsm.br\/app\/uploads\/sites\/345\/2025\/04\/Laura-Lisiane-Callai-1.pdf\"><strong><em>link<\/em><\/strong><\/a><\/td><\/tr><tr style=\"height: 77px\"><td style=\"width: 28.0098%;text-align: center;border-color: #000000;height: 77px\" align=\"left\" valign=\"middle\" height=\"77\" data-sheets-value=\"{ &quot;1&quot;: 2, &quot;2&quot;: &quot;ENGENHARIAS I&quot;}\"><span style=\"color: #000000;font-family: SansSerif\">ENGENHARIAS I<\/span><\/td><td style=\"width: 26.647%;text-align: center;border-color: #000000;height: 77px\" align=\"left\" valign=\"middle\" data-sheets-value=\"{ &quot;1&quot;: 2, &quot;2&quot;: &quot;INFRA-ESTRUTURA DE TRANSPORTES&quot;}\"><span style=\"color: #000000;font-family: SansSerif\">INFRA-ESTRUTURA DE TRANSPORTES<\/span><\/td><td style=\"width: 51.9049%;text-align: center;border-color: #000000;height: 77px\" align=\"left\" valign=\"middle\" data-sheets-value=\"{ &quot;1&quot;: 2, &quot;2&quot;: &quot;LUCAS DOTTO BUENO&quot;}\"><span style=\"color: #000000;font-family: SansSerif\">LUCAS DOTTO BUENO<\/span><\/td><td style=\"width: 20.4724%;height: 77px;text-align: center;border-color: #000000;background-color: #ffffff\">1<\/td><td style=\"width: 2.62467%;height: 77px;text-align: center;border-color: #000000;background-color: #ffffff\"><a href=\"https:\/\/www.ufsm.br\/app\/uploads\/sites\/345\/2025\/04\/Lucas-Dotto-Bueno.pdf\"><strong><em>link<\/em><\/strong><\/a><\/td><td style=\"width: 16.6667%;height: 77px;text-align: center;border-color: #000000;background-color: #ffffff\"><a href=\"https:\/\/www.ufsm.br\/app\/uploads\/sites\/345\/2025\/04\/Lucas-Dotto.pdf\"><strong><em>link<\/em><\/strong><\/a><\/td><\/tr><tr style=\"height: 77px\"><td style=\"width: 28.0098%;text-align: center;border-color: #000000;height: 77px\" align=\"left\" valign=\"middle\" height=\"77\" data-sheets-value=\"{ &quot;1&quot;: 2, &quot;2&quot;: &quot;ENGENHARIAS IV&quot;}\"><span style=\"color: #000000;font-family: SansSerif\">ENGENHARIAS IV<\/span><\/td><td style=\"width: 26.647%;text-align: center;border-color: #000000;height: 77px\" align=\"left\" valign=\"middle\" data-sheets-value=\"{ &quot;1&quot;: 2, &quot;2&quot;: &quot;SISTEMAS EL\u00c9TRICOS DE POT\u00caNCIA&quot;}\"><span style=\"color: #000000;font-family: SansSerif\">SISTEMAS EL\u00c9TRICOS DE POT\u00caNCIA<\/span><\/td><td style=\"width: 51.9049%;text-align: center;border-color: #000000;height: 77px\" align=\"left\" valign=\"middle\" data-sheets-value=\"{ &quot;1&quot;: 2, &quot;2&quot;: &quot;NELSON KNAK NETO&quot;}\"><span style=\"color: #000000;font-family: SansSerif\">NELSON KNAK NETO<\/span><\/td><td style=\"width: 20.4724%;height: 77px;text-align: center;border-color: #000000;background-color: #ffffff\">1<\/td><td style=\"width: 2.62467%;height: 77px;text-align: center;border-color: #000000;background-color: #ffffff\"><a href=\"https:\/\/www.ufsm.br\/app\/uploads\/sites\/345\/2025\/04\/Nelson-Knak-Neto.pdf\"><strong><em>link<\/em><\/strong><\/a><\/td><td style=\"width: 16.6667%;height: 77px;text-align: center;border-color: #000000;background-color: #ffffff\"><a href=\"https:\/\/www.ufsm.br\/app\/uploads\/sites\/345\/2025\/04\/Nelson-Knak-Neto-1.pdf\"><strong><em>link<\/em><\/strong><\/a><\/td><\/tr><\/tbody><\/table>\t\t\t\t\t\t<\/div>\n\t\t\t\t<\/div>\n\t\t\t\t\t<\/div>\n\t\t<\/div>\n\t\t\t\t\t<\/div>\n\t\t<\/section>\n\t\t\t\t<\/div>\n\t\t","protected":false},"excerpt":{"rendered":"<p>Abaixo voc\u00ea est\u00e1 visualizando todas as bolsas de IC do Edital 012\/2025 FIPE UNIFICADO dispon\u00edveis nesta unidade, ordenadas por \u00e1rea de classifica\u00e7\u00e3o do CNPq e por docente. Voc\u00ea poder\u00e1 escolher a \u00e1rea com a qual tem afinidade ou com a qual deseja trabalhar ou, ainda, poder\u00e1 escolher o docente com quem deseja trabalhar. O detalhamento [&hellip;]<\/p>\n","protected":false},"author":8259,"featured_media":0,"parent":0,"menu_order":0,"comment_status":"closed","ping_status":"closed","template":"","meta":{"footnotes":""},"categories":[],"tags":[],"class_list":["post-18366","page","type-page","status-publish","hentry"],"acf":[],"_links":{"self":[{"href":"https:\/\/www.ufsm.br\/pro-reitorias\/prpgp\/wp-json\/wp\/v2\/pages\/18366","targetHints":{"allow":["GET"]}}],"collection":[{"href":"https:\/\/www.ufsm.br\/pro-reitorias\/prpgp\/wp-json\/wp\/v2\/pages"}],"about":[{"href":"https:\/\/www.ufsm.br\/pro-reitorias\/prpgp\/wp-json\/wp\/v2\/types\/page"}],"author":[{"embeddable":true,"href":"https:\/\/www.ufsm.br\/pro-reitorias\/prpgp\/wp-json\/wp\/v2\/users\/8259"}],"replies":[{"embeddable":true,"href":"https:\/\/www.ufsm.br\/pro-reitorias\/prpgp\/wp-json\/wp\/v2\/comments?post=18366"}],"version-history":[{"count":0,"href":"https:\/\/www.ufsm.br\/pro-reitorias\/prpgp\/wp-json\/wp\/v2\/pages\/18366\/revisions"}],"wp:attachment":[{"href":"https:\/\/www.ufsm.br\/pro-reitorias\/prpgp\/wp-json\/wp\/v2\/media?parent=18366"}],"wp:term":[{"taxonomy":"category","embeddable":true,"href":"https:\/\/www.ufsm.br\/pro-reitorias\/prpgp\/wp-json\/wp\/v2\/categories?post=18366"},{"taxonomy":"post_tag","embeddable":true,"href":"https:\/\/www.ufsm.br\/pro-reitorias\/prpgp\/wp-json\/wp\/v2\/tags?post=18366"}],"curies":[{"name":"wp","href":"https:\/\/api.w.org\/{rel}","templated":true}]}}