{"id":18371,"date":"2025-02-19T11:53:32","date_gmt":"2025-02-19T14:53:32","guid":{"rendered":"https:\/\/www.ufsm.br\/pro-reitorias\/prpgp\/?page_id=18371"},"modified":"2025-06-16T08:38:26","modified_gmt":"2025-06-16T11:38:26","slug":"bolsas-icaf-ufsm-2","status":"publish","type":"page","link":"https:\/\/www.ufsm.br\/pro-reitorias\/prpgp\/bolsas-icaf-ufsm-2","title":{"rendered":"Bolsas ICAF \u2013 UFSM"},"content":{"rendered":"\t\t<div data-elementor-type=\"wp-page\" data-elementor-id=\"18371\" class=\"elementor elementor-18371\">\n\t\t\t\t\t\t<section class=\"elementor-section elementor-top-section elementor-element elementor-element-d2ed5d2 elementor-section-boxed elementor-section-height-default elementor-section-height-default\" data-id=\"d2ed5d2\" data-element_type=\"section\">\n\t\t\t\t\t\t<div class=\"elementor-container elementor-column-gap-default\">\n\t\t\t\t\t<div class=\"elementor-column elementor-col-100 elementor-top-column elementor-element elementor-element-d9016dd\" data-id=\"d9016dd\" data-element_type=\"column\">\n\t\t\t<div class=\"elementor-widget-wrap elementor-element-populated\">\n\t\t\t\t\t\t<div class=\"elementor-element elementor-element-08454b8 elementor-widget elementor-widget-text-editor\" data-id=\"08454b8\" data-element_type=\"widget\" data-widget_type=\"text-editor.default\">\n\t\t\t\t<div class=\"elementor-widget-container\">\n\t\t\t\t\t\t\t<p>Abaixo voc\u00ea est\u00e1 visualizando todas as bolsas de<a href=\"https:\/\/www.ufsm.br\/pro-reitorias\/prpgp\/editais\/013-2025\"><strong> IC do Edital 013\/2025 ICAF UFSM<\/strong><\/a> dispon\u00edveis, ordenadas por eixo tem\u00e1tico do projeto e por docente. Voc\u00ea poder\u00e1 escolher o tema com a qual tem afinidade ou com a qual deseja trabalhar ou, ainda, poder\u00e1 escolher o docente com quem deseja trabalhar.<strong> O detalhamento das informa\u00e7\u00f5es para a sele\u00e7\u00e3o, tais como cronograma de inscri\u00e7\u00e3o, exig\u00eancias e etapas da sele\u00e7\u00e3o do bolsista e outras caracter\u00edsticas do projeto voc\u00ea obter\u00e1 clicando no link do edital espec\u00edfico.<\/strong>\u00a0O resultado final da sele\u00e7\u00e3o est\u00e1 dispon\u00edvel ap\u00f3s conclu\u00edda a etapa de sele\u00e7\u00e3o por parte do docente.<br \/><em><strong>As bolsas s\u00e3o destinadas exclusivamente para alunos nas cotas L2, L6, L9, L10, L13, L14,\u00a0 LB_PPI, LB_Q, LB_PCD, LI_PPI, LI_Q, LI_PCD e programas espec\u00edficos para refugiados, imigrantes, ind\u00edgenas e quilombolas.<\/strong><\/em><\/p><table style=\"height: 321px;width: 97.9013%;border-collapse: collapse;border-color: #000000\"><tbody><tr style=\"height: 24px\"><td style=\"width: 25.9304%;height: 24px;border-color: #000000;background-color: #ffffff;text-align: center\"><span style=\"color: #000000\"><strong>Eixos<\/strong><\/span><\/td><td style=\"width: 32.0516%;text-align: center;border-color: #000000;height: 24px\"><strong>Sub\u00e1rea<\/strong><\/td><td style=\"width: 30.8538%;height: 24px;text-align: center;border-color: #000000\"><strong>Docente<\/strong><\/td><td style=\"width: 1.99601%;height: 24px;text-align: center;border-color: #000000\"><strong>Bolsas<\/strong><\/td><td style=\"width: 2.62467%;height: 24px;background-color: #1841a8;border-color: #000000;text-align: center\"><span style=\"color: #ffffff\"><strong>Edital<\/strong><\/span><\/td><td style=\"width: 45.1637%;height: 24px;background-color: #114d12;border-color: #000000;text-align: center\"><span style=\"color: #ffffff\"><strong>Resultado<\/strong><\/span><\/td><\/tr><tr style=\"height: 48px\"><td style=\"width: 25.9304%;border-color: #000000;text-align: center;background-color: #ffffff;height: 48px\">Imigrantes e Refugiados<\/td><td style=\"width: 32.0516%;text-align: center;border-color: #000000;background-color: #ffffff;height: 48px\">COMUNICA\u00c7\u00c3O MIDI\u00c1TICA<\/td><td style=\"width: 30.8538%;text-align: center;border-color: #000000;background-color: #ffffff;height: 48px\">LILIANE DUTRA BRIGNOL<\/td><td style=\"width: 1.99601%;text-align: center;border-color: #000000;background-color: #ffffff;height: 48px\">1<\/td><td style=\"width: 2.62467%;text-align: center;border-color: #000000;background-color: #ffffff;height: 48px\"><a href=\"https:\/\/www.ufsm.br\/app\/uploads\/sites\/345\/2025\/04\/Liliane-dutra.pdf\"><strong><em>link<\/em><\/strong><\/a><\/td><td style=\"width: 45.1637%;text-align: center;border-color: #000000;background-color: #ffffff;height: 48px\"><a href=\"https:\/\/www.ufsm.br\/app\/uploads\/sites\/345\/2025\/05\/Liliane-Dutra-Brignol.pdf\"><strong><em>link<\/em><\/strong><\/a><\/td><\/tr><tr style=\"height: 72px\"><td style=\"width: 25.9304%;border-color: #000000;text-align: center;background-color: #ffffff;height: 72px\">Imigrantes e Refugiados<\/td><td style=\"width: 32.0516%;text-align: center;border-color: #000000;background-color: #ffffff;height: 72px\">RELA\u00c7\u00d5ES P\u00daBLICAS E PROPAGANDA<\/td><td style=\"width: 30.8538%;text-align: center;border-color: #000000;background-color: #ffffff;height: 72px\">RAFAEL FOLETTO<\/td><td style=\"width: 1.99601%;text-align: center;border-color: #000000;background-color: #ffffff;height: 72px\">1<\/td><td style=\"width: 2.62467%;text-align: center;border-color: #000000;background-color: #ffffff;height: 72px\"><a href=\"https:\/\/www.ufsm.br\/app\/uploads\/sites\/345\/2025\/04\/Edital-013_2025_ICAF_anexo-2_edital-de-selecao-1-FINAL-RF.pdf\"><strong><em>link<\/em><\/strong><\/a><\/td><td style=\"width: 45.1637%;text-align: center;border-color: #000000;background-color: #ffffff;height: 72px\"><a href=\"https:\/\/www.ufsm.br\/app\/uploads\/sites\/345\/2025\/04\/Rafael-Foletto.pdf\"><strong><em>link<\/em><\/strong><\/a><\/td><\/tr><tr style=\"background-color: #dedede\"><td style=\"width: 25.9304%;border-color: #000000;text-align: center;height: 10px;background-color: #ffffff\">Pessoa com defici\u00eancia<\/td><td style=\"width: 32.0516%;text-align: center;border-color: #000000;background-color: #ffffff;height: 10px\">SA\u00daDE P\u00daBLICA<\/td><td style=\"width: 30.8538%;text-align: center;border-color: #000000;height: 10px;background-color: #ffffff\">ALESSANDRO ROLIM SCHOLZE<\/td><td style=\"width: 1.99601%;text-align: center;border-color: #000000;height: 10px;background-color: #ffffff\">1<\/td><td style=\"width: 2.62467%;text-align: center;border-color: #000000;height: 10px;background-color: #ffffff\"><a href=\"https:\/\/www.ufsm.br\/app\/uploads\/sites\/345\/2025\/04\/Edital-013_2025_ICAF_anexo-2_edital-de-selecao_Alessandro.pdf\"><strong><em>link<\/em><\/strong><\/a><\/td><td style=\"width: 45.1637%;text-align: center;border-color: #000000;height: 10px;background-color: #ffffff\"><a href=\"https:\/\/www.ufsm.br\/app\/uploads\/sites\/345\/2025\/04\/Alessandro-Rolim-Scholze2.pdf\"><strong><em>link<\/em><\/strong><\/a><\/td><\/tr><tr style=\"height: 48px\"><td style=\"width: 25.9304%;height: 16px;text-align: center;border-color: #000000;background-color: #ffffff\">Pessoa com defici\u00eancia<\/td><td style=\"width: 32.0516%;text-align: center;border-color: #000000;background-color: #ffffff;height: 16px\">TEATRO<\/td><td style=\"width: 30.8538%;height: 16px;text-align: center;border-color: #000000;background-color: #ffffff\">MARCIA BERSELLI<\/td><td style=\"width: 1.99601%;height: 16px;text-align: center;border-color: #000000;background-color: #ffffff\">1<\/td><td style=\"width: 2.62467%;height: 16px;text-align: center;border-color: #000000;background-color: #ffffff\"><a href=\"https:\/\/www.ufsm.br\/app\/uploads\/sites\/345\/2025\/05\/Marcia-Berselli1.pdf\"><strong><em>link<\/em><\/strong><\/a><\/td><td style=\"width: 45.1637%;height: 16px;text-align: center;border-color: #000000;background-color: #ffffff\"><a href=\"https:\/\/www.ufsm.br\/app\/uploads\/sites\/345\/2025\/06\/Marcia-Berselli2.pdf\"><strong><em>link<\/em><\/strong><\/a><\/td><\/tr><tr style=\"height: 24px\"><td style=\"width: 25.9304%;text-align: center;border-color: #000000;background-color: #ffffff;height: 24px\">Pessoa com defici\u00eancia<\/td><td style=\"width: 32.0516%;text-align: center;border-color: #000000;background-color: #ffffff;height: 24px\">ENFERMAGEM EM SA\u00daDE DO ADULTO E DO IDOSO<\/td><td style=\"width: 30.8538%;text-align: center;border-color: #000000;background-color: #ffffff;height: 24px\">NARA MARILENE OLIVEIRA GIRARDON PERLINI<\/td><td style=\"width: 1.99601%;text-align: center;border-color: #000000;background-color: #ffffff;height: 24px\">1<\/td><td style=\"width: 2.62467%;text-align: center;border-color: #000000;background-color: #ffffff;height: 24px\"><a href=\"https:\/\/www.ufsm.br\/app\/uploads\/sites\/345\/2025\/04\/Edital_selecao_bolsista_ICAF_2025_NECFAM_assinado.pdf\"><strong><em>link<\/em><\/strong><\/a><\/td><td style=\"width: 45.1637%;text-align: center;border-color: #000000;background-color: #ffffff;height: 24px\"><a href=\"https:\/\/www.ufsm.br\/app\/uploads\/sites\/345\/2025\/04\/Nara-Marilene-1.pdf\"><strong><em>link<\/em><\/strong><\/a><\/td><\/tr><tr style=\"height: 120px\"><td style=\"width: 25.9304%;text-align: center;border-color: #000000;background-color: #ffffff;height: 21px\">Pessoa com defici\u00eancia<\/td><td style=\"width: 32.0516%;text-align: center;border-color: #000000;background-color: #ffffff;height: 21px\">COMUNICA\u00c7\u00c3O MIDI\u00c1TICA<\/td><td style=\"width: 30.8538%;text-align: center;border-color: #000000;background-color: #ffffff;height: 21px\">VIVIANE BORELLI<\/td><td style=\"width: 1.99601%;text-align: center;border-color: #000000;background-color: #ffffff;height: 21px\">1<\/td><td style=\"width: 2.62467%;text-align: center;border-color: #000000;background-color: #ffffff;height: 21px\"><a href=\"https:\/\/www.ufsm.br\/app\/uploads\/sites\/345\/2025\/04\/Edital-013_2025_ICAF_anexo-2_edital-de-selecao-VivianeBorelli_final_dia8abril_assinado.pdf\"><strong><em>link<\/em><\/strong><\/a><\/td><td style=\"width: 45.1637%;text-align: center;border-color: #000000;background-color: #ffffff;height: 21px\"><a href=\"https:\/\/www.ufsm.br\/app\/uploads\/sites\/345\/2025\/04\/VIVIANE-BORELLI.pdf\"><strong><em>link<\/em><\/strong><\/a><\/td><\/tr><tr style=\"height: 120px\"><td style=\"width: 25.9304%;text-align: center;border-color: #000000;background-color: #ffffff;height: 10px\">Popula\u00e7\u00e3o negra\u00a0<\/td><td style=\"width: 32.0516%;text-align: center;border-color: #000000;background-color: #ffffff;height: 10px\">GEOGRAFIA HUMANA<\/td><td style=\"width: 30.8538%;text-align: center;border-color: #000000;background-color: #ffffff;height: 10px\">ANDERSON LUIZ MACHADO DOS SANTOS<\/td><td style=\"width: 1.99601%;text-align: center;border-color: #000000;background-color: #ffffff;height: 10px\">1<\/td><td style=\"width: 2.62467%;text-align: center;border-color: #000000;background-color: #ffffff;height: 10px\"><a href=\"https:\/\/www.ufsm.br\/app\/uploads\/sites\/345\/2025\/04\/Anderson-Luiz-Machado-dos-Santos.pdf\"><strong><em>link<\/em><\/strong><\/a><\/td><td style=\"width: 45.1637%;text-align: center;border-color: #000000;background-color: #ffffff;height: 10px\"><a href=\"https:\/\/www.ufsm.br\/app\/uploads\/sites\/345\/2025\/04\/Anderson-L.-M.-Santos.pdf\"><strong><em>link<\/em><\/strong><\/a><\/td><\/tr><tr style=\"height: 48px\"><td style=\"width: 25.9304%;text-align: center;border-color: #000000;background-color: #ffffff;height: 48px\">Popula\u00e7\u00e3o negra\u00a0<\/td><td style=\"width: 32.0516%;text-align: center;border-color: #000000;background-color: #ffffff;height: 48px\">T\u00d3PICOS ESPEC\u00cdFICOS DE EDUCA\u00c7\u00c3O<\/td><td style=\"width: 30.8538%;text-align: center;border-color: #000000;background-color: #ffffff;height: 48px\">VALESKA MARIA FORTES DE OLIVEIRA<\/td><td style=\"width: 1.99601%;text-align: center;border-color: #000000;background-color: #ffffff;height: 48px\">1<\/td><td style=\"width: 2.62467%;text-align: center;border-color: #000000;background-color: #ffffff;height: 48px\"><a href=\"https:\/\/www.ufsm.br\/app\/uploads\/sites\/345\/2025\/04\/Edital-01_2025_ICAF_Valeska-Fortes-de-Oliveira.pdf\"><strong><em>link<\/em><\/strong><\/a><\/td><td style=\"width: 45.1637%;text-align: center;border-color: #000000;background-color: #ffffff;height: 48px\"><a href=\"https:\/\/www.ufsm.br\/app\/uploads\/sites\/345\/2025\/04\/Valeska-Maria-Fortes2.pdf\"><strong><em>link<\/em><\/strong><\/a><\/td><\/tr><tr style=\"height: 48px\"><td style=\"width: 25.9304%;text-align: center;border-color: #000000;background-color: #ffffff;height: 48px\">Popula\u00e7\u00e3o negra\u00a0<\/td><td style=\"width: 32.0516%;text-align: center;border-color: #000000;background-color: #ffffff;height: 48px\">CI\u00caNCIAS CONT\u00c1BEIS<\/td><td style=\"width: 30.8538%;text-align: center;border-color: #000000;background-color: #ffffff;height: 48px\">VIN\u00cdCIUS COSTA DA SILVA ZONATTO<\/td><td style=\"width: 1.99601%;text-align: center;border-color: #000000;background-color: #ffffff;height: 48px\">1<\/td><td style=\"width: 2.62467%;text-align: center;border-color: #000000;background-color: #ffffff;height: 48px\"><a href=\"https:\/\/www.ufsm.br\/app\/uploads\/sites\/345\/2025\/04\/Edital_Selecao_Bolsistas_ICAF_Professor_Zonatto_assinado.pdf\"><strong><em>link<\/em><\/strong><\/a><\/td><td style=\"width: 45.1637%;text-align: center;border-color: #000000;background-color: #ffffff;height: 48px\"><a href=\"https:\/\/www.ufsm.br\/app\/uploads\/sites\/345\/2025\/04\/Vinicius-Costa-da-Silva-Zonatto.pdf\"><strong><em>link<\/em><\/strong><\/a><\/td><\/tr><\/tbody><\/table>\t\t\t\t\t\t<\/div>\n\t\t\t\t<\/div>\n\t\t\t\t\t<\/div>\n\t\t<\/div>\n\t\t\t\t\t<\/div>\n\t\t<\/section>\n\t\t\t\t<\/div>\n\t\t","protected":false},"excerpt":{"rendered":"<p>Abaixo voc\u00ea est\u00e1 visualizando todas as bolsas de IC do Edital 013\/2025 ICAF UFSM dispon\u00edveis, ordenadas por eixo tem\u00e1tico do projeto e por docente. Voc\u00ea poder\u00e1 escolher o tema com a qual tem afinidade ou com a qual deseja trabalhar ou, ainda, poder\u00e1 escolher o docente com quem deseja trabalhar. O detalhamento das informa\u00e7\u00f5es para [&hellip;]<\/p>\n","protected":false},"author":8259,"featured_media":0,"parent":0,"menu_order":0,"comment_status":"closed","ping_status":"closed","template":"","meta":{"footnotes":""},"categories":[],"tags":[],"class_list":["post-18371","page","type-page","status-publish","hentry"],"acf":[],"_links":{"self":[{"href":"https:\/\/www.ufsm.br\/pro-reitorias\/prpgp\/wp-json\/wp\/v2\/pages\/18371","targetHints":{"allow":["GET"]}}],"collection":[{"href":"https:\/\/www.ufsm.br\/pro-reitorias\/prpgp\/wp-json\/wp\/v2\/pages"}],"about":[{"href":"https:\/\/www.ufsm.br\/pro-reitorias\/prpgp\/wp-json\/wp\/v2\/types\/page"}],"author":[{"embeddable":true,"href":"https:\/\/www.ufsm.br\/pro-reitorias\/prpgp\/wp-json\/wp\/v2\/users\/8259"}],"replies":[{"embeddable":true,"href":"https:\/\/www.ufsm.br\/pro-reitorias\/prpgp\/wp-json\/wp\/v2\/comments?post=18371"}],"version-history":[{"count":0,"href":"https:\/\/www.ufsm.br\/pro-reitorias\/prpgp\/wp-json\/wp\/v2\/pages\/18371\/revisions"}],"wp:attachment":[{"href":"https:\/\/www.ufsm.br\/pro-reitorias\/prpgp\/wp-json\/wp\/v2\/media?parent=18371"}],"wp:term":[{"taxonomy":"category","embeddable":true,"href":"https:\/\/www.ufsm.br\/pro-reitorias\/prpgp\/wp-json\/wp\/v2\/categories?post=18371"},{"taxonomy":"post_tag","embeddable":true,"href":"https:\/\/www.ufsm.br\/pro-reitorias\/prpgp\/wp-json\/wp\/v2\/tags?post=18371"}],"curies":[{"name":"wp","href":"https:\/\/api.w.org\/{rel}","templated":true}]}}