{"id":18376,"date":"2025-02-20T11:17:57","date_gmt":"2025-02-20T14:17:57","guid":{"rendered":"https:\/\/www.ufsm.br\/pro-reitorias\/prpgp\/?page_id=18376"},"modified":"2025-05-20T10:43:49","modified_gmt":"2025-05-20T13:43:49","slug":"ic-unificado-pibic-e-probic-2","status":"publish","type":"page","link":"https:\/\/www.ufsm.br\/pro-reitorias\/prpgp\/ic-unificado-pibic-e-probic-2","title":{"rendered":"IC UNIFICADO (PIBIC e PROBIC)"},"content":{"rendered":"\t\t<div data-elementor-type=\"wp-page\" data-elementor-id=\"18376\" class=\"elementor elementor-18376\">\n\t\t\t\t\t\t<section class=\"elementor-section elementor-top-section elementor-element elementor-element-8c875cd elementor-section-boxed elementor-section-height-default elementor-section-height-default\" data-id=\"8c875cd\" data-element_type=\"section\">\n\t\t\t\t\t\t<div class=\"elementor-container elementor-column-gap-default\">\n\t\t\t\t\t<div class=\"elementor-column elementor-col-100 elementor-top-column elementor-element elementor-element-0988224\" data-id=\"0988224\" data-element_type=\"column\">\n\t\t\t<div class=\"elementor-widget-wrap elementor-element-populated\">\n\t\t\t\t\t\t<div class=\"elementor-element elementor-element-ee431f2 elementor-widget elementor-widget-text-editor\" data-id=\"ee431f2\" data-element_type=\"widget\" data-widget_type=\"text-editor.default\">\n\t\t\t\t<div class=\"elementor-widget-container\">\n\t\t\t\t\t\t\t<p>As bolsas PIBIC (CNPq) e PROBIC (FAPERGS) do <a href=\"https:\/\/www.ufsm.br\/pro-reitorias\/prpgp\/editais\/017-2025\"><strong>Edital 017\/2025 IC UNIFICADO<\/strong><\/a> s\u00e3o distribu\u00eddas nas \u00e1reas de conhecimento. Abaixo voc\u00ea dever\u00e1 selecionar a \u00e1reas de seu interesse ou \u00e0quela onde est\u00e1 seu curso. <strong>Clique em uma das op\u00e7\u00f5es abaixo para acessar as oportunidades de bolsa da \u00e1rea de conhecimento que est\u00e3o dispon\u00edveis neste Edital.<\/strong><\/p><table style=\"width: 100%;border-collapse: collapse;border-color: #000000;background-color: #ffffff;height: 216px\"><tbody><tr style=\"height: 24px\"><td style=\"width: 100%;border-color: #000000;height: 24px\"><a href=\"https:\/\/www.ufsm.br\/pro-reitorias\/prpgp\/bolsas-ic-unificado-ciencias-agrarias-2\">Ci\u00eancias Agr\u00e1rias<\/a><\/td><\/tr><tr style=\"height: 24px\"><td style=\"width: 100%;border-color: #000000;height: 24px\"><a href=\"https:\/\/www.ufsm.br\/pro-reitorias\/prpgp\/bolsas-ic-unificado-ciencias-biologicas-2\">Ci\u00eancias Biol\u00f3gicas<\/a><\/td><\/tr><tr style=\"height: 24px\"><td style=\"width: 100%;border-color: #000000;height: 24px\"><a href=\"https:\/\/www.ufsm.br\/pro-reitorias\/prpgp\/bolsas-ic-unificado-ciencias-da-saude-2\">Ci\u00eancias da Sa\u00fade<\/a><\/td><\/tr><tr style=\"height: 24px\"><td style=\"width: 100%;border-color: #000000;height: 24px\"><a href=\"https:\/\/www.ufsm.br\/pro-reitorias\/prpgp\/bolsas-ic-unificado-ciencias-exatas-e-da-terra-2\">Ci\u00eancias Exatas e da Terra<\/a><\/td><\/tr><tr style=\"height: 24px\"><td style=\"width: 100%;border-color: #000000;height: 24px\"><a href=\"https:\/\/www.ufsm.br\/pro-reitorias\/prpgp\/bolsas-ic-unificado-ciencias-humanas-2\">Ci\u00eancias Humanas<\/a><\/td><\/tr><tr style=\"height: 24px\"><td style=\"width: 100%;border-color: #000000;height: 24px\"><a href=\"https:\/\/www.ufsm.br\/pro-reitorias\/prpgp\/bolsas-ic-unificado-ciencias-sociais-aplicadas-2\">Ci\u00eancias Sociais Aplicadas<\/a><\/td><\/tr><tr style=\"height: 24px\"><td style=\"width: 100%;border-color: #000000;height: 24px\"><a href=\"https:\/\/www.ufsm.br\/pro-reitorias\/prpgp\/bolsas-ic-unificado-engenharias-2\">Engenharias<\/a><\/td><\/tr><tr style=\"height: 24px\"><td style=\"width: 100%;border-color: #000000;height: 24px\"><a href=\"https:\/\/www.ufsm.br\/pro-reitorias\/prpgp\/bolsas-ic-unificado-linguistica-letras-e-artes-2\">Lingu\u00edstica, Letras e Artes<\/a><\/td><\/tr><tr style=\"height: 24px\"><td style=\"width: 100%;border-color: #000000;height: 24px\"><a href=\"https:\/\/www.ufsm.br\/pro-reitorias\/prpgp\/bolsas-ic-unificado-multidisciplinar-2\">Multidisciplinar<\/a><\/td><\/tr><\/tbody><\/table>\t\t\t\t\t\t<\/div>\n\t\t\t\t<\/div>\n\t\t\t\t\t<\/div>\n\t\t<\/div>\n\t\t\t\t\t<\/div>\n\t\t<\/section>\n\t\t\t\t<\/div>\n\t\t","protected":false},"excerpt":{"rendered":"<p>As bolsas PIBIC (CNPq) e PROBIC (FAPERGS) do Edital 017\/2025 IC UNIFICADO s\u00e3o distribu\u00eddas nas \u00e1reas de conhecimento. Abaixo voc\u00ea dever\u00e1 selecionar a \u00e1reas de seu interesse ou \u00e0quela onde est\u00e1 seu curso. Clique em uma das op\u00e7\u00f5es abaixo para acessar as oportunidades de bolsa da \u00e1rea de conhecimento que est\u00e3o dispon\u00edveis neste Edital. Ci\u00eancias [&hellip;]<\/p>\n","protected":false},"author":8259,"featured_media":0,"parent":0,"menu_order":0,"comment_status":"closed","ping_status":"closed","template":"","meta":{"footnotes":""},"categories":[],"tags":[],"class_list":["post-18376","page","type-page","status-publish","hentry"],"acf":[],"_links":{"self":[{"href":"https:\/\/www.ufsm.br\/pro-reitorias\/prpgp\/wp-json\/wp\/v2\/pages\/18376","targetHints":{"allow":["GET"]}}],"collection":[{"href":"https:\/\/www.ufsm.br\/pro-reitorias\/prpgp\/wp-json\/wp\/v2\/pages"}],"about":[{"href":"https:\/\/www.ufsm.br\/pro-reitorias\/prpgp\/wp-json\/wp\/v2\/types\/page"}],"author":[{"embeddable":true,"href":"https:\/\/www.ufsm.br\/pro-reitorias\/prpgp\/wp-json\/wp\/v2\/users\/8259"}],"replies":[{"embeddable":true,"href":"https:\/\/www.ufsm.br\/pro-reitorias\/prpgp\/wp-json\/wp\/v2\/comments?post=18376"}],"version-history":[{"count":0,"href":"https:\/\/www.ufsm.br\/pro-reitorias\/prpgp\/wp-json\/wp\/v2\/pages\/18376\/revisions"}],"wp:attachment":[{"href":"https:\/\/www.ufsm.br\/pro-reitorias\/prpgp\/wp-json\/wp\/v2\/media?parent=18376"}],"wp:term":[{"taxonomy":"category","embeddable":true,"href":"https:\/\/www.ufsm.br\/pro-reitorias\/prpgp\/wp-json\/wp\/v2\/categories?post=18376"},{"taxonomy":"post_tag","embeddable":true,"href":"https:\/\/www.ufsm.br\/pro-reitorias\/prpgp\/wp-json\/wp\/v2\/tags?post=18376"}],"curies":[{"name":"wp","href":"https:\/\/api.w.org\/{rel}","templated":true}]}}