{"id":18386,"date":"2025-02-21T09:11:59","date_gmt":"2025-02-21T12:11:59","guid":{"rendered":"https:\/\/www.ufsm.br\/pro-reitorias\/prpgp\/?page_id=18386"},"modified":"2026-04-01T08:55:05","modified_gmt":"2026-04-01T11:55:05","slug":"bolsas-ic-unificado-linguistica-letras-e-artes-2","status":"publish","type":"page","link":"https:\/\/www.ufsm.br\/pro-reitorias\/prpgp\/bolsas-ic-unificado-linguistica-letras-e-artes-2","title":{"rendered":"Bolsas IC Unificado \u2013\u00a0Lingu\u00edstica, Letras e Artes"},"content":{"rendered":"\t\t<div data-elementor-type=\"wp-page\" data-elementor-id=\"18386\" class=\"elementor elementor-18386\">\n\t\t\t\t\t\t<section class=\"elementor-section elementor-top-section elementor-element elementor-element-11990a2 elementor-section-boxed elementor-section-height-default elementor-section-height-default\" data-id=\"11990a2\" data-element_type=\"section\">\n\t\t\t\t\t\t<div class=\"elementor-container elementor-column-gap-default\">\n\t\t\t\t\t<div class=\"elementor-column elementor-col-100 elementor-top-column elementor-element elementor-element-3bd6720\" data-id=\"3bd6720\" data-element_type=\"column\">\n\t\t\t<div class=\"elementor-widget-wrap elementor-element-populated\">\n\t\t\t\t\t\t<div class=\"elementor-element elementor-element-d9f1cb5 elementor-widget elementor-widget-text-editor\" data-id=\"d9f1cb5\" data-element_type=\"widget\" data-widget_type=\"text-editor.default\">\n\t\t\t\t<div class=\"elementor-widget-container\">\n\t\t\t\t\t\t\t<p>Abaixo voc\u00ea est\u00e1 visualizando todas as bolsas de\u00a0<a href=\"https:\/\/www.ufsm.br\/pro-reitorias\/prpgp\/editais\/017-2025\"><strong>IC do Edital 017\/2025 IC UNIFICADO <\/strong><\/a>dispon\u00edveis nesta \u00e1rea de conhecimento, ordenadas por sub\u00e1rea de classifica\u00e7\u00e3o do CNPq e por docente. Voc\u00ea poder\u00e1 escolher a sub\u00e1rea com a qual tem afinidade ou com a qual deseja trabalhar ou, ainda, poder\u00e1 escolher o docente com quem deseja trabalhar.\u00a0<strong>O detalhamento das informa\u00e7\u00f5es para a sele\u00e7\u00e3o, tais como cronograma de inscri\u00e7\u00e3o, exig\u00eancias e etapas da sele\u00e7\u00e3o do bolsista e outras caracter\u00edsticas do projeto voc\u00ea obter\u00e1 clicando no link do edital espec\u00edfico.<\/strong>\u00a0O resultado final da sele\u00e7\u00e3o est\u00e1 dispon\u00edvel ap\u00f3s conclu\u00edda a etapa de sele\u00e7\u00e3o por parte do docente.<\/p><table style=\"color: #000000;font-size: 1rem;font-weight: var( --e-global-typography-text-font-weight );text-align: var(--bs-body-text-align);border-color: #000000;width: 100%;height: 802px\"><tbody><tr style=\"height: 24px\"><td style=\"width: 37.6859%;border-color: #000000;height: 21px;background-color: #1841a8;text-align: center\"><span style=\"color: #ffffff\"><strong>Sub\u00e1rea<\/strong><\/span><\/td><td style=\"width: 51.9049%;height: 21px;text-align: center;border-color: #000000\"><strong>Docente<\/strong><\/td><td style=\"width: 14.3843%;height: 21px;text-align: center;border-color: #000000\"><p><strong>\u00a0PIBIC\/<\/strong><\/p><p><strong>CNPq<\/strong><\/p><\/td><td style=\"width: 6.84999%;text-align: center;border-color: #000000;height: 21px\"><p><strong>PROBIC\/<\/strong><\/p><p><strong>FAPERGS<\/strong><\/p><\/td><td style=\"width: 3.26785%;height: 21px;background-color: #1841a8;border-color: #000000;text-align: center\"><span style=\"color: #ffffff\"><strong>\u00a0Edital\u00a0<\/strong><\/span><\/td><td style=\"width: 15.2615%;height: 21px;background-color: #114d12;border-color: #000000;text-align: center\"><span style=\"color: #ffffff\"><strong>Resultado<\/strong><\/span><\/td><\/tr><tr style=\"height: 72px\"><td style=\"width: 37.6859%;border-color: #000000;height: 72px\" align=\"center\" height=\"20\" data-sheets-value=\"{ &quot;1&quot;: 2, &quot;2&quot;: &quot;ARTES DO V\u00cdDEO&quot;}\"><b>ARTES DO V\u00cdDEO<\/b><\/td><td style=\"width: 51.9049%;border-color: #000000;height: 72px\" align=\"center\" valign=\"middle\" data-sheets-value=\"{ &quot;1&quot;: 2, &quot;2&quot;: &quot;ANDREIA MACHADO OLIVEIRA&quot;}\"><b>ANDREIA MACHADO OLIVEIRA<\/b><\/td><td style=\"width: 14.3843%;border-color: #000000;height: 72px\" align=\"center\" valign=\"middle\"><b>1<\/b><\/td><td style=\"width: 6.84999%;border-color: #000000;height: 72px\" align=\"center\" valign=\"middle\"><b>1<\/b><\/td><td style=\"width: 3.26785%;text-align: center;border-color: #000000;height: 72px\"><a href=\"https:\/\/www.ufsm.br\/app\/uploads\/sites\/345\/2025\/07\/Andreia-Machado-de-Oliveira.pdf\"><em><strong>link<\/strong><\/em><\/a><\/td><td style=\"width: 15.2615%;text-align: center;border-color: #000000;height: 72px\"><a href=\"https:\/\/www.ufsm.br\/app\/uploads\/sites\/345\/2025\/07\/Andreia-Machado-Oliveira.pdf\"><em><strong>link<\/strong><\/em><\/a><\/td><\/tr><tr style=\"height: 72px\"><td style=\"width: 37.6859%;border-color: #000000;height: 27px\" rowspan=\"2\" align=\"center\" height=\"20\" data-sheets-value=\"{ &quot;1&quot;: 2, &quot;2&quot;: &quot;ARTES PL\u00c1STICAS&quot;}\"><b>ARTES PL\u00c1STICAS<\/b><b><br \/><\/b><\/td><td style=\"width: 51.9049%;border-color: #000000;height: 27px\" rowspan=\"2\" align=\"center\" valign=\"middle\" data-sheets-value=\"{ &quot;1&quot;: 2, &quot;2&quot;: &quot;FERNANDO FRANCO CODEVILLA&quot;}\"><b>FERNANDO FRANCO CODEVILLA<\/b><b><br \/><\/b><\/td><td style=\"width: 14.3843%;border-color: #000000;height: 27px\" rowspan=\"2\" align=\"center\" valign=\"middle\"><b>1<\/b><b><br \/><\/b><\/td><td style=\"width: 6.84999%;border-color: #000000;height: 27px\" rowspan=\"2\" align=\"center\" valign=\"middle\"><b>0<\/b><b><br \/><\/b><\/td><td style=\"width: 3.26785%;text-align: center;border-color: #000000;height: 17px\"><a href=\"https:\/\/www.ufsm.br\/app\/uploads\/sites\/345\/2025\/06\/Fernando-Franco.pdf\"><strong><em>link<\/em><\/strong><\/a><\/td><td style=\"width: 15.2615%;text-align: center;border-color: #000000;height: 17px\"><a href=\"https:\/\/www.ufsm.br\/app\/uploads\/sites\/345\/2025\/07\/Fernando-Codevilla.pdf\"><em><strong>link<\/strong><\/em><\/a><\/td><\/tr><tr style=\"height: 10px\"><td style=\"width: 3.26785%;text-align: center;border-color: #000000;height: 10px\"><a href=\"https:\/\/www.ufsm.br\/app\/uploads\/sites\/345\/2026\/03\/Fernando-Franco-2.pdf\"><strong><em>link<\/em><\/strong><\/a><\/td><td style=\"width: 15.2615%;text-align: center;border-color: #000000;height: 10px\"><a href=\"https:\/\/www.ufsm.br\/app\/uploads\/sites\/345\/2026\/04\/Fernando-Codevilla2.pdf\"><em><strong>link\u00a0<\/strong><\/em><\/a><\/td><\/tr><tr style=\"height: 48px\"><td style=\"width: 37.6859%;border-color: #000000;height: 48px\" align=\"center\" height=\"20\" data-sheets-value=\"{ &quot;1&quot;: 2, &quot;2&quot;: &quot;DAN\u00c7A&quot;}\"><b>DAN\u00c7A<\/b><\/td><td style=\"width: 51.9049%;border-color: #000000;height: 48px\" align=\"center\" valign=\"middle\" data-sheets-value=\"{ &quot;1&quot;: 2, &quot;2&quot;: &quot;DANIEL SILVA AIRES&quot;}\"><b>DANIEL SILVA AIRES<\/b><\/td><td style=\"width: 14.3843%;border-color: #000000;height: 48px\" align=\"center\" valign=\"middle\"><b>1<\/b><\/td><td style=\"width: 6.84999%;border-color: #000000;height: 48px\" align=\"center\" valign=\"middle\"><b>1<\/b><\/td><td style=\"width: 3.26785%;text-align: center;border-color: #000000;height: 48px\"><a href=\"https:\/\/www.ufsm.br\/app\/uploads\/sites\/345\/2025\/06\/Daniel-Silva.pdf\"><em><strong>link<\/strong><\/em><\/a><\/td><td style=\"width: 15.2615%;text-align: center;border-color: #000000;height: 48px\"><a href=\"https:\/\/www.ufsm.br\/app\/uploads\/sites\/345\/2025\/07\/Daniel-Aires.pdf\"><em><strong>link<\/strong><\/em><\/a><\/td><\/tr><tr style=\"height: 72px\"><td style=\"width: 37.6859%;border-color: #000000;height: 72px\" align=\"center\" height=\"20\" data-sheets-value=\"{ &quot;1&quot;: 2, &quot;2&quot;: &quot;EDUCACAO ART\u00cdSTICA&quot;}\"><b>EDUCACAO ART\u00cdSTICA<\/b><\/td><td style=\"width: 51.9049%;border-color: #000000;height: 72px\" align=\"center\" valign=\"middle\" data-sheets-value=\"{ &quot;1&quot;: 2, &quot;2&quot;: &quot;CLAUDIA RIBEIRO BELLOCHIO&quot;}\"><b>CLAUDIA RIBEIRO BELLOCHIO<\/b><\/td><td style=\"width: 14.3843%;border-color: #000000;height: 72px\" align=\"center\" valign=\"middle\"><b>1<\/b><\/td><td style=\"width: 6.84999%;border-color: #000000;height: 72px\" align=\"center\" valign=\"middle\"><b>0<\/b><\/td><td style=\"width: 3.26785%;text-align: center;border-color: #000000;height: 72px\"><a href=\"https:\/\/www.ufsm.br\/app\/uploads\/sites\/345\/2025\/06\/Claudia-Ribeiro.pdf\"><strong><em>link<\/em><\/strong><\/a><\/td><td style=\"width: 15.2615%;text-align: center;border-color: #000000;height: 72px\"><a href=\"https:\/\/www.ufsm.br\/app\/uploads\/sites\/345\/2025\/07\/Claudia-Ribeiro-Bellochio.pdf\"><em><strong>link<\/strong><\/em><\/a><\/td><\/tr><tr style=\"height: 72px\"><td style=\"width: 37.6859%;border-color: #000000;height: 72px\" align=\"center\" height=\"20\" data-sheets-value=\"{ &quot;1&quot;: 2, &quot;2&quot;: &quot;FUNDAMENTOS E CR\u00cdTICA DAS ARTES&quot;}\"><b>FUNDAMENTOS E CR\u00cdTICA DAS ARTES<\/b><\/td><td style=\"width: 51.9049%;border-color: #000000;height: 72px\" align=\"center\" valign=\"middle\" data-sheets-value=\"{ &quot;1&quot;: 2, &quot;2&quot;: &quot;THAYS TONIN&quot;}\"><b>THAYS TONIN<\/b><\/td><td style=\"width: 14.3843%;border-color: #000000;height: 72px\" align=\"center\" valign=\"middle\"><b>1<\/b><\/td><td style=\"width: 6.84999%;border-color: #000000;height: 72px\" align=\"center\" valign=\"middle\"><b>0<\/b><\/td><td style=\"width: 3.26785%;text-align: center;border-color: #000000;height: 72px\"><a href=\"https:\/\/www.ufsm.br\/app\/uploads\/sites\/345\/2025\/07\/Thays-Tonin.pdf\"><strong><em>link<\/em><\/strong><\/a><\/td><td style=\"width: 15.2615%;text-align: center;border-color: #000000;height: 72px\"><a href=\"https:\/\/www.ufsm.br\/app\/uploads\/sites\/345\/2025\/07\/Thays-Tonin-1.pdf\"><em><strong>link<\/strong><\/em><\/a><\/td><\/tr><tr style=\"height: 72px\"><td style=\"width: 37.6859%;border-color: #000000;height: 72px\" align=\"center\" height=\"20\" data-sheets-value=\"{ &quot;1&quot;: 2, &quot;2&quot;: &quot;LINGU\u00cdSTICA APLICADA&quot;}\"><b>LINGU\u00cdSTICA APLICADA<\/b><\/td><td style=\"width: 51.9049%;border-color: #000000;height: 72px\" align=\"center\" valign=\"middle\" data-sheets-value=\"{ &quot;1&quot;: 2, &quot;2&quot;: &quot;LUCIANE KIRCHHOF TICKS&quot;}\"><b>LUCIANE KIRCHHOF TICKS<\/b><\/td><td style=\"width: 14.3843%;border-color: #000000;height: 72px\" align=\"center\" valign=\"middle\"><b>1<\/b><\/td><td style=\"width: 6.84999%;border-color: #000000;height: 72px\" align=\"center\" valign=\"middle\"><b>1<\/b><\/td><td style=\"width: 3.26785%;text-align: center;border-color: #000000;height: 72px\"><a href=\"https:\/\/www.ufsm.br\/app\/uploads\/sites\/345\/2025\/06\/Luciane-Kirchhof-Ticks_Edital-de-Selecao_Edital-017_2025_ICUNIFICADO.pdf\"><em><strong>link<\/strong><\/em><\/a><\/td><td style=\"width: 15.2615%;text-align: center;border-color: #000000;height: 72px\"><a href=\"https:\/\/www.ufsm.br\/app\/uploads\/sites\/345\/2025\/07\/Luciane-Kirchhof.pdf\"><em><strong>link<\/strong><\/em><\/a><\/td><\/tr><tr style=\"height: 48px\"><td style=\"width: 37.6859%;border-color: #000000;height: 48px\" align=\"center\" height=\"20\" data-sheets-value=\"{ &quot;1&quot;: 2, &quot;2&quot;: &quot;LITERATURA COMPARADA&quot;}\"><b>LITERATURA COMPARADA<\/b><\/td><td style=\"width: 51.9049%;border-color: #000000;height: 48px\" align=\"center\" valign=\"middle\" data-sheets-value=\"{ &quot;1&quot;: 2, &quot;2&quot;: &quot;PEDRO BRUM SANTOS&quot;}\"><b>PEDRO BRUM SANTOS<\/b><\/td><td style=\"width: 14.3843%;border-color: #000000;height: 48px\" align=\"center\" valign=\"middle\"><b>1<\/b><\/td><td style=\"width: 6.84999%;border-color: #000000;height: 48px\" align=\"center\" valign=\"middle\"><b>1<\/b><\/td><td style=\"width: 3.26785%;text-align: center;border-color: #000000;height: 48px\"><a href=\"https:\/\/www.ufsm.br\/app\/uploads\/sites\/345\/2025\/06\/Pedro-Brum-Santos.pdf\"><strong><em>link<\/em><\/strong><\/a><\/td><td style=\"width: 15.2615%;text-align: center;border-color: #000000;height: 48px\"><a href=\"https:\/\/www.ufsm.br\/app\/uploads\/sites\/345\/2025\/07\/PEDRO-BRUM-SANTOS_CLASSIFICACAO-BOLSAS-PIBIC_PROBIC_2025.pdf\"><em><strong>link<\/strong><\/em><\/a><\/td><\/tr><tr style=\"height: 96px\"><td style=\"width: 37.6859%;border-color: #000000;height: 96px\" align=\"center\" height=\"20\" data-sheets-value=\"{ &quot;1&quot;: 2, &quot;2&quot;: &quot;LITERATURA COMPARADA&quot;}\"><b>LITERATURA COMPARADA<\/b><\/td><td style=\"width: 51.9049%;border-color: #000000;height: 96px\" align=\"center\" valign=\"middle\" data-sheets-value=\"{ &quot;1&quot;: 2, &quot;2&quot;: &quot;ROSANI URSULA KETZER UMBACH&quot;}\"><b>ROSANI URSULA KETZER UMBACH<\/b><\/td><td style=\"width: 14.3843%;border-color: #000000;height: 96px\" align=\"center\" valign=\"middle\"><b>1<\/b><\/td><td style=\"width: 6.84999%;border-color: #000000;height: 96px\" align=\"center\" valign=\"middle\"><b>1<\/b><\/td><td style=\"width: 3.26785%;text-align: center;border-color: #000000;height: 96px\"><a href=\"https:\/\/www.ufsm.br\/app\/uploads\/sites\/345\/2025\/06\/Rosani-Ursula-Ketzer.pdf\"><strong><em>link<\/em><\/strong><\/a><\/td><td style=\"width: 15.2615%;text-align: center;border-color: #000000;height: 96px\"><a href=\"https:\/\/www.ufsm.br\/app\/uploads\/sites\/345\/2025\/07\/Rosani-Ursula-Ketzer.pdf\"><em><strong>link<\/strong><\/em><\/a><\/td><\/tr><tr style=\"height: 72px\"><td style=\"width: 37.6859%;border-color: #000000;height: 72px\" align=\"center\" height=\"20\" data-sheets-value=\"{ &quot;1&quot;: 2, &quot;2&quot;: &quot;M\u00daSICA&quot;}\"><b>M\u00daSICA<\/b><\/td><td style=\"width: 51.9049%;border-color: #000000;height: 72px\" align=\"center\" valign=\"middle\" data-sheets-value=\"{ &quot;1&quot;: 2, &quot;2&quot;: &quot;ARTHUR RINALDI FERREIRA&quot;}\"><b>ARTHUR RINALDI FERREIRA<\/b><\/td><td style=\"width: 14.3843%;border-color: #000000;height: 72px\" align=\"center\" valign=\"middle\"><b>1<\/b><\/td><td style=\"width: 6.84999%;border-color: #000000;height: 72px\" align=\"center\" valign=\"middle\"><b>1<\/b><\/td><td style=\"width: 3.26785%;text-align: center;border-color: #000000;height: 72px\"><a href=\"https:\/\/www.ufsm.br\/app\/uploads\/sites\/345\/2025\/06\/Arthur-Rinaldi-Ferreira_Edital-de-selecao-de-bolsistas_IC-Unificado_2025.pdf\"><em><strong>link<\/strong><\/em><\/a><\/td><td style=\"width: 15.2615%;text-align: center;border-color: #000000;height: 72px\"><a href=\"https:\/\/www.ufsm.br\/app\/uploads\/sites\/345\/2025\/07\/Arthur-Rinaldi-Ferreira.pdf\"><em><strong>link<\/strong><\/em><\/a><\/td><\/tr><tr style=\"height: 72px\"><td style=\"width: 37.6859%;border-color: #000000;height: 72px\" align=\"center\" height=\"20\" data-sheets-value=\"{ &quot;1&quot;: 2, &quot;2&quot;: &quot;OUTRAS LITERATURAS VERN\u00c1CULAS&quot;}\"><b>OUTRAS LITERATURAS VERN\u00c1CULAS<\/b><\/td><td style=\"width: 51.9049%;border-color: #000000;height: 72px\" align=\"center\" valign=\"middle\" data-sheets-value=\"{ &quot;1&quot;: 2, &quot;2&quot;: &quot;RAQUEL TRENTIN OLIVEIRA&quot;}\"><b>RAQUEL TRENTIN OLIVEIRA<\/b><\/td><td style=\"width: 14.3843%;border-color: #000000;height: 72px\" align=\"center\" valign=\"middle\"><b>1<\/b><\/td><td style=\"width: 6.84999%;border-color: #000000;height: 72px\" align=\"center\" valign=\"middle\"><b>1<\/b><\/td><td style=\"width: 3.26785%;text-align: center;border-color: #000000;height: 72px\"><a href=\"https:\/\/www.ufsm.br\/app\/uploads\/sites\/345\/2025\/06\/Raquel-Trentin.pdf\"><strong><em>link<\/em><\/strong><\/a><\/td><td style=\"width: 15.2615%;text-align: center;border-color: #000000;height: 72px\"><a href=\"https:\/\/www.ufsm.br\/app\/uploads\/sites\/345\/2025\/07\/Raquel-Trentin-Oliveira.pdf\"><em><strong>link<\/strong><\/em><\/a><\/td><\/tr><tr style=\"height: 24px\"><td style=\"width: 37.6859%;border-color: #000000;height: 34px\" rowspan=\"2\" align=\"center\" height=\"20\" data-sheets-value=\"{ &quot;1&quot;: 2, &quot;2&quot;: &quot;TEATRO&quot;}\"><b>TEATRO<\/b><b><br \/><\/b><\/td><td style=\"width: 51.9049%;border-color: #000000;height: 34px\" rowspan=\"2\" align=\"center\" valign=\"middle\" data-sheets-value=\"{ &quot;1&quot;: 2, &quot;2&quot;: &quot;MARCIA BERSELLI&quot;}\"><b>MARCIA BERSELLI<\/b><b><br \/><\/b><\/td><td style=\"width: 14.3843%;border-color: #000000;height: 34px\" rowspan=\"2\" align=\"center\" valign=\"middle\"><b>1<\/b><b><br \/><\/b><\/td><td style=\"width: 6.84999%;border-color: #000000;height: 34px\" rowspan=\"2\" align=\"center\" valign=\"middle\"><b>1<\/b><b><br \/><\/b><\/td><td style=\"width: 3.26785%;text-align: center;border-color: #000000;height: 24px\"><a href=\"https:\/\/www.ufsm.br\/app\/uploads\/sites\/345\/2025\/06\/Marcia-Berselli_Edital-de-Selecao_Edital-017_2025_IC.pdf\"><em><strong>link<\/strong><\/em><\/a><\/td><td style=\"width: 15.2615%;text-align: center;border-color: #000000;height: 24px\"><a href=\"https:\/\/www.ufsm.br\/app\/uploads\/sites\/345\/2025\/07\/Marcia-Berselli.pdf\"><em><strong>link<\/strong><\/em><\/a><\/td><\/tr><tr style=\"height: 10px\"><td style=\"width: 3.26785%;text-align: center;border-color: #000000;height: 10px\"><a href=\"https:\/\/www.ufsm.br\/app\/uploads\/sites\/345\/2026\/01\/Edital-de-Selecao_Edital-017_2025_IC_nv.docx.pdf\"><em><strong>link<\/strong><\/em><\/a><\/td><td style=\"width: 15.2615%;text-align: center;border-color: #000000;height: 10px\"><a href=\"https:\/\/www.ufsm.br\/app\/uploads\/sites\/345\/2026\/02\/Resultado_Edital-PROJETO057696.docx.pdf\"><em><strong>\u00a0link<\/strong><\/em><\/a><\/td><\/tr><tr style=\"height: 96px\"><td style=\"width: 37.6859%;border-color: #000000;height: 96px\" align=\"center\" height=\"20\" data-sheets-value=\"{ &quot;1&quot;: 2, &quot;2&quot;: &quot;TEORIA LITER\u00c1RIA&quot;}\"><b>TEORIA LITER\u00c1RIA<\/b><\/td><td style=\"width: 51.9049%;border-color: #000000;height: 96px\" align=\"center\" valign=\"middle\" data-sheets-value=\"{ &quot;1&quot;: 2, &quot;2&quot;: &quot;MARIA CLARA DA SILVA RAMOS CARNEIRO&quot;}\"><b>MARIA CLARA DA SILVA RAMOS CARNEIRO<\/b><\/td><td style=\"width: 14.3843%;border-color: #000000;height: 96px\" align=\"center\" valign=\"middle\"><b>1<\/b><\/td><td style=\"width: 6.84999%;border-color: #000000;height: 96px\" align=\"center\" valign=\"middle\"><b>0<\/b><\/td><td style=\"width: 3.26785%;text-align: center;border-color: #000000;height: 96px\"><a href=\"https:\/\/www.ufsm.br\/app\/uploads\/sites\/345\/2025\/06\/Maria-Clara-da-Silva.pdf\"><strong><em>link<\/em><\/strong><\/a><\/td><td style=\"width: 15.2615%;text-align: center;border-color: #000000;height: 96px\"><a href=\"https:\/\/www.ufsm.br\/app\/uploads\/sites\/345\/2025\/07\/Maria-Clara-da-Silva.pdf\"><em><strong>link<\/strong><\/em><\/a><\/td><\/tr><\/tbody><\/table>\t\t\t\t\t\t<\/div>\n\t\t\t\t<\/div>\n\t\t\t\t\t<\/div>\n\t\t<\/div>\n\t\t\t\t\t<\/div>\n\t\t<\/section>\n\t\t\t\t<\/div>\n\t\t","protected":false},"excerpt":{"rendered":"<p>Abaixo voc\u00ea est\u00e1 visualizando todas as bolsas de\u00a0IC do Edital 017\/2025 IC UNIFICADO dispon\u00edveis nesta \u00e1rea de conhecimento, ordenadas por sub\u00e1rea de classifica\u00e7\u00e3o do CNPq e por docente. Voc\u00ea poder\u00e1 escolher a sub\u00e1rea com a qual tem afinidade ou com a qual deseja trabalhar ou, ainda, poder\u00e1 escolher o docente com quem deseja trabalhar.\u00a0O detalhamento [&hellip;]<\/p>\n","protected":false},"author":8259,"featured_media":0,"parent":0,"menu_order":0,"comment_status":"closed","ping_status":"closed","template":"","meta":{"footnotes":""},"categories":[],"tags":[],"class_list":["post-18386","page","type-page","status-publish","hentry"],"acf":[],"_links":{"self":[{"href":"https:\/\/www.ufsm.br\/pro-reitorias\/prpgp\/wp-json\/wp\/v2\/pages\/18386","targetHints":{"allow":["GET"]}}],"collection":[{"href":"https:\/\/www.ufsm.br\/pro-reitorias\/prpgp\/wp-json\/wp\/v2\/pages"}],"about":[{"href":"https:\/\/www.ufsm.br\/pro-reitorias\/prpgp\/wp-json\/wp\/v2\/types\/page"}],"author":[{"embeddable":true,"href":"https:\/\/www.ufsm.br\/pro-reitorias\/prpgp\/wp-json\/wp\/v2\/users\/8259"}],"replies":[{"embeddable":true,"href":"https:\/\/www.ufsm.br\/pro-reitorias\/prpgp\/wp-json\/wp\/v2\/comments?post=18386"}],"version-history":[{"count":0,"href":"https:\/\/www.ufsm.br\/pro-reitorias\/prpgp\/wp-json\/wp\/v2\/pages\/18386\/revisions"}],"wp:attachment":[{"href":"https:\/\/www.ufsm.br\/pro-reitorias\/prpgp\/wp-json\/wp\/v2\/media?parent=18386"}],"wp:term":[{"taxonomy":"category","embeddable":true,"href":"https:\/\/www.ufsm.br\/pro-reitorias\/prpgp\/wp-json\/wp\/v2\/categories?post=18386"},{"taxonomy":"post_tag","embeddable":true,"href":"https:\/\/www.ufsm.br\/pro-reitorias\/prpgp\/wp-json\/wp\/v2\/tags?post=18386"}],"curies":[{"name":"wp","href":"https:\/\/api.w.org\/{rel}","templated":true}]}}