{"id":18387,"date":"2025-02-21T09:15:00","date_gmt":"2025-02-21T12:15:00","guid":{"rendered":"https:\/\/www.ufsm.br\/pro-reitorias\/prpgp\/?page_id=18387"},"modified":"2025-12-05T16:13:23","modified_gmt":"2025-12-05T19:13:23","slug":"bolsas-ic-unificado-multidisciplinar-2","status":"publish","type":"page","link":"https:\/\/www.ufsm.br\/pro-reitorias\/prpgp\/bolsas-ic-unificado-multidisciplinar-2","title":{"rendered":"Bolsas IC Unificado \u2013 Multidisciplinar"},"content":{"rendered":"\t\t<div data-elementor-type=\"wp-page\" data-elementor-id=\"18387\" class=\"elementor elementor-18387\">\n\t\t\t\t\t\t<section class=\"elementor-section elementor-top-section elementor-element elementor-element-98b3812 elementor-section-boxed elementor-section-height-default elementor-section-height-default\" data-id=\"98b3812\" data-element_type=\"section\">\n\t\t\t\t\t\t<div class=\"elementor-container elementor-column-gap-default\">\n\t\t\t\t\t<div class=\"elementor-column elementor-col-100 elementor-top-column elementor-element elementor-element-e27aad1\" data-id=\"e27aad1\" data-element_type=\"column\">\n\t\t\t<div class=\"elementor-widget-wrap elementor-element-populated\">\n\t\t\t\t\t\t<div class=\"elementor-element elementor-element-b5fd02e elementor-widget elementor-widget-text-editor\" data-id=\"b5fd02e\" data-element_type=\"widget\" data-widget_type=\"text-editor.default\">\n\t\t\t\t<div class=\"elementor-widget-container\">\n\t\t\t\t\t\t\t<p>Abaixo voc\u00ea est\u00e1 visualizando todas as bolsas de\u00a0<a href=\"https:\/\/www.ufsm.br\/pro-reitorias\/prpgp\/editais\/017-2025\"><strong>IC do Edital 017\/2025 IC UNIFICADO <\/strong><\/a>dispon\u00edveis nesta \u00e1rea de conhecimento, ordenadas por sub\u00e1rea de classifica\u00e7\u00e3o do CNPq e por docente. Voc\u00ea poder\u00e1 escolher a sub\u00e1rea com a qual tem afinidade ou com a qual deseja trabalhar ou, ainda, poder\u00e1 escolher o docente com quem deseja trabalhar.\u00a0<strong>O detalhamento das informa\u00e7\u00f5es para a sele\u00e7\u00e3o, tais como cronograma de inscri\u00e7\u00e3o, exig\u00eancias e etapas da sele\u00e7\u00e3o do bolsista e outras caracter\u00edsticas do projeto voc\u00ea obter\u00e1 clicando no link do edital espec\u00edfico.<\/strong>\u00a0O resultado final da sele\u00e7\u00e3o est\u00e1 dispon\u00edvel ap\u00f3s conclu\u00edda a etapa de sele\u00e7\u00e3o por parte do docente.<\/p><table style=\"color: #000000;font-size: 1rem;font-weight: var( --e-global-typography-text-font-weight );text-align: var(--bs-body-text-align);border-color: #000000;width: 100%;height: 644px\"><tbody><tr style=\"height: 24px\"><td style=\"width: 37.6859%;border-color: #000000;height: 24px;background-color: #1841a8;text-align: center\"><span style=\"color: #ffffff\"><strong>Sub\u00e1rea<\/strong><\/span><\/td><td style=\"width: 51.9049%;height: 24px;text-align: center;border-color: #000000\"><strong>Docente<\/strong><\/td><td style=\"width: 14.3843%;height: 24px;text-align: center;border-color: #000000\"><p><strong>\u00a0PIBIC\/<\/strong><\/p><p><strong>CNPq<\/strong><\/p><\/td><td style=\"width: 6.51831%;text-align: center;border-color: #000000;height: 24px\"><p><strong>PROBIC\/<\/strong><\/p><p><strong>FAPERGS<\/strong><\/p><\/td><td style=\"width: 3.59953%;height: 24px;background-color: #1841a8;border-color: #000000;text-align: center\"><span style=\"color: #ffffff\"><strong>\u00a0Edital\u00a0<\/strong><\/span><\/td><td style=\"width: 15.2615%;height: 24px;background-color: #114d12;border-color: #000000;text-align: center\"><span style=\"color: #ffffff\"><strong>Resultado<\/strong><\/span><\/td><\/tr><tr style=\"height: 96px\"><td style=\"width: 37.6859%;border-color: #000000;height: 96px\" align=\"center\" height=\"20\" data-sheets-value=\"{ &quot;1&quot;: 2, &quot;2&quot;: &quot;ADMINISTRA\u00c7\u00c3O DE SETORES ESPEC\u00cdFICOS&quot;}\"><b>ADMINISTRA\u00c7\u00c3O DE SETORES ESPEC\u00cdFICOS<\/b><\/td><td style=\"width: 51.9049%;border-color: #000000;height: 96px\" align=\"center\" valign=\"middle\" data-sheets-value=\"{ &quot;1&quot;: 2, &quot;2&quot;: &quot;NELSON GUILHERME MACHADO PINTO&quot;}\"><b>NELSON GUILHERME MACHADO PINTO<\/b><\/td><td style=\"width: 14.3843%;border-color: #000000;height: 96px\" align=\"center\" valign=\"middle\"><b>1<\/b><\/td><td style=\"width: 6.51831%;border-color: #000000;height: 96px\" align=\"center\" valign=\"middle\"><b>1<\/b><\/td><td style=\"width: 3.59953%;text-align: center;border-color: #000000;height: 96px\"><a href=\"https:\/\/www.ufsm.br\/app\/uploads\/sites\/345\/2025\/06\/Nelson-Guilherme-Machado.pdf\"><em><strong>link<\/strong><\/em><\/a><\/td><td style=\"width: 15.2615%;text-align: center;border-color: #000000;height: 96px\"><a href=\"https:\/\/www.ufsm.br\/app\/uploads\/sites\/345\/2025\/07\/Nelson-Guilherme-Machado.pdf\"><em><strong>link<\/strong><\/em><\/a><\/td><\/tr><tr style=\"height: 10px\"><td style=\"width: 37.6859%;border-color: #000000;height: 20px\" rowspan=\"2\" align=\"center\" height=\"20\" data-sheets-value=\"{ &quot;1&quot;: 2, &quot;2&quot;: &quot;CI\u00caNCIAS AMBIENTAIS&quot;}\"><b>CI\u00caNCIAS AMBIENTAIS<\/b><b><br \/><\/b><\/td><td style=\"width: 51.9049%;border-color: #000000;height: 20px\" rowspan=\"2\" align=\"center\" valign=\"middle\" data-sheets-value=\"{ &quot;1&quot;: 2, &quot;2&quot;: &quot;RODRIGO JOSEMAR SEMINOTI JACQUES&quot;}\"><b>RODRIGO JOSEMAR SEMINOTI JACQUES<\/b><b><br \/><\/b><\/td><td style=\"width: 14.3843%;border-color: #000000;height: 20px\" rowspan=\"2\" align=\"center\" valign=\"middle\"><b>1<\/b><b><br \/><\/b><\/td><td style=\"width: 6.51831%;border-color: #000000;height: 20px\" rowspan=\"2\" align=\"center\" valign=\"middle\"><b>1<\/b><b><br \/><\/b><\/td><td style=\"width: 3.59953%;text-align: center;border-color: #000000;height: 10px\"><a href=\"https:\/\/www.ufsm.br\/app\/uploads\/sites\/345\/2025\/06\/Rodrigo-J.-S.-Jacques_Edital-de-selecao-de-bolsistas_IC_2025.pdf\"><strong><em>link<\/em><\/strong><\/a><\/td><td style=\"width: 15.2615%;text-align: center;border-color: #000000;height: 10px\"><a href=\"https:\/\/www.ufsm.br\/app\/uploads\/sites\/345\/2025\/07\/Rodrigo-J.-S.pdf\"><em><strong>link<\/strong><\/em><\/a><\/td><\/tr><tr style=\"height: 10px\"><td style=\"width: 3.59953%;text-align: center;border-color: #000000;height: 10px\"><a href=\"https:\/\/www.ufsm.br\/app\/uploads\/sites\/345\/2025\/11\/Rodrigo-J.-S.-Jacques.pdf\"><strong><em>link<\/em><\/strong><\/a><\/td><td style=\"width: 15.2615%;text-align: center;border-color: #000000;height: 10px\"><a href=\"https:\/\/www.ufsm.br\/app\/uploads\/sites\/345\/2025\/12\/Rodrigo-J.-S.-Jacques1.pdf\"><em><strong>link\u00a0<\/strong><\/em><\/a><\/td><\/tr><tr style=\"height: 72px\"><td style=\"width: 37.6859%;border-color: #000000;height: 72px\" align=\"center\" height=\"20\" data-sheets-value=\"{ &quot;1&quot;: 2, &quot;2&quot;: &quot;PASTAGEM E FORRAGICULTURA&quot;}\"><b>PASTAGEM E FORRAGICULTURA<\/b><\/td><td style=\"width: 51.9049%;border-color: #000000;height: 72px\" align=\"center\" valign=\"middle\" data-sheets-value=\"{ &quot;1&quot;: 2, &quot;2&quot;: &quot;JOAO PEDRO VELHO&quot;}\"><b>JOAO PEDRO VELHO<\/b><\/td><td style=\"width: 14.3843%;border-color: #000000;height: 72px\" align=\"center\" valign=\"middle\"><b>1<\/b><\/td><td style=\"width: 6.51831%;border-color: #000000;height: 72px\" align=\"center\" valign=\"middle\"><b>0<\/b><\/td><td style=\"width: 3.59953%;text-align: center;border-color: #000000;height: 72px\"><a href=\"https:\/\/www.ufsm.br\/app\/uploads\/sites\/345\/2025\/06\/Joao-Pedro-Velho-IC.pdf\"><em><strong>link<\/strong><\/em><\/a><\/td><td style=\"width: 15.2615%;text-align: center;border-color: #000000;height: 72px\"><a href=\"https:\/\/www.ufsm.br\/app\/uploads\/sites\/345\/2025\/07\/Joao-Pedro-Velho.pdf\"><em><strong>link<\/strong><\/em><\/a><\/td><\/tr><tr style=\"height: 96px\"><td style=\"width: 37.6859%;border-color: #000000;height: 96px\" align=\"center\" height=\"20\" data-sheets-value=\"{ &quot;1&quot;: 2, &quot;2&quot;: &quot;PROBABILIDADE E ESTAT\u00cdSTICA APLICADAS&quot;}\"><b>PROBABILIDADE E ESTAT\u00cdSTICA APLICADAS<\/b><\/td><td style=\"width: 51.9049%;border-color: #000000;height: 96px\" align=\"center\" valign=\"middle\" data-sheets-value=\"{ &quot;1&quot;: 2, &quot;2&quot;: &quot;FERNANDO DE JESUS MOREIRA JUNIOR&quot;}\"><b>FERNANDO DE JESUS MOREIRA JUNIOR<\/b><\/td><td style=\"width: 14.3843%;border-color: #000000;height: 96px\" align=\"center\" valign=\"middle\"><b>1<\/b><\/td><td style=\"width: 6.51831%;border-color: #000000;height: 96px\" align=\"center\" valign=\"middle\"><b>0<\/b><\/td><td style=\"width: 3.59953%;text-align: center;border-color: #000000;height: 96px\"><a href=\"https:\/\/www.ufsm.br\/app\/uploads\/sites\/345\/2025\/06\/Fernando-de-Jesus.pdf\"><strong><em>link<\/em><\/strong><\/a><\/td><td style=\"width: 15.2615%;text-align: center;border-color: #000000;height: 96px\"><a href=\"https:\/\/www.ufsm.br\/app\/uploads\/sites\/345\/2025\/07\/FERNANDO-DE-JESUS.pdf\"><em><strong>link<\/strong><\/em><\/a><\/td><\/tr><tr style=\"height: 72px\"><td style=\"width: 37.6859%;border-color: #000000;height: 72px\" align=\"center\" height=\"20\" data-sheets-value=\"{ &quot;1&quot;: 2, &quot;2&quot;: &quot;PROBABILIDADE E ESTAT\u00cdSTICA APLICADAS&quot;}\"><b>PROBABILIDADE E ESTAT\u00cdSTICA APLICADAS<\/b><\/td><td style=\"width: 51.9049%;border-color: #000000;height: 72px\" align=\"center\" valign=\"middle\" data-sheets-value=\"{ &quot;1&quot;: 2, &quot;2&quot;: &quot;LUCIANE FLORES JACOBI&quot;}\"><b>LUCIANE FLORES JACOBI<\/b><\/td><td style=\"width: 14.3843%;border-color: #000000;height: 72px\" align=\"center\" valign=\"middle\"><b>1<\/b><\/td><td style=\"width: 6.51831%;border-color: #000000;height: 72px\" align=\"center\" valign=\"middle\"><b>0<\/b><\/td><td style=\"width: 3.59953%;text-align: center;border-color: #000000;height: 72px\"><a href=\"https:\/\/www.ufsm.br\/app\/uploads\/sites\/345\/2025\/06\/Luciane-Flores.pdf\"><em><strong>link<\/strong><\/em><\/a><\/td><td style=\"width: 15.2615%;text-align: center;border-color: #000000;height: 72px\"><a href=\"https:\/\/www.ufsm.br\/app\/uploads\/sites\/345\/2025\/07\/Luciane-Flores-Jacobi.pdf\"><em><strong>link<\/strong><\/em><\/a><\/td><\/tr><tr style=\"height: 72px\"><td style=\"width: 37.6859%;border-color: #000000;height: 72px\" align=\"center\" height=\"20\" data-sheets-value=\"{ &quot;1&quot;: 2, &quot;2&quot;: &quot;RECURSOS H\u00cdDRICOS&quot;}\"><b>RECURSOS H\u00cdDRICOS<\/b><\/td><td style=\"width: 51.9049%;border-color: #000000;height: 72px\" align=\"center\" valign=\"middle\" data-sheets-value=\"{ &quot;1&quot;: 2, &quot;2&quot;: &quot;GENESIO MARIO DA ROSA&quot;}\"><b>GENESIO MARIO DA ROSA<\/b><\/td><td style=\"width: 14.3843%;border-color: #000000;height: 72px\" align=\"center\" valign=\"middle\"><b>1<\/b><\/td><td style=\"width: 6.51831%;border-color: #000000;height: 72px\" align=\"center\" valign=\"middle\"><b>1<\/b><\/td><td style=\"width: 3.59953%;text-align: center;border-color: #000000;height: 72px\"><a href=\"https:\/\/www.ufsm.br\/app\/uploads\/sites\/345\/2025\/06\/Genesio-Mario_merged.pdf\"><strong><em>link<\/em><\/strong><\/a><\/td><td style=\"width: 15.2615%;text-align: center;border-color: #000000;height: 72px\"><a href=\"https:\/\/www.ufsm.br\/app\/uploads\/sites\/345\/2025\/07\/Genesio-Mario-da-Rosa.pdf\"><em><strong>link<\/strong><\/em><\/a><\/td><\/tr><tr style=\"height: 96px\"><td style=\"width: 37.6859%;border-color: #000000;height: 96px\" align=\"center\" height=\"20\" data-sheets-value=\"{ &quot;1&quot;: 2, &quot;2&quot;: &quot;SA\u00daDE P\u00daBLICA&quot;}\"><b>SA\u00daDE P\u00daBLICA<\/b><\/td><td style=\"width: 51.9049%;border-color: #000000;height: 96px\" align=\"center\" valign=\"middle\" data-sheets-value=\"{ &quot;1&quot;: 2, &quot;2&quot;: &quot;LUCIANA MARIA FONTANARI KRAUSE&quot;}\"><b>LUCIANA MARIA FONTANARI KRAUSE<\/b><\/td><td style=\"width: 14.3843%;border-color: #000000;height: 96px\" align=\"center\" valign=\"middle\"><b>0<\/b><\/td><td style=\"width: 6.51831%;border-color: #000000;height: 96px\" align=\"center\" valign=\"middle\"><b>1<\/b><\/td><td style=\"width: 3.59953%;text-align: center;border-color: #000000;height: 96px\"><a href=\"https:\/\/www.ufsm.br\/app\/uploads\/sites\/345\/2025\/06\/Luciana-Maria-Fontanari-Krause_Edital-de-Selecao_017_2025_IC_UNIFICADO.pdf\"><em><strong>link<\/strong><\/em><\/a><\/td><td style=\"width: 15.2615%;text-align: center;border-color: #000000;height: 96px\"><a href=\"https:\/\/www.ufsm.br\/app\/uploads\/sites\/345\/2025\/07\/Luciana-Maria-Fontanari-Krause_Resultado_Selecao_Bolsista_Iniciacao_Cientifica_Edital_Probic_2025.pdf\"><em><strong>link<\/strong><\/em><\/a><\/td><\/tr><tr style=\"height: 96px\"><td style=\"width: 37.6859%;border-color: #000000;height: 96px\" align=\"center\" height=\"20\" data-sheets-value=\"{ &quot;1&quot;: 2, &quot;2&quot;: &quot;TRATAMENTO DE \u00c1GUAS DE ABASTECIMENTO E RESIDU\u00c1RIAS&quot;}\"><b>TRATAMENTO DE \u00c1GUAS DE ABASTECIMENTO E RESIDU\u00c1RIAS<\/b><\/td><td style=\"width: 51.9049%;border-color: #000000;height: 96px\" align=\"center\" valign=\"middle\" data-sheets-value=\"{ &quot;1&quot;: 2, &quot;2&quot;: &quot;SAMARA TEREZINHA DECEZARO&quot;}\"><b>SAMARA TEREZINHA DECEZARO<\/b><\/td><td style=\"width: 14.3843%;border-color: #000000;height: 96px\" align=\"center\" valign=\"middle\"><b>0<\/b><\/td><td style=\"width: 6.51831%;border-color: #000000;height: 96px\" align=\"center\" valign=\"middle\"><b>1<\/b><\/td><td style=\"width: 3.59953%;text-align: center;border-color: #000000;height: 96px\"><a href=\"https:\/\/www.ufsm.br\/app\/uploads\/sites\/345\/2025\/06\/Samara-Terezinha-Decezaro_Edital-de-Selecao_Edital-017_2025_IC-UNIFICADO.pdf\"><strong><em>link<\/em><\/strong><\/a><\/td><td style=\"width: 15.2615%;text-align: center;border-color: #000000;height: 96px\"><a href=\"https:\/\/www.ufsm.br\/app\/uploads\/sites\/345\/2025\/07\/Samara-Terezinha.pdf\"><em><strong>link<\/strong><\/em><\/a><\/td><\/tr><\/tbody><\/table>\t\t\t\t\t\t<\/div>\n\t\t\t\t<\/div>\n\t\t\t\t\t<\/div>\n\t\t<\/div>\n\t\t\t\t\t<\/div>\n\t\t<\/section>\n\t\t\t\t<\/div>\n\t\t","protected":false},"excerpt":{"rendered":"<p>Abaixo voc\u00ea est\u00e1 visualizando todas as bolsas de\u00a0IC do Edital 017\/2025 IC UNIFICADO dispon\u00edveis nesta \u00e1rea de conhecimento, ordenadas por sub\u00e1rea de classifica\u00e7\u00e3o do CNPq e por docente. Voc\u00ea poder\u00e1 escolher a sub\u00e1rea com a qual tem afinidade ou com a qual deseja trabalhar ou, ainda, poder\u00e1 escolher o docente com quem deseja trabalhar.\u00a0O detalhamento [&hellip;]<\/p>\n","protected":false},"author":8259,"featured_media":0,"parent":0,"menu_order":0,"comment_status":"closed","ping_status":"closed","template":"","meta":{"footnotes":""},"categories":[],"tags":[],"class_list":["post-18387","page","type-page","status-publish","hentry"],"acf":[],"_links":{"self":[{"href":"https:\/\/www.ufsm.br\/pro-reitorias\/prpgp\/wp-json\/wp\/v2\/pages\/18387","targetHints":{"allow":["GET"]}}],"collection":[{"href":"https:\/\/www.ufsm.br\/pro-reitorias\/prpgp\/wp-json\/wp\/v2\/pages"}],"about":[{"href":"https:\/\/www.ufsm.br\/pro-reitorias\/prpgp\/wp-json\/wp\/v2\/types\/page"}],"author":[{"embeddable":true,"href":"https:\/\/www.ufsm.br\/pro-reitorias\/prpgp\/wp-json\/wp\/v2\/users\/8259"}],"replies":[{"embeddable":true,"href":"https:\/\/www.ufsm.br\/pro-reitorias\/prpgp\/wp-json\/wp\/v2\/comments?post=18387"}],"version-history":[{"count":0,"href":"https:\/\/www.ufsm.br\/pro-reitorias\/prpgp\/wp-json\/wp\/v2\/pages\/18387\/revisions"}],"wp:attachment":[{"href":"https:\/\/www.ufsm.br\/pro-reitorias\/prpgp\/wp-json\/wp\/v2\/media?parent=18387"}],"wp:term":[{"taxonomy":"category","embeddable":true,"href":"https:\/\/www.ufsm.br\/pro-reitorias\/prpgp\/wp-json\/wp\/v2\/categories?post=18387"},{"taxonomy":"post_tag","embeddable":true,"href":"https:\/\/www.ufsm.br\/pro-reitorias\/prpgp\/wp-json\/wp\/v2\/tags?post=18387"}],"curies":[{"name":"wp","href":"https:\/\/api.w.org\/{rel}","templated":true}]}}