{"id":326,"date":"2018-04-09T11:14:35","date_gmt":"2018-04-09T14:14:35","guid":{"rendered":"https:\/\/www.ufsm.br\/pro-reitorias\/prpgp\/?page_id=326"},"modified":"2022-07-26T15:35:11","modified_gmt":"2022-07-26T18:35:11","slug":"apcn","status":"publish","type":"page","link":"https:\/\/www.ufsm.br\/pro-reitorias\/prpgp\/apcn","title":{"rendered":"APCN"},"content":{"rendered":"\t\t<div data-elementor-type=\"wp-page\" data-elementor-id=\"326\" class=\"elementor elementor-326\">\n\t\t\t\t\t\t<section class=\"elementor-section elementor-top-section elementor-element elementor-element-6ec5f5be elementor-section-boxed elementor-section-height-default elementor-section-height-default\" data-id=\"6ec5f5be\" data-element_type=\"section\">\n\t\t\t\t\t\t<div class=\"elementor-container elementor-column-gap-default\">\n\t\t\t\t\t<div class=\"elementor-column elementor-col-100 elementor-top-column elementor-element elementor-element-1e584cd6\" data-id=\"1e584cd6\" data-element_type=\"column\">\n\t\t\t<div class=\"elementor-widget-wrap elementor-element-populated\">\n\t\t\t\t\t\t<div class=\"elementor-element elementor-element-7ace669 elementor-widget elementor-widget-heading\" data-id=\"7ace669\" data-element_type=\"widget\" data-widget_type=\"heading.default\">\n\t\t\t\t<div class=\"elementor-widget-container\">\n\t\t\t<h5 class=\"elementor-heading-title elementor-size-default\">Sobre<\/h5>\t\t<\/div>\n\t\t\t\t<\/div>\n\t\t\t\t<section class=\"elementor-section elementor-inner-section elementor-element elementor-element-92438c5 elementor-section-boxed elementor-section-height-default elementor-section-height-default\" data-id=\"92438c5\" data-element_type=\"section\">\n\t\t\t\t\t\t<div class=\"elementor-container elementor-column-gap-default\">\n\t\t\t\t\t<div class=\"elementor-column elementor-col-100 elementor-inner-column elementor-element elementor-element-486f703\" data-id=\"486f703\" data-element_type=\"column\">\n\t\t\t<div class=\"elementor-widget-wrap elementor-element-populated\">\n\t\t\t\t\t\t<div class=\"elementor-element elementor-element-186912f elementor-widget elementor-widget-text-editor\" data-id=\"186912f\" data-element_type=\"widget\" data-widget_type=\"text-editor.default\">\n\t\t\t\t<div class=\"elementor-widget-container\">\n\t\t\t\t\t\t\t<p>APCN &#8211; Apresenta\u00e7\u00e3o de Propostas para Cursos Novos<\/p><p>As Chamadas Internas para a APCN s\u00e3o publicadas na <a href=\"https:\/\/www.ufsm.br\/pro-reitorias\/prpgp\/busca\/?q=&amp;sites%5B%5D=345&amp;orderby=modified&amp;order=DESC&amp;perpage=15&amp;area=editais&amp;tipo_edital=&amp;licitacao_edital=&amp;concurso_edital=&amp;outro_edital=\">p\u00e1gina de editais da PRPGP<\/a>.<\/p>\t\t\t\t\t\t<\/div>\n\t\t\t\t<\/div>\n\t\t\t\t\t<\/div>\n\t\t<\/div>\n\t\t\t\t\t<\/div>\n\t\t<\/section>\n\t\t\t\t\t<\/div>\n\t\t<\/div>\n\t\t\t\t\t<\/div>\n\t\t<\/section>\n\t\t\t\t<section class=\"elementor-section elementor-top-section elementor-element elementor-element-5a520d6 elementor-section-boxed elementor-section-height-default elementor-section-height-default\" data-id=\"5a520d6\" data-element_type=\"section\">\n\t\t\t\t\t\t<div class=\"elementor-container elementor-column-gap-default\">\n\t\t\t\t\t<div class=\"elementor-column elementor-col-100 elementor-top-column elementor-element elementor-element-226b68f\" data-id=\"226b68f\" data-element_type=\"column\">\n\t\t\t<div class=\"elementor-widget-wrap elementor-element-populated\">\n\t\t\t\t\t\t<div class=\"elementor-element elementor-element-fab4145 elementor-widget elementor-widget-heading\" data-id=\"fab4145\" data-element_type=\"widget\" data-widget_type=\"heading.default\">\n\t\t\t\t<div class=\"elementor-widget-container\">\n\t\t\t<h5 class=\"elementor-heading-title elementor-size-default\">Contato<\/h5>\t\t<\/div>\n\t\t\t\t<\/div>\n\t\t\t\t<section class=\"elementor-section elementor-inner-section elementor-element elementor-element-71786b4 elementor-section-boxed elementor-section-height-default elementor-section-height-default\" data-id=\"71786b4\" data-element_type=\"section\">\n\t\t\t\t\t\t<div class=\"elementor-container elementor-column-gap-default\">\n\t\t\t\t\t<div class=\"elementor-column elementor-col-100 elementor-inner-column elementor-element elementor-element-50e1d26\" data-id=\"50e1d26\" data-element_type=\"column\">\n\t\t\t<div class=\"elementor-widget-wrap elementor-element-populated\">\n\t\t\t\t\t\t<div class=\"elementor-element elementor-element-b76681b elementor-widget elementor-widget-text-editor\" data-id=\"b76681b\" data-element_type=\"widget\" data-widget_type=\"text-editor.default\">\n\t\t\t\t<div class=\"elementor-widget-container\">\n\t\t\t\t\t\t\t<p>Contato direto com a CAPES.<\/p><p><strong>Telefones:<\/strong> (61) 2022-6484\/(61) 2022-6482<br \/><strong>E-mail:<\/strong> sucupira.apcn@capes.gov.br<\/p>\t\t\t\t\t\t<\/div>\n\t\t\t\t<\/div>\n\t\t\t\t\t<\/div>\n\t\t<\/div>\n\t\t\t\t\t<\/div>\n\t\t<\/section>\n\t\t\t\t\t<\/div>\n\t\t<\/div>\n\t\t\t\t\t<\/div>\n\t\t<\/section>\n\t\t\t\t<section class=\"elementor-section elementor-top-section elementor-element elementor-element-12a191b elementor-section-boxed elementor-section-height-default elementor-section-height-default\" data-id=\"12a191b\" data-element_type=\"section\">\n\t\t\t\t\t\t<div class=\"elementor-container elementor-column-gap-default\">\n\t\t\t\t\t<div class=\"elementor-column elementor-col-100 elementor-top-column elementor-element elementor-element-955143a\" data-id=\"955143a\" data-element_type=\"column\">\n\t\t\t<div class=\"elementor-widget-wrap elementor-element-populated\">\n\t\t\t\t\t\t<div class=\"elementor-element elementor-element-82906dc elementor-widget elementor-widget-heading\" data-id=\"82906dc\" data-element_type=\"widget\" data-widget_type=\"heading.default\">\n\t\t\t\t<div class=\"elementor-widget-container\">\n\t\t\t<h5 class=\"elementor-heading-title elementor-size-default\">Anexos<\/h5>\t\t<\/div>\n\t\t\t\t<\/div>\n\t\t\t\t<section class=\"elementor-section elementor-inner-section elementor-element elementor-element-d4d7539 elementor-section-boxed elementor-section-height-default elementor-section-height-default\" data-id=\"d4d7539\" data-element_type=\"section\">\n\t\t\t\t\t\t<div class=\"elementor-container elementor-column-gap-default\">\n\t\t\t\t\t<div class=\"elementor-column elementor-col-100 elementor-inner-column elementor-element elementor-element-c80403e\" data-id=\"c80403e\" data-element_type=\"column\">\n\t\t\t<div class=\"elementor-widget-wrap elementor-element-populated\">\n\t\t\t\t\t\t<div class=\"elementor-element elementor-element-80d497f elementor-widget elementor-widget-text-editor\" data-id=\"80d497f\" data-element_type=\"widget\" data-widget_type=\"text-editor.default\">\n\t\t\t\t<div class=\"elementor-widget-container\">\n\t\t\t\t\t\t\t<p>Links e documentos para APCN<\/p><ul><li><a href=\"https:\/\/sucupira.capes.gov.br\/sucupira\" target=\"_blank\" rel=\"noopener\">Plataforma Sucupira para acesso ao Aplicativo para APCN<\/a><\/li><li><a href=\"http:\/\/capes.gov.br\/tutoriais\/apcn\/\" target=\"_blank\" rel=\"noopener\">Curso\/Tutorial APCN da CAPES<\/a><\/li><li><a href=\"https:\/\/www.ufsm.br\/app\/uploads\/sites\/345\/2018\/09\/Manual-APCN-Plataforma-Sucupira-Vers\u00e3o-em-abril-2018.pdf\" target=\"_blank\" rel=\"noopener\">Manual APCN &#8211; Plataforma Sucupira &#8211; Vers\u00e3o em abril 2018<\/a><\/li><\/ul>\t\t\t\t\t\t<\/div>\n\t\t\t\t<\/div>\n\t\t\t\t\t<\/div>\n\t\t<\/div>\n\t\t\t\t\t<\/div>\n\t\t<\/section>\n\t\t\t\t\t<\/div>\n\t\t<\/div>\n\t\t\t\t\t<\/div>\n\t\t<\/section>\n\t\t\t\t<\/div>\n\t\t","protected":false},"excerpt":{"rendered":"<p>Sobre APCN &#8211; Apresenta\u00e7\u00e3o de Propostas para Cursos Novos As Chamadas Internas para a APCN s\u00e3o publicadas na p\u00e1gina de editais da PRPGP. Contato Contato direto com a CAPES. Telefones: (61) 2022-6484\/(61) 2022-6482E-mail: sucupira.apcn@capes.gov.br Anexos Links e documentos para APCN Plataforma Sucupira para acesso ao Aplicativo para APCN Curso\/Tutorial APCN da CAPES Manual APCN &#8211; [&hellip;]<\/p>\n","protected":false},"author":74,"featured_media":0,"parent":0,"menu_order":0,"comment_status":"closed","ping_status":"closed","template":"","meta":{"footnotes":""},"categories":[],"tags":[],"class_list":["post-326","page","type-page","status-publish","hentry"],"acf":[],"_links":{"self":[{"href":"https:\/\/www.ufsm.br\/pro-reitorias\/prpgp\/wp-json\/wp\/v2\/pages\/326","targetHints":{"allow":["GET"]}}],"collection":[{"href":"https:\/\/www.ufsm.br\/pro-reitorias\/prpgp\/wp-json\/wp\/v2\/pages"}],"about":[{"href":"https:\/\/www.ufsm.br\/pro-reitorias\/prpgp\/wp-json\/wp\/v2\/types\/page"}],"author":[{"embeddable":true,"href":"https:\/\/www.ufsm.br\/pro-reitorias\/prpgp\/wp-json\/wp\/v2\/users\/74"}],"replies":[{"embeddable":true,"href":"https:\/\/www.ufsm.br\/pro-reitorias\/prpgp\/wp-json\/wp\/v2\/comments?post=326"}],"version-history":[{"count":0,"href":"https:\/\/www.ufsm.br\/pro-reitorias\/prpgp\/wp-json\/wp\/v2\/pages\/326\/revisions"}],"wp:attachment":[{"href":"https:\/\/www.ufsm.br\/pro-reitorias\/prpgp\/wp-json\/wp\/v2\/media?parent=326"}],"wp:term":[{"taxonomy":"category","embeddable":true,"href":"https:\/\/www.ufsm.br\/pro-reitorias\/prpgp\/wp-json\/wp\/v2\/categories?post=326"},{"taxonomy":"post_tag","embeddable":true,"href":"https:\/\/www.ufsm.br\/pro-reitorias\/prpgp\/wp-json\/wp\/v2\/tags?post=326"}],"curies":[{"name":"wp","href":"https:\/\/api.w.org\/{rel}","templated":true}]}}