{"id":370,"date":"2018-04-11T08:13:08","date_gmt":"2018-04-11T11:13:08","guid":{"rendered":"https:\/\/www.ufsm.br\/pro-reitorias\/prpgp\/?page_id=370"},"modified":"2018-06-29T15:42:02","modified_gmt":"2018-06-29T18:42:02","slug":"pibic-programa-institucional-de-bolsas-de-iniciacao-cientifica-cnpq-ufsm","status":"publish","type":"page","link":"https:\/\/www.ufsm.br\/pro-reitorias\/prpgp\/pibic-programa-institucional-de-bolsas-de-iniciacao-cientifica-cnpq-ufsm","title":{"rendered":"Programa Institucional de Bolsas de Inicia\u00e7\u00e3o Cient\u00edfica (PIBIC)"},"content":{"rendered":"<p>Programa de concess\u00e3o de bolsas de inicia\u00e7\u00e3o cient\u00edfica vinculado ao CNPq, voltado para o desenvolvimento do pensamento cient\u00edfico e inicia\u00e7\u00e3o \u00e0 pesquisa de estudantes de gradua\u00e7\u00e3o do ensino superior.<\/p>\n<p>O <strong>Programa Institucional de Bolsas de Inicia\u00e7\u00e3o Cient\u00edfica (PIBIC)<\/strong>, regulamentado pela RN 017\/2006-CNPq, \u00e9 um programa de distribui\u00e7\u00e3o de bolsas do Conselho Nacional de Pesquisa \u2013 CNPq que adota o sistema de cotas institucionais e tem como um de seus objetivos despertar a voca\u00e7\u00e3o cient\u00edfica e incentivar novos talentos potenciais entre estudantes de gradua\u00e7\u00e3o. Este programa apresenta cotas distribu\u00eddas pelo <strong>PIBIC <\/strong>e pelo<strong> PIBIC \u2013 A\u00e7\u00f5es Afirmativas<\/strong>, o qual destina bolsas de<strong> Inicia\u00e7\u00e3o Cient\u00edfica (IC)<\/strong> para alunos que ingressaram na universidade atrav\u00e9s do sistema de cotas.<\/p>\n<p>O edital interno \u00e9 publicado anualmente e regula a solicita\u00e7\u00e3o, avalia\u00e7\u00e3o e concess\u00e3o das bolsas PIBIC. Os sistemas de solicita\u00e7\u00e3o, avalia\u00e7\u00e3o, solicita\u00e7\u00e3o de recursos e indica\u00e7\u00e3o e substitui\u00e7\u00e3o de bolsistas \u00e9 realizado na web, atrav\u00e9s do aplicativo Portal do Professor.<\/p>\n<p>O solicitante deve possuir titula\u00e7\u00e3o de doutor, ter v\u00ednculo institucional ativo de doc\u00eancia na gradua\u00e7\u00e3o ou p\u00f3s-gradua\u00e7\u00e3o, ou estar amparado pela resolu\u00e7\u00e3o 012\/2004, que compreenda o per\u00edodo integral da concess\u00e3o da cota de bolsa e possuir projeto registrado no SIE com data de encerramento a partir de agosto do ano subsequente ao lan\u00e7amento do edital.<\/p>\n<p>&nbsp;<\/p>\n<p><strong>A UFSM distribui as cotas entre os Centros de Ensino, de acordo com crit\u00e9rios pr\u00e9-estabelecidos pelo Comit\u00ea Institucional:<\/strong><\/p>\n<p>N\u00famero de Doutores do Centro de Ensino ligados a Programas de P\u00f3s-Gradua\u00e7\u00e3o: 40%;<br \/>\nN\u00famero de Docentes do Centro de Ensino Pesquisadores do CNPq: 40%;<br \/>\nN\u00famero de Cursos de P\u00f3s-Gradua\u00e7\u00e3o Stricto Sensu do Centro de Ensino: 10%;<br \/>\nConceito m\u00e9dio dos Cursos de P\u00f3s-Gradua\u00e7\u00e3o Stricto Sensu do Centro de Ensino: 10%.<\/p>\n<p>&nbsp;<\/p>\n","protected":false},"excerpt":{"rendered":"<p>Programa de concess\u00e3o de bolsas de inicia\u00e7\u00e3o cient\u00edfica vinculado ao CNPq, voltado para o desenvolvimento do pensamento cient\u00edfico e inicia\u00e7\u00e3o \u00e0 pesquisa de estudantes de gradua\u00e7\u00e3o do ensino superior. O Programa Institucional de Bolsas de Inicia\u00e7\u00e3o Cient\u00edfica (PIBIC), regulamentado pela RN 017\/2006-CNPq, \u00e9 um programa de distribui\u00e7\u00e3o de bolsas do Conselho Nacional de Pesquisa \u2013 [&hellip;]<\/p>\n","protected":false},"author":74,"featured_media":0,"parent":0,"menu_order":0,"comment_status":"closed","ping_status":"closed","template":"","meta":{"footnotes":""},"categories":[],"tags":[],"class_list":["post-370","page","type-page","status-publish","hentry"],"acf":[],"_links":{"self":[{"href":"https:\/\/www.ufsm.br\/pro-reitorias\/prpgp\/wp-json\/wp\/v2\/pages\/370","targetHints":{"allow":["GET"]}}],"collection":[{"href":"https:\/\/www.ufsm.br\/pro-reitorias\/prpgp\/wp-json\/wp\/v2\/pages"}],"about":[{"href":"https:\/\/www.ufsm.br\/pro-reitorias\/prpgp\/wp-json\/wp\/v2\/types\/page"}],"author":[{"embeddable":true,"href":"https:\/\/www.ufsm.br\/pro-reitorias\/prpgp\/wp-json\/wp\/v2\/users\/74"}],"replies":[{"embeddable":true,"href":"https:\/\/www.ufsm.br\/pro-reitorias\/prpgp\/wp-json\/wp\/v2\/comments?post=370"}],"version-history":[{"count":0,"href":"https:\/\/www.ufsm.br\/pro-reitorias\/prpgp\/wp-json\/wp\/v2\/pages\/370\/revisions"}],"wp:attachment":[{"href":"https:\/\/www.ufsm.br\/pro-reitorias\/prpgp\/wp-json\/wp\/v2\/media?parent=370"}],"wp:term":[{"taxonomy":"category","embeddable":true,"href":"https:\/\/www.ufsm.br\/pro-reitorias\/prpgp\/wp-json\/wp\/v2\/categories?post=370"},{"taxonomy":"post_tag","embeddable":true,"href":"https:\/\/www.ufsm.br\/pro-reitorias\/prpgp\/wp-json\/wp\/v2\/tags?post=370"}],"curies":[{"name":"wp","href":"https:\/\/api.w.org\/{rel}","templated":true}]}}