{"id":431,"date":"2018-04-12T09:12:32","date_gmt":"2018-04-12T12:12:32","guid":{"rendered":"https:\/\/www.ufsm.br\/pro-reitorias\/prpgp\/?page_id=431"},"modified":"2025-05-14T15:52:14","modified_gmt":"2025-05-14T18:52:14","slug":"comite-de-iniciacao-cientifica","status":"publish","type":"page","link":"https:\/\/www.ufsm.br\/pro-reitorias\/prpgp\/comite-de-iniciacao-cientifica","title":{"rendered":"Comit\u00ea de Inicia\u00e7\u00e3o Cient\u00edfica &#8211; COIC 2025"},"content":{"rendered":"\t\t<div data-elementor-type=\"wp-page\" data-elementor-id=\"431\" class=\"elementor elementor-431\">\n\t\t\t\t\t\t<section class=\"elementor-section elementor-top-section elementor-element elementor-element-4ab0079 elementor-section-boxed elementor-section-height-default elementor-section-height-default\" data-id=\"4ab0079\" data-element_type=\"section\">\n\t\t\t\t\t\t<div class=\"elementor-container elementor-column-gap-default\">\n\t\t\t\t\t<div class=\"elementor-column elementor-col-100 elementor-top-column elementor-element elementor-element-73cf396\" data-id=\"73cf396\" data-element_type=\"column\">\n\t\t\t<div class=\"elementor-widget-wrap elementor-element-populated\">\n\t\t\t\t\t\t<div class=\"elementor-element elementor-element-b9f7494 elementor-widget elementor-widget-text-editor\" data-id=\"b9f7494\" data-element_type=\"widget\" data-widget_type=\"text-editor.default\">\n\t\t\t\t<div class=\"elementor-widget-container\">\n\t\t\t\t\t\t\t<table style=\"width: 101.663%;height: 756px\" width=\"836\"><tbody><tr style=\"height: 27px\"><td style=\"height: 27px;width: 23.8871%\" width=\"202\"><strong>Origem<\/strong><\/td><td style=\"height: 27px;width: 37.2421%\" width=\"317\"><strong>Nome<\/strong><\/td><td style=\"height: 27px;width: 37.6764%\" width=\"317\"><strong>Curr\u00edculo Lattes<\/strong><\/td><\/tr><tr style=\"height: 27px\"><td style=\"height: 27px;width: 23.8871%\">\u00a0<\/td><td style=\"height: 27px;width: 37.2421%\">\u00a0<\/td><td style=\"height: 27px;width: 37.6764%\">\u00a0<\/td><\/tr><tr style=\"height: 27px\"><td style=\"height: 27px;width: 23.8871%\">PRPGP<\/td><td style=\"height: 27px;width: 37.2421%\">Cristina Wayne Nogueira<\/td><td style=\"height: 27px;width: 37.6764%\">http:\/\/lattes.cnpq.br\/2877042401245169<\/td><\/tr><tr style=\"height: 27px\"><td style=\"height: 27px;width: 23.8871%\">PRPGP<\/td><td style=\"height: 27px;width: 37.2421%\">Leandro Souza da Silva<\/td><td style=\"height: 27px;width: 37.6764%\">http:\/\/lattes.cnpq.br\/2152888530643357<\/td><\/tr><tr style=\"height: 27px\"><td style=\"height: 27px;width: 23.8871%\">PRPGP<\/td><td style=\"height: 27px;width: 37.2421%\">Arion Helder Pilla<\/td><td style=\"height: 27px;width: 37.6764%\">http:\/\/lattes.cnpq.br\/1993476063772617<\/td><\/tr><tr style=\"height: 27px\"><td style=\"height: 27px;width: 23.8871%\">\u00a0<\/td><td style=\"height: 27px;width: 37.2421%\">\u00a0<\/td><td style=\"height: 27px;width: 37.6764%\">\u00a0<\/td><\/tr><tr style=\"height: 27px\"><td style=\"height: 27px;width: 23.8871%\">Ci\u00eancias Agr\u00e1rias<\/td><td style=\"height: 27px;width: 37.2421%\">Jean Paolo Gomes Minella<\/td><td style=\"height: 27px;width: 37.6764%\">http:\/\/lattes.cnpq.br\/3194231720402587<\/td><\/tr><tr style=\"height: 27px\"><td style=\"height: 27px;width: 23.8871%\">Ci\u00eancias Biol\u00f3gicas<\/td><td style=\"height: 27px;width: 37.2421%\">Sara Marchesan de Oliveira<\/td><td style=\"height: 27px;width: 37.6764%\">http:\/\/lattes.cnpq.br\/6574555059806902<\/td><\/tr><tr style=\"height: 27px\"><td style=\"height: 27px;width: 23.8871%\">Ci\u00eancias Exatas e da Terra<\/td><td style=\"height: 27px;width: 37.2421%\">Bernardo Almeida Iglesias<\/td><td style=\"height: 27px;width: 37.6764%\">http:\/\/lattes.cnpq.br\/4402375533322977<\/td><\/tr><tr style=\"height: 27px\"><td style=\"height: 27px;width: 23.8871%\">Ci\u00eancias da Sa\u00fade<\/td><td style=\"height: 27px;width: 37.2421%\">Clarice Madalena Bueno Rolim<\/td><td style=\"height: 27px;width: 37.6764%\">http:\/\/lattes.cnpq.br\/2270654658839508<\/td><\/tr><tr style=\"height: 27px\"><td style=\"height: 27px;width: 23.8871%\">Ci\u00eancias Humanas<\/td><td style=\"height: 27px;width: 37.2421%\">Jos\u00e9 Martinho Rodrigues Remedi<\/td><td style=\"height: 27px;width: 37.6764%\">http:\/\/lattes.cnpq.br\/4112671771507306<\/td><\/tr><tr style=\"height: 27px\"><td style=\"height: 27px;width: 23.8871%\">Ci\u00eancias Sociais Aplicadas<\/td><td style=\"height: 27px;width: 37.2421%\">Daniel Arruda Coronel<\/td><td style=\"height: 27px;width: 37.6764%\">http:\/\/lattes.cnpq.br\/9265604274170933<\/td><\/tr><tr style=\"height: 27px\"><td style=\"height: 27px;width: 23.8871%\">Engenharias<\/td><td style=\"height: 27px;width: 37.2421%\">Rutin\u00e9ia Tassi<\/td><td style=\"height: 27px;width: 37.6764%\">http:\/\/lattes.cnpq.br\/7584743367186364<\/td><\/tr><tr style=\"height: 27px\"><td style=\"height: 27px;width: 23.8871%\">Ling\u00fc\u00edstica, Letras e Artes<\/td><td style=\"height: 27px;width: 37.2421%\">Andr\u00e9ia Machado Oliveira<\/td><td style=\"height: 27px;width: 37.6764%\">http:\/\/lattes.cnpq.br\/7243757837987821<\/td><\/tr><tr style=\"height: 27px\"><td style=\"height: 27px;width: 23.8871%\">\u00a0<\/td><td style=\"height: 27px;width: 37.2421%\">\u00a0<\/td><td style=\"height: 27px;width: 37.6764%\">\u00a0<\/td><\/tr><tr style=\"height: 27px\"><td style=\"height: 27px;width: 23.8871%\">CAL<\/td><td style=\"height: 27px;width: 37.2421%\">Verli F\u00e1tima Petri da Silveira<\/td><td style=\"height: 27px;width: 37.6764%\">http:\/\/lattes.cnpq.br\/4907455690392249<\/td><\/tr><tr style=\"height: 27px\"><td style=\"height: 27px;width: 23.8871%\">CCNE<\/td><td style=\"height: 27px;width: 37.2421%\">Sandro Santos<\/td><td style=\"height: 27px;width: 37.6764%\">http:\/\/lattes.cnpq.br\/2397252405405950<\/td><\/tr><tr style=\"height: 27px\"><td style=\"height: 27px;width: 23.8871%\">CCR<\/td><td style=\"height: 27px;width: 37.2421%\">Astor Henrique Nied<\/td><td style=\"height: 27px;width: 37.6764%\">http:\/\/lattes.cnpq.br\/6842374092328442<\/td><\/tr><tr style=\"height: 27px\"><td style=\"height: 27px;width: 23.8871%\">CCS<\/td><td style=\"height: 27px;width: 37.2421%\">Carolina Lisboa Mezzomo<\/td><td style=\"height: 27px;width: 37.6764%\">http:\/\/lattes.cnpq.br\/3084638267716841<\/td><\/tr><tr style=\"height: 27px\"><td style=\"height: 27px;width: 23.8871%\">CCSH<\/td><td style=\"height: 27px;width: 37.2421%\">Reisoli Bender Filho<\/td><td style=\"height: 27px;width: 37.6764%\">http:\/\/lattes.cnpq.br\/9794436610539367<\/td><\/tr><tr style=\"height: 27px\"><td style=\"height: 27px;width: 23.8871%\">CE<\/td><td style=\"height: 27px;width: 37.2421%\">Doris Pires Vargas Bolzan<\/td><td style=\"height: 27px;width: 37.6764%\">http:\/\/lattes.cnpq.br\/3167841618840023<\/td><\/tr><tr style=\"height: 27px\"><td style=\"height: 27px;width: 23.8871%\">CEFD<\/td><td style=\"height: 27px;width: 37.2421%\">Gustavo Ferreira Pedrosa<\/td><td style=\"height: 27px;width: 37.6764%\">http:\/\/lattes.cnpq.br\/1361308988756298<\/td><\/tr><tr style=\"height: 27px\"><td style=\"height: 27px;width: 23.8871%\">CT<\/td><td style=\"height: 27px;width: 37.2421%\">Tiago dos Santos<\/td><td style=\"height: 27px;width: 37.6764%\">http:\/\/lattes.cnpq.br\/2241262071800920<\/td><\/tr><tr style=\"height: 27px\"><td style=\"height: 27px;width: 23.8871%\">PAL<\/td><td style=\"height: 27px;width: 37.2421%\">Giovana Cristina Ceni<\/td><td style=\"height: 27px;width: 37.6764%\">http:\/\/lattes.cnpq.br\/6033425746481607<\/td><\/tr><tr style=\"height: 27px\"><td style=\"height: 27px;width: 23.8871%\">WF<\/td><td style=\"height: 27px;width: 37.2421%\">Denise Schmidt<\/td><td style=\"height: 27px;width: 37.6764%\">http:\/\/lattes.cnpq.br\/5512500747950163<\/td><\/tr><tr style=\"height: 27px\"><td style=\"height: 27px;width: 23.8871%\">CACH<\/td><td style=\"height: 27px;width: 37.2421%\">Nelson Knak Neto<\/td><td style=\"height: 27px;width: 37.6764%\">http:\/\/lattes.cnpq.br\/8117456718259417<\/td><\/tr><tr style=\"height: 27px\"><td style=\"height: 27px;width: 23.8871%\">POLI<\/td><td style=\"height: 27px;width: 37.2421%\">Cristiane Trivisol Arnemann<\/td><td style=\"height: 27px;width: 37.6764%\">http:\/\/lattes.cnpq.br\/7667947894345542<\/td><\/tr><tr style=\"border-style: double\"><td style=\"height: 27px;width: 23.8871%\">CTISM<\/td><td style=\"height: 27px;width: 37.2421%\">Alysson Raniere Saidel<\/td><td style=\"height: 27px;width: 37.6764%\">http:\/\/lattes.cnpq.br\/5764635299335289<\/td><\/tr><\/tbody><\/table>\t\t\t\t\t\t<\/div>\n\t\t\t\t<\/div>\n\t\t\t\t<div class=\"elementor-element elementor-element-e25347c elementor-widget elementor-widget-heading\" data-id=\"e25347c\" data-element_type=\"widget\" data-widget_type=\"heading.default\">\n\t\t\t\t<div class=\"elementor-widget-container\">\n\t\t\t<h5 class=\"elementor-heading-title elementor-size-default\"><a href=\"https:\/\/www.ufsm.br\/app\/uploads\/sites\/345\/2025\/05\/PORT_PES_UFSM_2025_693-1.pdf\">Conforme PORTARIA DE PESSOAL UFSM N. 693, DE 17 DE ABRIL DE 2025 e respectivas apostilas.<\/a><\/h5>\t\t<\/div>\n\t\t\t\t<\/div>\n\t\t\t\t<div class=\"elementor-element elementor-element-63294ea elementor-widget elementor-widget-heading\" data-id=\"63294ea\" data-element_type=\"widget\" data-widget_type=\"heading.default\">\n\t\t\t\t<div class=\"elementor-widget-container\">\n\t\t\t<span class=\"elementor-heading-title elementor-size-default\">Atas de Reuni\u00e3o do COIC-PRPGP<\/span>\t\t<\/div>\n\t\t\t\t<\/div>\n\t\t\t\t<div class=\"elementor-element elementor-element-f8c9faf elementor-widget elementor-widget-text-editor\" data-id=\"f8c9faf\" data-element_type=\"widget\" data-widget_type=\"text-editor.default\">\n\t\t\t\t<div class=\"elementor-widget-container\">\n\t\t\t\t\t\t\t<p><strong><a href=\"https:\/\/www.ufsm.br\/app\/uploads\/sites\/345\/2024\/03\/ATA_COIC_2023_001.pdf\">ATA 001 COIC<\/a><br \/><a href=\"https:\/\/www.ufsm.br\/app\/uploads\/sites\/345\/2024\/03\/ATA_COIC_2023_002.pdf\">ATA 002 COIC<\/a><\/strong><\/p>\t\t\t\t\t\t<\/div>\n\t\t\t\t<\/div>\n\t\t\t\t\t<\/div>\n\t\t<\/div>\n\t\t\t\t\t<\/div>\n\t\t<\/section>\n\t\t\t\t<\/div>\n\t\t","protected":false},"excerpt":{"rendered":"<p>Origem Nome Curr\u00edculo Lattes \u00a0 \u00a0 \u00a0 PRPGP Cristina Wayne Nogueira http:\/\/lattes.cnpq.br\/2877042401245169 PRPGP Leandro Souza da Silva http:\/\/lattes.cnpq.br\/2152888530643357 PRPGP Arion Helder Pilla http:\/\/lattes.cnpq.br\/1993476063772617 \u00a0 \u00a0 \u00a0 Ci\u00eancias Agr\u00e1rias Jean Paolo Gomes Minella http:\/\/lattes.cnpq.br\/3194231720402587 Ci\u00eancias Biol\u00f3gicas Sara Marchesan de Oliveira http:\/\/lattes.cnpq.br\/6574555059806902 Ci\u00eancias Exatas e da Terra Bernardo Almeida Iglesias http:\/\/lattes.cnpq.br\/4402375533322977 Ci\u00eancias da Sa\u00fade Clarice Madalena Bueno [&hellip;]<\/p>\n","protected":false},"author":74,"featured_media":0,"parent":0,"menu_order":0,"comment_status":"closed","ping_status":"closed","template":"","meta":{"footnotes":""},"categories":[],"tags":[],"class_list":["post-431","page","type-page","status-publish","hentry"],"acf":[],"_links":{"self":[{"href":"https:\/\/www.ufsm.br\/pro-reitorias\/prpgp\/wp-json\/wp\/v2\/pages\/431","targetHints":{"allow":["GET"]}}],"collection":[{"href":"https:\/\/www.ufsm.br\/pro-reitorias\/prpgp\/wp-json\/wp\/v2\/pages"}],"about":[{"href":"https:\/\/www.ufsm.br\/pro-reitorias\/prpgp\/wp-json\/wp\/v2\/types\/page"}],"author":[{"embeddable":true,"href":"https:\/\/www.ufsm.br\/pro-reitorias\/prpgp\/wp-json\/wp\/v2\/users\/74"}],"replies":[{"embeddable":true,"href":"https:\/\/www.ufsm.br\/pro-reitorias\/prpgp\/wp-json\/wp\/v2\/comments?post=431"}],"version-history":[{"count":0,"href":"https:\/\/www.ufsm.br\/pro-reitorias\/prpgp\/wp-json\/wp\/v2\/pages\/431\/revisions"}],"wp:attachment":[{"href":"https:\/\/www.ufsm.br\/pro-reitorias\/prpgp\/wp-json\/wp\/v2\/media?parent=431"}],"wp:term":[{"taxonomy":"category","embeddable":true,"href":"https:\/\/www.ufsm.br\/pro-reitorias\/prpgp\/wp-json\/wp\/v2\/categories?post=431"},{"taxonomy":"post_tag","embeddable":true,"href":"https:\/\/www.ufsm.br\/pro-reitorias\/prpgp\/wp-json\/wp\/v2\/tags?post=431"}],"curies":[{"name":"wp","href":"https:\/\/api.w.org\/{rel}","templated":true}]}}