{"id":468,"date":"2018-04-16T09:19:24","date_gmt":"2018-04-16T12:19:24","guid":{"rendered":"https:\/\/www.ufsm.br\/pro-reitorias\/prpgp\/?page_id=468"},"modified":"2022-07-21T11:32:44","modified_gmt":"2022-07-21T14:32:44","slug":"pro-publicacoes","status":"publish","type":"page","link":"https:\/\/www.ufsm.br\/pro-reitorias\/prpgp\/pro-publicacoes","title":{"rendered":"Pr\u00f3-Publica\u00e7\u00f5es"},"content":{"rendered":"\t\t<div data-elementor-type=\"wp-page\" data-elementor-id=\"468\" class=\"elementor elementor-468\">\n\t\t\t\t\t\t<section class=\"elementor-section elementor-top-section elementor-element elementor-element-7eb28ec4 elementor-section-boxed elementor-section-height-default elementor-section-height-default\" data-id=\"7eb28ec4\" data-element_type=\"section\">\n\t\t\t\t\t\t<div class=\"elementor-container elementor-column-gap-default\">\n\t\t\t\t\t<div class=\"elementor-column elementor-col-100 elementor-top-column elementor-element elementor-element-3820d9b2\" data-id=\"3820d9b2\" data-element_type=\"column\">\n\t\t\t<div class=\"elementor-widget-wrap elementor-element-populated\">\n\t\t\t\t\t\t<div class=\"elementor-element elementor-element-2f3acc89 elementor-widget elementor-widget-text-editor\" data-id=\"2f3acc89\" data-element_type=\"widget\" data-widget_type=\"text-editor.default\">\n\t\t\t\t<div class=\"elementor-widget-container\">\n\t\t\t\t\t\t\t<p>A <strong>Pr\u00f3-reitoria de P\u00f3s-gradua\u00e7\u00e3o e Pesquisa (PRPGP)<\/strong> possui o programa especial de incentivo \u00e0s publica\u00e7\u00f5es internacionais, o Pr\u00f3-Publica\u00e7\u00f5es Internacionais, um fundo de apoio destinado a custear despesas de vers\u00e3o em l\u00edngua inglesa de artigo cient\u00edfico ou cap\u00edtulo de livro; corre\u00e7\u00e3o de gram\u00e1tica e estilo de artigo cient\u00edfico ou cap\u00edtulo de livro redigido em l\u00edngua inglesa.<\/p><p>Os interessados dever\u00e3o encaminhar suas solicita\u00e7\u00f5es \u00e0 <strong>Coordenadoria de Pesquisa da PRPGP<\/strong>, conforme o Edital vigente,\u00a0no qual tamb\u00e9m s\u00e3o dadas orienta\u00e7\u00f5es espec\u00edficas sobre os pr\u00e9-requisitos do solicitante.<\/p>\t\t\t\t\t\t<\/div>\n\t\t\t\t<\/div>\n\t\t\t\t\t<\/div>\n\t\t<\/div>\n\t\t\t\t\t<\/div>\n\t\t<\/section>\n\t\t\t\t<section class=\"elementor-section elementor-top-section elementor-element elementor-element-cfaee67 elementor-section-boxed elementor-section-height-default elementor-section-height-default\" data-id=\"cfaee67\" data-element_type=\"section\">\n\t\t\t\t\t\t<div class=\"elementor-container elementor-column-gap-default\">\n\t\t\t\t\t<div class=\"elementor-column elementor-col-100 elementor-top-column elementor-element elementor-element-816a484\" data-id=\"816a484\" data-element_type=\"column\">\n\t\t\t<div class=\"elementor-widget-wrap elementor-element-populated\">\n\t\t\t\t\t\t<div class=\"elementor-element elementor-element-09eb316 elementor-widget elementor-widget-heading\" data-id=\"09eb316\" data-element_type=\"widget\" data-widget_type=\"heading.default\">\n\t\t\t\t<div class=\"elementor-widget-container\">\n\t\t\t<h5 class=\"elementor-heading-title elementor-size-default\">Editais Pr\u00f3-Publica\u00e7\u00f5es<\/h5>\t\t<\/div>\n\t\t\t\t<\/div>\n\t\t\t\t<section class=\"elementor-section elementor-inner-section elementor-element elementor-element-bced7dd elementor-section-boxed elementor-section-height-default elementor-section-height-default\" data-id=\"bced7dd\" data-element_type=\"section\">\n\t\t\t\t\t\t<div class=\"elementor-container elementor-column-gap-default\">\n\t\t\t\t\t<div class=\"elementor-column elementor-col-100 elementor-inner-column elementor-element elementor-element-22156c5\" data-id=\"22156c5\" data-element_type=\"column\">\n\t\t\t<div class=\"elementor-widget-wrap elementor-element-populated\">\n\t\t\t\t\t\t<div class=\"elementor-element elementor-element-2731321 elementor-widget elementor-widget-text-editor\" data-id=\"2731321\" data-element_type=\"widget\" data-widget_type=\"text-editor.default\">\n\t\t\t\t<div class=\"elementor-widget-container\">\n\t\t\t\t\t\t\t<p>Os Editais Pr\u00f3-Publica\u00e7\u00f5es est\u00e3o dispon\u00edveis no site:\u00a0<a href=\"https:\/\/www.ufsm.br\/pro-reitorias\/prpgp\/editais\/\">https:\/\/www.ufsm.br\/pro-reitorias\/prpgp\/editais\/<\/a><\/p>\t\t\t\t\t\t<\/div>\n\t\t\t\t<\/div>\n\t\t\t\t\t<\/div>\n\t\t<\/div>\n\t\t\t\t\t<\/div>\n\t\t<\/section>\n\t\t\t\t\t<\/div>\n\t\t<\/div>\n\t\t\t\t\t<\/div>\n\t\t<\/section>\n\t\t\t\t<\/div>\n\t\t","protected":false},"excerpt":{"rendered":"<p>A Pr\u00f3-reitoria de P\u00f3s-gradua\u00e7\u00e3o e Pesquisa (PRPGP) possui o programa especial de incentivo \u00e0s publica\u00e7\u00f5es internacionais, o Pr\u00f3-Publica\u00e7\u00f5es Internacionais, um fundo de apoio destinado a custear despesas de vers\u00e3o em l\u00edngua inglesa de artigo cient\u00edfico ou cap\u00edtulo de livro; corre\u00e7\u00e3o de gram\u00e1tica e estilo de artigo cient\u00edfico ou cap\u00edtulo de livro redigido em l\u00edngua inglesa. [&hellip;]<\/p>\n","protected":false},"author":74,"featured_media":0,"parent":0,"menu_order":0,"comment_status":"closed","ping_status":"closed","template":"","meta":{"footnotes":""},"categories":[],"tags":[],"class_list":["post-468","page","type-page","status-publish","hentry"],"acf":[],"_links":{"self":[{"href":"https:\/\/www.ufsm.br\/pro-reitorias\/prpgp\/wp-json\/wp\/v2\/pages\/468","targetHints":{"allow":["GET"]}}],"collection":[{"href":"https:\/\/www.ufsm.br\/pro-reitorias\/prpgp\/wp-json\/wp\/v2\/pages"}],"about":[{"href":"https:\/\/www.ufsm.br\/pro-reitorias\/prpgp\/wp-json\/wp\/v2\/types\/page"}],"author":[{"embeddable":true,"href":"https:\/\/www.ufsm.br\/pro-reitorias\/prpgp\/wp-json\/wp\/v2\/users\/74"}],"replies":[{"embeddable":true,"href":"https:\/\/www.ufsm.br\/pro-reitorias\/prpgp\/wp-json\/wp\/v2\/comments?post=468"}],"version-history":[{"count":0,"href":"https:\/\/www.ufsm.br\/pro-reitorias\/prpgp\/wp-json\/wp\/v2\/pages\/468\/revisions"}],"wp:attachment":[{"href":"https:\/\/www.ufsm.br\/pro-reitorias\/prpgp\/wp-json\/wp\/v2\/media?parent=468"}],"wp:term":[{"taxonomy":"category","embeddable":true,"href":"https:\/\/www.ufsm.br\/pro-reitorias\/prpgp\/wp-json\/wp\/v2\/categories?post=468"},{"taxonomy":"post_tag","embeddable":true,"href":"https:\/\/www.ufsm.br\/pro-reitorias\/prpgp\/wp-json\/wp\/v2\/tags?post=468"}],"curies":[{"name":"wp","href":"https:\/\/api.w.org\/{rel}","templated":true}]}}