{"id":472,"date":"2018-04-16T09:20:01","date_gmt":"2018-04-16T12:20:01","guid":{"rendered":"https:\/\/www.ufsm.br\/pro-reitorias\/prpgp\/?page_id=472"},"modified":"2022-07-21T11:33:34","modified_gmt":"2022-07-21T14:33:34","slug":"pro-revistas","status":"publish","type":"page","link":"https:\/\/www.ufsm.br\/pro-reitorias\/prpgp\/pro-revistas","title":{"rendered":"Pr\u00f3-Revistas"},"content":{"rendered":"\t\t<div data-elementor-type=\"wp-page\" data-elementor-id=\"472\" class=\"elementor elementor-472\">\n\t\t\t\t\t\t<section class=\"elementor-section elementor-top-section elementor-element elementor-element-5c986118 elementor-section-boxed elementor-section-height-default elementor-section-height-default\" data-id=\"5c986118\" data-element_type=\"section\">\n\t\t\t\t\t\t<div class=\"elementor-container elementor-column-gap-default\">\n\t\t\t\t\t<div class=\"elementor-column elementor-col-100 elementor-top-column elementor-element elementor-element-3b3df12a\" data-id=\"3b3df12a\" data-element_type=\"column\">\n\t\t\t<div class=\"elementor-widget-wrap elementor-element-populated\">\n\t\t\t\t\t\t<div class=\"elementor-element elementor-element-302a1447 elementor-widget elementor-widget-text-editor\" data-id=\"302a1447\" data-element_type=\"widget\" data-widget_type=\"text-editor.default\">\n\t\t\t\t<div class=\"elementor-widget-container\">\n\t\t\t\t\t\t\t<p><span style=\"font-weight: 400\">A\u00a0Pr\u00f3-Reitoria de P\u00f3s-gradua\u00e7\u00e3o e Pesquisa (PRPGP)<\/span><b>\u00a0<\/b><span style=\"font-weight: 400\">possui o<\/span><span style=\"font-weight: 400\"> Programa Especial de Incentivo \u00e0s Revistas Cient\u00edficas que tem por objetivo apoiar a consolida\u00e7\u00e3o das Revistas Cient\u00edficas da UFSM, o gerenciamento digital (online), o livre acesso a produ\u00e7\u00e3o cient\u00edfica e a capacita\u00e7\u00e3o constante das equipes editoriais. (Inserir)<\/span><\/p><p><span style=\"font-weight: 400\">Este programa visa projetar a institui\u00e7\u00e3o no meio cient\u00edfico pela atua\u00e7\u00e3o do corpo docente na produ\u00e7\u00e3o cient\u00edfica nacional e internacional. O Edital Pr\u00f3-revistas tem proporcionado a melhora do Qualis Capes do Peri\u00f3dicos institucionais, sobretudo os dispon\u00edveis no Portal de Peri\u00f3dicos da UFSM.<\/span><\/p>\t\t\t\t\t\t<\/div>\n\t\t\t\t<\/div>\n\t\t\t\t\t<\/div>\n\t\t<\/div>\n\t\t\t\t\t<\/div>\n\t\t<\/section>\n\t\t\t\t<section class=\"elementor-section elementor-top-section elementor-element elementor-element-a457023 elementor-section-boxed elementor-section-height-default elementor-section-height-default\" data-id=\"a457023\" data-element_type=\"section\">\n\t\t\t\t\t\t<div class=\"elementor-container elementor-column-gap-default\">\n\t\t\t\t\t<div class=\"elementor-column elementor-col-100 elementor-top-column elementor-element elementor-element-333aa23\" data-id=\"333aa23\" data-element_type=\"column\">\n\t\t\t<div class=\"elementor-widget-wrap elementor-element-populated\">\n\t\t\t\t\t\t<div class=\"elementor-element elementor-element-e281ad2 elementor-widget elementor-widget-heading\" data-id=\"e281ad2\" data-element_type=\"widget\" data-widget_type=\"heading.default\">\n\t\t\t\t<div class=\"elementor-widget-container\">\n\t\t\t<h5 class=\"elementor-heading-title elementor-size-default\">Editais Pr\u00f3-Revistas<\/h5>\t\t<\/div>\n\t\t\t\t<\/div>\n\t\t\t\t<section class=\"elementor-section elementor-inner-section elementor-element elementor-element-b6bd90c elementor-section-boxed elementor-section-height-default elementor-section-height-default\" data-id=\"b6bd90c\" data-element_type=\"section\">\n\t\t\t\t\t\t<div class=\"elementor-container elementor-column-gap-default\">\n\t\t\t\t\t<div class=\"elementor-column elementor-col-100 elementor-inner-column elementor-element elementor-element-393c7cd\" data-id=\"393c7cd\" data-element_type=\"column\">\n\t\t\t<div class=\"elementor-widget-wrap elementor-element-populated\">\n\t\t\t\t\t\t<div class=\"elementor-element elementor-element-e7048ed elementor-widget elementor-widget-text-editor\" data-id=\"e7048ed\" data-element_type=\"widget\" data-widget_type=\"text-editor.default\">\n\t\t\t\t<div class=\"elementor-widget-container\">\n\t\t\t\t\t\t\t<p>Os Editais Pr\u00f3-Revistas est\u00e3o dispon\u00edveis no site:\u00a0<a href=\"https:\/\/www.ufsm.br\/pro-reitorias\/prpgp\/editais\/\">https:\/\/www.ufsm.br\/pro-reitorias\/prpgp\/editais\/<\/a><\/p>\t\t\t\t\t\t<\/div>\n\t\t\t\t<\/div>\n\t\t\t\t\t<\/div>\n\t\t<\/div>\n\t\t\t\t\t<\/div>\n\t\t<\/section>\n\t\t\t\t\t<\/div>\n\t\t<\/div>\n\t\t\t\t\t<\/div>\n\t\t<\/section>\n\t\t\t\t<\/div>\n\t\t","protected":false},"excerpt":{"rendered":"<p>A\u00a0Pr\u00f3-Reitoria de P\u00f3s-gradua\u00e7\u00e3o e Pesquisa (PRPGP)\u00a0possui o Programa Especial de Incentivo \u00e0s Revistas Cient\u00edficas que tem por objetivo apoiar a consolida\u00e7\u00e3o das Revistas Cient\u00edficas da UFSM, o gerenciamento digital (online), o livre acesso a produ\u00e7\u00e3o cient\u00edfica e a capacita\u00e7\u00e3o constante das equipes editoriais. (Inserir) Este programa visa projetar a institui\u00e7\u00e3o no meio cient\u00edfico pela atua\u00e7\u00e3o [&hellip;]<\/p>\n","protected":false},"author":74,"featured_media":0,"parent":0,"menu_order":0,"comment_status":"closed","ping_status":"closed","template":"","meta":{"footnotes":""},"categories":[],"tags":[],"class_list":["post-472","page","type-page","status-publish","hentry"],"acf":[],"_links":{"self":[{"href":"https:\/\/www.ufsm.br\/pro-reitorias\/prpgp\/wp-json\/wp\/v2\/pages\/472","targetHints":{"allow":["GET"]}}],"collection":[{"href":"https:\/\/www.ufsm.br\/pro-reitorias\/prpgp\/wp-json\/wp\/v2\/pages"}],"about":[{"href":"https:\/\/www.ufsm.br\/pro-reitorias\/prpgp\/wp-json\/wp\/v2\/types\/page"}],"author":[{"embeddable":true,"href":"https:\/\/www.ufsm.br\/pro-reitorias\/prpgp\/wp-json\/wp\/v2\/users\/74"}],"replies":[{"embeddable":true,"href":"https:\/\/www.ufsm.br\/pro-reitorias\/prpgp\/wp-json\/wp\/v2\/comments?post=472"}],"version-history":[{"count":0,"href":"https:\/\/www.ufsm.br\/pro-reitorias\/prpgp\/wp-json\/wp\/v2\/pages\/472\/revisions"}],"wp:attachment":[{"href":"https:\/\/www.ufsm.br\/pro-reitorias\/prpgp\/wp-json\/wp\/v2\/media?parent=472"}],"wp:term":[{"taxonomy":"category","embeddable":true,"href":"https:\/\/www.ufsm.br\/pro-reitorias\/prpgp\/wp-json\/wp\/v2\/categories?post=472"},{"taxonomy":"post_tag","embeddable":true,"href":"https:\/\/www.ufsm.br\/pro-reitorias\/prpgp\/wp-json\/wp\/v2\/tags?post=472"}],"curies":[{"name":"wp","href":"https:\/\/api.w.org\/{rel}","templated":true}]}}