{"id":48,"date":"2018-04-04T13:04:46","date_gmt":"2018-04-04T16:04:46","guid":{"rendered":"https:\/\/www.ufsm.br\/pro-reitorias\/prpgp\/?page_id=48"},"modified":"2024-09-27T10:19:05","modified_gmt":"2024-09-27T13:19:05","slug":"legislacao","status":"publish","type":"page","link":"https:\/\/www.ufsm.br\/pro-reitorias\/prpgp\/legislacao","title":{"rendered":"Legisla\u00e7\u00e3o"},"content":{"rendered":"\t\t<div data-elementor-type=\"wp-page\" data-elementor-id=\"48\" class=\"elementor elementor-48\">\n\t\t\t\t\t\t<section class=\"elementor-section elementor-top-section elementor-element elementor-element-8171955 elementor-section-boxed elementor-section-height-default elementor-section-height-default\" data-id=\"8171955\" data-element_type=\"section\">\n\t\t\t\t\t\t<div class=\"elementor-container elementor-column-gap-default\">\n\t\t\t\t\t<div class=\"elementor-column elementor-col-100 elementor-top-column elementor-element elementor-element-60ca614\" data-id=\"60ca614\" data-element_type=\"column\">\n\t\t\t<div class=\"elementor-widget-wrap elementor-element-populated\">\n\t\t\t\t\t\t<div class=\"elementor-element elementor-element-d2f61c6 elementor-widget__width-initial elementor-widget elementor-widget-toggle\" data-id=\"d2f61c6\" data-element_type=\"widget\" data-widget_type=\"toggle.default\">\n\t\t\t\t<div class=\"elementor-widget-container\">\n\t\t\t\t\t<div class=\"elementor-toggle\">\n\t\t\t\t\t\t\t<div class=\"elementor-toggle-item\">\n\t\t\t\t\t<div id=\"elementor-tab-title-2211\" class=\"elementor-tab-title\" data-tab=\"1\" role=\"button\" aria-controls=\"elementor-tab-content-2211\" aria-expanded=\"false\">\n\t\t\t\t\t\t\t\t\t\t\t\t<span class=\"elementor-toggle-icon elementor-toggle-icon-left\" aria-hidden=\"true\">\n\t\t\t\t\t\t\t\t\t\t\t\t\t\t\t<span class=\"elementor-toggle-icon-closed\"><i class=\"fas fa-caret-right\"><\/i><\/span>\n\t\t\t\t\t\t\t\t<span class=\"elementor-toggle-icon-opened\"><i class=\"elementor-toggle-icon-opened fas fa-caret-down\"><\/i><\/span>\n\t\t\t\t\t\t\t\t\t\t\t\t\t<\/span>\n\t\t\t\t\t\t\t\t\t\t\t\t<a class=\"elementor-toggle-title\" tabindex=\"0\">Manual de Disserta\u00e7\u00f5es e Teses: Estrutura e Apresenta\u00e7\u00e3o - MDT - 2021<\/a>\n\t\t\t\t\t<\/div>\n\n\t\t\t\t\t<div id=\"elementor-tab-content-2211\" class=\"elementor-tab-content elementor-clearfix\" data-tab=\"1\" role=\"region\" aria-labelledby=\"elementor-tab-title-2211\"><ul><li><a href=\"https:\/\/repositorio.ufsm.br\/handle\/1\/24203\">Manual de Disserta\u00e7\u00f5es e Teses &#8211; 2021<\/a><\/li><\/ul><\/div>\n\t\t\t\t<\/div>\n\t\t\t\t\t\t\t<div class=\"elementor-toggle-item\">\n\t\t\t\t\t<div id=\"elementor-tab-title-2212\" class=\"elementor-tab-title\" data-tab=\"2\" role=\"button\" aria-controls=\"elementor-tab-content-2212\" aria-expanded=\"false\">\n\t\t\t\t\t\t\t\t\t\t\t\t<span class=\"elementor-toggle-icon elementor-toggle-icon-left\" aria-hidden=\"true\">\n\t\t\t\t\t\t\t\t\t\t\t\t\t\t\t<span class=\"elementor-toggle-icon-closed\"><i class=\"fas fa-caret-right\"><\/i><\/span>\n\t\t\t\t\t\t\t\t<span class=\"elementor-toggle-icon-opened\"><i class=\"elementor-toggle-icon-opened fas fa-caret-down\"><\/i><\/span>\n\t\t\t\t\t\t\t\t\t\t\t\t\t<\/span>\n\t\t\t\t\t\t\t\t\t\t\t\t<a class=\"elementor-toggle-title\" tabindex=\"0\">Sistema de acompanhamento de Concess\u00f5es - SAC<\/a>\n\t\t\t\t\t<\/div>\n\n\t\t\t\t\t<div id=\"elementor-tab-content-2212\" class=\"elementor-tab-content elementor-clearfix\" data-tab=\"2\" role=\"region\" aria-labelledby=\"elementor-tab-title-2212\"><ul><li><a href=\"https:\/\/www.ufsm.br\/app\/uploads\/sites\/345\/2018\/04\/pnpd_institucional-diretrizes-regulamento.pdf\">Regulamento &#8211; Diretrizes para Elabora\u00e7\u00e3o do Projeto Institucional<\/a><\/li><li><a href=\"https:\/\/www.ufsm.br\/app\/uploads\/sites\/345\/2018\/04\/Manual_Usuario_SAC_PNPD.pdf\">Manual do Usu\u00e1rio<\/a><\/li><\/ul><\/div>\n\t\t\t\t<\/div>\n\t\t\t\t\t\t\t<div class=\"elementor-toggle-item\">\n\t\t\t\t\t<div id=\"elementor-tab-title-2213\" class=\"elementor-tab-title\" data-tab=\"3\" role=\"button\" aria-controls=\"elementor-tab-content-2213\" aria-expanded=\"false\">\n\t\t\t\t\t\t\t\t\t\t\t\t<span class=\"elementor-toggle-icon elementor-toggle-icon-left\" aria-hidden=\"true\">\n\t\t\t\t\t\t\t\t\t\t\t\t\t\t\t<span class=\"elementor-toggle-icon-closed\"><i class=\"fas fa-caret-right\"><\/i><\/span>\n\t\t\t\t\t\t\t\t<span class=\"elementor-toggle-icon-opened\"><i class=\"elementor-toggle-icon-opened fas fa-caret-down\"><\/i><\/span>\n\t\t\t\t\t\t\t\t\t\t\t\t\t<\/span>\n\t\t\t\t\t\t\t\t\t\t\t\t<a class=\"elementor-toggle-title\" tabindex=\"0\">Programa Institucional de Doutorado Sanduiche no Exterior - PDSE<\/a>\n\t\t\t\t\t<\/div>\n\n\t\t\t\t\t<div id=\"elementor-tab-content-2213\" class=\"elementor-tab-content elementor-clearfix\" data-tab=\"3\" role=\"region\" aria-labelledby=\"elementor-tab-title-2213\"><ul><li><a href=\"http:\/\/www.capes.gov.br\/bolsas\/bolsas-no-exterior\/programa-de-doutorado-sanduiche-no-exterior-pdse\">CAPES<\/a><\/li><li><a href=\"https:\/\/www.ufsm.br\/app\/uploads\/sites\/345\/2018\/04\/edital-n-19-PDSE.pdf\">Edital 019\/2016<\/a><\/li><li><a href=\"https:\/\/www.ufsm.br\/app\/uploads\/sites\/345\/2018\/04\/edital-19-2016-RetificaoPDSE.pdf\">Retifica\u00e7\u00e3o do Edital 019\/2016<\/a><\/li><\/ul><\/div>\n\t\t\t\t<\/div>\n\t\t\t\t\t\t\t<div class=\"elementor-toggle-item\">\n\t\t\t\t\t<div id=\"elementor-tab-title-2214\" class=\"elementor-tab-title\" data-tab=\"4\" role=\"button\" aria-controls=\"elementor-tab-content-2214\" aria-expanded=\"false\">\n\t\t\t\t\t\t\t\t\t\t\t\t<span class=\"elementor-toggle-icon elementor-toggle-icon-left\" aria-hidden=\"true\">\n\t\t\t\t\t\t\t\t\t\t\t\t\t\t\t<span class=\"elementor-toggle-icon-closed\"><i class=\"fas fa-caret-right\"><\/i><\/span>\n\t\t\t\t\t\t\t\t<span class=\"elementor-toggle-icon-opened\"><i class=\"elementor-toggle-icon-opened fas fa-caret-down\"><\/i><\/span>\n\t\t\t\t\t\t\t\t\t\t\t\t\t<\/span>\n\t\t\t\t\t\t\t\t\t\t\t\t<a class=\"elementor-toggle-title\" tabindex=\"0\">Normas e Regulamenta\u00e7\u00f5es da CAPES<\/a>\n\t\t\t\t\t<\/div>\n\n\t\t\t\t\t<div id=\"elementor-tab-content-2214\" class=\"elementor-tab-content elementor-clearfix\" data-tab=\"4\" role=\"region\" aria-labelledby=\"elementor-tab-title-2214\"><p>Link oficial ao site da CAPES:\u00a0 <a href=\"http:\/\/www.capes.gov.br\/legislacao\/53-conteudo-estatico\/servicos\/2340-portarias\" target=\"_blank\" rel=\"noopener\">http:\/\/www.capes.gov.br\/legislacao\/53-conteudo-estatico\/servicos\/2340-portarias<\/a><\/p><ul><li><a href=\"https:\/\/www.ufsm.br\/app\/uploads\/sites\/345\/2018\/04\/arq_portaria_conjunta_capes_cnpq_n__1__de_15_07_2010_61.pdf\">Portaria Conjunta CAPES\/CNPq n.1 &#8211; Normariza a autoriza\u00e7\u00e3o para ac\u00famulo de bolsas por bolsistas CAPES e CNPq<\/a><\/li><li><a href=\"https:\/\/www.ufsm.br\/app\/uploads\/sites\/345\/2018\/04\/arq_portaria_n__087__de_09_11_2004_61.pdf\">Portaria n.087\/2004 &#8211; Aprova o Regulamento de Apoio a Projetos Institucionais com a Participa\u00e7\u00e3o de Rec\u00e9m-Doutores \u2013 PRODOC<\/a><\/li><li><a href=\"https:\/\/www.ufsm.br\/app\/uploads\/sites\/345\/2018\/04\/portaria_013_2006.pdf\">Portaria n.013\/2006 &#8211; Institui a divulga\u00e7\u00e3o digital das teses e disserta\u00e7\u00f5es produzidas pelos programas de doutorado e mestrado reconhecidos.<\/a><\/li><li><a href=\"https:\/\/www.ufsm.br\/app\/uploads\/sites\/345\/2018\/04\/arq_portaria_n__115__de_01_08_2008_61.pdf\">Portaria n.115\/2008 &#8211; Aprova o Regulamento do Programa Institucional de Qualifica\u00e7\u00e3o Docente para a Rede Federal de Educa\u00e7\u00e3o Profissional e Tecnol\u00f3gica \u2013 PIQDTEC.<\/a><\/li><li><a href=\"https:\/\/www.ufsm.br\/app\/uploads\/sites\/345\/2018\/04\/arq_portaria_n__140__de_01_07_2010_61.pdf\">Portaria n.140\/2010 &#8211; Aprova o novo Regulamento do Programa de Forma\u00e7\u00e3o Doutoral Docente \u2013 Prodoutoral<\/a><\/li><li><a href=\"https:\/\/www.ufsm.br\/app\/uploads\/sites\/345\/2018\/04\/arq_portaria_n__76__de_14_04_2010_61.pdf\">Portaria n.76\/2010 &#8211; Aprova o novo Regulamento do Programa de Demanda Social \u2013 DS<\/a><\/li><li><a href=\"https:\/\/www.ufsm.br\/app\/uploads\/sites\/345\/2018\/04\/arq_portoria_n__64__de_24_03_2010_61.pdf\">Portaria n.64\/2010 &#8211; Aprova o novo Programa de Apoio \u00e0 P\u00f3s-Gradua\u00e7\u00e3o \u2013 PROAP<\/a><\/li><li><a href=\"https:\/\/www.ufsm.br\/app\/uploads\/sites\/345\/2018\/04\/44_CAPES_-_Port._47_-_30-4-13_-_apoio_eventos_exterior.pdf\">Portaria n.47\/2013 &#8211; Aprova o Regulamento relativo ao Apoio a Eventos no Exterior &#8211; AEX<\/a><\/li><li><a href=\"https:\/\/www.ufsm.br\/app\/uploads\/sites\/345\/2018\/04\/45_CAPES_-_Port._49_-_30-4-13_-_Doutorado_pleno_CsF.pdf\">Portaria n.49\/2013 &#8211; Aprovar o Regulamento do Doutorado Pleno no Exterior no \u00e2mbito do Programa Ci\u00eancia sem Fronteiras &#8211; CsF<\/a><\/li><li><a href=\"https:\/\/www.ufsm.br\/app\/uploads\/sites\/345\/2018\/04\/PORTARIA-N-81-DE-3-JUN-2016_categoria_docente_PPG.pdf\">Portaria n.81\/2016 &#8211; Define as categorias de docentes que comp\u00f5em os Programas de P\u00f3s-Gradua\u00e7\u00e3o Stricto Sensu<\/a><\/li><li><a href=\"https:\/\/www.ufsm.br\/app\/uploads\/sites\/345\/2019\/02\/PORTARIA_N_206_DE_4_DE_SETEMBRO_DE_2018-DispoeSobreObrigatoriedadeCitacaoCAPES.pdf\">Portaria n.206\/2018 &#8211; Disp\u00f5e sobre obrigatoriedade de cita\u00e7\u00e3o da CAPES<\/a><\/li><\/ul><\/div>\n\t\t\t\t<\/div>\n\t\t\t\t\t\t\t<div class=\"elementor-toggle-item\">\n\t\t\t\t\t<div id=\"elementor-tab-title-2215\" class=\"elementor-tab-title\" data-tab=\"5\" role=\"button\" aria-controls=\"elementor-tab-content-2215\" aria-expanded=\"false\">\n\t\t\t\t\t\t\t\t\t\t\t\t<span class=\"elementor-toggle-icon elementor-toggle-icon-left\" aria-hidden=\"true\">\n\t\t\t\t\t\t\t\t\t\t\t\t\t\t\t<span class=\"elementor-toggle-icon-closed\"><i class=\"fas fa-caret-right\"><\/i><\/span>\n\t\t\t\t\t\t\t\t<span class=\"elementor-toggle-icon-opened\"><i class=\"elementor-toggle-icon-opened fas fa-caret-down\"><\/i><\/span>\n\t\t\t\t\t\t\t\t\t\t\t\t\t<\/span>\n\t\t\t\t\t\t\t\t\t\t\t\t<a class=\"elementor-toggle-title\" tabindex=\"0\">Normas e Regulamenta\u00e7\u00f5es da UFSM<\/a>\n\t\t\t\t\t<\/div>\n\n\t\t\t\t\t<div id=\"elementor-tab-content-2215\" class=\"elementor-tab-content elementor-clearfix\" data-tab=\"5\" role=\"region\" aria-labelledby=\"elementor-tab-title-2215\"><ul><li style=\"text-align: justify\"><a href=\"https:\/\/www.ufsm.br\/app\/uploads\/sites\/345\/2018\/04\/arq_resolu__o_n__1983_022___92.pdf\">Resolu\u00e7\u00e3o n. 022\/1983 &#8211; Cria o Fundo de Incentivo \u00e0 Pesquisa (FIPE), vinculado \u00e0 PRPGP<\/a><\/li><li><a href=\"https:\/\/portal.ufsm.br\/documentos\/publico\/documento.html?id=4434839\">Resolu\u00e7\u00e3o n. 012\/2004 &#8211; Regulamenta no \u00c2mbito da Universidade Federal de Santa Maria, a Presta\u00e7\u00e3o de Servi\u00e7os Volunt\u00e1rios<\/a><\/li><li style=\"text-align: justify\"><a href=\"https:\/\/www.ufsm.br\/app\/uploads\/sites\/345\/2018\/04\/arq_resolu__o_n__2008_010_92.pdf\">Resolu\u00e7\u00e3o n. 010\/2008 &#8211; Disp\u00f5e sobre a regulamenta\u00e7\u00e3o do aluno-estrangeiro na UFSM<\/a><\/li><li><a href=\"https:\/\/portal.ufsm.br\/documentos\/publico\/documento.html?id=4353598\">Resolu\u00e7\u00e3o n 018\/2008 &#8211; Regulamenta o Programa Especial para Participa\u00e7\u00e3o em Atividade de Ensino, Pesquisa e Extens\u00e3o na Universidade Federal de Santa Maria, por docentes de outras IES, bolsistas rec\u00e9m-doutores, alunos de p\u00f3s-gradua\u00e7\u00e3o e revoga a Resolu\u00e7\u00e3o 013\/08<\/a><\/li><li style=\"text-align: justify\"><a href=\"https:\/\/www.ufsm.br\/app\/uploads\/sites\/345\/2018\/04\/arq_resolu__o_n__2008_022_92.pdf\">Resolu\u00e7\u00e3o n. 022\/2008 &#8211; Regulamenta a isen\u00e7\u00e3o de taxas de inscri\u00e7\u00e3o dos programas e cursos de P\u00f3s-Gradua\u00e7\u00e3o da UFSM<\/a><\/li><li style=\"text-align: justify\"><a href=\"https:\/\/www.ufsm.br\/app\/uploads\/sites\/345\/2018\/04\/arq_resolu__o_n__2008_023_92.pdf\">Resolu\u00e7\u00e3o n. 023\/2008 &#8211; Disp\u00f5e sobre o Projeto Pedag\u00f3gico dos Programas de P\u00f3s-Gradua\u00e7\u00e3o stricto sensu<\/a><\/li><li><a href=\"https:\/\/portal.ufsm.br\/documentos\/publico\/documento.html?id=5226332\">Resolu\u00e7\u00e3o n. 024\/2008 &#8211; Sistematiza o Processo de Participa\u00e7\u00e3o de Docentes de Outras IES e Bolsistas Rec\u00e9m-Doutores e Rec\u00e9m-Mestres em Atividades de Ensino, Pesquisa e Extens\u00e3o da UFSM<\/a><\/li><li style=\"text-align: justify\"><a href=\"https:\/\/portal.ufsm.br\/documentos\/publico\/documento.html?id=4357738\">Resolu\u00e7\u00e3o n. 006\/2009 &#8211; Institui o Fundo de Incentivo \u00e0 Inova\u00e7\u00e3o Tecnol\u00f3gica (FIT), sob a responsabilidade da PRPGP<\/a><\/li><li style=\"text-align: justify\"><a href=\"https:\/\/www.ufsm.br\/app\/uploads\/sites\/345\/2018\/04\/arq_resolu__o_n__2010_003_92.pdf\">Resolu\u00e7\u00e3o n. 003\/2010 &#8211; Estabelece normas para realiza\u00e7\u00e3o do Teste de Sufici\u00eancia em L\u00edngua Estrangeira na UFSM e aproveitamento de testes de outras institui\u00e7\u00f5es<\/a><\/li><li style=\"text-align: justify\"><a href=\"https:\/\/www.ufsm.br\/app\/uploads\/sites\/345\/2018\/08\/resoluo-n.-022-2011-institui-o-proic-husm1.pdf\">Resolu\u00e7\u00e3o n. 022\/2011 &#8211; Institui, em car\u00e1ter experimental, o Programa de Incentivo \u00e0 Inicia\u00e7\u00e3o Cient\u00edfica do Hospital Universit\u00e1rio de Santa Maria \u2013 PROIC-HUSM<\/a><\/li><li><a href=\"https:\/\/portal.ufsm.br\/documentos\/publico\/documento.html?id=5528970\">Resolu\u00e7\u00e3o n. 025\/2012 &#8211; Disp\u00f5e, no \u00e2mbito da UFSM, sobre as diretrizes e normas relativas \u00e0 presta\u00e7\u00e3o de servi\u00e7os, por meio do desenvolvimento de atividades voltadas ao ensino, \u00e0 pesquisa cient\u00edfica e tecnol\u00f3gica, \u00e0 extens\u00e3o universit\u00e1ria e a inova\u00e7\u00e3o.<\/a><\/li><li style=\"text-align: justify\"><a href=\"https:\/\/www.ufsm.br\/app\/uploads\/sites\/345\/2020\/03\/Resolu\u00e7\u00e3o-023-2014-Moradia-Estudantil-P\u00f3s-gradua\u00e7\u00e3o.pdf\">Resolu\u00e7\u00e3o n. 023\/2014 &#8211; Institui o Programa de Moradia Estudantil, no \u00e2mbito da UFSM, aos alunos da P\u00f3s-Gradua\u00e7\u00e3o<\/a><\/li><li style=\"text-align: justify\"><a href=\"https:\/\/www.ufsm.br\/app\/uploads\/sites\/345\/2018\/04\/Resolu\u00e7\u00e3o_027-2014_Cotutela.pdf\">Resolu\u00e7\u00e3o n. 027\/2014 &#8211; Regulamenta procedimento interno de Cotutela de Disserta\u00e7\u00e3o e Tese<\/a><\/li><li style=\"text-align: justify\"><a href=\"https:\/\/www.ufsm.br\/app\/uploads\/sites\/345\/2018\/04\/Resoluo_028_16_Professor_Visitante.pdf\">Resolu\u00e7\u00e3o n. 028\/2016 &#8211; Regulamenta o procedimento de contrata\u00e7\u00e3o por tempo determinado de professor visitante e professor visitante estrangeiro na UFSM.<\/a><\/li><li><a href=\"https:\/\/portal.ufsm.br\/documentos\/download.html?action=arquivosIndexados&amp;id=8110986&amp;download=false\" target=\"_blank\" rel=\"noopener\">Resolu\u00e7\u00e3o n. 042\/2016 &#8211; Regulamenta o cadastramento de disciplinas e o c\u00f4mputo de encargos did\u00e1ticos relativos as mesmas.<\/a><\/li><li style=\"text-align: justify\"><a href=\"https:\/\/www.ufsm.br\/app\/uploads\/sites\/345\/2018\/04\/Normas_procedimentos_gerais_tramitacao_processos_solicitacao_reconhecimento_diplomas_posgraduacao.pdf\">RECONHECIMENTO DE DIPLOMA &#8211; Normas e procedimentos gerais de tramita\u00e7\u00e3o de processos de solicita\u00e7\u00e3o de reconhecimento de diplomas de p\u00f3s-gradua\u00e7\u00e3o stricto sensu (mestrado e doutorado), expedidos por estabelecimentos estrangeiros de ensino superior<\/a><\/li><li style=\"text-align: justify\"><a href=\"https:\/\/www.ufsm.br\/app\/uploads\/sites\/345\/2021\/06\/Resolucao-040-2019-Aprova-recriacao-Comissao-Bolsas-Pos-Graduacao.pdf\">Resolu\u00e7\u00e3o n. 040\/2019 &#8211; Aprova a recria\u00e7\u00e3o das Comiss\u00f5es de Bolsas dos Programas de P\u00f3s-gradua\u00e7\u00e3o<\/a><\/li><li style=\"text-align: justify\"><a href=\"https:\/\/www.ufsm.br\/app\/uploads\/sites\/345\/2021\/01\/Resolucao_09.2020_ComissaodeSelecao.pdf\">Resolu\u00e7\u00e3o n. 009\/2020 &#8211; Aprova a recria\u00e7\u00e3o das Comiss\u00f5es de Sele\u00e7\u00e3o dos cursos de P\u00f3s-Gradua\u00e7\u00e3o Strictu Sensu e Latu Sensu vinculados \u00e0 Pr\u00f3-Reitoria de P\u00f3s-Gradua\u00e7\u00e3o e Pesquisa (PRPGP) da Universidade Federal de Santa Maria (UFSM).<\/a><\/li><li><a href=\"https:\/\/portal.ufsm.br\/documentos\/publico\/documento.html?id=13875878\">Resolu\u00e7\u00e3o n. 068\/2021 &#8211; Disp\u00f5e sobre a Pol\u00edtica de A\u00e7\u00f5es Afirmativas e Inclus\u00e3o nos Programas de P\u00f3s-Gradua\u00e7\u00e3o da Universidade Federal de Santa Maria<\/a><\/li><li><a href=\"https:\/\/portal.ufsm.br\/documentos\/publico\/documento.html?id=13904820\">Resolu\u00e7\u00e3o n. 072\/2021 &#8211; Estabelece as Diretrizes e Normas Institucionais para os Cursos de P\u00f3s-Gradua\u00e7\u00e3o Lato Sensu denominados Cursos de Especializa\u00e7\u00e3o e d\u00e1 outras provid\u00eancias<\/a><\/li><li><a href=\"https:\/\/portal.ufsm.br\/documentos\/publico\/documento.html?id=14421924\">Resolu\u00e7\u00e3o n. 104\/2022 &#8211; Estabelece a nova estrutura organizacional da Pr\u00f3-reitoria de P\u00f3s-gradua\u00e7\u00e3o e Pesquisa (PRPGP) vinculada \u00e0 \u201cUniversidade Federal de Santa Maria\u201d, suas compet\u00eancias e atribui\u00e7\u00f5es.<\/a><\/li><li><a href=\"https:\/\/portal.ufsm.br\/documentos\/publico\/documento.html?idDocumento=14549487\">Resolu\u00e7\u00e3o n. 118\/2023 &#8211; Normatiza no \u00e2mbito da Universidade Federal de Santa Maria Destaques Institucionais, a Jornada Acad\u00eamica Integrada (JAI) e premia\u00e7\u00f5es.<\/a><\/li><li style=\"text-align: justify\"><a href=\"https:\/\/portal.ufsm.br\/documentos\/publico\/documento.html?id=14633300\">Resolu\u00e7\u00e3o n. 124\/2023 &#8211; Regulamenta aspectos da Prova de Defesa de Disserta\u00e7\u00e3o, do Exame de Qualifica\u00e7\u00e3o, da Tese ou do Trabalho de Conclus\u00e3o de cursos de p\u00f3s-gradua\u00e7\u00e3o stricto sensu e lato sensu no \u00e2mbito da Universidade Federal de Santa Maria, alterando a Resolu\u00e7\u00e3o UFSM N. 015\/2014<\/a><\/li><li><a href=\"https:\/\/portal.ufsm.br\/documentos\/publico\/documento.html?idDocumento=14689836\">Resolu\u00e7\u00e3o n. 132\/2023 &#8211; Estabelece a sistem\u00e1tica de reconhecimento de diplomas de cursos de p\u00f3s-gradua\u00e7\u00e3o stricto sensu (mestrado e doutorado), expedidos por institui\u00e7\u00f5es de ensino superior estrangeiras no \u00e2mbito da Universidade Federal de Santa Maria (UFSM) e revoga a Resolu\u00e7\u00e3o UFSM n\u00ba 04\/2017<\/a><\/li><li><a href=\"https:\/\/portal.ufsm.br\/documentos\/publico\/documento.html?idDocumento=14715793\">Resolu\u00e7\u00e3o n. 135\/2023 &#8211; Disciplina a tramita\u00e7\u00e3o de processos de Acordos de Coopera\u00e7\u00e3o T\u00e9cnica, Protocolos de Inten\u00e7\u00f5es e outros instrumentos cong\u00eaneres que n\u00e3o envolvam transfer\u00eancia de recursos financeiros, nos termos desta resolu\u00e7\u00e3o, a serem firmados pela Universidade Federal de Santa Maria (UFSM), e uma ou mais institui\u00e7\u00f5es, nacionais ou estrangeiras, p\u00fablicas ou privadas, com ou sem finalidade lucrativa, revoga a Resolu\u00e7\u00e3o UFSM n\u00ba 003\/2008, e altera o Estatuto da UFSM.<\/a><\/li><li><a href=\"https:\/\/portal.ufsm.br\/documentos\/publico\/documento.html?id=14820555\">Resolu\u00e7\u00e3o n. 139\/2023 &#8211; Aprova o novo Regulamento Geral da P\u00f3s-Gradua\u00e7\u00e3o Stricto Sensu da Universidade Federal de Santa Maria (UFSM) e a Pol\u00edtica Institucional de P\u00f3s-gradua\u00e7\u00e3o e Pesquisa no \u00e2mbito da UFSM, alterando o Estatuto da UFSM, o Regimento Geral da UFSM, e a Resolu\u00e7\u00e3o UFSM n\u00b0 015\/2014.<\/a><ul><li><a href=\"https:\/\/portal.ufsm.br\/documentos\/publico\/documento.html?id=14820644\">Regulamento Geral da P\u00f3s-Gradua\u00e7\u00e3o Stricto Sensu, Anexo I da Resolu\u00e7\u00e3o UFSM n\u00b0 139, de 29 de agosto de 2023, que se constitui como Anexo II da Resolu\u00e7\u00e3o UFSM n\u00b0 015\/2014.<\/a>\u00a0<\/li><li><a href=\"https:\/\/portal.ufsm.br\/documentos\/publico\/documento.html?id=14820678\">Pol\u00edtica Institucional de P\u00f3s-Gradua\u00e7\u00e3o e Pesquisa, Anexo II da Resolu\u00e7\u00e3o UFSM n\u00b0 139, de 29 de agosto de 2023, que se constitui como Anexo III da Resolu\u00e7\u00e3o UFSM n\u00b0 015\/2014.<\/a><\/li><\/ul><\/li><li><a href=\"https:\/\/portal.ufsm.br\/documentos\/download.html?action=arquivosIndexados&amp;id=15157929&amp;download=false\">Resolu\u00e7\u00e3o n. 172\/2024 &#8211; Aprova o novo Regulamento Geral da P\u00f3s-Gradua\u00e7\u00e3o Lato Sensu da Universidade Federal de Santa Maria (UFSM).<\/a><ul><li><a href=\"https:\/\/portal.ufsm.br\/documentos\/download.html?action=arquivosIndexados&amp;id=15157953&amp;download=false\">Regulamento Geral da P\u00f3s-gradua\u00e7\u00e3o Lato Sensu, Anexo I da Resolu\u00e7\u00e3o UFSM n\u00ba 172\/2024, de 19 de agosto de 2024.<\/a><\/li><\/ul><\/li><li><a href=\"https:\/\/portal.ufsm.br\/documentos\/download.html?action=arquivosIndexados&amp;id=15210954&amp;download=false\">Resolu\u00e7\u00e3o n. 175\/2025 &#8211; Altera dispositivos para prorroga\u00e7\u00e3o do prazo de conclus\u00e3o de cursos de p\u00f3s-gradua\u00e7\u00e3o no \u00e2mbito da Universidade Federal de Santa Maria (UFSM).<\/a><\/li><\/ul><\/div>\n\t\t\t\t<\/div>\n\t\t\t\t\t\t\t<div class=\"elementor-toggle-item\">\n\t\t\t\t\t<div id=\"elementor-tab-title-2216\" class=\"elementor-tab-title\" data-tab=\"6\" role=\"button\" aria-controls=\"elementor-tab-content-2216\" aria-expanded=\"false\">\n\t\t\t\t\t\t\t\t\t\t\t\t<span class=\"elementor-toggle-icon elementor-toggle-icon-left\" aria-hidden=\"true\">\n\t\t\t\t\t\t\t\t\t\t\t\t\t\t\t<span class=\"elementor-toggle-icon-closed\"><i class=\"fas fa-caret-right\"><\/i><\/span>\n\t\t\t\t\t\t\t\t<span class=\"elementor-toggle-icon-opened\"><i class=\"elementor-toggle-icon-opened fas fa-caret-down\"><\/i><\/span>\n\t\t\t\t\t\t\t\t\t\t\t\t\t<\/span>\n\t\t\t\t\t\t\t\t\t\t\t\t<a class=\"elementor-toggle-title\" tabindex=\"0\">Normas e Regulamenta\u00e7\u00f5es do CNE<\/a>\n\t\t\t\t\t<\/div>\n\n\t\t\t\t\t<div id=\"elementor-tab-content-2216\" class=\"elementor-tab-content elementor-clearfix\" data-tab=\"6\" role=\"region\" aria-labelledby=\"elementor-tab-title-2216\"><ul><li><a href=\"https:\/\/www.ufsm.br\/app\/uploads\/sites\/345\/2018\/04\/arq_resolu__o_cne_ces_n__1__de_3_04_2001__151.pdf\">Resolu\u00e7\u00e3o CNE\/CES n.1\/2001 &#8211; Estabelece normas para o funcionamento de cursos de p\u00f3s-gradua\u00e7\u00e3o no Brasil<\/a><\/li><\/ul><\/div>\n\t\t\t\t<\/div>\n\t\t\t\t\t\t\t<div class=\"elementor-toggle-item\">\n\t\t\t\t\t<div id=\"elementor-tab-title-2217\" class=\"elementor-tab-title\" data-tab=\"7\" role=\"button\" aria-controls=\"elementor-tab-content-2217\" aria-expanded=\"false\">\n\t\t\t\t\t\t\t\t\t\t\t\t<span class=\"elementor-toggle-icon elementor-toggle-icon-left\" aria-hidden=\"true\">\n\t\t\t\t\t\t\t\t\t\t\t\t\t\t\t<span class=\"elementor-toggle-icon-closed\"><i class=\"fas fa-caret-right\"><\/i><\/span>\n\t\t\t\t\t\t\t\t<span class=\"elementor-toggle-icon-opened\"><i class=\"elementor-toggle-icon-opened fas fa-caret-down\"><\/i><\/span>\n\t\t\t\t\t\t\t\t\t\t\t\t\t<\/span>\n\t\t\t\t\t\t\t\t\t\t\t\t<a class=\"elementor-toggle-title\" tabindex=\"0\">Normas e Regulamenta\u00e7\u00f5es do MEC<\/a>\n\t\t\t\t\t<\/div>\n\n\t\t\t\t\t<div id=\"elementor-tab-content-2217\" class=\"elementor-tab-content elementor-clearfix\" data-tab=\"7\" role=\"region\" aria-labelledby=\"elementor-tab-title-2217\"><ul><li><a href=\"https:\/\/www.ufsm.br\/app\/uploads\/sites\/345\/2018\/04\/arq_decreto_n__5_801__de_8_06_2006__155.pdf\">Decreto n. 5.801, de 8\/06\/2006 &#8211; Disp\u00f5e sobre a Escola de Altos Estudos, e d\u00e1 outras provid\u00eancias<\/a><\/li><\/ul><\/div>\n\t\t\t\t<\/div>\n\t\t\t\t\t\t\t<div class=\"elementor-toggle-item\">\n\t\t\t\t\t<div id=\"elementor-tab-title-2218\" class=\"elementor-tab-title\" data-tab=\"8\" role=\"button\" aria-controls=\"elementor-tab-content-2218\" aria-expanded=\"false\">\n\t\t\t\t\t\t\t\t\t\t\t\t<span class=\"elementor-toggle-icon elementor-toggle-icon-left\" aria-hidden=\"true\">\n\t\t\t\t\t\t\t\t\t\t\t\t\t\t\t<span class=\"elementor-toggle-icon-closed\"><i class=\"fas fa-caret-right\"><\/i><\/span>\n\t\t\t\t\t\t\t\t<span class=\"elementor-toggle-icon-opened\"><i class=\"elementor-toggle-icon-opened fas fa-caret-down\"><\/i><\/span>\n\t\t\t\t\t\t\t\t\t\t\t\t\t<\/span>\n\t\t\t\t\t\t\t\t\t\t\t\t<a class=\"elementor-toggle-title\" tabindex=\"0\">Regulamento Geral da P\u00f3s-Gradua\u00e7\u00e3o da UFSM<\/a>\n\t\t\t\t\t<\/div>\n\n\t\t\t\t\t<div id=\"elementor-tab-content-2218\" class=\"elementor-tab-content elementor-clearfix\" data-tab=\"8\" role=\"region\" aria-labelledby=\"elementor-tab-title-2218\"><ul><li><a href=\"https:\/\/portal.ufsm.br\/documentos\/download.html?action=arquivosIndexados&amp;id=15157953&amp;download=false\">Regulamento Geral da P\u00f3s-Gradua\u00e7\u00e3o Lato Sensu &#8211; RESOLU\u00c7\u00c3O UFSM N\u00ba 172\/2024 &#8211; ANEXO I<\/a><\/li><li><a href=\"https:\/\/portal.ufsm.br\/documentos\/publico\/documento.html?id=14820644\">Regulamento Geral da P\u00f3s-Gradua\u00e7\u00e3o Stricto Sensu &#8211; RESOLU\u00c7\u00c3O UFSM N\u00b0 139\/2023 &#8211; ANEXO I<\/a><\/li><\/ul><\/div>\n\t\t\t\t<\/div>\n\t\t\t\t\t\t\t\t<\/div>\n\t\t\t\t<\/div>\n\t\t\t\t<\/div>\n\t\t\t\t\t<\/div>\n\t\t<\/div>\n\t\t\t\t\t<\/div>\n\t\t<\/section>\n\t\t\t\t<\/div>\n\t\t","protected":false},"excerpt":{"rendered":"<p>Manual de Disserta\u00e7\u00f5es e Teses: Estrutura e Apresenta\u00e7\u00e3o &#8211; MDT &#8211; 2021 Manual de Disserta\u00e7\u00f5es e Teses &#8211; 2021 Sistema de acompanhamento de Concess\u00f5es &#8211; SAC Regulamento &#8211; Diretrizes para Elabora\u00e7\u00e3o do Projeto Institucional Manual do Usu\u00e1rio Programa Institucional de Doutorado Sanduiche no Exterior &#8211; PDSE CAPES Edital 019\/2016 Retifica\u00e7\u00e3o do Edital 019\/2016 Normas e [&hellip;]<\/p>\n","protected":false},"author":74,"featured_media":0,"parent":0,"menu_order":0,"comment_status":"closed","ping_status":"closed","template":"","meta":{"footnotes":""},"categories":[],"tags":[],"class_list":["post-48","page","type-page","status-publish","hentry"],"acf":[],"_links":{"self":[{"href":"https:\/\/www.ufsm.br\/pro-reitorias\/prpgp\/wp-json\/wp\/v2\/pages\/48","targetHints":{"allow":["GET"]}}],"collection":[{"href":"https:\/\/www.ufsm.br\/pro-reitorias\/prpgp\/wp-json\/wp\/v2\/pages"}],"about":[{"href":"https:\/\/www.ufsm.br\/pro-reitorias\/prpgp\/wp-json\/wp\/v2\/types\/page"}],"author":[{"embeddable":true,"href":"https:\/\/www.ufsm.br\/pro-reitorias\/prpgp\/wp-json\/wp\/v2\/users\/74"}],"replies":[{"embeddable":true,"href":"https:\/\/www.ufsm.br\/pro-reitorias\/prpgp\/wp-json\/wp\/v2\/comments?post=48"}],"version-history":[{"count":0,"href":"https:\/\/www.ufsm.br\/pro-reitorias\/prpgp\/wp-json\/wp\/v2\/pages\/48\/revisions"}],"wp:attachment":[{"href":"https:\/\/www.ufsm.br\/pro-reitorias\/prpgp\/wp-json\/wp\/v2\/media?parent=48"}],"wp:term":[{"taxonomy":"category","embeddable":true,"href":"https:\/\/www.ufsm.br\/pro-reitorias\/prpgp\/wp-json\/wp\/v2\/categories?post=48"},{"taxonomy":"post_tag","embeddable":true,"href":"https:\/\/www.ufsm.br\/pro-reitorias\/prpgp\/wp-json\/wp\/v2\/tags?post=48"}],"curies":[{"name":"wp","href":"https:\/\/api.w.org\/{rel}","templated":true}]}}