{"id":6966,"date":"2018-06-28T16:08:49","date_gmt":"2018-06-28T19:08:49","guid":{"rendered":"https:\/\/www.ufsm.br\/pro-reitorias\/prpgp\/?page_id=6966"},"modified":"2026-01-09T08:20:13","modified_gmt":"2026-01-09T11:20:13","slug":"equipe-prpgp","status":"publish","type":"page","link":"https:\/\/www.ufsm.br\/pro-reitorias\/prpgp\/equipe-prpgp","title":{"rendered":"Equipe PRPGP"},"content":{"rendered":"\t\t<div data-elementor-type=\"wp-post\" data-elementor-id=\"6966\" class=\"elementor elementor-6966\">\n\t\t\t\t\t\t<section class=\"elementor-section elementor-top-section elementor-element elementor-element-d64b3cd elementor-section-boxed elementor-section-height-default elementor-section-height-default\" data-id=\"d64b3cd\" data-element_type=\"section\">\n\t\t\t\t\t\t<div class=\"elementor-container elementor-column-gap-default\">\n\t\t\t\t\t<div class=\"elementor-column elementor-col-100 elementor-top-column elementor-element elementor-element-5acc47d6\" data-id=\"5acc47d6\" data-element_type=\"column\">\n\t\t\t<div class=\"elementor-widget-wrap elementor-element-populated\">\n\t\t\t\t\t\t<div class=\"elementor-element elementor-element-2f994400 elementor-widget elementor-widget-text-editor\" data-id=\"2f994400\" data-element_type=\"widget\" data-widget_type=\"text-editor.default\">\n\t\t\t\t<div class=\"elementor-widget-container\">\n\t\t\t\t\t\t\t<p><strong>Pr\u00f3-Reitora de P\u00f3s-gradua\u00e7\u00e3o e Pesquisa:<\/strong><br>Prof.\u00aa Cristina Wayne Nogueira<\/p>\n<p><strong>Pr\u00f3-Reitora Substituta<\/strong><br>Prof.\u00aa Tatiana Emanuelli<\/p>\n<ul>\n<li><strong>N\u00facleo de Apoio Administrativo-Or\u00e7ament\u00e1rio<\/strong><br>Tatiana Sarturi Siqueira<br>Andr\u00e9 dos Santos Leandro<\/li>\n<li><strong>N\u00facleo Administrativo de Apoio \u00e0 Regulamenta\u00e7\u00e3o em Pesquisa<\/strong><br>Liciani Beatriz Pauli<\/li>\n<li><b>Biot\u00e9rio Central<\/b><br>Darci dos Santos da Silva<br>Elton Jose Dal Forno<br>Fernanda Soldatelli valente<br>Jaime Sard\u00e1 Arambur\u00fa Junior<br>Ligia Gomes Miyazato<br>Mayara da Rosa Sagrilo<br>Tamara Oliveira Silva<br>Tatiana Cheuiche Pesenti<\/li>\n<\/ul>\n<p><strong>Coordenadoria de P\u00f3s-Gradua\u00e7\u00e3o (CPG)<\/strong><br>Prof.\u00aa Tatiana Emanuelli<\/p>\n<ul>\n<li><strong>N\u00facleo de Cria\u00e7\u00e3o e Acompanhamento de Cursos de P\u00f3s-Gradua\u00e7\u00e3o<\/strong><br>Liamara&nbsp;F\u00e1tima Weber<br>Julia Pires<\/li>\n<li><strong>N\u00facleo de Sele\u00e7\u00e3o e Bolsas da P\u00f3s-Gradua\u00e7\u00e3o<\/strong><br>Gabriela S. Malaquias<br>Leonardo Alves Maboni<br>Vanessa Giacomelli Bressan<\/li>\n<li><strong>N\u00facleo de Controle Acad\u00eamico de P\u00f3s-gradua\u00e7\u00e3o<br><\/strong>George Iop Rodrigues<br>Daniel Roberto Camillo Flores<br>Elaine Patr\u00edcia Farias de Mattos<br>Francisco Mateus Concei\u00e7\u00e3o<br>Gerson Neves<br>Jorge Alberto Bica Messias<br>Marcelo Fonseca Vivian<br>Paulo Vinicius Jonko de Moraes<br>Thiago Boeno Patricio Luiz<\/li>\n<\/ul>\n<p><strong>Coordenadoria de Pesquisa (CP)<\/strong><br>Prof.\u00aa Cristiane de Bona da Silva<\/p>\n<ul>\n<li><strong>N\u00facleo de Ger\u00eancia de Inicia\u00e7\u00e3o Cient\u00edfica<\/strong><br>Arion&nbsp;Helder Pilla<br>Jos\u00e9 Carlos Vargas da Silva<br>Marciel Gian Hofstetter<\/li>\n<li><strong>N\u00facleo de Apoio \u00e0 Pesquisa e Estruturas Multiusu\u00e1rias<\/strong><br>Gesiane&nbsp;Zuse&nbsp;de Oliveira<br>Rita de C\u00e1ssia Trindade dos Santos<\/li>\n<\/ul>\n<p><strong>Coordenadoria de A\u00e7\u00f5es e Programas Estrat\u00e9gicos<\/strong><br>Prof. Leandro Souza da Silva<\/p>\n<ul>\n<li><strong>N\u00facleo de Gest\u00e3o e Programas Estrat\u00e9gicos<\/strong><br>Adriane Pilar&nbsp;Xhabiaras<br>Bruna Brusius<\/li>\n<\/ul>\t\t\t\t\t\t<\/div>\n\t\t\t\t<\/div>\n\t\t\t\t\t<\/div>\n\t\t<\/div>\n\t\t\t\t\t<\/div>\n\t\t<\/section>\n\t\t\t\t<\/div>\n\t\t","protected":false},"excerpt":{"rendered":"<p>Pr\u00f3-Reitora de P\u00f3s-gradua\u00e7\u00e3o e Pesquisa:Prof.\u00aa Cristina Wayne Nogueira Pr\u00f3-Reitora SubstitutaProf.\u00aa Tatiana Emanuelli N\u00facleo de Apoio Administrativo-Or\u00e7ament\u00e1rioTatiana Sarturi SiqueiraAndr\u00e9 dos Santos Leandro N\u00facleo Administrativo de Apoio \u00e0 Regulamenta\u00e7\u00e3o em PesquisaLiciani Beatriz Pauli Biot\u00e9rio CentralDarci dos Santos da SilvaElton Jose Dal FornoFernanda Soldatelli valenteJaime Sard\u00e1 Arambur\u00fa JuniorLigia Gomes MiyazatoMayara da Rosa SagriloTamara Oliveira SilvaTatiana Cheuiche Pesenti Coordenadoria [&hellip;]<\/p>\n","protected":false},"author":118,"featured_media":0,"parent":0,"menu_order":0,"comment_status":"closed","ping_status":"closed","template":"","meta":{"footnotes":""},"categories":[],"tags":[],"class_list":["post-6966","page","type-page","status-publish","hentry"],"acf":[],"_links":{"self":[{"href":"https:\/\/www.ufsm.br\/pro-reitorias\/prpgp\/wp-json\/wp\/v2\/pages\/6966","targetHints":{"allow":["GET"]}}],"collection":[{"href":"https:\/\/www.ufsm.br\/pro-reitorias\/prpgp\/wp-json\/wp\/v2\/pages"}],"about":[{"href":"https:\/\/www.ufsm.br\/pro-reitorias\/prpgp\/wp-json\/wp\/v2\/types\/page"}],"author":[{"embeddable":true,"href":"https:\/\/www.ufsm.br\/pro-reitorias\/prpgp\/wp-json\/wp\/v2\/users\/118"}],"replies":[{"embeddable":true,"href":"https:\/\/www.ufsm.br\/pro-reitorias\/prpgp\/wp-json\/wp\/v2\/comments?post=6966"}],"version-history":[{"count":0,"href":"https:\/\/www.ufsm.br\/pro-reitorias\/prpgp\/wp-json\/wp\/v2\/pages\/6966\/revisions"}],"wp:attachment":[{"href":"https:\/\/www.ufsm.br\/pro-reitorias\/prpgp\/wp-json\/wp\/v2\/media?parent=6966"}],"wp:term":[{"taxonomy":"category","embeddable":true,"href":"https:\/\/www.ufsm.br\/pro-reitorias\/prpgp\/wp-json\/wp\/v2\/categories?post=6966"},{"taxonomy":"post_tag","embeddable":true,"href":"https:\/\/www.ufsm.br\/pro-reitorias\/prpgp\/wp-json\/wp\/v2\/tags?post=6966"}],"curies":[{"name":"wp","href":"https:\/\/api.w.org\/{rel}","templated":true}]}}