{"id":6987,"date":"2018-06-29T15:58:23","date_gmt":"2018-06-29T18:58:23","guid":{"rendered":"https:\/\/www.ufsm.br\/pro-reitorias\/prpgp\/?page_id=6987"},"modified":"2018-06-29T15:59:45","modified_gmt":"2018-06-29T18:59:45","slug":"links-uteis","status":"publish","type":"page","link":"https:\/\/www.ufsm.br\/pro-reitorias\/prpgp\/links-uteis","title":{"rendered":"Links \u00dateis"},"content":{"rendered":"<p>&nbsp;<\/p>\n<ul>\n<li style=\"font-weight: 400\"><a href=\"http:\/\/www.andifes.org.br\/\"><span style=\"font-weight: 400\">Andifes<\/span><\/a><\/li>\n<li style=\"font-weight: 400\"><a href=\"http:\/\/www.anpg.org.br\/\"><span style=\"font-weight: 400\">ANPG<\/span><\/a><\/li>\n<li style=\"font-weight: 400\"><a href=\"http:\/\/apgufsm.blogspot.com.br\/\"><span style=\"font-weight: 400\">APG UFSM<\/span><\/a><\/li>\n<li style=\"font-weight: 400\"><a href=\"http:\/\/www.capes.gov.br\/\"><span style=\"font-weight: 400\">CAPES<\/span><\/a><\/li>\n<li style=\"font-weight: 400\"><a href=\"http:\/\/cgee.org.br\/\"><span style=\"font-weight: 400\">CGEE<\/span><\/a><\/li>\n<li style=\"font-weight: 400\"><a href=\"http:\/\/www.cnpq.br\/\"><span style=\"font-weight: 400\">CNPq<\/span><\/a><\/li>\n<li style=\"font-weight: 400\"><a href=\"http:\/\/www.fapergs.rs.gov.br\/\"><span style=\"font-weight: 400\">FAPERGS<\/span><\/a><\/li>\n<li style=\"font-weight: 400\"><a href=\"http:\/\/www.finep.gov.br\/\"><span style=\"font-weight: 400\">FINEP<\/span><\/a><\/li>\n<li style=\"font-weight: 400\"><a href=\"http:\/\/www.foprop.org.br\/\"><span style=\"font-weight: 400\">F\u00f3rum de Pr\u00f3-Reitores de P\u00f3s-Grad. e Pesquisa<\/span><\/a><\/li>\n<li style=\"font-weight: 400\"><a href=\"http:\/\/www.mctic.gov.br\/portal\"><span style=\"font-weight: 400\">Minist\u00e9rio da Ci\u00eancia e Tecnologia<\/span><\/a><\/li>\n<li style=\"font-weight: 400\"><a href=\"http:\/\/portal.mec.gov.br\/\"><span style=\"font-weight: 400\">Minist\u00e9rio da Educa\u00e7\u00e3o<\/span><\/a><\/li>\n<li style=\"font-weight: 400\"><a href=\"http:\/\/www.rnp.br\/\"><span style=\"font-weight: 400\">Rede Nacional de Pesquisas<\/span><\/a><\/li>\n<li style=\"font-weight: 400\"><a href=\"http:\/\/www.anpg.org.br\/revista\/\"><span style=\"font-weight: 400\">Revista da ANPG<\/span><\/a><\/li>\n<\/ul>\n","protected":false},"excerpt":{"rendered":"<p>&nbsp; Andifes ANPG APG UFSM CAPES CGEE CNPq FAPERGS FINEP F\u00f3rum de Pr\u00f3-Reitores de P\u00f3s-Grad. e Pesquisa Minist\u00e9rio da Ci\u00eancia e Tecnologia Minist\u00e9rio da Educa\u00e7\u00e3o Rede Nacional de Pesquisas Revista da ANPG<\/p>\n","protected":false},"author":119,"featured_media":0,"parent":0,"menu_order":0,"comment_status":"closed","ping_status":"closed","template":"","meta":{"footnotes":""},"categories":[],"tags":[],"class_list":["post-6987","page","type-page","status-publish","hentry"],"acf":[],"_links":{"self":[{"href":"https:\/\/www.ufsm.br\/pro-reitorias\/prpgp\/wp-json\/wp\/v2\/pages\/6987","targetHints":{"allow":["GET"]}}],"collection":[{"href":"https:\/\/www.ufsm.br\/pro-reitorias\/prpgp\/wp-json\/wp\/v2\/pages"}],"about":[{"href":"https:\/\/www.ufsm.br\/pro-reitorias\/prpgp\/wp-json\/wp\/v2\/types\/page"}],"author":[{"embeddable":true,"href":"https:\/\/www.ufsm.br\/pro-reitorias\/prpgp\/wp-json\/wp\/v2\/users\/119"}],"replies":[{"embeddable":true,"href":"https:\/\/www.ufsm.br\/pro-reitorias\/prpgp\/wp-json\/wp\/v2\/comments?post=6987"}],"version-history":[{"count":0,"href":"https:\/\/www.ufsm.br\/pro-reitorias\/prpgp\/wp-json\/wp\/v2\/pages\/6987\/revisions"}],"wp:attachment":[{"href":"https:\/\/www.ufsm.br\/pro-reitorias\/prpgp\/wp-json\/wp\/v2\/media?parent=6987"}],"wp:term":[{"taxonomy":"category","embeddable":true,"href":"https:\/\/www.ufsm.br\/pro-reitorias\/prpgp\/wp-json\/wp\/v2\/categories?post=6987"},{"taxonomy":"post_tag","embeddable":true,"href":"https:\/\/www.ufsm.br\/pro-reitorias\/prpgp\/wp-json\/wp\/v2\/tags?post=6987"}],"curies":[{"name":"wp","href":"https:\/\/api.w.org\/{rel}","templated":true}]}}