{"id":7127,"date":"2018-08-09T10:47:57","date_gmt":"2018-08-09T13:47:57","guid":{"rendered":"https:\/\/www.ufsm.br\/pro-reitorias\/prpgp\/?page_id=7127"},"modified":"2026-03-30T10:37:01","modified_gmt":"2026-03-30T13:37:01","slug":"documentos-cic","status":"publish","type":"page","link":"https:\/\/www.ufsm.br\/pro-reitorias\/prpgp\/documentos-cic","title":{"rendered":"Bolsas de Inicia\u00e7\u00e3o Cient\u00edfica"},"content":{"rendered":"\t\t<div data-elementor-type=\"wp-post\" data-elementor-id=\"7127\" class=\"elementor elementor-7127\">\n\t\t\t\t\t\t<section class=\"elementor-section elementor-top-section elementor-element elementor-element-8625d48 elementor-section-boxed elementor-section-height-default elementor-section-height-default\" data-id=\"8625d48\" data-element_type=\"section\">\n\t\t\t\t\t\t<div class=\"elementor-container elementor-column-gap-default\">\n\t\t\t\t\t<div class=\"elementor-column elementor-col-100 elementor-top-column elementor-element elementor-element-87105ca\" data-id=\"87105ca\" data-element_type=\"column\">\n\t\t\t<div class=\"elementor-widget-wrap elementor-element-populated\">\n\t\t\t\t\t\t<div class=\"elementor-element elementor-element-aed6415 elementor-widget elementor-widget-toggle\" data-id=\"aed6415\" data-element_type=\"widget\" data-widget_type=\"toggle.default\">\n\t\t\t\t<div class=\"elementor-widget-container\">\n\t\t\t\t\t<div class=\"elementor-toggle\">\n\t\t\t\t\t\t\t<div class=\"elementor-toggle-item\">\n\t\t\t\t\t<div id=\"elementor-tab-title-1831\" class=\"elementor-tab-title\" data-tab=\"1\" role=\"button\" aria-controls=\"elementor-tab-content-1831\" aria-expanded=\"false\">\n\t\t\t\t\t\t\t\t\t\t\t\t<span class=\"elementor-toggle-icon elementor-toggle-icon-left\" aria-hidden=\"true\">\n\t\t\t\t\t\t\t\t\t\t\t\t\t\t\t<span class=\"elementor-toggle-icon-closed\"><i class=\"fas fa-caret-right\"><\/i><\/span>\n\t\t\t\t\t\t\t\t<span class=\"elementor-toggle-icon-opened\"><i class=\"elementor-toggle-icon-opened fas fa-caret-down\"><\/i><\/span>\n\t\t\t\t\t\t\t\t\t\t\t\t\t<\/span>\n\t\t\t\t\t\t\t\t\t\t\t\t<a class=\"elementor-toggle-title\" tabindex=\"0\">Documenta\u00e7\u00e3o Editais de Inicia\u00e7\u00e3o Cient\u00edfica<\/a>\n\t\t\t\t\t<\/div>\n\n\t\t\t\t\t<div id=\"elementor-tab-content-1831\" class=\"elementor-tab-content elementor-clearfix\" data-tab=\"1\" role=\"region\" aria-labelledby=\"elementor-tab-title-1831\"><p>Encontre aqui a documenta\u00e7\u00e3o para os editaIs IC UNIFICADO (PROBIC\/FAPERGS e PIBIC\/CNPq), PIBIC EM (Ensino M\u00e9dio) e PIBIC AF (A\u00e7\u00f5es Afirmativas).<\/p><ul><li><a href=\"https:\/\/www.ufsm.br\/app\/uploads\/sites\/345\/2025\/04\/ANEXO-1_Minuta-do-Projeto_Edital-017_2025_ICUNIFICADO.doc\">Minuta de Projeto para Editais de IC (UNIFICADO, PIBIC AF e PIBIC EM)<\/a><\/li><li><a href=\"https:\/\/www.ufsm.br\/app\/uploads\/sites\/345\/2025\/04\/Ficha-de-Avaliacao-IC-PIBIC-AF-2025.xlsx\">Ficha de Avalia\u00e7\u00e3o PIBIC AF 2025<\/a><\/li><li><a href=\"https:\/\/www.ufsm.br\/app\/uploads\/sites\/345\/2025\/04\/Ficha-de-Avaliacao-IC-PIBIC-EM-2025.xlsx\">Ficha de Avalia\u00e7\u00e3o PIBIC EM 2025<\/a><\/li><li><a href=\"https:\/\/www.ufsm.br\/app\/uploads\/sites\/345\/2025\/04\/Ficha-de-Avaliacao-IC-Ciencias-Agrarias-2025-1.xlsx\">Ficha de Avalia\u00e7\u00e3o IC UNIFICADO &#8211; Ci\u00eancias Agr\u00e1rias &#8211; 2025<\/a><\/li><li><a href=\"https:\/\/www.ufsm.br\/app\/uploads\/sites\/345\/2025\/04\/Ficha-de-Avaliacao-IC-Ciencias-Biologicas-2025-1.xlsx\" target=\"_blank\" rel=\"noopener\">Ficha de Avalia\u00e7\u00e3o IC UNIFICADO &#8211; Ci\u00eancias Biol\u00f3gicas &#8211; 2025<\/a><a href=\"https:\/\/www.ufsm.br\/app\/uploads\/sites\/345\/2024\/05\/Ficha-de-Avaliacao-IC-Ciencias-Biologicas-2024_nova.xlsx\">\u00a0<\/a><\/li><li><a href=\"https:\/\/www.ufsm.br\/app\/uploads\/sites\/345\/2025\/04\/Ficha-de-Avaliacao-IC-Ciencias-da-Saude-2025.xlsx\">Ficha de Avalia\u00e7\u00e3o IC UNIFICADO &#8211; Ci\u00eancias da Sa\u00fade &#8211; 2025<\/a><\/li><li><a href=\"https:\/\/www.ufsm.br\/app\/uploads\/sites\/345\/2025\/04\/Ficha-de-Avaliacao-IC-Ciencias-Exatas-e-da-Terra-2025.xlsx\">Ficha de Avalia\u00e7\u00e3o IC UNIFICADO &#8211; Ci\u00eancias Exatas e da Terra &#8211; 2025<\/a><\/li><li><a href=\"https:\/\/www.ufsm.br\/app\/uploads\/sites\/345\/2025\/04\/Ficha-de-Avaliacao-IC-Ciencias-Humanas-2025.xlsx\" target=\"_blank\" rel=\"noopener\">Ficha de Avalia\u00e7\u00e3o IC UNIFICADO &#8211; Ci\u00eancias Humanas &#8211; 2025<\/a><\/li><li><a href=\"https:\/\/www.ufsm.br\/app\/uploads\/sites\/345\/2025\/04\/Ficha-de-Avaliacao-IC-Ciencias-Sociais-Aplicadas-2025.xlsx\" target=\"_blank\" rel=\"noopener\">Ficha de Avalia\u00e7\u00e3o IC UNIFICADO &#8211; Ci\u00eancias Sociais Aplicadas &#8211; 2025<\/a><\/li><li><a href=\"https:\/\/www.ufsm.br\/app\/uploads\/sites\/345\/2025\/04\/Ficha-de-Avaliacao-IC-Engenharias-2025.xlsx\" target=\"_blank\" rel=\"noopener\">Ficha de Avalia\u00e7\u00e3o IC UNIFICADO &#8211; Engenharias &#8211; 2025<\/a><\/li><li><a href=\"https:\/\/www.ufsm.br\/app\/uploads\/sites\/345\/2025\/04\/Ficha-de-Avaliacao-IC-Multidisciplinar-2025.xlsx\">Ficha de Avalia\u00e7\u00e3o IC UNIFICADO &#8211; Multidisciplinar &#8211; 2025<\/a><\/li><li><a href=\"https:\/\/www.ufsm.br\/app\/uploads\/sites\/345\/2025\/04\/Ficha-de-Avaliacao-IC-Linguistica-Letras-e-Artes-2025.xlsx\">Ficha de Avalia\u00e7\u00e3o IC UNFICADO &#8211; Lingu\u00edstica, Letras e Artes &#8211; 2025<\/a><\/li><li><a href=\"https:\/\/www.ufsm.br\/app\/uploads\/sites\/345\/2023\/05\/GUIA-PARA-PREENCHIMENTO-DA-FICHA-DE-AVALIACAO-FINAL.pdf\" target=\"_blank\" rel=\"noopener\">Guia para aux\u00edlio no preenchimento da Ficha de Avalia\u00e7\u00e3o &#8211; 202<\/a>5<\/li><\/ul><\/div>\n\t\t\t\t<\/div>\n\t\t\t\t\t\t\t<div class=\"elementor-toggle-item\">\n\t\t\t\t\t<div id=\"elementor-tab-title-1832\" class=\"elementor-tab-title\" data-tab=\"2\" role=\"button\" aria-controls=\"elementor-tab-content-1832\" aria-expanded=\"false\">\n\t\t\t\t\t\t\t\t\t\t\t\t<span class=\"elementor-toggle-icon elementor-toggle-icon-left\" aria-hidden=\"true\">\n\t\t\t\t\t\t\t\t\t\t\t\t\t\t\t<span class=\"elementor-toggle-icon-closed\"><i class=\"fas fa-caret-right\"><\/i><\/span>\n\t\t\t\t\t\t\t\t<span class=\"elementor-toggle-icon-opened\"><i class=\"elementor-toggle-icon-opened fas fa-caret-down\"><\/i><\/span>\n\t\t\t\t\t\t\t\t\t\t\t\t\t<\/span>\n\t\t\t\t\t\t\t\t\t\t\t\t<a class=\"elementor-toggle-title\" tabindex=\"0\">Normas e Resolu\u00e7\u00f5es da UFSM<\/a>\n\t\t\t\t\t<\/div>\n\n\t\t\t\t\t<div id=\"elementor-tab-content-1832\" class=\"elementor-tab-content elementor-clearfix\" data-tab=\"2\" role=\"region\" aria-labelledby=\"elementor-tab-title-1832\"><ul><li style=\"list-style-type: none\"><ul><li><a href=\"https:\/\/www.ufsm.br\/pro-reitorias\/proplan\/resolucao-ufsm-n-176-2024\">Resolu\u00e7\u00e3o 176\/2024 &#8211; Regulamenta a concess\u00e3o de aux\u00edlios financeiros para discentes no \u00e2mbito da Universidade Federal de Santa Maria.<\/a><\/li><li><a href=\"https:\/\/www.ufsm.br\/app\/uploads\/sites\/345\/2018\/08\/resolu__o_n__2009_006__92.pdf\">Resolu\u00e7\u00e3o n.006\/2009\u00a0&#8211;\u00a0Institui o Fundo de Incentivo \u00e0 Inova\u00e7\u00e3o Tecnol\u00f3gica (FIT), sob a responsabilidade da PRPGP<\/a><\/li><li><a href=\"https:\/\/www.ufsm.br\/pro-reitorias\/proplan?page_id=5278\">Resolu\u00e7\u00e3o n.118\/2023 &#8211; Estabelece normas para realiza\u00e7\u00e3o da Jornada Acad\u00eamica Integrada e d\u00e1 outras provid\u00eancias<\/a><\/li><li><a href=\"https:\/\/www.ufsm.br\/app\/uploads\/sites\/345\/2018\/08\/resolu__o_n__1983_022___92.pdf\">Resolu\u00e7\u00e3o n.022\/1983 &#8211; Cria o Fundo de Incentivo \u00e0 Pesquisa (FIPE), vinculado \u00e0 PRPGP<\/a><\/li><li><a href=\"https:\/\/www.ufsm.br\/app\/uploads\/sites\/345\/2018\/12\/Parecer-00012_2018.pdf\">Parecer 12\/2018\/PROJUR &#8211; Inclus\u00e3o de servidor t\u00e9cnico-administrativo TAE como orientador de pesquisa acad\u00eamica<\/a><\/li><li><a href=\"https:\/\/www.ufsm.br\/app\/uploads\/sites\/345\/2018\/12\/Nota_t\u00e9cnica_PROPLAN_012017.pdf\">Nota t\u00e9cnica 01\/2017\/PROPLAN &#8211; Atendimento ao plano de aplica\u00e7\u00e3o e os casos de necessidade da readequa\u00e7\u00e3o dos respectivos planos<\/a><\/li><li><a href=\"https:\/\/www.ufsm.br\/app\/uploads\/sites\/345\/2019\/03\/RES_GR_2004_12.pdf\">Resolu\u00e7\u00e3o 012\/2004 &#8211; Pessoal Volunt\u00e1rio<\/a><\/li><li><a href=\"https:\/\/www.ufsm.br\/pro-reitorias\/proplan\/resolucao-ufsm-n-104-2022\">Resolu\u00e7\u00e3o 104\/2022 &#8211; Estabelece a nova estrutura organizacional da Pr\u00f3-reitoria de P\u00f3s-Gradua\u00e7\u00e3o e Pesquisa (PRPGP).<\/a><\/li><\/ul><\/li><\/ul><\/div>\n\t\t\t\t<\/div>\n\t\t\t\t\t\t\t<div class=\"elementor-toggle-item\">\n\t\t\t\t\t<div id=\"elementor-tab-title-1833\" class=\"elementor-tab-title\" data-tab=\"3\" role=\"button\" aria-controls=\"elementor-tab-content-1833\" aria-expanded=\"false\">\n\t\t\t\t\t\t\t\t\t\t\t\t<span class=\"elementor-toggle-icon elementor-toggle-icon-left\" aria-hidden=\"true\">\n\t\t\t\t\t\t\t\t\t\t\t\t\t\t\t<span class=\"elementor-toggle-icon-closed\"><i class=\"fas fa-caret-right\"><\/i><\/span>\n\t\t\t\t\t\t\t\t<span class=\"elementor-toggle-icon-opened\"><i class=\"elementor-toggle-icon-opened fas fa-caret-down\"><\/i><\/span>\n\t\t\t\t\t\t\t\t\t\t\t\t\t<\/span>\n\t\t\t\t\t\t\t\t\t\t\t\t<a class=\"elementor-toggle-title\" tabindex=\"0\">Documenta\u00e7\u00e3o Bolsas FAPERGS<\/a>\n\t\t\t\t\t<\/div>\n\n\t\t\t\t\t<div id=\"elementor-tab-content-1833\" class=\"elementor-tab-content elementor-clearfix\" data-tab=\"3\" role=\"region\" aria-labelledby=\"elementor-tab-title-1833\"><ul><li><a href=\"https:\/\/www.ufsm.br\/app\/uploads\/sites\/345\/2022\/03\/Formulario_substituicao_cancelamento_bolsista_2021_FAPERGS.docx\">Formul\u00e1rio de cancelamento\/substitui\u00e7\u00e3o de bolsista<\/a><\/li><li><a href=\"https:\/\/www.ufsm.br\/app\/uploads\/sites\/345\/2022\/03\/Edital-002_2021_PROBIC_PROBITI_FAPERGS.pdf\">Edital 02\/2021 PROBIC\/PROBITI &#8211; FAPERGS<\/a><\/li><li><a href=\"https:\/\/www.ufsm.br\/app\/uploads\/sites\/345\/2022\/03\/TERMO-DE-OUTORGA-PROBIC-PROBIT-2021-UFSM-2.docx\">Termo de Outorga &#8211; FAPERGS <\/a><\/li><li><a href=\"https:\/\/www.ufsm.br\/app\/uploads\/sites\/345\/2022\/03\/MODELO_RELATORIO_BOLSAS-_CIC_PRPGP.docx\">Modelo Relat\u00f3rio Bolsista<\/a><\/li><\/ul><\/div>\n\t\t\t\t<\/div>\n\t\t\t\t\t\t\t<div class=\"elementor-toggle-item\">\n\t\t\t\t\t<div id=\"elementor-tab-title-1834\" class=\"elementor-tab-title\" data-tab=\"4\" role=\"button\" aria-controls=\"elementor-tab-content-1834\" aria-expanded=\"false\">\n\t\t\t\t\t\t\t\t\t\t\t\t<span class=\"elementor-toggle-icon elementor-toggle-icon-left\" aria-hidden=\"true\">\n\t\t\t\t\t\t\t\t\t\t\t\t\t\t\t<span class=\"elementor-toggle-icon-closed\"><i class=\"fas fa-caret-right\"><\/i><\/span>\n\t\t\t\t\t\t\t\t<span class=\"elementor-toggle-icon-opened\"><i class=\"elementor-toggle-icon-opened fas fa-caret-down\"><\/i><\/span>\n\t\t\t\t\t\t\t\t\t\t\t\t\t<\/span>\n\t\t\t\t\t\t\t\t\t\t\t\t<a class=\"elementor-toggle-title\" tabindex=\"0\">Avalia\u00e7\u00e3o<\/a>\n\t\t\t\t\t<\/div>\n\n\t\t\t\t\t<div id=\"elementor-tab-content-1834\" class=\"elementor-tab-content elementor-clearfix\" data-tab=\"4\" role=\"region\" aria-labelledby=\"elementor-tab-title-1834\"><ul><li><a href=\"https:\/\/www.ufsm.br\/app\/uploads\/sites\/345\/2023\/04\/Tutorial-para-encaminhar-recurso-PEN-ao-COIC-2023.pdf\" target=\"_blank\" rel=\"noopener\">Tutorial para abertura de PEN _ Recurso aos Comit\u00eas Institucionais<\/a><\/li><li><a href=\"https:\/\/www.ufsm.br\/app\/uploads\/sites\/345\/2024\/06\/Orientacoes-para-os-avaliadores-2024.pdf\" target=\"_blank\" rel=\"noopener\">Orienta\u00e7\u00f5es aos avaliadores &#8211; Editais de IC 2024<\/a><\/li><li><a href=\"https:\/\/www.ufsm.br\/app\/uploads\/sites\/345\/2024\/06\/Orientacoes-para-os-avaliadores-ITI-2024.pdf\" target=\"_blank\" rel=\"noopener\">Orienta\u00e7\u00f5es aos avaliadores &#8211; Editais de IT 202<\/a>4<\/li><li><a href=\"https:\/\/www.ufsm.br\/app\/uploads\/sites\/345\/2025\/04\/Docentes-Abril-2025.pdf\">Docentes UFSM &#8211; Status em Abril<span style=\"font-weight: var( --e-global-typography-text-font-weight )\">\u00a0202<\/span>5<\/a><\/li><li><a href=\"https:\/\/www.ufsm.br\/app\/uploads\/sites\/345\/2024\/06\/Bolsistas-em-Produtividade-em-Pesquisa-2024.pdf\">Bolsistas de Produtividade &#8211; PQ &#8211; 2024\u00a0<\/a><\/li><li><a href=\"https:\/\/www.ufsm.br\/app\/uploads\/sites\/345\/2024\/06\/bolsistas-DT-UFSM-maio-2024.pdf\" target=\"_blank\" rel=\"noopener\">Bolsistas de Produtividade &#8211; DT &#8211; 2024<\/a><\/li><li><a href=\"https:\/\/www.ufsm.br\/app\/uploads\/sites\/345\/2024\/06\/Como-consultar-docentes-em-PG.pdf\" target=\"_blank\" rel=\"noopener\">Docentes atuando em PG<\/a><\/li><\/ul><\/div>\n\t\t\t\t<\/div>\n\t\t\t\t\t\t\t<div class=\"elementor-toggle-item\">\n\t\t\t\t\t<div id=\"elementor-tab-title-1835\" class=\"elementor-tab-title\" data-tab=\"5\" role=\"button\" aria-controls=\"elementor-tab-content-1835\" aria-expanded=\"false\">\n\t\t\t\t\t\t\t\t\t\t\t\t<span class=\"elementor-toggle-icon elementor-toggle-icon-left\" aria-hidden=\"true\">\n\t\t\t\t\t\t\t\t\t\t\t\t\t\t\t<span class=\"elementor-toggle-icon-closed\"><i class=\"fas fa-caret-right\"><\/i><\/span>\n\t\t\t\t\t\t\t\t<span class=\"elementor-toggle-icon-opened\"><i class=\"elementor-toggle-icon-opened fas fa-caret-down\"><\/i><\/span>\n\t\t\t\t\t\t\t\t\t\t\t\t\t<\/span>\n\t\t\t\t\t\t\t\t\t\t\t\t<a class=\"elementor-toggle-title\" tabindex=\"0\">Normas e Resolu\u00e7\u00f5es do CNPQ<\/a>\n\t\t\t\t\t<\/div>\n\n\t\t\t\t\t<div id=\"elementor-tab-content-1835\" class=\"elementor-tab-content elementor-clearfix\" data-tab=\"5\" role=\"region\" aria-labelledby=\"elementor-tab-title-1835\"><ul><li><a href=\"http:\/\/memoria2.cnpq.br\/web\/guest\/view\/-\/journal_content\/56_INSTANCE_0oED\/10157\/100352\">Resolu\u00e7\u00e3o n.017\/2006\u00a0&#8211; Bolsas por quota no pa\u00eds<\/a><\/li><li><a href=\"https:\/\/www.ufsm.br\/app\/uploads\/sites\/345\/2018\/12\/Resolu\u00e7\u00e3o-017_2006-CNPQ.pdf\">Resolu\u00e7\u00e3o 17\/2016 &#8211; Estabelece as normas gerais e espec\u00edficas para as modalidades de bolsas por quota no Pa\u00eds<\/a><\/li><li><a href=\"https:\/\/www.ufsm.br\/app\/uploads\/sites\/345\/2018\/12\/Resolu\u00e7\u00e3o-023_2008-CNPQ.pdf\">Resolu\u00e7\u00e3o 023\/2008 &#8211; Restri\u00e7\u00e3o de concess\u00e3o de bolsa quando houver rela\u00e7\u00e3o de parentesco<\/a><\/li><li><a href=\"https:\/\/www.ufsm.br\/app\/uploads\/sites\/345\/2023\/05\/Chamada-PIBIC-2022-2024.pdf\" target=\"_blank\" rel=\"noopener\">Chamada CNPq 21\/2022 &#8211; PIBIC<\/a><\/li><\/ul><\/div>\n\t\t\t\t<\/div>\n\t\t\t\t\t\t\t<div class=\"elementor-toggle-item\">\n\t\t\t\t\t<div id=\"elementor-tab-title-1836\" class=\"elementor-tab-title\" data-tab=\"6\" role=\"button\" aria-controls=\"elementor-tab-content-1836\" aria-expanded=\"false\">\n\t\t\t\t\t\t\t\t\t\t\t\t<span class=\"elementor-toggle-icon elementor-toggle-icon-left\" aria-hidden=\"true\">\n\t\t\t\t\t\t\t\t\t\t\t\t\t\t\t<span class=\"elementor-toggle-icon-closed\"><i class=\"fas fa-caret-right\"><\/i><\/span>\n\t\t\t\t\t\t\t\t<span class=\"elementor-toggle-icon-opened\"><i class=\"elementor-toggle-icon-opened fas fa-caret-down\"><\/i><\/span>\n\t\t\t\t\t\t\t\t\t\t\t\t\t<\/span>\n\t\t\t\t\t\t\t\t\t\t\t\t<a class=\"elementor-toggle-title\" tabindex=\"0\">Cadernos de Indicadores<\/a>\n\t\t\t\t\t<\/div>\n\n\t\t\t\t\t<div id=\"elementor-tab-content-1836\" class=\"elementor-tab-content elementor-clearfix\" data-tab=\"6\" role=\"region\" aria-labelledby=\"elementor-tab-title-1836\"><ul><li><a href=\"https:\/\/www.ufsm.br\/app\/uploads\/sites\/345\/2018\/08\/Relatorio-de-gestao-CIC-2010-2013.pdf\">Relat\u00f3rio de Gest\u00e3o 2010-2013<\/a><\/li><li><a href=\"https:\/\/www.ufsm.br\/app\/uploads\/sites\/345\/2018\/08\/Caderno-Indicadores-da-PRPGP-CIC-2012.pdf\">Caderno de Indicadores CIC 2012<\/a><\/li><li><a href=\"https:\/\/www.ufsm.br\/app\/uploads\/sites\/345\/2018\/08\/Caderno-Indicadores-da-PRPGP-CIC-2011.pdf\">Caderno de Indicadores CIC 2011<\/a><\/li><li><a href=\"https:\/\/www.ufsm.br\/app\/uploads\/sites\/345\/2018\/08\/Caderno-Indicadores-da-PRPGP-CIC-2010.pdf\">Caderno de Indicadores CIC 2010<\/a><\/li><li><a href=\"https:\/\/www.ufsm.br\/app\/uploads\/sites\/345\/2018\/08\/Caderno-Indicadores-da-PRPGP-CIC-2009.pdf\">Caderno de Indicadores CIC 2009<\/a><\/li><\/ul><\/div>\n\t\t\t\t<\/div>\n\t\t\t\t\t\t\t<div class=\"elementor-toggle-item\">\n\t\t\t\t\t<div id=\"elementor-tab-title-1837\" class=\"elementor-tab-title\" data-tab=\"7\" role=\"button\" aria-controls=\"elementor-tab-content-1837\" aria-expanded=\"false\">\n\t\t\t\t\t\t\t\t\t\t\t\t<span class=\"elementor-toggle-icon elementor-toggle-icon-left\" aria-hidden=\"true\">\n\t\t\t\t\t\t\t\t\t\t\t\t\t\t\t<span class=\"elementor-toggle-icon-closed\"><i class=\"fas fa-caret-right\"><\/i><\/span>\n\t\t\t\t\t\t\t\t<span class=\"elementor-toggle-icon-opened\"><i class=\"elementor-toggle-icon-opened fas fa-caret-down\"><\/i><\/span>\n\t\t\t\t\t\t\t\t\t\t\t\t\t<\/span>\n\t\t\t\t\t\t\t\t\t\t\t\t<a class=\"elementor-toggle-title\" tabindex=\"0\">Modelos de Formul\u00e1rios<\/a>\n\t\t\t\t\t<\/div>\n\n\t\t\t\t\t<div id=\"elementor-tab-content-1837\" class=\"elementor-tab-content elementor-clearfix\" data-tab=\"7\" role=\"region\" aria-labelledby=\"elementor-tab-title-1837\"><ul><li><a href=\"https:\/\/www.ufsm.br\/app\/uploads\/sites\/345\/2025\/02\/MODELO_RELATORIO_BOLSAS-_NGIC_PRPGP.docx\">Modelo de Relat\u00f3rio de bolsas<\/a><\/li><li><a href=\"https:\/\/www.ufsm.br\/app\/uploads\/sites\/345\/2023\/04\/Plano-de-trabalho-complementar_FIT-1.doc\">Plano de Trabalho Complementar (Para renova\u00e7\u00e3o de bolsas FIT)<\/a><\/li><\/ul><\/div>\n\t\t\t\t<\/div>\n\t\t\t\t\t\t\t\t<\/div>\n\t\t\t\t<\/div>\n\t\t\t\t<\/div>\n\t\t\t\t\t<\/div>\n\t\t<\/div>\n\t\t\t\t\t<\/div>\n\t\t<\/section>\n\t\t\t\t<\/div>\n\t\t","protected":false},"excerpt":{"rendered":"<p>Documenta\u00e7\u00e3o Editais de Inicia\u00e7\u00e3o Cient\u00edfica Encontre aqui a documenta\u00e7\u00e3o para os editaIs IC UNIFICADO (PROBIC\/FAPERGS e PIBIC\/CNPq), PIBIC EM (Ensino M\u00e9dio) e PIBIC AF (A\u00e7\u00f5es Afirmativas). Minuta de Projeto para Editais de IC (UNIFICADO, PIBIC AF e PIBIC EM) Ficha de Avalia\u00e7\u00e3o PIBIC AF 2025 Ficha de Avalia\u00e7\u00e3o PIBIC EM 2025 Ficha de Avalia\u00e7\u00e3o IC [&hellip;]<\/p>\n","protected":false},"author":99,"featured_media":0,"parent":0,"menu_order":0,"comment_status":"closed","ping_status":"closed","template":"","meta":{"footnotes":""},"categories":[],"tags":[613,615],"class_list":["post-7127","page","type-page","status-publish","hentry","tag-cic","tag-coordenacao-de-iniciacao-cientifica"],"acf":[],"_links":{"self":[{"href":"https:\/\/www.ufsm.br\/pro-reitorias\/prpgp\/wp-json\/wp\/v2\/pages\/7127","targetHints":{"allow":["GET"]}}],"collection":[{"href":"https:\/\/www.ufsm.br\/pro-reitorias\/prpgp\/wp-json\/wp\/v2\/pages"}],"about":[{"href":"https:\/\/www.ufsm.br\/pro-reitorias\/prpgp\/wp-json\/wp\/v2\/types\/page"}],"author":[{"embeddable":true,"href":"https:\/\/www.ufsm.br\/pro-reitorias\/prpgp\/wp-json\/wp\/v2\/users\/99"}],"replies":[{"embeddable":true,"href":"https:\/\/www.ufsm.br\/pro-reitorias\/prpgp\/wp-json\/wp\/v2\/comments?post=7127"}],"version-history":[{"count":0,"href":"https:\/\/www.ufsm.br\/pro-reitorias\/prpgp\/wp-json\/wp\/v2\/pages\/7127\/revisions"}],"wp:attachment":[{"href":"https:\/\/www.ufsm.br\/pro-reitorias\/prpgp\/wp-json\/wp\/v2\/media?parent=7127"}],"wp:term":[{"taxonomy":"category","embeddable":true,"href":"https:\/\/www.ufsm.br\/pro-reitorias\/prpgp\/wp-json\/wp\/v2\/categories?post=7127"},{"taxonomy":"post_tag","embeddable":true,"href":"https:\/\/www.ufsm.br\/pro-reitorias\/prpgp\/wp-json\/wp\/v2\/tags?post=7127"}],"curies":[{"name":"wp","href":"https:\/\/api.w.org\/{rel}","templated":true}]}}