{"id":7277,"date":"2018-09-11T08:58:38","date_gmt":"2018-09-11T11:58:38","guid":{"rendered":"https:\/\/www.ufsm.br\/pro-reitorias\/prpgp\/?page_id=7277"},"modified":"2024-08-27T10:55:53","modified_gmt":"2024-08-27T13:55:53","slug":"ingresso","status":"publish","type":"page","link":"https:\/\/www.ufsm.br\/pro-reitorias\/prpgp\/ingresso","title":{"rendered":"Ingresso"},"content":{"rendered":"\t\t<div data-elementor-type=\"wp-page\" data-elementor-id=\"7277\" class=\"elementor elementor-7277\">\n\t\t\t\t\t\t<section class=\"elementor-section elementor-top-section elementor-element elementor-element-eb8a02a elementor-section-boxed elementor-section-height-default elementor-section-height-default\" data-id=\"eb8a02a\" data-element_type=\"section\">\n\t\t\t\t\t\t<div class=\"elementor-container elementor-column-gap-default\">\n\t\t\t\t\t<div class=\"elementor-column elementor-col-100 elementor-top-column elementor-element elementor-element-c58651a\" data-id=\"c58651a\" data-element_type=\"column\">\n\t\t\t<div class=\"elementor-widget-wrap elementor-element-populated\">\n\t\t\t\t\t\t<div class=\"elementor-element elementor-element-008f09d elementor-widget elementor-widget-text-editor\" data-id=\"008f09d\" data-element_type=\"widget\" data-widget_type=\"text-editor.default\">\n\t\t\t\t<div class=\"elementor-widget-container\">\n\t\t\t\t\t\t\t<p>A PRPGP realiza a ger\u00eancia, execu\u00e7\u00e3o e homologa\u00e7\u00e3o de todos os Processos Seletivos de ingresso na p\u00f3s-gradua\u00e7\u00e3o da UFSM.<\/p><p>D\u00favidas espec\u00edficas a respeito do Edital Geral de Sele\u00e7\u00e3o podem ser encaminhadas ao N\u00facleo de Bolsas e Editais, atrav\u00e9s do telefone 55 3220 9451 ou pelo e-mail <a class=\"notranslate\" href=\"mailto:editais.cpg@ufsm.br\">editais.cpg@ufsm.br<\/a>.<\/p>\t\t\t\t\t\t<\/div>\n\t\t\t\t<\/div>\n\t\t\t\t\t<\/div>\n\t\t<\/div>\n\t\t\t\t\t<\/div>\n\t\t<\/section>\n\t\t\t\t<section class=\"elementor-section elementor-top-section elementor-element elementor-element-129b88f elementor-section-boxed elementor-section-height-default elementor-section-height-default\" data-id=\"129b88f\" data-element_type=\"section\">\n\t\t\t\t\t\t<div class=\"elementor-container elementor-column-gap-default\">\n\t\t\t\t\t<div class=\"elementor-column elementor-col-100 elementor-top-column elementor-element elementor-element-900edfd\" data-id=\"900edfd\" data-element_type=\"column\">\n\t\t\t<div class=\"elementor-widget-wrap elementor-element-populated\">\n\t\t\t\t\t\t<div class=\"elementor-element elementor-element-a56af02 elementor-widget elementor-widget-heading\" data-id=\"a56af02\" data-element_type=\"widget\" data-widget_type=\"heading.default\">\n\t\t\t\t<div class=\"elementor-widget-container\">\n\t\t\t<h5 class=\"elementor-heading-title elementor-size-default\">COMO POSSO INGRESSAR EM UM CURSO DE MESTRADO OU DOUTORADO NA UFSM?<\/h5>\t\t<\/div>\n\t\t\t\t<\/div>\n\t\t\t\t<section class=\"elementor-section elementor-inner-section elementor-element elementor-element-fee4074 elementor-section-boxed elementor-section-height-default elementor-section-height-default\" data-id=\"fee4074\" data-element_type=\"section\">\n\t\t\t\t\t\t<div class=\"elementor-container elementor-column-gap-default\">\n\t\t\t\t\t<div class=\"elementor-column elementor-col-100 elementor-inner-column elementor-element elementor-element-ed1494f\" data-id=\"ed1494f\" data-element_type=\"column\">\n\t\t\t<div class=\"elementor-widget-wrap elementor-element-populated\">\n\t\t\t\t\t\t<div class=\"elementor-element elementor-element-3536137 elementor-widget elementor-widget-text-editor\" data-id=\"3536137\" data-element_type=\"widget\" data-widget_type=\"text-editor.default\">\n\t\t\t\t<div class=\"elementor-widget-container\">\n\t\t\t\t\t\t\t<p>Existem duas formas de ingresso nos cursos de p\u00f3s-gradua\u00e7\u00e3o stricto sensu da UFSM. A primeira \u00e9 via sele\u00e7\u00e3o p\u00fablica e a segunda \u00e9 via conv\u00eanios.<\/p><p><strong>SELE\u00c7\u00c3O P\u00daBLICA DE P\u00d3S-GRADUA\u00c7\u00c3O:<\/strong><\/p><p><span style=\"font-family: georgia, palatino, serif\">A sele\u00e7\u00e3o p\u00fablica ocorre via edital, por sistema de janelas: at\u00e9<span style=\"font-size: 12pt\"><span style=\"background-color: transparent;text-align: var(--bs-body-text-align)\"> 4 janelas de ingresso no ano: MAR\u00c7O e AGOSTO, sendo o ingresso no in\u00edcio do semestre acad\u00eamico e matr\u00edcula nas disciplinas regulares. E JUNHO e NOVEMBRO, com matr\u00edcula em EDT ou disciplinas condensadas, conforme oferta dos cursos.<\/span><\/span><\/span><\/p><p><span style=\"font-family: georgia, palatino, serif\">No momento n\u00e3o h<\/span>\u00e1\u00a0 cobran\u00e7a de taxa de inscri\u00e7\u00e3o, assim como n\u00e3o h\u00e1 cobran\u00e7a de mensalidades, pois os cursos de mestrado e doutorado da UFSM s\u00e3o todos gratuitos. Caso seja admitido, poder\u00e1 concorrer \u00e0 bolsa de estudos no valor de R$ 2.100, 00 (mestrado) ou R$ 3.100,00 (doutorado).<\/p><p>\u00c9 importante salientar que nem todos os cursos abrem vagas nas quatro janelas ao ano. Assim, sugerimos o acesso ao site da Pr\u00f3-Reitoria, onde constam os cursos stricto sensu ofertados na UFSM e as formas de contato com cada um.<\/p><p><span style=\"font-size: 16px\">Editais podem ser conferidos em:\u00a0<\/span><a style=\"font-size: 16px\" href=\"https:\/\/www.ufsm.br\/pro-reitorias\/prpgp\/editais\/\">https:\/\/www.ufsm.br\/pro-reitorias\/prpgp\/editais\/<\/a><span style=\"font-size: 16px\">\u00a0<\/span><\/p><p><strong>CONV\u00caNIOS:<\/strong><\/p><p>Candidatos estrangeiros podem participar da sele\u00e7\u00e3o p\u00fablica ou ingressar por conv\u00eanios, atrav\u00e9s de programas de ag\u00eancias de fomento, como CAPES e CNPq. Atualmente, os dois programas mais comuns s\u00e3o o Programa de Estudantes-Conv\u00eanio de P\u00f3s-Gradua\u00e7\u00e3o \u2013\u00a0<a href=\"https:\/\/www.gov.br\/mre\/pt-br\/assuntos\/cultura-e-educacao\/temas-educacionais\/oportunidades-de-estudo-para-estrangeiros\/pec-pg-pos-graduacao\">PEC-PG<\/a>\u00a0e o Programa de Alian\u00e7as para a Educa\u00e7\u00e3o e Capacita\u00e7\u00e3o \u2013\u00a0<a href=\"https:\/\/www.gcub.org.br\/programas\/programa-bolsas-brasil-paec-oea-gcub\/\">PAEC\/GCUB<\/a>.<\/p>\t\t\t\t\t\t<\/div>\n\t\t\t\t<\/div>\n\t\t\t\t\t<\/div>\n\t\t<\/div>\n\t\t\t\t\t<\/div>\n\t\t<\/section>\n\t\t\t\t\t<\/div>\n\t\t<\/div>\n\t\t\t\t\t<\/div>\n\t\t<\/section>\n\t\t\t\t<section class=\"elementor-section elementor-top-section elementor-element elementor-element-a00d344 elementor-section-boxed elementor-section-height-default elementor-section-height-default\" data-id=\"a00d344\" data-element_type=\"section\">\n\t\t\t\t\t\t<div class=\"elementor-container elementor-column-gap-default\">\n\t\t\t\t\t<div class=\"elementor-column elementor-col-100 elementor-top-column elementor-element elementor-element-94b0d32\" data-id=\"94b0d32\" data-element_type=\"column\">\n\t\t\t<div class=\"elementor-widget-wrap elementor-element-populated\">\n\t\t\t\t\t\t<div class=\"elementor-element elementor-element-a80d8ce elementor-widget elementor-widget-heading\" data-id=\"a80d8ce\" data-element_type=\"widget\" data-widget_type=\"heading.default\">\n\t\t\t\t<div class=\"elementor-widget-container\">\n\t\t\t<h5 class=\"elementor-heading-title elementor-size-default\">COMO POSSO INGRESSAR EM UM CURSO DE ESPECIALIZA\u00c7\u00c3O NA UFSM?<\/h5>\t\t<\/div>\n\t\t\t\t<\/div>\n\t\t\t\t<section class=\"elementor-section elementor-inner-section elementor-element elementor-element-5dcde45 elementor-section-boxed elementor-section-height-default elementor-section-height-default\" data-id=\"5dcde45\" data-element_type=\"section\">\n\t\t\t\t\t\t<div class=\"elementor-container elementor-column-gap-default\">\n\t\t\t\t\t<div class=\"elementor-column elementor-col-100 elementor-inner-column elementor-element elementor-element-2587767\" data-id=\"2587767\" data-element_type=\"column\">\n\t\t\t<div class=\"elementor-widget-wrap elementor-element-populated\">\n\t\t\t\t\t\t<div class=\"elementor-element elementor-element-8b67c67 elementor-widget elementor-widget-text-editor\" data-id=\"8b67c67\" data-element_type=\"widget\" data-widget_type=\"text-editor.default\">\n\t\t\t\t<div class=\"elementor-widget-container\">\n\t\t\t\t\t\t\t<p><span style=\"font-family: georgia, palatino, serif\">A sele\u00e7\u00e3o p\u00fablica ocorre via edital &#8211; sistema de janelas: at\u00e9<span style=\"font-size: 12pt\"><span style=\"background-color: transparent;text-align: var(--bs-body-text-align)\"> 4 janelas de ingresso no ano: MAR\u00c7O e AGOSTO, sendo o ingresso no in\u00edcio do semestre acad\u00eamico e matr\u00edcula nas disciplinas regulares. E JUNHO e NOVEMBRO, com matr\u00edcula em EDT ou disciplinas condensadas, conforme oferta dos cursos.<\/span><\/span><\/span>. \u00c9 importante salientar que nem todos os cursos abrem vagas duas vezes ao ano.<\/p><p>Demais informa\u00e7\u00f5es sobre os cursos de p\u00f3s-gradua\u00e7\u00e3o da UFSM, deve-se entrar em contato com cada programa, as formas de contatos podem ser obtidas na p\u00e1gina da PRPGP no menu p\u00f3s-gradua\u00e7\u00e3o, onde os cursos est\u00e3o organizados por n\u00edvel (Especializa\u00e7\u00e3o, Mestrado e Doutorado).<\/p><p>Editais anteriores podem ser conferidos em o\u00a0Editais dispon\u00edveis em:\u00a0<a href=\"https:\/\/www.ufsm.br\/pro-reitorias\/prpgp\/editais\/\">https:\/\/www.ufsm.br\/pro-reitorias\/prpgp\/editais\/<\/a>\u00a0<\/p>\t\t\t\t\t\t<\/div>\n\t\t\t\t<\/div>\n\t\t\t\t\t<\/div>\n\t\t<\/div>\n\t\t\t\t\t<\/div>\n\t\t<\/section>\n\t\t\t\t\t<\/div>\n\t\t<\/div>\n\t\t\t\t\t<\/div>\n\t\t<\/section>\n\t\t\t\t<section class=\"elementor-section elementor-top-section elementor-element elementor-element-63ac8ea elementor-section-boxed elementor-section-height-default elementor-section-height-default\" data-id=\"63ac8ea\" data-element_type=\"section\">\n\t\t\t\t\t\t<div class=\"elementor-container elementor-column-gap-default\">\n\t\t\t\t\t<div class=\"elementor-column elementor-col-100 elementor-top-column elementor-element elementor-element-b74d399\" data-id=\"b74d399\" data-element_type=\"column\">\n\t\t\t<div class=\"elementor-widget-wrap elementor-element-populated\">\n\t\t\t\t\t\t<div class=\"elementor-element elementor-element-32a3c34 elementor-widget elementor-widget-heading\" data-id=\"32a3c34\" data-element_type=\"widget\" data-widget_type=\"heading.default\">\n\t\t\t\t<div class=\"elementor-widget-container\">\n\t\t\t<h5 class=\"elementor-heading-title elementor-size-default\">NORMATIVA DA P\u00d3S-GRADUA\u00c7\u00c3O<\/h5>\t\t<\/div>\n\t\t\t\t<\/div>\n\t\t\t\t<div class=\"elementor-element elementor-element-ee13b72 elementor-widget elementor-widget-text-editor\" data-id=\"ee13b72\" data-element_type=\"widget\" data-widget_type=\"text-editor.default\">\n\t\t\t\t<div class=\"elementor-widget-container\">\n\t\t\t\t\t\t\t<div>REGULAMENTO GERAL DA P\u00d3S-GRADUA\u00c7\u00c3O STRICTO SENSU DA UFSM, Anexo I da Resolu\u00e7\u00e3o UFSM n\u00b0 139, de 29 de agosto de 2023, que se constitui como Anexo II da Resolu\u00e7\u00e3o UFSM n\u00b0 015\/2014.<\/div><div>&#8220;&#8230;\u00a0<\/div><div>Art. 72. A admiss\u00e3o em programa de p\u00f3s-gradua\u00e7\u00e3o \u00e9 condicionada \u00e0 conclus\u00e3o de curso de gradua\u00e7\u00e3o oficialmente reconhecido no pa\u00eds ou no exterior.\u00a0<br \/>\u00a7 1\u00b0 Caso o diploma de gradua\u00e7\u00e3o ainda n\u00e3o tenha sido expedido pela institui\u00e7\u00e3o de origem, poder\u00e1 ser aceita declara\u00e7\u00e3o\/certificado de cola\u00e7\u00e3o de grau, que dever\u00e1 ser substitu\u00edda pelo diploma em at\u00e9 6 (seis) meses a partir do ingresso no programa.\u00a0<br \/>\u00a7 2\u00b0 Em casos excepcionais, a crit\u00e9rio da Pr\u00f3-reitoria de P\u00f3s-gradua\u00e7\u00e3o e Pesquisa (PRPGP), poder\u00e1 ser admitida matr\u00edcula de alunos(as) que comprovem o cumprimento de todos os requisitos para conclus\u00e3o do curso, sendo concedido prazo de at\u00e9 6 (seis) meses a partir do ingresso no programa para apresenta\u00e7\u00e3o do diploma de gradua\u00e7\u00e3o.\u00a0<\/div><div>Art. 73. Poder\u00e1 haver o ingresso direto no curso de doutorado, sem a exig\u00eancia do t\u00edtulo de mestre como requisito.<br \/>Art. 74. Os requisitos espec\u00edficos para a inscri\u00e7\u00e3o e sele\u00e7\u00e3o de candidatos(as) aos cursos de p\u00f3s-gradua\u00e7\u00e3o ser\u00e3o definidos nos respectivos editais p\u00fablicos de abertura de inscri\u00e7\u00e3o aos cursos de p\u00f3s-gradua\u00e7\u00e3o.\u00a0<br \/>Par\u00e1grafo \u00fanico. Os editais de sele\u00e7\u00e3o dever\u00e3o contemplar a pol\u00edtica de a\u00e7\u00f5es afirmativas e inclus\u00e3o nos programas de p\u00f3s-gradua\u00e7\u00e3o da UFSM consolidada na Resolu\u00e7\u00e3o UFSM n\u00b0 068\/2021 ou outra que venha a substitu\u00ed-la, reservando cotas para o ingresso de pessoas pretas e pardas, ind\u00edgenas, pessoas com defici\u00eancia e outros grupos minorit\u00e1rios, sendo este \u00faltimo grupo definido conforme pol\u00edticas espec\u00edficas dos programas.\u00a0<br \/>Art. 75. A comiss\u00e3o de sele\u00e7\u00e3o de alunos(as) de p\u00f3s-gradua\u00e7\u00e3o ser\u00e1 indicada pelo colegiado do programa, seguindo as normativas estabelecidas na Se\u00e7\u00e3o VII, Da Comiss\u00e3o de Sele\u00e7\u00e3o, do CAP\u00cdTULO III deste regulamento.\u00a0\u00a0<\/div><div>Art. 76. Al\u00e9m do ingresso atrav\u00e9s dos editais de sele\u00e7\u00e3o regulares, ser\u00e1 admitido ingresso de alunos(as) estrangeiros(as) na p\u00f3s-gradua\u00e7\u00e3o por meio de conv\u00eanios internacionais seguindo as normas espec\u00edficas do conv\u00eanio e as normativas vigentes na UFSM para alunos(as) estrangeiros(as). \u00a0<\/div><div>Art. 77. A PRPGP dever\u00e1 atuar para o adequado preenchimento de vagas dos programas de p\u00f3s-gradua\u00e7\u00e3o da UFSM, inclusive mediante o lan\u00e7amento de editais extraordin\u00e1rios ou suplementares e\/ou estabelecimento de cotas regionais e internacionais. \u00a0<\/div><div>Art. 78. \u00c9 vedado o ingresso na p\u00f3s-gradua\u00e7\u00e3o por meio da transfer\u00eancia de outra IES ou de outro programa de p\u00f3s-gradua\u00e7\u00e3o da UFSM.\u00a0<\/div><div>Art. 79. N\u00e3o \u00e9 permitido, por meio da modalidade de reingresso, o ingresso de discentes que foram desligados do respectivo curso. \u00a0<\/div><div>Par\u00e1grafo \u00fanico. O novo registro de matr\u00edcula a discentes que tenham sido desligados de cursos de p\u00f3s-gradua\u00e7\u00e3o somente ser\u00e1 poss\u00edvel ap\u00f3s classifica\u00e7\u00e3o em novo processo seletivo.\u00a0<\/div><p><span style=\"color: #000000;font-size: 1rem;font-weight: var( --e-global-typography-text-font-weight );text-align: var(--bs-body-text-align)\">&#8230;&#8221;<\/span><span style=\"color: #000000;font-size: 1rem;font-weight: var( --e-global-typography-text-font-weight );text-align: var(--bs-body-text-align)\">.<\/span><\/p><p>O Regulamento completo pode ser visto na p\u00e1gina\u00a0<a style=\"font-size: 16px;font-weight: var( --e-global-typography-text-font-weight );text-align: var(--bs-body-text-align);color: #21376b\" href=\"https:\/\/www.ufsm.br\/app\/uploads\/sites\/345\/2023\/10\/RES_UFSM_2023_139_ANEXO_I_Regulamento-Geral-PG-Stricto-Sensu-UFSM-2023.pdf\">Regulamento Geral da P\u00f3s-Gradua\u00e7\u00e3o Stricto Sensu \u2013 RESOLU\u00c7\u00c3O UFSM N\u00b0 139\/2023 \u2013 ANEXO I<\/a><\/p>\t\t\t\t\t\t<\/div>\n\t\t\t\t<\/div>\n\t\t\t\t\t<\/div>\n\t\t<\/div>\n\t\t\t\t\t<\/div>\n\t\t<\/section>\n\t\t\t\t<\/div>\n\t\t","protected":false},"excerpt":{"rendered":"<p>A PRPGP realiza a ger\u00eancia, execu\u00e7\u00e3o e homologa\u00e7\u00e3o de todos os Processos Seletivos de ingresso na p\u00f3s-gradua\u00e7\u00e3o da UFSM. D\u00favidas espec\u00edficas a respeito do Edital Geral de Sele\u00e7\u00e3o podem ser encaminhadas ao N\u00facleo de Bolsas e Editais, atrav\u00e9s do telefone 55 3220 9451 ou pelo e-mail editais.cpg@ufsm.br. COMO POSSO INGRESSAR EM UM CURSO DE MESTRADO [&hellip;]<\/p>\n","protected":false},"author":221,"featured_media":0,"parent":0,"menu_order":0,"comment_status":"closed","ping_status":"closed","template":"","meta":{"footnotes":""},"categories":[],"tags":[],"class_list":["post-7277","page","type-page","status-publish","hentry"],"acf":[],"_links":{"self":[{"href":"https:\/\/www.ufsm.br\/pro-reitorias\/prpgp\/wp-json\/wp\/v2\/pages\/7277","targetHints":{"allow":["GET"]}}],"collection":[{"href":"https:\/\/www.ufsm.br\/pro-reitorias\/prpgp\/wp-json\/wp\/v2\/pages"}],"about":[{"href":"https:\/\/www.ufsm.br\/pro-reitorias\/prpgp\/wp-json\/wp\/v2\/types\/page"}],"author":[{"embeddable":true,"href":"https:\/\/www.ufsm.br\/pro-reitorias\/prpgp\/wp-json\/wp\/v2\/users\/221"}],"replies":[{"embeddable":true,"href":"https:\/\/www.ufsm.br\/pro-reitorias\/prpgp\/wp-json\/wp\/v2\/comments?post=7277"}],"version-history":[{"count":0,"href":"https:\/\/www.ufsm.br\/pro-reitorias\/prpgp\/wp-json\/wp\/v2\/pages\/7277\/revisions"}],"wp:attachment":[{"href":"https:\/\/www.ufsm.br\/pro-reitorias\/prpgp\/wp-json\/wp\/v2\/media?parent=7277"}],"wp:term":[{"taxonomy":"category","embeddable":true,"href":"https:\/\/www.ufsm.br\/pro-reitorias\/prpgp\/wp-json\/wp\/v2\/categories?post=7277"},{"taxonomy":"post_tag","embeddable":true,"href":"https:\/\/www.ufsm.br\/pro-reitorias\/prpgp\/wp-json\/wp\/v2\/tags?post=7277"}],"curies":[{"name":"wp","href":"https:\/\/api.w.org\/{rel}","templated":true}]}}