{"id":7279,"date":"2018-09-11T09:22:51","date_gmt":"2018-09-11T12:22:51","guid":{"rendered":"https:\/\/www.ufsm.br\/pro-reitorias\/prpgp\/?page_id=7279"},"modified":"2022-07-23T22:40:16","modified_gmt":"2022-07-24T01:40:16","slug":"editais-passados","status":"publish","type":"page","link":"https:\/\/www.ufsm.br\/pro-reitorias\/prpgp\/editais-passados","title":{"rendered":"Editais passados"},"content":{"rendered":"\t\t<div data-elementor-type=\"wp-page\" data-elementor-id=\"7279\" class=\"elementor elementor-7279\">\n\t\t\t\t\t\t<section class=\"elementor-section elementor-top-section elementor-element elementor-element-1a9ba1ec elementor-section-boxed elementor-section-height-default elementor-section-height-default\" data-id=\"1a9ba1ec\" data-element_type=\"section\">\n\t\t\t\t\t\t<div class=\"elementor-container elementor-column-gap-default\">\n\t\t\t\t\t<div class=\"elementor-column elementor-col-100 elementor-top-column elementor-element elementor-element-7719577d\" data-id=\"7719577d\" data-element_type=\"column\">\n\t\t\t<div class=\"elementor-widget-wrap elementor-element-populated\">\n\t\t\t\t\t\t<div class=\"elementor-element elementor-element-6ef9cb0 elementor-widget elementor-widget-heading\" data-id=\"6ef9cb0\" data-element_type=\"widget\" data-widget_type=\"heading.default\">\n\t\t\t\t<div class=\"elementor-widget-container\">\n\t\t\t<h5 class=\"elementor-heading-title elementor-size-default\">Editais de Sele\u00e7\u00e3o<\/h5>\t\t<\/div>\n\t\t\t\t<\/div>\n\t\t\t\t<section class=\"elementor-section elementor-inner-section elementor-element elementor-element-d89a3fe elementor-section-boxed elementor-section-height-default elementor-section-height-default\" data-id=\"d89a3fe\" data-element_type=\"section\">\n\t\t\t\t\t\t<div class=\"elementor-container elementor-column-gap-default\">\n\t\t\t\t\t<div class=\"elementor-column elementor-col-100 elementor-inner-column elementor-element elementor-element-b0cb8a5\" data-id=\"b0cb8a5\" data-element_type=\"column\">\n\t\t\t<div class=\"elementor-widget-wrap elementor-element-populated\">\n\t\t\t\t\t\t<div class=\"elementor-element elementor-element-bcf951e elementor-widget elementor-widget-text-editor\" data-id=\"bcf951e\" data-element_type=\"widget\" data-widget_type=\"text-editor.default\">\n\t\t\t\t<div class=\"elementor-widget-container\">\n\t\t\t\t\t\t\t<p>Os editais, de 2015 em diante, s\u00e3o publicados na se\u00e7\u00e3o de Editais da p\u00e1gina da UFSM na internet (<a href=\"http:\/\/site.ufsm.br\/editais\/\">http:\/\/site.ufsm.br\/editais\/<\/a>), selecionando a op\u00e7\u00e3o &#8220;P\u00f3s-Gradua\u00e7\u00e3o&#8221; e ap\u00f3s o &#8220;Tipo&#8221; ou &#8220;origem (PRPGP)&#8221;, ou diretamente atrav\u00e9s deste link:\u00a0<a href=\"http:\/\/site.ufsm.br\/editais\/prpgp\">http:\/\/site.ufsm.br\/editais\/prpgp<\/a>.<\/p><p>Os editais anteriores est\u00e3o dispon\u00edveis abaixo.<\/p><p><a href=\"https:\/\/www.ufsm.br\/pro-reitorias\/prpgp\/editais-passados\/edital-de-selecao-2015\/\">Edital de Sele\u00e7\u00e3o 2015<\/a><\/p><p><a href=\"https:\/\/www.ufsm.br\/pro-reitorias\/prpgp\/editais-passados\/edital-de-selecao-2014\/\">Edital de Sele\u00e7\u00e3o 2014<\/a><\/p><p><a href=\"https:\/\/www.ufsm.br\/pro-reitorias\/prpgp\/editais-passados\/edital-de-selecao-2013\/\">Edital de Sele\u00e7\u00e3o 2013<\/a><\/p><p><a href=\"https:\/\/www.ufsm.br\/pro-reitorias\/prpgp\/editais-passados\/edital-de-selecao-2012\/\">Edital de Sele\u00e7\u00e3o 2012<\/a><\/p>\t\t\t\t\t\t<\/div>\n\t\t\t\t<\/div>\n\t\t\t\t\t<\/div>\n\t\t<\/div>\n\t\t\t\t\t<\/div>\n\t\t<\/section>\n\t\t\t\t<div class=\"elementor-element elementor-element-a171eb7 elementor-widget elementor-widget-heading\" data-id=\"a171eb7\" data-element_type=\"widget\" data-widget_type=\"heading.default\">\n\t\t\t\t<div class=\"elementor-widget-container\">\n\t\t\t<h5 class=\"elementor-heading-title elementor-size-default\">Editais Internos<\/h5>\t\t<\/div>\n\t\t\t\t<\/div>\n\t\t\t\t<section class=\"elementor-section elementor-inner-section elementor-element elementor-element-ce998b9 elementor-section-boxed elementor-section-height-default elementor-section-height-default\" data-id=\"ce998b9\" data-element_type=\"section\">\n\t\t\t\t\t\t<div class=\"elementor-container elementor-column-gap-default\">\n\t\t\t\t\t<div class=\"elementor-column elementor-col-100 elementor-inner-column elementor-element elementor-element-7b74b81\" data-id=\"7b74b81\" data-element_type=\"column\">\n\t\t\t<div class=\"elementor-widget-wrap elementor-element-populated\">\n\t\t\t\t\t\t<div class=\"elementor-element elementor-element-16381f4 elementor-widget elementor-widget-text-editor\" data-id=\"16381f4\" data-element_type=\"widget\" data-widget_type=\"text-editor.default\">\n\t\t\t\t<div class=\"elementor-widget-container\">\n\t\t\t\t\t\t\t<p>Chamadas interna da P\u00f3s-Gradua\u00e7\u00e3o.<\/p><p>Os editais anteriores est\u00e3o dispon\u00edveis abaixo.<\/p><p><a href=\"https:\/\/www.ufsm.br\/pro-reitorias\/prpgp\/editais-passados\/edital-interno-2018\/\">Editais Internos 2018<\/a><\/p><p><a href=\"https:\/\/www.ufsm.br\/pro-reitorias\/prpgp\/editais-passados\/editais-internos-2017\/\">Editais Internos 2017<\/a><\/p><p><a href=\"https:\/\/www.ufsm.br\/pro-reitorias\/prpgp\/editais-passados\/editais-internos-2016\/\">Editais Internos 2016<\/a><\/p><p><a href=\"https:\/\/www.ufsm.br\/pro-reitorias\/prpgp\/editais-passados\/editais-internos-2015\/\">Editais Internos 2015<\/a><\/p><p><a href=\"https:\/\/www.ufsm.br\/pro-reitorias\/prpgp\/editais-passados\/editais-internos-2014\/\">Editais Internos 2014<\/a><\/p><p><a href=\"https:\/\/www.ufsm.br\/pro-reitorias\/prpgp\/editais-passados\/editais-internos-2013\/\">Editais Internos 2013<\/a><\/p><p><a href=\"https:\/\/www.ufsm.br\/pro-reitorias\/prpgp\/editais-passados\/editais-internos-2012\/\">Editais Internos 2012<\/a><\/p><p><a href=\"https:\/\/www.ufsm.br\/pro-reitorias\/prpgp\/editais-passados\/editais-internos-2011\/\">Editais Internos 2011<\/a><\/p><p><a href=\"https:\/\/www.ufsm.br\/pro-reitorias\/prpgp\/editais-passados\/editais-internos-2010\/\">Editais Internos 2010<\/a><\/p>\t\t\t\t\t\t<\/div>\n\t\t\t\t<\/div>\n\t\t\t\t\t<\/div>\n\t\t<\/div>\n\t\t\t\t\t<\/div>\n\t\t<\/section>\n\t\t\t\t\t<\/div>\n\t\t<\/div>\n\t\t\t\t\t<\/div>\n\t\t<\/section>\n\t\t\t\t<\/div>\n\t\t","protected":false},"excerpt":{"rendered":"<p>Editais de Sele\u00e7\u00e3o Os editais, de 2015 em diante, s\u00e3o publicados na se\u00e7\u00e3o de Editais da p\u00e1gina da UFSM na internet (http:\/\/site.ufsm.br\/editais\/), selecionando a op\u00e7\u00e3o &#8220;P\u00f3s-Gradua\u00e7\u00e3o&#8221; e ap\u00f3s o &#8220;Tipo&#8221; ou &#8220;origem (PRPGP)&#8221;, ou diretamente atrav\u00e9s deste link:\u00a0http:\/\/site.ufsm.br\/editais\/prpgp. Os editais anteriores est\u00e3o dispon\u00edveis abaixo. Edital de Sele\u00e7\u00e3o 2015 Edital de Sele\u00e7\u00e3o 2014 Edital de Sele\u00e7\u00e3o [&hellip;]<\/p>\n","protected":false},"author":221,"featured_media":0,"parent":0,"menu_order":0,"comment_status":"closed","ping_status":"closed","template":"","meta":{"footnotes":""},"categories":[],"tags":[],"class_list":["post-7279","page","type-page","status-publish","hentry"],"acf":[],"_links":{"self":[{"href":"https:\/\/www.ufsm.br\/pro-reitorias\/prpgp\/wp-json\/wp\/v2\/pages\/7279","targetHints":{"allow":["GET"]}}],"collection":[{"href":"https:\/\/www.ufsm.br\/pro-reitorias\/prpgp\/wp-json\/wp\/v2\/pages"}],"about":[{"href":"https:\/\/www.ufsm.br\/pro-reitorias\/prpgp\/wp-json\/wp\/v2\/types\/page"}],"author":[{"embeddable":true,"href":"https:\/\/www.ufsm.br\/pro-reitorias\/prpgp\/wp-json\/wp\/v2\/users\/221"}],"replies":[{"embeddable":true,"href":"https:\/\/www.ufsm.br\/pro-reitorias\/prpgp\/wp-json\/wp\/v2\/comments?post=7279"}],"version-history":[{"count":0,"href":"https:\/\/www.ufsm.br\/pro-reitorias\/prpgp\/wp-json\/wp\/v2\/pages\/7279\/revisions"}],"wp:attachment":[{"href":"https:\/\/www.ufsm.br\/pro-reitorias\/prpgp\/wp-json\/wp\/v2\/media?parent=7279"}],"wp:term":[{"taxonomy":"category","embeddable":true,"href":"https:\/\/www.ufsm.br\/pro-reitorias\/prpgp\/wp-json\/wp\/v2\/categories?post=7279"},{"taxonomy":"post_tag","embeddable":true,"href":"https:\/\/www.ufsm.br\/pro-reitorias\/prpgp\/wp-json\/wp\/v2\/tags?post=7279"}],"curies":[{"name":"wp","href":"https:\/\/api.w.org\/{rel}","templated":true}]}}