{"id":7281,"date":"2018-09-11T09:45:31","date_gmt":"2018-09-11T12:45:31","guid":{"rendered":"https:\/\/www.ufsm.br\/pro-reitorias\/prpgp\/?page_id=7281"},"modified":"2018-10-31T09:32:09","modified_gmt":"2018-10-31T12:32:09","slug":"edital-de-selecao-2015","status":"publish","type":"page","link":"https:\/\/www.ufsm.br\/pro-reitorias\/prpgp\/editais-passados\/edital-de-selecao-2015","title":{"rendered":"Edital de Sele\u00e7\u00e3o 2015"},"content":{"rendered":"<p><strong>Edital n. 001\/2015 &#8211;\u00a0<\/strong>Abertura de inscri\u00e7\u00e3o aos cursos de P\u00f3s-Gradua\u00e7\u00e3o, em n\u00edvel de Doutorado, em Engenharia de Processos e Hist\u00f3ria. Para ingresso no 1\u00ba semestre de 2015.<br \/>\n<a href=\"https:\/\/drive.google.com\/open?id=13Y3YvYqCb6oXq3xMRNfwmfTtjVuWRJEQ\">Edital completo.\u00a0Per\u00edodo de inscri\u00e7\u00f5es: de 09 a 28 de janeiro de 2015.<\/a><br \/>\n<a href=\"http:\/\/portal.ufsm.br\/concursos\/inscricao\/opcoes.html?edicao=2662\" target=\"_blank\" rel=\"noopener\">Para acessar o sistema de inscri\u00e7\u00f5es, clique aqui.<br \/>\n<\/a><a href=\"https:\/\/drive.google.com\/open?id=13Y3YvYqCb6oXq3xMRNfwmfTtjVuWRJEQ\">Rela\u00e7\u00e3o dos candidatos que efetuaram o pagamento da taxa de inscri\u00e7\u00e3o do Edital 001\/2015<\/a><br \/>\n<a href=\"https:\/\/drive.google.com\/open?id=13Y3YvYqCb6oXq3xMRNfwmfTtjVuWRJEQ\">Rela\u00e7\u00e3o FINAL dos candidatos que efetuaram o pagamento da taxa de inscri\u00e7\u00e3o do Edital 001\/2015<\/a><a href=\"http:\/\/prpgp.ufsm.br\/images\/editais-selecao\/2015\/001-2015\/Relacao%20final%20EDITAL%20N.%20001%20-%202015%20-%20DOUTORADO%20EM%20ENG%20DE%20PROCESSOS%20e%20HISTORIA.pdf\" target=\"_blank\" rel=\"noopener\"><br \/>\n<\/a><a href=\"https:\/\/drive.google.com\/open?id=13Y3YvYqCb6oXq3xMRNfwmfTtjVuWRJEQ\">Rela\u00e7\u00e3o dos candidatos classificados<\/a><a href=\"http:\/\/prpgp.ufsm.br\/images\/editais-selecao\/2015\/001-2015\/Relacao%20Edital%20n.%20001%20-%202015.pdf\"><br \/>\n<\/a><a href=\"https:\/\/drive.google.com\/open?id=13Y3YvYqCb6oXq3xMRNfwmfTtjVuWRJEQ\">Rela\u00e7\u00e3o FINAL dos candidatos classificados<\/a><\/p>\n<p><strong>Edital n. 002\/2015 &#8211;\u00a0<\/strong>Abertura de inscri\u00e7\u00e3o &#8211; Processo Seletivo P\u00fablico do Hospital da Universidade Federal de Santa Maria para M\u00e9dicos Residentes\/2015.<br \/>\n<a href=\"https:\/\/drive.google.com\/open?id=1cYnZvz-8UkMJhFtlPjVCRmzIQAKjEATi\">Edital completo.\u00a0Per\u00edodo de Inscri\u00e7\u00f5es: de 02 a 10 de mar\u00e7o de 2015.<\/a><br \/>\n<a href=\"http:\/\/portal.ufsm.br\/concursos\/inscricao\/opcoes.html?edicao=2692\" target=\"_blank\" rel=\"noopener\">Para acessar o sistema de inscri\u00e7\u00f5es, clique aqui.\u00a0<\/a><br \/>\n<a href=\"https:\/\/drive.google.com\/open?id=1cYnZvz-8UkMJhFtlPjVCRmzIQAKjEATi\">Rela\u00e7\u00e3o dos candidatos que efetuaram o pagamento da taxa de inscri\u00e7\u00e3o e os pr\u00e9-inscritos para o Edital 002\/2015<\/a><\/p>\n<p><strong>Edital n. 003\/2015 &#8211;\u00a0<\/strong>Abertura de inscri\u00e7\u00e3o &#8211; Processo Seletivo P\u00fablico do Hospital da Universidade Federal de Santa Maria para M\u00e9dicos Residentes\/2015.\u00a0Para Especialidade de Acesso Direto a ANESTESIOLOGIA, CL\u00cdNICA M\u00c9DICA, ORTOPEDIA E TRAUMATOLOGIA.<br \/>\n<a href=\"https:\/\/drive.google.com\/open?id=1_g5JhinoP2CP0sx42qjuc8NfqhFcO_bt\">Edital completo.\u00a0Per\u00edodo de Inscri\u00e7\u00f5es: de 10 a 17 de mar\u00e7o de 2015.<\/a><br \/>\n<a href=\"http:\/\/portal.ufsm.br\/concursos\/inscricao\/opcoes.html?edicao=2728\" target=\"_blank\" rel=\"noopener\">Para acessar o sistema de inscri\u00e7\u00f5es, clique aqui.\u00a0<\/a><br \/>\n<a href=\"https:\/\/drive.google.com\/open?id=1_g5JhinoP2CP0sx42qjuc8NfqhFcO_bt\">Rela\u00e7\u00e3o dos candidatos que efetuaram o pagamento da taxa de inscri\u00e7\u00e3o e os pr\u00e9-inscritos para o Edital 003\/2015<\/a><a href=\"http:\/\/prpgp.ufsm.br\/images\/editais-selecao\/2015\/003-2015\/Edital%20003.2015%20-%20Residncia%20Mdica%20Listagem%20dos%20candidatos%20da%20Residncia%20mdica.pdf\" target=\"_blank\" rel=\"noopener\"><br \/>\n<\/a><a href=\"https:\/\/drive.google.com\/open?id=1_g5JhinoP2CP0sx42qjuc8NfqhFcO_bt\">Rela\u00e7\u00e3o dos candidatos classificados<\/a><\/p>\n<p><strong>Edital n. 016\/2015 &#8211;\u00a0<\/strong>Abertura de inscri\u00e7\u00e3o &#8211; Processo Seletivo P\u00fablico do Hospital da Universidade Federal de Santa Maria para M\u00e9dicos Residentes\/2015. Para acesso R2 e R3 em Obstetr\u00edcia e Ginecologia.<br \/>\n<a href=\"https:\/\/drive.google.com\/open?id=16HBLgtY5bgdclilvqHxtNr0NEm1zCBar\">Edital completo.\u00a0Per\u00edodo de Inscri\u00e7\u00f5es: de 08 a 13 de abril de 2015.<\/a><br \/>\n<a href=\"http:\/\/portal.ufsm.br\/concursos\/inscricao\/opcoes.html?edicao=2736\" target=\"_blank\" rel=\"noopener\">Para acessar o sistema de inscri\u00e7\u00f5es, clique aqui.<\/a><\/p>\n<p><strong>Edital n. 028\/2015 &#8211;\u00a0<\/strong>Inscri\u00e7\u00e3o para Sele\u00e7\u00e3o de Estagi\u00e1rio Remunerado N\u00e3o-obrigat\u00f3rio de Estudantes\u00a0Vinculados \u00e0 UFSM.<br \/>\n<a href=\"https:\/\/drive.google.com\/open?id=1WMf-enmn_xOw0-jnJmdv2c16vKABYHwp\">Edital completo.\u00a0Per\u00edodo de inscri\u00e7\u00e3o: 31 de julho a 06 de agosto de 2015, no hor\u00e1rio das 8h30min \u00e0s 11h30min e das 14h30min \u00e0s 17 horas.<\/a><br \/>\n<a href=\"https:\/\/drive.google.com\/open?id=1WMf-enmn_xOw0-jnJmdv2c16vKABYHwp\">Rela\u00e7\u00e3o dos candidatos classificados<\/a><\/p>\n","protected":false},"excerpt":{"rendered":"<p>Edital n. 001\/2015 &#8211;\u00a0Abertura de inscri\u00e7\u00e3o aos cursos de P\u00f3s-Gradua\u00e7\u00e3o, em n\u00edvel de Doutorado, em Engenharia de Processos e Hist\u00f3ria. Para ingresso no 1\u00ba semestre de 2015. Edital completo.\u00a0Per\u00edodo de inscri\u00e7\u00f5es: de 09 a 28 de janeiro de 2015. Para acessar o sistema de inscri\u00e7\u00f5es, clique aqui. Rela\u00e7\u00e3o dos candidatos que efetuaram o pagamento da [&hellip;]<\/p>\n","protected":false},"author":221,"featured_media":0,"parent":7279,"menu_order":0,"comment_status":"closed","ping_status":"closed","template":"","meta":{"footnotes":""},"categories":[],"tags":[],"class_list":["post-7281","page","type-page","status-publish","hentry"],"acf":[],"_links":{"self":[{"href":"https:\/\/www.ufsm.br\/pro-reitorias\/prpgp\/wp-json\/wp\/v2\/pages\/7281","targetHints":{"allow":["GET"]}}],"collection":[{"href":"https:\/\/www.ufsm.br\/pro-reitorias\/prpgp\/wp-json\/wp\/v2\/pages"}],"about":[{"href":"https:\/\/www.ufsm.br\/pro-reitorias\/prpgp\/wp-json\/wp\/v2\/types\/page"}],"author":[{"embeddable":true,"href":"https:\/\/www.ufsm.br\/pro-reitorias\/prpgp\/wp-json\/wp\/v2\/users\/221"}],"replies":[{"embeddable":true,"href":"https:\/\/www.ufsm.br\/pro-reitorias\/prpgp\/wp-json\/wp\/v2\/comments?post=7281"}],"version-history":[{"count":0,"href":"https:\/\/www.ufsm.br\/pro-reitorias\/prpgp\/wp-json\/wp\/v2\/pages\/7281\/revisions"}],"up":[{"embeddable":true,"href":"https:\/\/www.ufsm.br\/pro-reitorias\/prpgp\/wp-json\/wp\/v2\/pages\/7279"}],"wp:attachment":[{"href":"https:\/\/www.ufsm.br\/pro-reitorias\/prpgp\/wp-json\/wp\/v2\/media?parent=7281"}],"wp:term":[{"taxonomy":"category","embeddable":true,"href":"https:\/\/www.ufsm.br\/pro-reitorias\/prpgp\/wp-json\/wp\/v2\/categories?post=7281"},{"taxonomy":"post_tag","embeddable":true,"href":"https:\/\/www.ufsm.br\/pro-reitorias\/prpgp\/wp-json\/wp\/v2\/tags?post=7281"}],"curies":[{"name":"wp","href":"https:\/\/api.w.org\/{rel}","templated":true}]}}