{"id":7282,"date":"2018-09-11T09:50:39","date_gmt":"2018-09-11T12:50:39","guid":{"rendered":"https:\/\/www.ufsm.br\/pro-reitorias\/prpgp\/?page_id=7282"},"modified":"2018-10-31T09:07:08","modified_gmt":"2018-10-31T12:07:08","slug":"edital-de-selecao-2014","status":"publish","type":"page","link":"https:\/\/www.ufsm.br\/pro-reitorias\/prpgp\/editais-passados\/edital-de-selecao-2014","title":{"rendered":"Edital de Sele\u00e7\u00e3o 2014"},"content":{"rendered":"<p><strong>Edital n. 039\/2014<\/strong>\u00a0&#8211; Abertura das inscri\u00e7\u00f5es ao processo seletivo p\u00fablico do Hospital da Universidade Federal de Santa Maria para M\u00e9dicos Residentes\/2015. &#8211; com Pr\u00e9-requisito.<br \/>\n<a href=\"https:\/\/drive.google.com\/drive\/folders\/1QR9kJGGufLWqv8NxAA3YfmPM4LiHgC4Z?usp=sharing\">Edital completo\u00a0&#8211; per\u00edodo de inscri\u00e7\u00f5es de 24 de novembro a 05 de dezembro de 2014.<\/a><br \/>\n<a href=\"https:\/\/drive.google.com\/drive\/folders\/1QR9kJGGufLWqv8NxAA3YfmPM4LiHgC4Z?usp=sharing\">P<\/a><a href=\"http:\/\/portal.ufsm.br\/concursos\/inscricao\/opcoes.html?edicao=2631\" target=\"_blank\" rel=\"noopener\">ara acessar o sistema de inscri\u00e7\u00f5es, clique aqui.<\/a><br \/>\n<a href=\"https:\/\/drive.google.com\/drive\/folders\/1QR9kJGGufLWqv8NxAA3YfmPM4LiHgC4Z?usp=sharing\">Rela\u00e7\u00e3o dos candidatos que efetuaram o pagamento da taxa de inscri\u00e7\u00e3o<\/a><br \/>\n<a href=\"https:\/\/drive.google.com\/drive\/folders\/1QR9kJGGufLWqv8NxAA3YfmPM4LiHgC4Z?usp=sharing\">Rela\u00e7\u00e3o FINAL dos candidatos que efetuaram o pagamento da taxa de inscri\u00e7\u00e3o<\/a><\/p>\n<p><a href=\"https:\/\/drive.google.com\/drive\/folders\/1QR9kJGGufLWqv8NxAA3YfmPM4LiHgC4Z?usp=sharing\">Rela\u00e7\u00e3o dos candidatos classificados<\/a><\/p>\n<p><strong>Edital n. 037\/2014\u00a0&#8211;<\/strong>\u00a0Abertura de inscri\u00e7\u00e3o aos cursos de P\u00f3s-Gradua\u00e7\u00e3o em n\u00edvel de Doutorado, Mestrado e Especializa\u00e7\u00e3o, com ingresso no 1\u00ba. Semestre de 2015.<br \/>\n<a href=\"https:\/\/drive.google.com\/open?id=1UVIqKIBigGzIJGjhWKvnHv97KazAwiFM\">Edital completo.\u00a0Per\u00edodo de inscri\u00e7\u00e3o: de\u00a001 a 31 de outubro de 2014.<\/a><br \/>\n<a href=\"http:\/\/portal.ufsm.br\/concursos\/inscricao\/opcoes.html?edicao=2596\">Para acessar o sistema de inscri\u00e7\u00f5es, clique aqui<\/a>.<br \/>\n<a href=\"https:\/\/drive.google.com\/open?id=1UVIqKIBigGzIJGjhWKvnHv97KazAwiFM\">Edital n. 038\/2014\u00a0&#8211; Adendo e Altera\u00e7\u00f5es ao Edital 037\/2014.<\/a><br \/>\n<a href=\"https:\/\/drive.google.com\/open?id=1UVIqKIBigGzIJGjhWKvnHv97KazAwiFM\">Resultado das solicita\u00e7\u00f5es de isen\u00e7\u00e3o do Edital 037\/2014.<\/a><br \/>\n<a href=\"https:\/\/drive.google.com\/open?id=1UVIqKIBigGzIJGjhWKvnHv97KazAwiFM\">Rela\u00e7\u00e3o dos candidatos que efetuaram o pagamento da taxa de inscri\u00e7\u00e3o do Edital 037\/2014<\/a><br \/>\n<a href=\"https:\/\/drive.google.com\/open?id=1UVIqKIBigGzIJGjhWKvnHv97KazAwiFM\">Rela\u00e7\u00e3o FINAL dos candidatos que efetuaram o pagamento da taxa de inscri\u00e7\u00e3o do Edital 037\/2014<\/a><br \/>\n<a href=\"https:\/\/drive.google.com\/open?id=1UVIqKIBigGzIJGjhWKvnHv97KazAwiFM\">Rela\u00e7\u00e3o dos candidatos classificados<\/a>\u00a0(atualizado em\u00a0<strong>16\/01\/2015<\/strong>)<a href=\"http:\/\/prpgp.ufsm.br\/images\/editais-selecao\/2014\/037-2014\/EditalN.037-2014-RELACAOFINAL11112014.pdf\" target=\"_blank\" rel=\"noopener\"><br \/>\n<\/a><\/p>\n<p><a href=\"https:\/\/drive.google.com\/open?id=1UVIqKIBigGzIJGjhWKvnHv97KazAwiFM\">Rela\u00e7\u00e3o FINAL dos candidatos classificados<\/a><br \/>\n<a href=\"https:\/\/drive.google.com\/open?id=1UVIqKIBigGzIJGjhWKvnHv97KazAwiFM\">Rela\u00e7\u00e3o final dos candidatos classificados<\/a> &#8211; MESTRADO EM MATEM\u00c1TICA<\/p>\n<p><strong>Edital Extraordin\u00e1rio n. 036\/2014\/PRPGP\/UFSM &#8211;\u00a0<\/strong>Abertura das inscri\u00e7\u00f5es ao processo seletivo\u00a0da P\u00f3s-Gradua\u00e7\u00e3o, em n\u00edvel de Doutorado, para preenchimento de vagas referentes as cotas adicionais de bolsas de Demanda Social &#8211; DS-CAPES,\u00a0para ingresso no segundo semestre de 2014.<br \/>\n<a href=\"https:\/\/drive.google.com\/open?id=1C9-M6bim3Xw1tk-1X8Zvar4a_OmuaTDM\">Edital Completo. Per\u00edodo de inscri\u00e7\u00e3o: 29 setembro a 03 de outubro de 2014, at\u00e9 \u00e0s 23h59min.<\/a><br \/>\n<a href=\"http:\/\/portal.ufsm.br\/eventos\/inscricao\/edicao.html?id=2593\" target=\"_blank\" rel=\"noopener\">Para acessar o sistema de inscri\u00e7\u00f5es clique aqui.<\/a><\/p>\n<p><strong>Edital n. 002\/2014\/DLEM\/UFSM<\/strong><strong>\u00a0<\/strong>&#8211;\u00a0Inscri\u00e7\u00e3o ao teste de sufici\u00eancia em l\u00edngua estrangeira &#8211; 2\u00ba Semestre de 2014.<br \/>\n<a href=\"https:\/\/drive.google.com\/open?id=1sw7MM-qt89CtS3gNopG6zNfAttrLsM_7\">Edital completo. Per\u00edodo de inscri\u00e7\u00e3o:\u00a011 de agosto a 11 de setembro de 2014 at\u00e9 \u00e0s 15h59min.<\/a><\/p>\n<p><strong>Edital n. 035\/2014 &#8211;\u00a0<\/strong>Reabertura do edital n\u00ba 033\/PRPGP\/UFSM, de 08 de agosto de 2014. Inscri\u00e7\u00e3o ao curso de P\u00f3s-Gradua\u00e7\u00e3o em Gest\u00e3o da Educa\u00e7\u00e3o Municipal &#8211; PRADIME, n\u00edvel de Especializa\u00e7\u00e3o, modalidade \u00e0 Dist\u00e2ncia &#8211; EaD, para ingresso no 2\u00ba semestre de 2014.<br \/>\n<a href=\"https:\/\/drive.google.com\/open?id=1_S_6sWFieixxPOoompW_XUnvGTk5VntQ\">Edital completo\u00a0&#8211; Periodo de inscri\u00e7\u00f5es de 15 de setembro a 03 de outubro de 2014.<\/a><br \/>\n<a href=\"http:\/\/portal.ufsm.br\/eventos\/inscricao\/edicao.html?id=2581\" target=\"_blank\" rel=\"noopener\">Para acessar o sistema de inscri\u00e7\u00f5es clique aqui.<br \/>\n<\/a><a href=\"https:\/\/drive.google.com\/open?id=1_S_6sWFieixxPOoompW_XUnvGTk5VntQ\">Rela\u00e7\u00e3o dos candidatos que efetuaram pagamento da taxa de inscri\u00e7\u00e3o.<\/a><\/p>\n<p><strong>Edital n. 034\/2014<\/strong>\u00a0&#8211; Abertura das inscri\u00e7\u00f5es ao processo seletivo p\u00fablico do Hospital da Universidade Federal de Santa Maria para M\u00e9dicos Residentes\/2015. &#8211; com Pr\u00e9-requisito<br \/>\n<a href=\"https:\/\/drive.google.com\/open?id=13mKFmiOu0do3Ha2RuStNJt-Ks7ZPE6OR\">Edital completo\u00a0&#8211; per\u00edodo de inscri\u00e7\u00f5es de 20 de agosto a 15 de outubro de 2014.<\/a><\/p>\n<p><a href=\"https:\/\/drive.google.com\/open?id=13mKFmiOu0do3Ha2RuStNJt-Ks7ZPE6OR\">Rela\u00e7\u00e3o dos candidatos classificados<\/a><\/p>\n<p><strong>Edital n. 033\/2014 &#8211;\u00a0<\/strong>Reabertura do edital n\u00ba 029\/PRPGP\/UFSM, de 07 de julho de 2014. Inscri\u00e7\u00e3o ao curso de P\u00f3s-Gradua\u00e7\u00e3o em Gest\u00e3o da Educa\u00e7\u00e3o Municipal &#8211; PRADIME, n\u00edvel de Especializa\u00e7\u00e3o, modalidade \u00e0 Dist\u00e2ncia &#8211; EaD, para ingresso no 2\u00ba semestre de 2014.<br \/>\n<a href=\"https:\/\/drive.google.com\/open?id=1IXXqwKIuxAXOswwm4xeT0wbZVwWyV3zt\">Edital completo\u00a0&#8211; Periodo de inscri\u00e7\u00f5es de\u00a013 de agosto a 05 de setembro de 2014.<\/a><br \/>\n<a href=\"http:\/\/portal.ufsm.br\/eventos\/inscricao\/edicao.html?id=2573\" target=\"_blank\" rel=\"noopener\">Para acessar o sistema de inscri\u00e7\u00f5es clique aqui.<br \/>\n<\/a><a href=\"https:\/\/drive.google.com\/open?id=1IXXqwKIuxAXOswwm4xeT0wbZVwWyV3zt\">Rela\u00e7\u00e3o dos candidatos que efetuaram pagamento da taxa de inscri\u00e7\u00e3o<\/a><\/p>\n<p><strong>Edital n. 032\/2014<\/strong>\u00a0&#8211; Abertura das inscri\u00e7\u00f5es ao processo seletivo p\u00fablico do Hospital da Universidade Federal de Santa Maria para M\u00e9dicos Residentes\/2015. &#8211; Acesso Direto<br \/>\n<a href=\"https:\/\/drive.google.com\/open?id=1YVxmYyCDcLWDhwP5_l_I_SV3hK8__5EE\">Edital completo\u00a0&#8211; per\u00edodo de inscri\u00e7\u00f5es de 20 de agosto a 15 de outubro de 2014.<\/a><\/p>\n<p><a href=\"https:\/\/drive.google.com\/open?id=1YVxmYyCDcLWDhwP5_l_I_SV3hK8__5EE\">Rela\u00e7\u00e3o dos candidatos classificados<\/a><\/p>\n<p><strong>Edital n. 031\/2014 &#8211;\u00a0<\/strong>Reabertura de inscri\u00e7\u00e3o aos cursos de P\u00f3s-Gradua\u00e7\u00e3o em n\u00edvel de especializa\u00e7\u00e3o \u00e0 dist\u00e2ncia para ingresso no 2\u00ba semestre de 2014<strong><br \/>\n<\/strong><a href=\"https:\/\/drive.google.com\/open?id=1hzuwl3-efYVYcnF3hANKDVEhbUgrGEPo\">Edital completo\u00a0&#8211;\u00a0Per\u00edodo de inscri\u00e7\u00f5es de 24 a 29 de julho de 2014.<\/a><br \/>\n<a href=\"http:\/\/portal.ufsm.br\/eventos\/inscricao\/edicao.html?id=2571\" target=\"_blank\" rel=\"noopener\">Para acessar o sistema de inscri\u00e7\u00f5es, clique aqui.<br \/>\n<\/a><a href=\"https:\/\/drive.google.com\/open?id=1hzuwl3-efYVYcnF3hANKDVEhbUgrGEPo\">Rela\u00e7\u00e3o dos candidatos que efetuaram pagamento da taxa de inscri\u00e7\u00e3o<\/a><br \/>\n<a href=\"https:\/\/drive.google.com\/open?id=1hzuwl3-efYVYcnF3hANKDVEhbUgrGEPo\">Rela\u00e7\u00e3o FINAL dos candidatos que efetuaram pagamento da taxa de inscri\u00e7\u00e3o<\/a><br \/>\n<a href=\"https:\/\/drive.google.com\/open?id=1hzuwl3-efYVYcnF3hANKDVEhbUgrGEPo\">Rela\u00e7\u00e3o dos candidatos classificados<\/a><\/p>\n<p><strong>Edital n. 030\/2014 &#8211;\u00a0<\/strong>Reabertura de inscri\u00e7\u00e3o aos cursos de P\u00f3s-Gradua\u00e7\u00e3o, Doutorado e Mestrado para o 2\u00ba semestre de 2014<strong><br \/>\n<\/strong><a href=\"https:\/\/drive.google.com\/open?id=1I1vVdE2j7a4yu7p9TKo6ZTP7eMb6s-1R\">Edital completo\u00a0&#8211; Per\u00edodo de inscri\u00e7\u00f5es de 24 a 29 de julho de 2014.<\/a><br \/>\n<a href=\"http:\/\/portal.ufsm.br\/eventos\/inscricao\/edicao.html?id=2569\" target=\"_blank\" rel=\"noopener\">Para acessar o sistema de inscri\u00e7\u00f5es, clique aqui<\/a>.<br \/>\n<a href=\"https:\/\/drive.google.com\/open?id=1I1vVdE2j7a4yu7p9TKo6ZTP7eMb6s-1R\">Rela\u00e7\u00e3o dos candidatos que efetuaram pagamento da taxa de inscri\u00e7\u00e3o<\/a><br \/>\n<a href=\"https:\/\/drive.google.com\/open?id=1I1vVdE2j7a4yu7p9TKo6ZTP7eMb6s-1R\">Rela\u00e7\u00e3o FINAL dos candidatos que efetuaram pagamento da taxa de inscri\u00e7\u00e3o<\/a><br \/>\n<a href=\"https:\/\/drive.google.com\/open?id=1I1vVdE2j7a4yu7p9TKo6ZTP7eMb6s-1R\">Rela\u00e7\u00e3o dos candidatos classificados<\/a><\/p>\n<p><strong>Edital n.<\/strong><strong>\u00a0029\/2014<\/strong>\u00a0\u00a0&#8211;<strong>\u00a0<\/strong>Abertura das inscri\u00e7\u00f5es \u00e0 sele\u00e7\u00e3o do curso de P\u00f3s-Gradua\u00e7\u00e3o em Gest\u00e3o da Educa\u00e7\u00e3o Municipal &#8211; PRADIME, n\u00edvel de Especializa\u00e7\u00e3o, modalidade \u00e0 Dist\u00e2ncia (EAD) para ingresso no\u00a02\u00ba Semestre de 2014.<br \/>\n<a href=\"https:\/\/drive.google.com\/open?id=1_-IdfbZTSdRi4BUamqH7EdjjPWclR3Js\">Edital completo. Per\u00edodo de inscri\u00e7\u00e3o: de 08 de julho a 01 de agosto de 2014.<\/a><br \/>\n<a href=\"http:\/\/portal.ufsm.br\/eventos\/inscricao\/edicao.html?id=2546\" target=\"_blank\" rel=\"noopener\">Para acessar o sistema de inscri\u00e7\u00f5es, clique aqui.<\/a><br \/>\n<a href=\"https:\/\/drive.google.com\/open?id=1_-IdfbZTSdRi4BUamqH7EdjjPWclR3Js\">Rela\u00e7\u00e3o dos candidatos com a isen\u00e7\u00e3o da taxa de inscri\u00e7\u00e3o aprovada<\/a><br \/>\n<a href=\"https:\/\/drive.google.com\/open?id=1_-IdfbZTSdRi4BUamqH7EdjjPWclR3Js\">Rela\u00e7\u00e3o dos candidatos que efetuaram pagamento da taxa de inscri\u00e7\u00e3o<\/a><br \/>\n<a href=\"https:\/\/drive.google.com\/open?id=1_-IdfbZTSdRi4BUamqH7EdjjPWclR3Js\">Rela\u00e7\u00e3o final dos candidatos que efetuaram o pagamento da taxa de inscri\u00e7\u00e3o<\/a><\/p>\n<p><strong>Edital n. 028\/2014\u00a0<\/strong>-Abertura\u00a0de inscri\u00e7\u00e3o aos cursos de P\u00f3s-Gradua\u00e7\u00e3o em n\u00edvel de Especializa\u00e7\u00e3o a Dist\u00e2ncia, com ingresso no 2\u00ba. Semestre de 2014.<a href=\"http:\/\/prpgp.ufsm.br\/images\/editais-selecao\/2014\/025-2014\/EDITAL%20N.%20025%20-%202014%20-%20%20Altera%20o%20Edital%20n.%20019%20ESPECIALIZAO%20EAD%20%202%20SEM%202014%20-%2016%2005%202014.pdf\" target=\"_blank\" rel=\"noopener\"><br \/>\n<\/a><a href=\"https:\/\/drive.google.com\/open?id=196NIBd3kEOdp-i20eEfGlLFO647tzYSu\">Edital completo. Per\u00edodo de inscri\u00e7\u00e3o: de 26 de junho a 04 de julho de 2014.<\/a><br \/>\n<a href=\"http:\/\/portal.ufsm.br\/eventos\/inscricao\/edicao.html?id=2545\" target=\"_blank\" rel=\"noopener\">Para acessar o sistema de inscri\u00e7\u00f5es, clique aqui.<br \/>\n<\/a><a href=\"https:\/\/drive.google.com\/open?id=196NIBd3kEOdp-i20eEfGlLFO647tzYSu\">Rela\u00e7\u00e3o dos candidatos com a isen\u00e7\u00e3o da taxa de inscri\u00e7\u00e3o aprovada<\/a><br \/>\n<a href=\"https:\/\/drive.google.com\/open?id=196NIBd3kEOdp-i20eEfGlLFO647tzYSu\">Rela\u00e7\u00e3o dos candidatos que efetuaram o pagamento<\/a><br \/>\n<a href=\"https:\/\/drive.google.com\/open?id=196NIBd3kEOdp-i20eEfGlLFO647tzYSu\">Rela\u00e7\u00e3o Final dos candidatos classificados<\/a><\/p>\n<p><strong>Edital n. 027\/2014 &#8211;<\/strong>\u00a0Reabertura\u00a0de inscri\u00e7\u00e3o aos cursos de P\u00f3s-Gradua\u00e7\u00e3o em n\u00edvel de Especializa\u00e7\u00e3o a Dist\u00e2ncia, com ingresso no 2\u00ba. Semestre de 2014.<a href=\"http:\/\/prpgp.ufsm.br\/images\/editais-selecao\/2014\/025-2014\/EDITAL%20N.%20025%20-%202014%20-%20%20Altera%20o%20Edital%20n.%20019%20ESPECIALIZAO%20EAD%20%202%20SEM%202014%20-%2016%2005%202014.pdf\" target=\"_blank\" rel=\"noopener\"><br \/>\n<\/a><a href=\"https:\/\/drive.google.com\/open?id=1owgZFXgfpp94x7sOOjudoiaejnz2ZPrO\">Edital completo. Per\u00edodo de inscri\u00e7\u00e3o: de 26 de junho a 04 de julho de 2014.<\/a><strong><br \/>\n<\/strong><a href=\"http:\/\/portal.ufsm.br\/eventos\/inscricao\/edicao.html?id=2543\" target=\"_blank\" rel=\"noopener\">Para acessar o sistema de inscri\u00e7\u00f5es, clique aqui.<br \/>\n<\/a><a href=\"https:\/\/drive.google.com\/open?id=1owgZFXgfpp94x7sOOjudoiaejnz2ZPrO\">Rela\u00e7\u00e3o dos candidatos com a isen\u00e7\u00e3o da taxa de inscri\u00e7\u00e3o aprovada<\/a><br \/>\n<a href=\"https:\/\/drive.google.com\/open?id=1owgZFXgfpp94x7sOOjudoiaejnz2ZPrO\">Rela\u00e7\u00e3o dos candidatos que efetuaram o pagamento<\/a><br \/>\n<a href=\"https:\/\/drive.google.com\/open?id=1owgZFXgfpp94x7sOOjudoiaejnz2ZPrO\">Rela\u00e7\u00e3o Final dos candidatos classificados<\/a><\/p>\n<p><strong><a href=\"https:\/\/drive.google.com\/open?id=1FlrrLV9eT3ZruBvwQRTi6IShirY5XkEc\">Edital n.025\/2014<\/a>\u00a0&#8211;\u00a0<\/strong>Altera o Edital 019\/2014<\/p>\n<p><strong>Edital n. 019\/2014 &#8211;<\/strong><strong>\u00a0<\/strong>Abertura\u00a0de inscri\u00e7\u00e3o aos cursos de P\u00f3s-Gradua\u00e7\u00e3o em n\u00edvel de Especializa\u00e7\u00e3o a Dist\u00e2ncia, com ingresso no 2\u00ba. Semestre de 2014.<br \/>\n<a href=\"https:\/\/drive.google.com\/open?id=1ooW7oyM_hr2UMyUmQuC_b02USdXadapq\">Edital completo. Per\u00edodo de inscri\u00e7\u00e3o: de\u00a012 a 30 maio de 2014.<\/a><br \/>\n<a href=\"http:\/\/portal.ufsm.br\/eventos\/inscricao\/edicao.html?id=2504\" target=\"_blank\" rel=\"noopener\">Para acessar o sistema de inscri\u00e7\u00f5es, clique aqui.<br \/>\n<\/a><a href=\"https:\/\/drive.google.com\/open?id=1ooW7oyM_hr2UMyUmQuC_b02USdXadapq\">Rela\u00e7\u00e3o dos candidatos com a isen\u00e7\u00e3o da taxa de inscri\u00e7\u00e3o aprovada<\/a><br \/>\n<a href=\"https:\/\/drive.google.com\/open?id=1ooW7oyM_hr2UMyUmQuC_b02USdXadapq\">Rela\u00e7\u00e3o dos candidatos que efetuaram o pagamento da taxa de inscri\u00e7\u00e3o<\/a><br \/>\n<a href=\"https:\/\/drive.google.com\/open?id=1ooW7oyM_hr2UMyUmQuC_b02USdXadapq\">Rela\u00e7\u00e3o dos candidatos classificados\u00a0(14\/07\/2014)<\/a><br \/>\n<a href=\"https:\/\/drive.google.com\/open?id=1ooW7oyM_hr2UMyUmQuC_b02USdXadapq\">Rela\u00e7\u00e3o final dos candidatos classificados\u00a0(ap\u00f3s recursos &#8211; n\u00e3o houve altera\u00e7\u00e3o)<\/a><\/p>\n<p><strong>Edital n. 018\/2014 &#8211;<\/strong>\u00a0Abertura de inscri\u00e7\u00e3o aos cursos de P\u00f3s-Gradua\u00e7\u00e3o em n\u00edvel de Doutorado, Mestrado e Especializa\u00e7\u00e3o, com ingresso no 2\u00ba. Semestre de 2014.<br \/>\n<a href=\"https:\/\/drive.google.com\/open?id=1NunDw2puIFwCTrcI-bS9eICDod2plf4-\">Edital completo. Per\u00edodo de inscri\u00e7\u00e3o: de\u00a012 a 30 maio de 2014.<\/a><br \/>\n<a href=\"http:\/\/portal.ufsm.br\/eventos\/inscricao\/edicao.html?id=2503\">Para acessar o sistema de inscri\u00e7\u00f5es, clique aqui.<br \/>\n<\/a><a href=\"https:\/\/drive.google.com\/open?id=1NunDw2puIFwCTrcI-bS9eICDod2plf4-\">Rela\u00e7\u00e3o dos candidatos com a isen\u00e7\u00e3o da taxa de inscri\u00e7\u00e3o aprovada<\/a><br \/>\n<a href=\"https:\/\/drive.google.com\/open?id=1NunDw2puIFwCTrcI-bS9eICDod2plf4-\">Rela\u00e7\u00e3o dos candidatos que efetuaram o pagamento da taxa de inscri\u00e7\u00e3o<\/a><br \/>\n<a href=\"https:\/\/drive.google.com\/open?id=1NunDw2puIFwCTrcI-bS9eICDod2plf4-\">Rela\u00e7\u00e3o FINAL dos candidatos que efetuaram o pagamento da taxa de inscri\u00e7\u00e3o\u00a0(06\/06\/2014)<\/a><br \/>\n<a href=\"https:\/\/drive.google.com\/open?id=1NunDw2puIFwCTrcI-bS9eICDod2plf4-\">Rela\u00e7\u00e3o dos candidatos classificados\u00a0(vers\u00e3o final de 14\/07\/2014)<\/a><br \/>\n<a href=\"https:\/\/drive.google.com\/open?id=1NunDw2puIFwCTrcI-bS9eICDod2plf4-\">Rela\u00e7\u00e3o final dos candidatos classificados\u00a0(ap\u00f3s recursos &#8211; n\u00e3o houve altera\u00e7\u00e3o)<\/a><\/p>\n<p><strong>Edital n. 020\/2014 &#8211;<\/strong>\u00a0Reabertura de inscri\u00e7\u00e3o ao curso de P\u00f3s-Gradua\u00e7\u00e3o em n\u00edvel de Especializa\u00e7\u00e3o &#8211; Doc\u00eancia para Educa\u00e7\u00e3o Infantil &#8211; com ingresso no 2\u00ba. Semestre de 2014.<br \/>\n<a href=\"https:\/\/drive.google.com\/open?id=13njbmNjCxVepVH1VCmNKrxhZFwi55V2u\">Edital completo. Per\u00edodo de inscri\u00e7\u00e3o: de\u00a017 de abril a 14 maio de 2014<\/a><br \/>\n<a href=\"http:\/\/portal.ufsm.br\/eventos\/inscricao\/edicao.html?id=2496\" target=\"_blank\" rel=\"noopener\">Para acessar o sistema de inscri\u00e7\u00f5es, clique aqui.<br \/>\n<\/a><a href=\"https:\/\/drive.google.com\/open?id=13njbmNjCxVepVH1VCmNKrxhZFwi55V2u\">Rela\u00e7\u00e3o dos candidatos aptos a participarem do processo seletivo referente editais 054\/2013 e 001\/2014.<\/a><br \/>\n<a href=\"https:\/\/drive.google.com\/open?id=13njbmNjCxVepVH1VCmNKrxhZFwi55V2u\">Rela\u00e7\u00e3o dos candidatos indeferidos que dever\u00e3o realizar nova inscri\u00e7\u00e3o e pagamento de taxas e envio dos documentos para participar do processo seletivo.<\/a><br \/>\n<a href=\"https:\/\/drive.google.com\/open?id=13njbmNjCxVepVH1VCmNKrxhZFwi55V2u\">Rela\u00e7\u00e3o dos candidatos que efetuaram o pagamento da taxa de inscri\u00e7\u00e3o<\/a><br \/>\n<a href=\"https:\/\/drive.google.com\/open?id=13njbmNjCxVepVH1VCmNKrxhZFwi55V2u\">Rela\u00e7\u00e3o final dos candidatos que efetuaram o pagamento da taxa de inscri\u00e7\u00e3o<\/a><br \/>\n<a href=\"https:\/\/drive.google.com\/open?id=13njbmNjCxVepVH1VCmNKrxhZFwi55V2u\">Rela\u00e7\u00e3o dos candidatos classificados<\/a><\/p>\n<p><strong>Edital n. 003\/2014 &#8211;<\/strong>\u00a0Abertura das inscri\u00e7\u00f5es para processo seletivo para \u00a0Resid\u00eancia M\u00e9dica, especialidades com acesso direto e com pr\u00e9-requisito.<br \/>\n<a href=\"https:\/\/drive.google.com\/open?id=1J3JBBOt5TKaT4qM7vbRxUKvOjEZWirR3\">Edital completo. Per\u00edodo de inscri\u00e7\u00e3o: de 22 a 25 de mar\u00e7o de 2014.<\/a><br \/>\n<a href=\"http:\/\/portal.ufsm.br\/eventos\/inscricao\/edicao.html?id=2489\" target=\"_self\">Para acessar o sistema de inscri\u00e7\u00f5es, clique aqui.<\/a><\/p>\n<p><strong>Edital n. 001\/2014\/DLEM\/UFSM &#8211;\u00a0<\/strong>Inscri\u00e7\u00e3o ao teste de sufici\u00eancia em l\u00edngua estrangeira &#8211; 1\u00ba Semestre de 2014.<br \/>\n<a href=\"https:\/\/drive.google.com\/open?id=1QhQW0O2e7hhA2gnrEe5OHNTEkk99yGZm\">Edital completo. Per\u00edodo de inscri\u00e7\u00e3o: de 10 de mar\u00e7o a 10 de abril de 2014.<\/a><\/p>\n<p><strong>Edital n. 001\/2014 &#8211;\u00a0<\/strong>Reabertura de inscri\u00e7\u00e3o ao curso de P\u00f3s-Gradua\u00e7\u00e3o em n\u00edvel de Especializa\u00e7\u00e3o &#8211; Doc\u00eancia para Educa\u00e7\u00e3o Infantil &#8211; com ingresso no 1\u00ba. Semestre de 2014<br \/>\n<a href=\"https:\/\/drive.google.com\/open?id=1DLRD0sKN8cLDjRXJi3NkbcyPu25vw3QD\">Edital completo. Per\u00edodo de inscri\u00e7\u00f5es: de 17 de fevereiro a 14 de mar\u00e7o de 2014.<\/a><br \/>\n<a href=\"http:\/\/portal.ufsm.br\/eventos\/inscricao\/edicao.html?id=2461\" target=\"_blank\" rel=\"noopener\">Para acessar o sistema de inscri\u00e7\u00f5es, clique aqui.<br \/>\n<\/a><a href=\"https:\/\/drive.google.com\/open?id=1DLRD0sKN8cLDjRXJi3NkbcyPu25vw3QD\">Rela\u00e7\u00e3o final dos candidatos que efetuaram o pagamento da taxa de inscri\u00e7\u00e3o.<\/a><br \/>\n<a href=\"https:\/\/drive.google.com\/open?id=1DLRD0sKN8cLDjRXJi3NkbcyPu25vw3QD\">Rela\u00e7\u00e3o dos candidatos classificados<\/a><\/p>\n","protected":false},"excerpt":{"rendered":"<p>Edital n. 039\/2014\u00a0&#8211; Abertura das inscri\u00e7\u00f5es ao processo seletivo p\u00fablico do Hospital da Universidade Federal de Santa Maria para M\u00e9dicos Residentes\/2015. &#8211; com Pr\u00e9-requisito. Edital completo\u00a0&#8211; per\u00edodo de inscri\u00e7\u00f5es de 24 de novembro a 05 de dezembro de 2014. Para acessar o sistema de inscri\u00e7\u00f5es, clique aqui. Rela\u00e7\u00e3o dos candidatos que efetuaram o pagamento da [&hellip;]<\/p>\n","protected":false},"author":221,"featured_media":0,"parent":7279,"menu_order":0,"comment_status":"closed","ping_status":"closed","template":"","meta":{"footnotes":""},"categories":[],"tags":[],"class_list":["post-7282","page","type-page","status-publish","hentry"],"acf":[],"_links":{"self":[{"href":"https:\/\/www.ufsm.br\/pro-reitorias\/prpgp\/wp-json\/wp\/v2\/pages\/7282","targetHints":{"allow":["GET"]}}],"collection":[{"href":"https:\/\/www.ufsm.br\/pro-reitorias\/prpgp\/wp-json\/wp\/v2\/pages"}],"about":[{"href":"https:\/\/www.ufsm.br\/pro-reitorias\/prpgp\/wp-json\/wp\/v2\/types\/page"}],"author":[{"embeddable":true,"href":"https:\/\/www.ufsm.br\/pro-reitorias\/prpgp\/wp-json\/wp\/v2\/users\/221"}],"replies":[{"embeddable":true,"href":"https:\/\/www.ufsm.br\/pro-reitorias\/prpgp\/wp-json\/wp\/v2\/comments?post=7282"}],"version-history":[{"count":0,"href":"https:\/\/www.ufsm.br\/pro-reitorias\/prpgp\/wp-json\/wp\/v2\/pages\/7282\/revisions"}],"up":[{"embeddable":true,"href":"https:\/\/www.ufsm.br\/pro-reitorias\/prpgp\/wp-json\/wp\/v2\/pages\/7279"}],"wp:attachment":[{"href":"https:\/\/www.ufsm.br\/pro-reitorias\/prpgp\/wp-json\/wp\/v2\/media?parent=7282"}],"wp:term":[{"taxonomy":"category","embeddable":true,"href":"https:\/\/www.ufsm.br\/pro-reitorias\/prpgp\/wp-json\/wp\/v2\/categories?post=7282"},{"taxonomy":"post_tag","embeddable":true,"href":"https:\/\/www.ufsm.br\/pro-reitorias\/prpgp\/wp-json\/wp\/v2\/tags?post=7282"}],"curies":[{"name":"wp","href":"https:\/\/api.w.org\/{rel}","templated":true}]}}