{"id":7284,"date":"2018-09-11T10:20:19","date_gmt":"2018-09-11T13:20:19","guid":{"rendered":"https:\/\/www.ufsm.br\/pro-reitorias\/prpgp\/?page_id=7284"},"modified":"2018-10-30T11:36:15","modified_gmt":"2018-10-30T14:36:15","slug":"edital-de-selecao-2012","status":"publish","type":"page","link":"https:\/\/www.ufsm.br\/pro-reitorias\/prpgp\/editais-passados\/edital-de-selecao-2012","title":{"rendered":"Edital de Sele\u00e7\u00e3o 2012"},"content":{"rendered":"<p><strong>Edital n.050\/2012 \u2013<\/strong>\u00a0Abertura de inscri\u00e7\u00f5es \u00e0 sele\u00e7\u00e3o nos programas de Resid\u00eancia Multiprofissional em Sa\u00fade e em \u00c1rea Profissional da Sa\u00fade\/Medicina Veterin\u00e1ria, em n\u00edvel de Especializa\u00e7\u00e3o, para ingresso em mar\u00e7o de 2013.<br \/>\nEdital completo: Encerrado.<br \/>\n<a href=\"https:\/\/drive.google.com\/drive\/folders\/1DoUewK4wvFiZgUbJEgiza0OdcoT2crNi?usp=sharing\">Edital n. 053\/2012: altera o Edital n. 050\/2012.<\/a><br \/>\n<a href=\"https:\/\/drive.google.com\/drive\/folders\/1DoUewK4wvFiZgUbJEgiza0OdcoT2crNi?usp=sharing\">Edital n. 055\/2012: altera o Edital n. 050\/2012.<\/a><br \/>\n<a href=\"https:\/\/drive.google.com\/drive\/folders\/1DoUewK4wvFiZgUbJEgiza0OdcoT2crNi?usp=sharing\">Edital n. 004\/2013: altera o Edital n. 050\/2012.<\/a><br \/>\n<a href=\"https:\/\/drive.google.com\/drive\/folders\/1DoUewK4wvFiZgUbJEgiza0OdcoT2crNi?usp=sharing\">Edital n. 008\/2013: altera o Edital n. 050\/2012.<\/a><br \/>\n<a href=\"https:\/\/drive.google.com\/drive\/folders\/1DoUewK4wvFiZgUbJEgiza0OdcoT2crNi?usp=sharing\">Edital n. 019\/2013: altera o Edital n. 050\/2012.<\/a><br \/>\n<a href=\"https:\/\/drive.google.com\/drive\/folders\/1DoUewK4wvFiZgUbJEgiza0OdcoT2crNi?usp=sharing\">Rela\u00e7\u00e3o dos candidatos com a taxa de inscri\u00e7\u00e3o isenta.<\/a><br \/>\n<a href=\"https:\/\/drive.google.com\/drive\/folders\/1DoUewK4wvFiZgUbJEgiza0OdcoT2crNi?usp=sharing\">Rela\u00e7\u00e3o dos candidatos que efetuaram o pagamento da taxa de inscri\u00e7\u00e3o.<\/a><br \/>\n<a href=\"https:\/\/drive.google.com\/drive\/folders\/1DoUewK4wvFiZgUbJEgiza0OdcoT2crNi?usp=sharing\">Rela\u00e7\u00e3o dos candidatos classificados.<\/a><\/p>\n<p><strong>Edital n.049\/2012 \u2013<\/strong>\u00a0Abertura de inscri\u00e7\u00e3o aos Cursos de P\u00f3s-Gradua\u00e7\u00e3o em n\u00edvel de Doutorado em Geografia e Mestrado em Direito para ingresso no 1\u00ba semestre de 2013.<br \/>\n<a href=\"https:\/\/drive.google.com\/drive\/folders\/1n5sp5Ko1fp5B_VwohnOhkor2IuLipHVB?usp=sharing\">Edital completo: Encerrado<\/a>.<a href=\"http:\/\/portal.ufsm.br\/eventos\/inscricao\/edicao.html?id=2109\"><br \/>\n<\/a><a href=\"https:\/\/drive.google.com\/drive\/folders\/1n5sp5Ko1fp5B_VwohnOhkor2IuLipHVB?usp=sharing\">Rela\u00e7\u00e3o dos candidatos com a taxa de inscri\u00e7\u00e3o isenta.<\/a><br \/>\n<a href=\"https:\/\/drive.google.com\/drive\/folders\/1n5sp5Ko1fp5B_VwohnOhkor2IuLipHVB?usp=sharing\">Rela\u00e7\u00e3o dos candidatos que efetuaram o pagamento da taxa de inscri\u00e7\u00e3o.<\/a><br \/>\n<a href=\"https:\/\/drive.google.com\/drive\/folders\/1n5sp5Ko1fp5B_VwohnOhkor2IuLipHVB?usp=sharing\">Rela\u00e7\u00e3o dos candidatos classificados.<\/a><\/p>\n<p><strong>Edital n.047\/2012 \u2013<\/strong>\u00a0Abertura de inscri\u00e7\u00e3o aos Cursos de P\u00f3s-Gradua\u00e7\u00e3o em n\u00edvel de Especializa\u00e7\u00e3o a Dist\u00e2ncia para ingresso no 1\u00ba semestre de 2013.<br \/>\n<a href=\"https:\/\/drive.google.com\/drive\/folders\/1om27PvZKlqNzUopXe_50WPpQEoQp0NpK?usp=sharing\">Edital completo:\u00a0Encerrado.<\/a><br \/>\n<a href=\"https:\/\/drive.google.com\/drive\/folders\/1om27PvZKlqNzUopXe_50WPpQEoQp0NpK?usp=sharing\">Edital n. 051\/2012: altera o Edital n. 047\/2012.<\/a><br \/>\n<a href=\"https:\/\/drive.google.com\/drive\/folders\/1om27PvZKlqNzUopXe_50WPpQEoQp0NpK?usp=sharing\">Rela\u00e7\u00e3o dos candidatos com a taxa de inscri\u00e7\u00e3o isenta.<\/a><br \/>\n<a href=\"https:\/\/drive.google.com\/drive\/folders\/1om27PvZKlqNzUopXe_50WPpQEoQp0NpK?usp=sharing\">Rela\u00e7\u00e3o dos candidatos que efetuaram o pagamento da taxa de inscri\u00e7\u00e3o.<\/a><br \/>\n<a href=\"https:\/\/drive.google.com\/drive\/folders\/1om27PvZKlqNzUopXe_50WPpQEoQp0NpK?usp=sharing\">Rela\u00e7\u00e3o dos candidatos classificados\u00a0&#8211; Esp. em Gest\u00e3o P\u00fablica e Gest\u00e3o P\u00fablica Municipal.<\/a><br \/>\n<a href=\"https:\/\/drive.google.com\/drive\/folders\/1om27PvZKlqNzUopXe_50WPpQEoQp0NpK?usp=sharing\">Rela\u00e7\u00e3o dos candidatos classificados\u00a0&#8211; Esp. em Gest\u00e3o de Organiza\u00e7\u00e3o P\u00fablica em Sa\u00fade.<\/a><\/p>\n<p><strong>Edital n. 044\/2012 \u2013<\/strong>\u00a0processo seletivo para ingresso na Resid\u00eancia M\u00e9dica em mar\u00e7o de 2013, nas Especialidades com Pr\u00e9-Requisito, \u00c1reas de Atua\u00e7\u00e3o e Anos Opcionais<br \/>\n<a href=\"https:\/\/drive.google.com\/drive\/folders\/1q184mBa54NXQdHpx6d3jsyM_ZpJHPfTn?usp=sharing\">Edital completo: Encerrado.<\/a><br \/>\n<a href=\"https:\/\/drive.google.com\/drive\/folders\/1q184mBa54NXQdHpx6d3jsyM_ZpJHPfTn?usp=sharing\">Edital n. 002\/2013: altera o Edital n. 044\/2012.<\/a><br \/>\n<a href=\"https:\/\/drive.google.com\/drive\/folders\/1q184mBa54NXQdHpx6d3jsyM_ZpJHPfTn?usp=sharing\">Rela\u00e7\u00e3o dos candidatos classificados.<\/a><\/p>\n<p><strong>Edital n. 041\/2012 \u2013<\/strong>\u00a0abertura de inscri\u00e7\u00e3o ao Curso de P\u00f3s-Gradua\u00e7\u00e3o em Educa\u00e7\u00e3o, n\u00edvel de Mestrado, para atendimento da turma especial de Mestrado Interinstitucional \u2013 MINTER, oferecido ao Instituto Federal de Educa\u00e7\u00e3o Tecnol\u00f3gica de Tocantins \u2013 IFTO.<br \/>\n<a href=\"https:\/\/drive.google.com\/drive\/folders\/166ptAFfmvsLYzEwM-i8xZ-ZRJnUyd7_N?usp=sharing\">Edital completo: Encerrado<\/a><br \/>\n<a href=\"https:\/\/drive.google.com\/drive\/folders\/166ptAFfmvsLYzEwM-i8xZ-ZRJnUyd7_N?usp=sharing\">Edital n. 043\/2012: altera o Edital completo n. 041\/2012<\/a><br \/>\n<a href=\"https:\/\/drive.google.com\/drive\/folders\/166ptAFfmvsLYzEwM-i8xZ-ZRJnUyd7_N?usp=sharing\">Edital n. 052\/2012: altera o Edital n. 041\/2012.<\/a><\/p>\n<p><strong>Edital n. 040\/2012 \u2013<\/strong>\u00a0Abertura de inscri\u00e7\u00e3o aos Cursos de P\u00f3s-gradua\u00e7\u00e3o em n\u00edvel de Doutorado, Mestrado e Especializa\u00e7\u00e3o para ingresso no 1\u00ba semestre de 2013.<br \/>\n<a href=\"https:\/\/drive.google.com\/drive\/folders\/16-OnAmn0bRnblZq-6GSlTxltGaZyFqje?usp=sharing\">Edital completo: Encerrado<\/a><br \/>\n<a href=\"https:\/\/drive.google.com\/drive\/folders\/16-OnAmn0bRnblZq-6GSlTxltGaZyFqje?usp=sharing\">Edital n. 042\/2012: altera o Edital completo n. 040\/2012<\/a><br \/>\n<a href=\"https:\/\/drive.google.com\/drive\/folders\/16-OnAmn0bRnblZq-6GSlTxltGaZyFqje?usp=sharing\">Edital n. 045\/2012: altera o Edital completo n. 040\/2012<\/a><br \/>\n<a href=\"https:\/\/drive.google.com\/drive\/folders\/16-OnAmn0bRnblZq-6GSlTxltGaZyFqje?usp=sharing\">Edital n. 048\/2012: altera o Edital completo n. 040\/2012<\/a><br \/>\n<a href=\"https:\/\/drive.google.com\/drive\/folders\/16-OnAmn0bRnblZq-6GSlTxltGaZyFqje?usp=sharing\">Edital n. 054\/2012:\u00a0altera o Edital completo n. 040\/2012<\/a><br \/>\n<a href=\"https:\/\/drive.google.com\/drive\/folders\/16-OnAmn0bRnblZq-6GSlTxltGaZyFqje?usp=sharing\">Rela\u00e7\u00e3o dos candidatos classificados.<\/a><\/p>\n<p><strong>Edital n. 038\/2012 \u2013<\/strong>\u00a0Processo Seletivo para ingresso na Resid\u00eancia M\u00e9dica da UFSM, prova da AMRIGS, em Mar\u00e7o de 2013<br \/>\n<a href=\"https:\/\/drive.google.com\/drive\/folders\/1KT3e7EycYZznXfyOb2G1S0Kpclaj_BDN?usp=sharing\">Edital completo: Encerrado<\/a><br \/>\n<a href=\"https:\/\/drive.google.com\/drive\/folders\/1KT3e7EycYZznXfyOb2G1S0Kpclaj_BDN?usp=sharing\">Edital n. 001\/2013: altera o Edital completo n. 038\/2012<\/a><br \/>\n<a href=\"https:\/\/drive.google.com\/drive\/folders\/1KT3e7EycYZznXfyOb2G1S0Kpclaj_BDN?usp=sharing\">Rela\u00e7\u00e3o dos candidatos classificados.<\/a><\/p>\n<p><strong>Edital n. 002\/2012 \u2013<\/strong>\u00a0Inscri\u00e7\u00e3o ao Teste de Sufici\u00eancia em L\u00edngua Estrangeira, 2\u00ba semestre de 2012<br \/>\n<a href=\"https:\/\/drive.google.com\/drive\/folders\/1BaE0RGXAnnxhf06UxZZJ43mJhesUhOPn?usp=sharing\">Edital completo: Encerrado<\/a><\/p>\n<p><strong>Edital n. 037\/2012 \u2013<\/strong>\u00a0Abertura de inscri\u00e7\u00e3o ao Curso de P\u00f3s-gradua\u00e7\u00e3o em Administra\u00e7\u00e3o, n\u00edvel de Mestrado, para atendimento da turma especial de Mestrado Interinstitucional \u2013 MINTER, oferecido \u00e0 Universidade Federal do Maranh\u00e3o \u2013 UFMA, para ingresso no segundo semestre de 2012.<br \/>\n<a href=\"https:\/\/drive.google.com\/drive\/folders\/1Kc78y6wyisLGbcvW3KqpYCIsevvf9ALL?usp=sharing\">Edital completo: Encerrado<\/a><\/p>\n<p><strong>Edital n. 036\/2012 \u2013<\/strong>\u00a0Abertura de inscri\u00e7\u00e3o ao Curso de P\u00f3s-gradua\u00e7\u00e3o em Farmacologia, em n\u00edvel de Doutorado e Mestrado para ingresso no 2\u00ba semestre de 2012<br \/>\n<a href=\"https:\/\/drive.google.com\/drive\/folders\/1sDClZwpsmT97fq8V-KcY7nQkvysWcD3h?usp=sharing\">Edital completo: Encerrado<\/a><\/p>\n<p><strong>Edital n. 035\/2012 \u2013<\/strong>\u00a0Abertura de inscri\u00e7\u00e3o aos Cursos de P\u00f3s-gradua\u00e7\u00e3o, N\u00edvel de Especializa\u00e7\u00e3o, modalidade a Dist\u00e2ncia para ingresso no 2\u00ba semestre de 2012<br \/>\n<a href=\"https:\/\/drive.google.com\/open?id=1n1kSbxlIQE0X6KyJgaHedWda-PGRmB7P\">Edital completo: Encerrado<\/a><\/p>\n<p><strong>Edital n. 034\/2012 \u2013<\/strong>\u00a0Abertura de inscri\u00e7\u00e3o ao Curso de P\u00f3s-gradua\u00e7\u00e3o em Engenharia El\u00e9trica, em n\u00edvel de Doutorado para atendimento da turma especial de Doutorado Interinstitucional \u2013 DINTER, oferecido \u00e0 Funda\u00e7\u00e3o Universidade Federal de Rond\u00f4nia \u2013 UNIR<br \/>\n<a href=\"https:\/\/drive.google.com\/open?id=1G7iB8J1YYdgIPkLUY-oYdF934dDNcvFh\">Edital completo: Encerrado<\/a><\/p>\n<p><strong>Edital n. 033\/2012 \u2013<\/strong>\u00a0Abertura de inscri\u00e7\u00e3o ao Curso de P\u00f3s-gradua\u00e7\u00e3o em Reabilita\u00e7\u00e3o F\u00edsico-Motora, em n\u00edvel de Especializa\u00e7\u00e3o para ingresso no 2\u00ba semestre de 2012<br \/>\n<a href=\"https:\/\/drive.google.com\/open?id=1n2CuQS_WelE-kGEe7JrK0gqL1gtPg5A_\">Edital completo: Encerrado<\/a><\/p>\n<p><strong>Edital n. 030\/2012 \u2013<\/strong>\u00a0Abertura de inscri\u00e7\u00e3o aos Cursos de P\u00f3s-Gradua\u00e7\u00e3o, em n\u00edvel de Doutorado, Mestrado e Especializa\u00e7\u00e3o, para ingresso no 2\u00ba semestre de 2012<br \/>\n<a href=\"https:\/\/drive.google.com\/open?id=1kOhhXRu4vl7y-4K22bUQLqm0GGm0QoBx\">Edital completo: per\u00edodo de inscri\u00e7\u00e3o: 14 a 31 de maio de 2012<\/a><\/p>\n<p><strong>Edital n. 022\/2012 \u2013<\/strong>\u00a0Processo seletivo para ingresso na Resid\u00eancia M\u00e9dica \u2013 2012, nas Especialidades, \u00c1reas de Atua\u00e7\u00e3o e Anos Opcionais, com Pr\u00e9-requisito<br \/>\n<a href=\"https:\/\/drive.google.com\/open?id=1Yi0PgboBRJZ9hcBNXlX_zVROUM9FRjVW\">Edital completo: per\u00edodo de inscri\u00e7\u00e3o: 04 a 09 de abril de 2012<\/a><\/p>\n<p><strong>Edital n. 020\/2012 \u2013<\/strong>\u00a0Processo seletivo para ingresso na Resid\u00eancia M\u00e9dica \u2013 2012, nas Especialidades, \u00c1reas de Atua\u00e7\u00e3o e Anos Opcionais, com Pr\u00e9-requisito<br \/>\n<a href=\"https:\/\/drive.google.com\/open?id=192dbJBGx4SiHGT1STxNWDucqCcMmlwrQ\">Edital completo: per\u00edodo de inscri\u00e7\u00e3o: encerrado<\/a><\/p>\n<p><strong>Edital n. 001\/2012 \u2013<\/strong>\u00a0Inscri\u00e7\u00e3o ao Teste de Sufici\u00eancia em L\u00edngua Estrangeira, 1\u00b0 semestre de 2012<br \/>\n<a href=\"https:\/\/drive.google.com\/open?id=1f9LjsHykScqwb7QLcnuqZaUMu4oSm6wq\">Edital completo: per\u00edodo de inscri\u00e7\u00e3o: 19 de mar\u00e7o a 13 de abril de 2012<\/a><\/p>\n<p><strong>Edital n. 018\/2012 \u2013<\/strong>\u00a0Inscri\u00e7\u00e3o para Sele\u00e7\u00e3o de Estagi\u00e1rio Remunerado N\u00e3o-obrigat\u00f3rio de Estudantes vinculados \u00e0 UFSM<br \/>\n<a href=\"https:\/\/drive.google.com\/open?id=1ISzpCDyjsCmjmd4IrczpXK7gmIiZ7RtB\">Edital completo: inscri\u00e7\u00e3o: encerrado<\/a><\/p>\n<p><strong>Edital n. 009\/2012 \u2013<\/strong>\u00a0Abertura de processo seletivo nos Programas de Resid\u00eancia em \u00c1rea Profissional da Sa\u00fade \u2013 Medicina Veterin\u00e1ria, para ingresso no 1\u00b0 semestre de 2012.<br \/>\n<a href=\"https:\/\/drive.google.com\/open?id=1LPYmN0__ZiM0KuUX6cyOf6ugMqtzX3eQ\">Edital completo: per\u00edodo de inscri\u00e7\u00e3o: encerrado<\/a><br \/>\n<a href=\"https:\/\/drive.google.com\/open?id=1LPYmN0__ZiM0KuUX6cyOf6ugMqtzX3eQ\">Edital n. 019\/2012\u00a0\u2013 altera o Edital completo<\/a><br \/>\n<a href=\"https:\/\/drive.google.com\/open?id=1LPYmN0__ZiM0KuUX6cyOf6ugMqtzX3eQ\">Rela\u00e7\u00e3o dos candidatos\u00a0que efetuaram o pagamento no per\u00edodo determinado no Edital completo<\/a><\/p>\n<p><strong>Edital n. 003\/2012 \u2013<\/strong>\u00a0Abertura de inscri\u00e7\u00e3o ao processo seletivo de Resid\u00eancia Multiprofissional em Sa\u00fade, em n\u00edvel de Especializa\u00e7\u00e3o, ingresso no 1\u00b0 semestre de 2012.<br \/>\n<a href=\"https:\/\/drive.google.com\/open?id=1a4_eER1VoNGJujL2UvuhqiDDhteVuUxX\">Edital completo: per\u00edodo de inscri\u00e7\u00e3o: 23 de janeiro a 10 de fevereiro de 2012<\/a><br \/>\n<a href=\"https:\/\/drive.google.com\/open?id=1a4_eER1VoNGJujL2UvuhqiDDhteVuUxX\">Edital n. 005\/2012: altera o Edital completo<\/a><br \/>\n<a href=\"https:\/\/drive.google.com\/open?id=1a4_eER1VoNGJujL2UvuhqiDDhteVuUxX\">Edital n. 008\/2012: altera o Edital completo<\/a><br \/>\n<a href=\"https:\/\/drive.google.com\/open?id=1a4_eER1VoNGJujL2UvuhqiDDhteVuUxX\">Nota de Suspens\u00e3o da Prova de Sele\u00e7\u00e3o<\/a><\/p>\n<p><strong>Edital n. 002\/2012 \u2013<\/strong>\u00a0Reabertura de inscri\u00e7\u00e3o aos Cursos de P\u00f3s-gradua\u00e7\u00e3o, em n\u00edvel de Doutorado, Mestrado e Especializa\u00e7\u00e3o, para ingresso no 1\u00b0 semestre de 2012<br \/>\n<a href=\"https:\/\/drive.google.com\/open?id=1ABuF488xra5sqhs_T9g4_wMYae9P1Gg4\">Edital completo: per\u00edodo de inscri\u00e7\u00e3o: 16 a 31 de janeiro de 2012<\/a><br \/>\n<a href=\"https:\/\/drive.google.com\/open?id=1ABuF488xra5sqhs_T9g4_wMYae9P1Gg4\">Edital n. 006\/2012: altera o Edital completo<\/a><\/p>\n<p><strong>Edital n. 001\/2012 \u2013<\/strong>\u00a0Abertura de inscri\u00e7\u00e3o aos Cursos de Doutorado em Administra\u00e7\u00e3o, Comunica\u00e7\u00e3o e Mestrado em Educa\u00e7\u00e3o F\u00edsica<br \/>\n<a href=\"https:\/\/drive.google.com\/open?id=1tHI0NAj2YEz5KoFRbpyrivn0N1oj_2zI\">Edital completo: per\u00edodo de inscri\u00e7\u00e3o: 16 a 31 de janeiro de 2012<\/a><br \/>\n<a href=\"https:\/\/drive.google.com\/open?id=1tHI0NAj2YEz5KoFRbpyrivn0N1oj_2zI\">Edital n. 004\/2012: altera o edital completo<\/a><\/p>\n","protected":false},"excerpt":{"rendered":"<p>Edital n.050\/2012 \u2013\u00a0Abertura de inscri\u00e7\u00f5es \u00e0 sele\u00e7\u00e3o nos programas de Resid\u00eancia Multiprofissional em Sa\u00fade e em \u00c1rea Profissional da Sa\u00fade\/Medicina Veterin\u00e1ria, em n\u00edvel de Especializa\u00e7\u00e3o, para ingresso em mar\u00e7o de 2013. Edital completo: Encerrado. Edital n. 053\/2012: altera o Edital n. 050\/2012. Edital n. 055\/2012: altera o Edital n. 050\/2012. Edital n. 004\/2013: altera o [&hellip;]<\/p>\n","protected":false},"author":221,"featured_media":0,"parent":7279,"menu_order":0,"comment_status":"closed","ping_status":"closed","template":"","meta":{"footnotes":""},"categories":[],"tags":[],"class_list":["post-7284","page","type-page","status-publish","hentry"],"acf":[],"_links":{"self":[{"href":"https:\/\/www.ufsm.br\/pro-reitorias\/prpgp\/wp-json\/wp\/v2\/pages\/7284","targetHints":{"allow":["GET"]}}],"collection":[{"href":"https:\/\/www.ufsm.br\/pro-reitorias\/prpgp\/wp-json\/wp\/v2\/pages"}],"about":[{"href":"https:\/\/www.ufsm.br\/pro-reitorias\/prpgp\/wp-json\/wp\/v2\/types\/page"}],"author":[{"embeddable":true,"href":"https:\/\/www.ufsm.br\/pro-reitorias\/prpgp\/wp-json\/wp\/v2\/users\/221"}],"replies":[{"embeddable":true,"href":"https:\/\/www.ufsm.br\/pro-reitorias\/prpgp\/wp-json\/wp\/v2\/comments?post=7284"}],"version-history":[{"count":0,"href":"https:\/\/www.ufsm.br\/pro-reitorias\/prpgp\/wp-json\/wp\/v2\/pages\/7284\/revisions"}],"up":[{"embeddable":true,"href":"https:\/\/www.ufsm.br\/pro-reitorias\/prpgp\/wp-json\/wp\/v2\/pages\/7279"}],"wp:attachment":[{"href":"https:\/\/www.ufsm.br\/pro-reitorias\/prpgp\/wp-json\/wp\/v2\/media?parent=7284"}],"wp:term":[{"taxonomy":"category","embeddable":true,"href":"https:\/\/www.ufsm.br\/pro-reitorias\/prpgp\/wp-json\/wp\/v2\/categories?post=7284"},{"taxonomy":"post_tag","embeddable":true,"href":"https:\/\/www.ufsm.br\/pro-reitorias\/prpgp\/wp-json\/wp\/v2\/tags?post=7284"}],"curies":[{"name":"wp","href":"https:\/\/api.w.org\/{rel}","templated":true}]}}