{"id":7285,"date":"2018-09-12T11:01:53","date_gmt":"2018-09-12T14:01:53","guid":{"rendered":"https:\/\/www.ufsm.br\/pro-reitorias\/prpgp\/?page_id=7285"},"modified":"2018-10-30T09:04:36","modified_gmt":"2018-10-30T12:04:36","slug":"edital-interno-2018","status":"publish","type":"page","link":"https:\/\/www.ufsm.br\/pro-reitorias\/prpgp\/editais-passados\/edital-interno-2018","title":{"rendered":"Editais Internos 2018"},"content":{"rendered":"<p><strong>Chamada Interna para sele\u00e7\u00e3o de subprojetos &#8211;\u00a0\u00a0MCTIC\/FINEP\/A\u00c7\u00c3O TRANSVERSAL \u2013<\/strong>\u00a0 SOS EQUIPAMENTOS<br \/>\n<a href=\"https:\/\/www.ufsm.br\/pro-reitorias\/prpgp\/editais\/000-2018\/\">Chamada interna<\/a><\/p>\n<p><strong>Chamda interna para sele\u00e7\u00e3o de subprojetos &#8211;\u00a0MCTIC\/FINEP\/CT-INFRA 04\/2018<\/strong>\u00a0&#8211;\u00a0Apoio \u00e0 infraestrutura de pesquisa cient\u00edfica e tecnol\u00f3gica em \u00e1reas tem\u00e1ticas.<br \/>\n<a href=\"https:\/\/www.ufsm.br\/pro-reitorias\/prpgp\/editais\/004-2018\/\">Chamada interna\u00a0<\/a><\/p>\n<p><strong>Chamada interna para sele\u00e7\u00e3o de subprojetos &#8211;\u00a0 MCTIC\/FINEP\/CT-INFRA 03\/2018<\/strong>\u00a0\u2013 Manuten\u00e7\u00e3o preventiva de equipamentos e manuten\u00e7\u00e3o de infraestrutura de Biot\u00e9rios e de cole\u00e7\u00f5es biol\u00f3gicas de microrganismos.<br \/>\n<a href=\"https:\/\/www.ufsm.br\/pro-reitorias\/prpgp\/editais\/003-2018\/\">Chamada interna<\/a><\/p>\n<p><strong>Pr\u00f3-Publica\u00e7\u00f5es Internacionais (<a href=\"https:\/\/www.ufsm.br\/pro-reitorias\/prpgp\/editais\/025-2018\/\">Edital 025\/18<\/a>)<br \/>\n<\/strong>Programa Especial de Incentivo \u00e0s Publica\u00e7\u00f5es Internacionais que visa custear o pagamento de despesas como taxas de publica\u00e7\u00e3o de artigo cient\u00edfico em peri\u00f3dico internacional, vers\u00e3o para l\u00edngua estrangeira ou corre\u00e7\u00e3o de gram\u00e1tica e estilo de artigo cient\u00edfico ou cap\u00edtulo de livro.<\/p>\n<p><strong>Edital n. 024\/2018 &#8211; INSCRI\u00c7\u00d5ES AO PROCESSO SELETIVO DE EST\u00c1GIO REMUNERADO N\u00c3O OBRIGAT\u00d3RIO DE ESTUDANTES VINCULADOS \u00c0 UFSM<\/strong><\/p>\n<p>As inscri\u00e7\u00f5es para a sele\u00e7\u00e3o de estagi\u00e1rios estar\u00e3o abertas de 18 a 22 de junho de 2018, no hor\u00e1rio das 8h30min \u00e0s 11h30min e das 14h30min \u00e0s 16h30min.<br \/>\n<a href=\"https:\/\/www.ufsm.br\/pro-reitorias\/prpgp\/wp-content\/uploads\/sites\/345\/2018\/10\/EditalN024-2018-SelecaoEstagiariosCPG.pdf\">Edital Completo<\/a><\/p>\n<p><a href=\"https:\/\/www.ufsm.br\/pro-reitorias\/prpgp\/wp-content\/uploads\/sites\/345\/2018\/10\/Resultado-EditalN024-2018-SelecaoEstagiariosCPG.pdf\">Resultado<\/a><\/p>\n<p><strong>CHAMADA INTERNA PARA DISTRIBUI\u00c7\u00c3O DE BOLSAS DEMANDA SOCIAL &#8211; COTA PRPGP<\/strong><\/p>\n<p>Esta chamada interna tem como objetivo selecionar propostas de concess\u00e3o de cotas de bolsas DS, alocadas na Pr\u00f3-Reitoria de P\u00f3s-Gradua\u00e7\u00e3o e Pesquisa da UFSM. O Programa de Demanda Social &#8211; DS &#8211; tem por objetivo a forma\u00e7\u00e3o de recursos humanos de alto n\u00edvel necess\u00e1rios ao Pa\u00eds, proporcionando aos programas de p\u00f3s-gradua\u00e7\u00e3o\u00a0<em>stricto sensu<\/em>\u00a0as condi\u00e7\u00f5es adequadas ao desenvolvimento de suas atividades.<br \/>\nO envio das propostas dos Programas de P\u00f3s-Gradua\u00e7\u00e3o da UFSM para concorrerem ao sistema de distribui\u00e7\u00e3o das cotas da PRPGP no Programa de Demanda Social &#8211; DS\/CAPES dever\u00e1 ser feito at\u00e9 o dia 16 de fevereiro de 2018.<br \/>\n<a href=\"https:\/\/www.ufsm.br\/pro-reitorias\/prpgp\/editais\/000-2018-2\/\">Chamada Interna<\/a><\/p>\n<p><strong>PR\u00d3-REVISTAS 2018<\/strong><br \/>\nPrograma especial de incentivo \u00e0s Revistas Cient\u00edficas editadas pela UFSM que visa \u00e0 concess\u00e3o de aux\u00edlio financeiro para apoio \u00e0s atividades de publica\u00e7\u00e3o de peri\u00f3dico cient\u00edfico, gerenciamento digital (&#8220;on line&#8221;) consolida\u00e7\u00e3o das mesmas.<br \/>\n<a href=\"https:\/\/www.ufsm.br\/pro-reitorias\/prpgp\/editais\/016-2018\/\">Edital 016\/2018<\/a><\/p>\n","protected":false},"excerpt":{"rendered":"<p>Chamada Interna para sele\u00e7\u00e3o de subprojetos &#8211;\u00a0\u00a0MCTIC\/FINEP\/A\u00c7\u00c3O TRANSVERSAL \u2013\u00a0 SOS EQUIPAMENTOS Chamada interna Chamda interna para sele\u00e7\u00e3o de subprojetos &#8211;\u00a0MCTIC\/FINEP\/CT-INFRA 04\/2018\u00a0&#8211;\u00a0Apoio \u00e0 infraestrutura de pesquisa cient\u00edfica e tecnol\u00f3gica em \u00e1reas tem\u00e1ticas. Chamada interna\u00a0 Chamada interna para sele\u00e7\u00e3o de subprojetos &#8211;\u00a0 MCTIC\/FINEP\/CT-INFRA 03\/2018\u00a0\u2013 Manuten\u00e7\u00e3o preventiva de equipamentos e manuten\u00e7\u00e3o de infraestrutura de Biot\u00e9rios e de cole\u00e7\u00f5es [&hellip;]<\/p>\n","protected":false},"author":221,"featured_media":0,"parent":7279,"menu_order":0,"comment_status":"closed","ping_status":"closed","template":"","meta":{"footnotes":""},"categories":[],"tags":[],"class_list":["post-7285","page","type-page","status-publish","hentry"],"acf":[],"_links":{"self":[{"href":"https:\/\/www.ufsm.br\/pro-reitorias\/prpgp\/wp-json\/wp\/v2\/pages\/7285","targetHints":{"allow":["GET"]}}],"collection":[{"href":"https:\/\/www.ufsm.br\/pro-reitorias\/prpgp\/wp-json\/wp\/v2\/pages"}],"about":[{"href":"https:\/\/www.ufsm.br\/pro-reitorias\/prpgp\/wp-json\/wp\/v2\/types\/page"}],"author":[{"embeddable":true,"href":"https:\/\/www.ufsm.br\/pro-reitorias\/prpgp\/wp-json\/wp\/v2\/users\/221"}],"replies":[{"embeddable":true,"href":"https:\/\/www.ufsm.br\/pro-reitorias\/prpgp\/wp-json\/wp\/v2\/comments?post=7285"}],"version-history":[{"count":0,"href":"https:\/\/www.ufsm.br\/pro-reitorias\/prpgp\/wp-json\/wp\/v2\/pages\/7285\/revisions"}],"up":[{"embeddable":true,"href":"https:\/\/www.ufsm.br\/pro-reitorias\/prpgp\/wp-json\/wp\/v2\/pages\/7279"}],"wp:attachment":[{"href":"https:\/\/www.ufsm.br\/pro-reitorias\/prpgp\/wp-json\/wp\/v2\/media?parent=7285"}],"wp:term":[{"taxonomy":"category","embeddable":true,"href":"https:\/\/www.ufsm.br\/pro-reitorias\/prpgp\/wp-json\/wp\/v2\/categories?post=7285"},{"taxonomy":"post_tag","embeddable":true,"href":"https:\/\/www.ufsm.br\/pro-reitorias\/prpgp\/wp-json\/wp\/v2\/tags?post=7285"}],"curies":[{"name":"wp","href":"https:\/\/api.w.org\/{rel}","templated":true}]}}