{"id":7286,"date":"2018-09-12T11:06:58","date_gmt":"2018-09-12T14:06:58","guid":{"rendered":"https:\/\/www.ufsm.br\/pro-reitorias\/prpgp\/?page_id=7286"},"modified":"2018-11-01T14:28:27","modified_gmt":"2018-11-01T17:28:27","slug":"editais-internos-2017","status":"publish","type":"page","link":"https:\/\/www.ufsm.br\/pro-reitorias\/prpgp\/editais-passados\/editais-internos-2017","title":{"rendered":"Editais Internos 2017"},"content":{"rendered":"<p><strong>APCN 2017 &#8211; CHAMADA INTERNA PRPGP E COMIT\u00ca ASSESSOR\u00a0<\/strong><br \/>\nChamada interna para sele\u00e7\u00e3o de propostas de cursos novos Stricto Sensu (Mestrado e Doutorado) para submiss\u00e3o \u00e0 UFSM em 2017 e in\u00edcio em 2019.<br \/>\n<a href=\"https:\/\/drive.google.com\/open?id=1g5A6OwP8GyryArYH0a-anjdcHYunU93G\">Chamada Interna APCN 2017<\/a><br \/>\n<a href=\"https:\/\/drive.google.com\/open?id=1g5A6OwP8GyryArYH0a-anjdcHYunU93G\">RETIFICA\u00c7\u00c3O \u00e0 chamada APCN.<\/a><\/p>\n<p><strong>Chamada Interna 01\/PRPGP\/UFSM, de 08 DE agosto DE 2017 &#8211; PR\u00d3-MANUTEN\u00c7\u00c3O &#8211; CAPES<br \/>\n<\/strong>A PR\u00d3-REITORIA DE P\u00d3S-GRADUA\u00c7\u00c3O E PESQUISA (PRPGP \u2013 UFSM) estar\u00e1 acolhendo at\u00e9 as 12 horas do dia 25\/08\/2017, impreterivelmente, propostas visando atender necessidades de manuten\u00e7\u00e3o de equipamentos, destinados \u00e0 pesquisa cient\u00edfica e tecnol\u00f3gica vinculados aos Programas de P\u00f3s-Gradua\u00e7\u00e3o stricto-sensu da UFSM.<strong><br \/>\n<\/strong>\u00a0<a href=\"https:\/\/drive.google.com\/open?id=1ctPktsax7q2riYynuyx6hxmT6qg1wicp\">Acesse informa\u00e7\u00f5es completas da chamada aqui.<\/a><br \/>\n<a href=\"https:\/\/drive.google.com\/open?id=1ctPktsax7q2riYynuyx6hxmT6qg1wicp\">ADENDO \u00c0 CHAMDA INTERNA 01\/PRPGP\/UFSM\u00a0&#8211; Atualizado em 24\/08\/2017<\/a><a href=\"http:\/\/prpgp.ufsm.br\/images\/pro-reitoria\/Assessoria_Financeira\/Chamada_Promanuten%C3%A7%C3%A3o_Capes_2017_atual.pdf\"><br \/>\n<\/a><\/p>\n<p><strong>Pr\u00f3-Publica\u00e7\u00f5es Internacionais (Edital 023\/17)<\/strong><br \/>\nPrograma Especial de Incentivo \u00e0s Publica\u00e7\u00f5es Internacionais que visa custear o pagamento de despesas como taxas de publica\u00e7\u00e3o de artigo cient\u00edfico em peri\u00f3dico internacional, tradu\u00e7\u00e3o para l\u00edngua estrangeira ou corre\u00e7\u00e3o de gram\u00e1tica e estilo de artigo cient\u00edfico ou cap\u00edtulo de livro.<br \/>\nPer\u00edodo das inscri\u00e7\u00f5es: de 31 de maio de 2017 a 15 de outubro de 2017.<a href=\"https:\/\/drive.google.com\/open?id=18bdB7HzyS_nT_wn1o4GvZKhkq9wEUD1I\"> Edital completo:\u00a0arquivo pdf.<\/a><br \/>\n<a href=\"https:\/\/drive.google.com\/open?id=18bdB7HzyS_nT_wn1o4GvZKhkq9wEUD1I\">Ficha de inscri\u00e7\u00e3o:\u00a0arquivo doc.<\/a><br \/>\n<a href=\"https:\/\/drive.google.com\/open?id=18bdB7HzyS_nT_wn1o4GvZKhkq9wEUD1I\">Modelo de presta\u00e7\u00e3o de contas:\u00a0arquivo doc.<\/a><br \/>\n<a href=\"https:\/\/drive.google.com\/open?id=18bdB7HzyS_nT_wn1o4GvZKhkq9wEUD1I\">Lei 4.320 de 17 de mar\u00e7o de 1964:\u00a0arquivo pdf.<\/a><\/p>\n<p><strong>Pr\u00f3-Revistas 2017<\/strong><br \/>\nPrograma especial de incentivo \u00e0s Revistas Cient\u00edficas editadas pela UFSM que visa \u00e0 concess\u00e3o de aux\u00edlio financeiro para apoio \u00e0s atividades de publica\u00e7\u00e3o de peri\u00f3dico cient\u00edfico, gerenciamento digital (&#8220;on line&#8221;) consolida\u00e7\u00e3o dos mesmos.<br \/>\n<a href=\"https:\/\/drive.google.com\/open?id=1-7K0tmbJGN-kI7llxQPlths7Ta23ucYC\">Edital 019\/2017 &#8211;\u00a0arquivo pdf\u00a0<\/a>&#8211; entrega das propostas at\u00e9 12h de 29\/05\/2017.<br \/>\n<a href=\"https:\/\/drive.google.com\/open?id=1-7K0tmbJGN-kI7llxQPlths7Ta23ucYC\">Ficha de inscri\u00e7\u00e3o &#8211;\u00a0arquivo doc<\/a><br \/>\n<a href=\"https:\/\/drive.google.com\/open?id=1-7K0tmbJGN-kI7llxQPlths7Ta23ucYC\">Plano de aplica\u00e7\u00e3o dos recursos-\u00a0arquivo doc<\/a><br \/>\n<a href=\"https:\/\/drive.google.com\/open?id=1-7K0tmbJGN-kI7llxQPlths7Ta23ucYC\">Plano atividades do bolsista\u00a0&#8211;\u00a0arquivo doc<\/a><br \/>\n<a href=\"https:\/\/drive.google.com\/open?id=1-7K0tmbJGN-kI7llxQPlths7Ta23ucYC\">Ficha de confer\u00eancia dos documentos &#8211;\u00a0arquivo doc<\/a><br \/>\n<a href=\"https:\/\/drive.google.com\/open?id=1-7K0tmbJGN-kI7llxQPlths7Ta23ucYC\">Modelo de relat\u00f3rio t\u00e9cnico &#8211;\u00a0arquivo doc<\/a><\/p>\n<p><strong>PEIPSM \u2013 Programa Especial de Incentivo \u00e0 Pesquisa para o Servidor Mestre<br \/>\n<\/strong>Programa Especial de Incentivo \u00e0 Pesquisa para o Servidor Mestre para servidores da UFSM que obtiveram o t\u00edtulo de Mestre a partir de 1\u00ba de Janeiro de 2011 ou estar em per\u00edodo de est\u00e1gio probat\u00f3rio na UFSM com ingresso na UFSM ap\u00f3s 1\u00ba de janeiro de 2013<br \/>\n<a href=\"https:\/\/drive.google.com\/open?id=1xIXEApYi5RucaYviPbjmv1TmLP1HGXbu\">Edital 013\/2017\u00a0\u2013 PEIPSM<\/a> \u2013\u00a0inscri\u00e7\u00f5es: 27 de mar\u00e7o a 09 de abril de 2017.<br \/>\n<a href=\"https:\/\/drive.google.com\/open?id=1xIXEApYi5RucaYviPbjmv1TmLP1HGXbu\">Ficha de Avalia\u00e7\u00e3o<\/a><br \/>\n<a href=\"https:\/\/drive.google.com\/open?id=1xIXEApYi5RucaYviPbjmv1TmLP1HGXbu\">RESULTADO EDITAL 013<\/a><\/p>\n<p><strong>FIT \u2013 Fundo de Incentivo \u00e0 Inova\u00e7\u00e3o Tecnol\u00f3gica<br \/>\n<\/strong>Programa de concess\u00e3o de bolsas de inicia\u00e7\u00e3o \u00e0 inova\u00e7\u00e3o tecnol\u00f3gica (BIT) e aux\u00edlio \u00e0 projetos de inova\u00e7\u00e3o tecnol\u00f3gica aos docentes e servidores da UFSM.<br \/>\n<a href=\"https:\/\/drive.google.com\/open?id=1yf1z94NH8bSy3eQDX3daemr2Q1RZDbnC\">Edital n.010\/2017\u2013 FIT BIT<\/a>\u00a0&#8211;\u00a0inscri\u00e7\u00f5es: 27 de mar\u00e7o a 09 de abril de 2017.<br \/>\n<a href=\"https:\/\/drive.google.com\/open?id=1yf1z94NH8bSy3eQDX3daemr2Q1RZDbnC\">Edital n.011\/2017\u2013 FIT BIT Jr.<\/a>\u00a0&#8211;\u00a0inscri\u00e7\u00f5es: 27 de mar\u00e7o a 09 de abril de 2017.<br \/>\n<a href=\"https:\/\/drive.google.com\/open?id=1yf1z94NH8bSy3eQDX3daemr2Q1RZDbnC\">Ficha de Avalia\u00e7\u00e3o<\/a><br \/>\n<a href=\"https:\/\/drive.google.com\/open?id=1yf1z94NH8bSy3eQDX3daemr2Q1RZDbnC\">RESULTADOS EDITAIS 010 \/ 011<\/a><\/p>\n<p><strong>FIPE \u2013 Fundo de incentivo a Pesquisa<br \/>\n<\/strong>Programa de concess\u00e3o de bolsas de inicia\u00e7\u00e3o cient\u00edfica e aux\u00edlio \u00e0 pesquisa aos docentes e servidores da UFSM.<br \/>\n<a href=\"https:\/\/drive.google.com\/open?id=1Q3xbAohjAx8m-9k_ZG79DXXBlvI2y87P\">Edital n.016\/2017\u00a0\u2013 FIPE S\u00caNIOR<\/a>\u00a0&#8211; inscri\u00e7\u00f5es: 27 de mar\u00e7o a 09 de abril de 2017.<br \/>\n<a href=\"https:\/\/drive.google.com\/open?id=1Q3xbAohjAx8m-9k_ZG79DXXBlvI2y87P\">Edital n.015\/2017\u00a0\u2013 FIPE J\u00daNIOR<\/a>\u00a0&#8211; inscri\u00e7\u00f5es: 27 de mar\u00e7o a 09 de abril de 2017.<br \/>\n<a href=\"https:\/\/drive.google.com\/open?id=1Q3xbAohjAx8m-9k_ZG79DXXBlvI2y87P\">Edital n.014\/2017\u00a0\u2013 FIPE ARD \u2013 Enxoval<\/a>\u00a0\u2013 inscri\u00e7\u00f5es: 27 de mar\u00e7o a 09 de abril de 2017.<br \/>\n<a href=\"https:\/\/drive.google.com\/open?id=1Q3xbAohjAx8m-9k_ZG79DXXBlvI2y87P\">Ficha de Avalia\u00e7\u00e3o<\/a><br \/>\n<a href=\"https:\/\/drive.google.com\/open?id=1Q3xbAohjAx8m-9k_ZG79DXXBlvI2y87P\">RESULTADOS<\/a><\/p>\n<p><strong>PROIC HUSM \u2013 Programa de Inicia\u00e7\u00e3o Cient\u00edfica Para o Hospital Universit\u00e1rio de Santa Maria<br \/>\n<\/strong>Programa de concess\u00e3o de bolsas de inicia\u00e7\u00e3o cient\u00edfica e aux\u00edlio \u00e0 pesquisa para os grupos de pesquisa que desenvolvem a\u00e7\u00f5es no \u00e2mbito do Hosp\u00edtal Universit\u00e1rio de Santa Maria<br \/>\n<a href=\"https:\/\/drive.google.com\/open?id=1jYsxlmWd_g9aB-igI_t-p3i7OPoP7mfb\">Edital n.012\/2017\u00a0<\/a>&#8211;\u00a0inscri\u00e7\u00f5es: 27 de mar\u00e7o a 09 de abril de 2017.<br \/>\n<a href=\"https:\/\/drive.google.com\/open?id=1jYsxlmWd_g9aB-igI_t-p3i7OPoP7mfb\">Ficha de Avalia\u00e7\u00e3o<\/a><br \/>\n<a href=\"https:\/\/drive.google.com\/open?id=1jYsxlmWd_g9aB-igI_t-p3i7OPoP7mfb\">Declara\u00e7\u00f5es &#8211; \u00a0ci\u00eancia de orienta\u00e7\u00e3o, \u00a0\u00a0declara\u00e7\u00e3o da GEP<\/a><br \/>\n<a href=\"https:\/\/drive.google.com\/open?id=1jYsxlmWd_g9aB-igI_t-p3i7OPoP7mfb\">RESULTADO EDITAL 012<\/a><\/p>\n<p><strong>PIBIC \u2013 Programa Institucional de Bolsas de Inicia\u00e7\u00e3o Cient\u00edfica (CNPq\/UFSM)<br \/>\n<\/strong>Programa de concess\u00e3o de bolsas de inicia\u00e7\u00e3o cient\u00edfica vinculado ao CNPq, voltado para o desenvolvimento do pensamento cient\u00edfico e inicia\u00e7\u00e3o \u00e0 pesquisa de estudantes de gradua\u00e7\u00e3o do esino superior.<br \/>\n<a href=\"https:\/\/drive.google.com\/open?id=1ebMXsMuVcUaWcMZ4q0kq8w-Q7iNGaj8U\">Edital 005\/2017<\/a>: per\u00edodo de inscri\u00e7\u00e3o: 27 de mar\u00e7o a 09 de abril de 2017.<br \/>\n<a href=\"https:\/\/drive.google.com\/open?id=1ebMXsMuVcUaWcMZ4q0kq8w-Q7iNGaj8U\">Ficha de Avalia\u00e7\u00e3o Ci\u00eancias Exatas e da Terra<\/a><br \/>\n<a href=\"https:\/\/drive.google.com\/open?id=1ebMXsMuVcUaWcMZ4q0kq8w-Q7iNGaj8U\">Ficha de Avalia\u00e7\u00e3o Ci\u00eancias Humanas<\/a><br \/>\n<a href=\"https:\/\/drive.google.com\/open?id=1ebMXsMuVcUaWcMZ4q0kq8w-Q7iNGaj8U\">Ficha de Avalia\u00e7\u00e3o Ci\u00eancias Agr\u00e1rias<\/a><br \/>\n<a href=\"https:\/\/drive.google.com\/open?id=1ebMXsMuVcUaWcMZ4q0kq8w-Q7iNGaj8U\">Ficha de Avalia\u00e7\u00e3o Ci\u00eancias Biol\u00f3gicas<\/a><br \/>\n<a href=\"https:\/\/drive.google.com\/open?id=1ebMXsMuVcUaWcMZ4q0kq8w-Q7iNGaj8U\">Ficha de Avalia\u00e7\u00e3o Ci\u00eancias da Sa\u00fade<\/a><br \/>\n<a href=\"https:\/\/drive.google.com\/open?id=1ebMXsMuVcUaWcMZ4q0kq8w-Q7iNGaj8U\">Ficha de Avalia\u00e7\u00e3o Ci\u00eancias Sociais Aplicadas<\/a><br \/>\n<a href=\"https:\/\/drive.google.com\/open?id=1ebMXsMuVcUaWcMZ4q0kq8w-Q7iNGaj8U\">Ficha de Avalia\u00e7\u00e3o Engenharias<\/a><br \/>\n<a href=\"https:\/\/drive.google.com\/open?id=1ebMXsMuVcUaWcMZ4q0kq8w-Q7iNGaj8U\">Ficha de Avalia\u00e7\u00e3o Lingu\u00edsttica, Letras e Artes<\/a><br \/>\n<a href=\"https:\/\/drive.google.com\/open?id=1ebMXsMuVcUaWcMZ4q0kq8w-Q7iNGaj8U\">Ficha de Avalia\u00e7\u00e3o Multidisciplinar<\/a><br \/>\n<a href=\"https:\/\/drive.google.com\/open?id=1ebMXsMuVcUaWcMZ4q0kq8w-Q7iNGaj8U\">RESULTADO EDITAL 005<\/a><\/p>\n<p><strong>PIBIC EM \u2013 Programa Institucional de Bolsas de Inicia\u00e7\u00e3o Cient\u00edfica &#8211; Ensino M\u00e9dio (CNPq\/UFSM)<br \/>\n<\/strong>Programa de concess\u00e3o de bolsas de inicia\u00e7\u00e3o cient\u00edfica vinculado ao CNPq, voltado para o desenvolvimento do pensamento cient\u00edfico e inicia\u00e7\u00e3o \u00e0 pesquisa de estudantes de gradua\u00e7\u00e3o do esino superior.<br \/>\n<a href=\"https:\/\/drive.google.com\/open?id=1nzQxrSxVU3wzzoTHfjz2JSlLxvJ44Hxg\">Edital 007\/2017:<\/a> per\u00edodo de inscri\u00e7\u00e3o: 27 de mar\u00e7o a 09 de abril de 2017<br \/>\n<a href=\"https:\/\/drive.google.com\/open?id=1nzQxrSxVU3wzzoTHfjz2JSlLxvJ44Hxg\">Ficha de avalia\u00e7\u00e3o PIBIC<\/a><a href=\"http:\/\/prpgp.ufsm.br\/images\/editais-internos\/2017\/FICHA_DE_AVALIACAO_PIBIC_EM_2017.xls\"><br \/>\n<\/a><a href=\"https:\/\/drive.google.com\/open?id=1nzQxrSxVU3wzzoTHfjz2JSlLxvJ44Hxg\">RESULTADO EDITAL 007<\/a><\/p>\n<p><strong>PIBITI \u2013 Programa Institucional de Bolsas de Inicia\u00e7\u00e3o em Desenvolvimento Tecnol\u00f3gico e Inova\u00e7\u00e3o (CNPq\/UFSM)<br \/>\n<\/strong>Programa de concess\u00e3o de bolsas de inicia\u00e7\u00e3o em desenvolvimento tecnol\u00f3gico e inova\u00e7\u00e3o que visa estimular estudantes do ensino t\u00e9cnico e superior ao desenvolvimento e transfer\u00eancia de novas tecnologias e inova\u00e7\u00e3o.<br \/>\n<a href=\"https:\/\/drive.google.com\/open?id=1u-ZMnnswwufxmIC58sqo1xoNMICTQmD0\">Edital 006\/2017<\/a>:\u00a0per\u00edodo de inscri\u00e7\u00e3o: 27 de mar\u00e7o a 09 de abril de 2017<br \/>\n<a href=\"https:\/\/drive.google.com\/open?id=1u-ZMnnswwufxmIC58sqo1xoNMICTQmD0\">Ficha de avalia\u00e7\u00e3o PIBITI<\/a><br \/>\n<a href=\"https:\/\/drive.google.com\/open?id=1u-ZMnnswwufxmIC58sqo1xoNMICTQmD0\">RESULTADO EDITAL 006<\/a><\/p>\n<p><strong>PROBIC \u2013 Programa Institucional de Bolsas de Inicia\u00e7\u00e3o Cient\u00edfica (FAPERGS\/UFSM)<a href=\"http:\/\/prpgp.ufsm.br\/images\/editais-internos\/2015\/PIBITI\/FICHA%20DE%20AVALIAO%20PIBITI%202015%20-%20PLANILHA.xls\" target=\"_blank\" rel=\"noopener\"><br \/>\n<\/a><\/strong>Programa de concess\u00e3o de bolsas de inicia\u00e7\u00e3o cient\u00edfica vinculado a FAPERGS, voltado para o desenvolvimento do pensamento cient\u00edfico e inicia\u00e7\u00e3o \u00e0 pesquisa de estudantes de gradua\u00e7\u00e3o do ensino superior do RS.<br \/>\n<a href=\"https:\/\/drive.google.com\/open?id=1c81YBuLxx7p16Q8O3475O2FWuGUUddsM\">Edital 008\/2017<\/a>:\u00a0per\u00edodo de inscri\u00e7\u00e3o: 27 de mar\u00e7o a 09 de abril de 2017.<a href=\"http:\/\/prpgp.ufsm.br\/images\/editais-internos\/2017\/FICHADEAVALIACAOPROBIC2017.xls\"><br \/>\n<\/a><a href=\"https:\/\/drive.google.com\/open?id=1c81YBuLxx7p16Q8O3475O2FWuGUUddsM\">Ficha de Avalia\u00e7\u00e3o Ci\u00eancias Exatas e da Terra<\/a><br \/>\n<a href=\"https:\/\/drive.google.com\/open?id=1c81YBuLxx7p16Q8O3475O2FWuGUUddsM\">Ficha de Avalia\u00e7\u00e3o Ci\u00eancias Humanas<\/a><br \/>\n<a href=\"https:\/\/drive.google.com\/open?id=1c81YBuLxx7p16Q8O3475O2FWuGUUddsM\">Ficha de Avalia\u00e7\u00e3o Ci\u00eancias Agr\u00e1rias<\/a><br \/>\n<a href=\"https:\/\/drive.google.com\/open?id=1c81YBuLxx7p16Q8O3475O2FWuGUUddsM\">Ficha de Avalia\u00e7\u00e3o Ci\u00eancias Biol\u00f3gicas<\/a><br \/>\n<a href=\"https:\/\/drive.google.com\/open?id=1c81YBuLxx7p16Q8O3475O2FWuGUUddsM\">Ficha de Avalia\u00e7\u00e3o Ci\u00eancias da Sa\u00fade<\/a><br \/>\n<a href=\"https:\/\/drive.google.com\/open?id=1c81YBuLxx7p16Q8O3475O2FWuGUUddsM\">Ficha de Avalia\u00e7\u00e3o Ci\u00eancias Sociais Aplicadas<\/a><br \/>\n<a href=\"https:\/\/drive.google.com\/open?id=1c81YBuLxx7p16Q8O3475O2FWuGUUddsM\">Ficha de Avalia\u00e7\u00e3o Engenharias<\/a><br \/>\n<a href=\"https:\/\/drive.google.com\/open?id=1c81YBuLxx7p16Q8O3475O2FWuGUUddsM\">Ficha de Avalia\u00e7\u00e3o Lingu\u00edsttica, Letras e Artes<\/a><br \/>\n<a href=\"https:\/\/drive.google.com\/open?id=1c81YBuLxx7p16Q8O3475O2FWuGUUddsM\">Ficha de Avalia\u00e7\u00e3o Multidisciplinar<\/a><br \/>\n<a href=\"https:\/\/drive.google.com\/open?id=1c81YBuLxx7p16Q8O3475O2FWuGUUddsM\">RESULTADO EDITAL 008<\/a><br \/>\n<a href=\"https:\/\/drive.google.com\/open?id=1c81YBuLxx7p16Q8O3475O2FWuGUUddsM\">ERRATA 001\/2017<\/a><\/p>\n<p><strong>PROBITI \u2013 Programa Institucional de Bolsas de Inicia\u00e7\u00e3o Cient\u00edfica Tecnol\u00f3gica e Inova\u00e7\u00e3o (FAPERGS\/UFSM)<\/strong><br \/>\nPrograma de concess\u00e3o de bolsas de inicia\u00e7\u00e3o cient\u00edfica vinculado a FAPERGS, voltado para o desenvolvimento do pensamento cient\u00edfico e inicia\u00e7\u00e3o \u00e0 pesquisa de estudantes de gradua\u00e7\u00e3o do ensino superior do RS.<br \/>\n<a href=\"https:\/\/drive.google.com\/open?id=1rZ5Kp8JyegLapFSFEurVKVNlVv9HXJxZ\">Edital 009\/2017:\u00a0<\/a>per\u00edodo de inscri\u00e7\u00e3o:\u00a027 de mar\u00e7o a 09 de abril de 2017<br \/>\n<a href=\"https:\/\/drive.google.com\/open?id=1rZ5Kp8JyegLapFSFEurVKVNlVv9HXJxZ\">Ficha de avalia\u00e7\u00e3o PROBITI<\/a><br \/>\n<a href=\"https:\/\/drive.google.com\/open?id=1rZ5Kp8JyegLapFSFEurVKVNlVv9HXJxZ\">RESULTADO EDITAL 009<\/a><br \/>\n<a href=\"https:\/\/drive.google.com\/open?id=1rZ5Kp8JyegLapFSFEurVKVNlVv9HXJxZ\">ERRATA 001\/2017<\/a><\/p>\n","protected":false},"excerpt":{"rendered":"<p>APCN 2017 &#8211; CHAMADA INTERNA PRPGP E COMIT\u00ca ASSESSOR\u00a0 Chamada interna para sele\u00e7\u00e3o de propostas de cursos novos Stricto Sensu (Mestrado e Doutorado) para submiss\u00e3o \u00e0 UFSM em 2017 e in\u00edcio em 2019. Chamada Interna APCN 2017 RETIFICA\u00c7\u00c3O \u00e0 chamada APCN. Chamada Interna 01\/PRPGP\/UFSM, de 08 DE agosto DE 2017 &#8211; PR\u00d3-MANUTEN\u00c7\u00c3O &#8211; CAPES A [&hellip;]<\/p>\n","protected":false},"author":221,"featured_media":0,"parent":7279,"menu_order":0,"comment_status":"closed","ping_status":"closed","template":"","meta":{"footnotes":""},"categories":[],"tags":[],"class_list":["post-7286","page","type-page","status-publish","hentry"],"acf":[],"_links":{"self":[{"href":"https:\/\/www.ufsm.br\/pro-reitorias\/prpgp\/wp-json\/wp\/v2\/pages\/7286","targetHints":{"allow":["GET"]}}],"collection":[{"href":"https:\/\/www.ufsm.br\/pro-reitorias\/prpgp\/wp-json\/wp\/v2\/pages"}],"about":[{"href":"https:\/\/www.ufsm.br\/pro-reitorias\/prpgp\/wp-json\/wp\/v2\/types\/page"}],"author":[{"embeddable":true,"href":"https:\/\/www.ufsm.br\/pro-reitorias\/prpgp\/wp-json\/wp\/v2\/users\/221"}],"replies":[{"embeddable":true,"href":"https:\/\/www.ufsm.br\/pro-reitorias\/prpgp\/wp-json\/wp\/v2\/comments?post=7286"}],"version-history":[{"count":0,"href":"https:\/\/www.ufsm.br\/pro-reitorias\/prpgp\/wp-json\/wp\/v2\/pages\/7286\/revisions"}],"up":[{"embeddable":true,"href":"https:\/\/www.ufsm.br\/pro-reitorias\/prpgp\/wp-json\/wp\/v2\/pages\/7279"}],"wp:attachment":[{"href":"https:\/\/www.ufsm.br\/pro-reitorias\/prpgp\/wp-json\/wp\/v2\/media?parent=7286"}],"wp:term":[{"taxonomy":"category","embeddable":true,"href":"https:\/\/www.ufsm.br\/pro-reitorias\/prpgp\/wp-json\/wp\/v2\/categories?post=7286"},{"taxonomy":"post_tag","embeddable":true,"href":"https:\/\/www.ufsm.br\/pro-reitorias\/prpgp\/wp-json\/wp\/v2\/tags?post=7286"}],"curies":[{"name":"wp","href":"https:\/\/api.w.org\/{rel}","templated":true}]}}