{"id":7287,"date":"2018-09-12T11:10:28","date_gmt":"2018-09-12T14:10:28","guid":{"rendered":"https:\/\/www.ufsm.br\/pro-reitorias\/prpgp\/?page_id=7287"},"modified":"2018-11-01T14:41:47","modified_gmt":"2018-11-01T17:41:47","slug":"editais-internos-2016","status":"publish","type":"page","link":"https:\/\/www.ufsm.br\/pro-reitorias\/prpgp\/editais-passados\/editais-internos-2016","title":{"rendered":"Editais Internos 2016"},"content":{"rendered":"<p><strong>Chamada Interna N\u00ba 002\/2016\/PRPGP\/UFSM para sele\u00e7\u00e3o de Professor Visitante e Professor Visitante Estrangeiro\u00a0<\/strong><br \/>\nChamada Interna para contrata\u00e7\u00e3o de Professor Visitante e Professor Visitante Estrangeiro na Universidade Federal de Santa Maria, na forma e condi\u00e7\u00f5es estabelecidas na presente Chamada Interna.<br \/>\n<a href=\"https:\/\/drive.google.com\/open?id=1woH89cbvlznB7WfrsUyrMkviWFq9q5gT\">Chamada Interna PV e PVE 2016\u00a0<\/a>&#8211; envio das propostas at\u00e9 o dia 16 de setembro de 2016.<br \/>\n<a href=\"https:\/\/drive.google.com\/open?id=1woH89cbvlznB7WfrsUyrMkviWFq9q5gT\">Modelo de Requerimento de Vaga<\/a>\u00a0&#8211; Exemplo de Requerimento.<br \/>\n<a href=\"https:\/\/drive.google.com\/open?id=1woH89cbvlznB7WfrsUyrMkviWFq9q5gT\">Modelo de Inexist\u00eancia de PV\/PVE<\/a>\u00a0&#8211; Exemplo de Declara\u00e7\u00e3o de Inexist\u00eancia.<br \/>\n<a href=\"https:\/\/drive.google.com\/open?id=1woH89cbvlznB7WfrsUyrMkviWFq9q5gT\">Plano de Trabalho<\/a>\u00a0&#8211; Informa\u00e7\u00f5es sobre o que deve constar no Plano de Trabalho.<br \/>\n<a href=\"https:\/\/drive.google.com\/open?id=1woH89cbvlznB7WfrsUyrMkviWFq9q5gT\">CHECKLIST padr\u00e3o PRPGP (Para orienta\u00e7\u00e3o)\u00a0&#8211;<\/a> Lista de documentos que dever\u00e3o constar no Processo Administrativo da proposta. \u00c9 o que ser\u00e1 utilizado pela PRPGP para verificar se todos os documentos foram anexados.<br \/>\n<a href=\"https:\/\/drive.google.com\/open?id=1woH89cbvlznB7WfrsUyrMkviWFq9q5gT\">Resultado da an\u00e1lise<\/a>\u00a0&#8211;\u00a0A Pr\u00f3-reitoria de P\u00f3s-gradua\u00e7\u00e3o e Pesquisa divulga o resultado da an\u00e1lise e julgamento das propostas de sele\u00e7\u00e3o para Professor Visitante e Professor Visitante Estrangeiro, que concorreram na forma e condi\u00e7\u00f5es estabelecidas nesta Chamada Interna da PRPGP.<\/p>\n<p><strong>Edital n. 028\/2016 &#8211;\u00a0Inscri\u00e7\u00e3o para Sele\u00e7\u00e3o de Est\u00e1gio Remunerado N\u00e3o-obrigat\u00f3rio de Estudantes\u00a0Vinculados \u00e0 UFSM<\/strong><br \/>\n<a href=\"https:\/\/drive.google.com\/open?id=1NEhFqL339ssZR87ekJwxLOVlSDlkISQA\">Edital completo\u00a0<\/a>Per\u00edodo de inscri\u00e7\u00e3o: 15 de julho a 22 de julho de 2016, no hor\u00e1rio das 8h30min \u00e0s 11h30min e das 14h \u00e0s 16h30min.<br \/>\n<a href=\"https:\/\/drive.google.com\/open?id=1NEhFqL339ssZR87ekJwxLOVlSDlkISQA\">PRPGP divulga resultado do edital 028\/2016\/PRPGP\/UFSM.\u00a0(clique aqui)<\/a><\/p>\n<p><strong>APCN 2016 &#8211; CHAMADA INTERNA PRPGP E COMIT\u00ca ASSESSOR<\/strong><br \/>\nChamada interna para sele\u00e7\u00e3o de propostas de cursos novos Stricto Sensu (Mestrado e Doutorado) para submiss\u00e3o \u00e0 UFSM em 2016 e in\u00edcio em 2018.<br \/>\n<a href=\"https:\/\/drive.google.com\/open?id=1N_3SjJVf6GVzPgc1UmHYMuy2DnIO6pU3\">Chamada Interna APCN 2016<\/a><br \/>\n<a href=\"https:\/\/drive.google.com\/open?id=1N_3SjJVf6GVzPgc1UmHYMuy2DnIO6pU3\">Altera\u00e7\u00e3o do CRONOGRAMA da chamada interna APCN 2016<\/a><br \/>\n<a href=\"https:\/\/drive.google.com\/open?id=1N_3SjJVf6GVzPgc1UmHYMuy2DnIO6pU3\">2\u00aa Altera\u00e7\u00e3o do CRONOGRAMA da chamada interna APCN 2016<\/a><br \/>\n<a href=\"https:\/\/drive.google.com\/open?id=1N_3SjJVf6GVzPgc1UmHYMuy2DnIO6pU3\">3\u00aa\u00a0Altera\u00e7\u00e3o do CRONOGRAMA da chamada interna APCN 2016<\/a><br \/>\n<a href=\"https:\/\/drive.google.com\/open?id=1N_3SjJVf6GVzPgc1UmHYMuy2DnIO6pU3\">Resultado da Avalia\u00e7\u00e3o final das propostas submetidas em 2016<\/a><br \/>\n<a href=\"https:\/\/drive.google.com\/open?id=1N_3SjJVf6GVzPgc1UmHYMuy2DnIO6pU3\">Resultado da Avalia\u00e7\u00e3o das propostas submetidas com a altera\u00e7\u00e3o do cronograma<\/a><\/p>\n<p><strong>Pr\u00f3-Revistas 2016<\/strong><br \/>\nPrograma especial de incentivo \u00e0s Revistas Cient\u00edficas editadas pela UFSM que visa \u00e0 concess\u00e3o de aux\u00edlio financeiro para apoio \u00e0s atividades de publica\u00e7\u00e3o e o gerenciamento digital (&#8220;on line&#8221;) e consolida\u00e7\u00e3o das mesmas.<br \/>\n<a href=\"https:\/\/drive.google.com\/open?id=1GgKoQ0SQhoKyOr1gEAw5q1YLKUwUu1wg\">Edital 027\/2016 &#8211;\u00a0arquivo doc<\/a>\u00a0&#8211; entrega das propostas at\u00e9 12h de 17\/06\/2016.<br \/>\n<a href=\"https:\/\/drive.google.com\/open?id=1GgKoQ0SQhoKyOr1gEAw5q1YLKUwUu1wg\">Ficha de inscr\u00e7\u00e3o &#8211;\u00a0arquivo doc<\/a><br \/>\n<a href=\"https:\/\/drive.google.com\/open?id=1GgKoQ0SQhoKyOr1gEAw5q1YLKUwUu1wg\">Plano de aplica\u00e7\u00e3o dos recusos\u00a0&#8211;\u00a0arquivo doc<\/a><br \/>\n<a href=\"https:\/\/drive.google.com\/open?id=1GgKoQ0SQhoKyOr1gEAw5q1YLKUwUu1wg\">Plano atividades do bolsista\u00a0&#8211;\u00a0arquivo doc<\/a><br \/>\n<a href=\"https:\/\/drive.google.com\/open?id=1GgKoQ0SQhoKyOr1gEAw5q1YLKUwUu1wg\">Ficha de confer\u00eancia dos documentos &#8211;\u00a0arquivo doc<\/a><br \/>\n<a href=\"https:\/\/drive.google.com\/open?id=1GgKoQ0SQhoKyOr1gEAw5q1YLKUwUu1wg\">Modelo de relat\u00f3rio t\u00e9cnico &#8211;\u00a0arquivo doc<\/a><\/p>\n<p><strong>Pr\u00f3-Publica\u00e7\u00f5es Internacionais (Edital 026\/16)<\/strong><br \/>\nPrograma Especial de Incentivo \u00e0s Publica\u00e7\u00f5es Internacionais que visa custear o pagamento de despesas como taxas de publica\u00e7\u00e3o de artigo cient\u00edfico em peri\u00f3dico internacional, tradu\u00e7\u00e3o para l\u00edngua estrangeira ou corre\u00e7\u00e3o de gram\u00e1tica e estilo de artigo cient\u00edfico ou cap\u00edtulo de livro.<br \/>\nPer\u00edodo das inscri\u00e7\u00f5es: de 31 de maio de 2016 a 15 de outubro de 2016.<a href=\"http:\/\/prpgp.ufsm.br\/images\/editais-internos\/2016\/2016_edital_31.pdf\"><br \/>\n<\/a><a href=\"https:\/\/drive.google.com\/open?id=1_9fbeKZ428Ca7MHvRcvn_EhUk8Bevcnk\">Edital completo:\u00a0arquivo doc.<\/a><br \/>\n<a href=\"https:\/\/drive.google.com\/open?id=1_9fbeKZ428Ca7MHvRcvn_EhUk8Bevcnk\">Ficha de inscri\u00e7\u00e3o:\u00a0arquivo doc.<\/a><br \/>\n<a href=\"https:\/\/drive.google.com\/open?id=1_9fbeKZ428Ca7MHvRcvn_EhUk8Bevcnk\">Modelo de presta\u00e7\u00e3o de contas:\u00a0arquivo doc.<\/a><br \/>\n<a href=\"https:\/\/drive.google.com\/open?id=1_9fbeKZ428Ca7MHvRcvn_EhUk8Bevcnk\">Lei 4.320 de 17 de mar\u00e7o de 1964:\u00a0arquivo doc.<\/a><\/p>\n<p><strong>PEIPSM \u2013 Programa Especial de Incentivo \u00e0 Pesquisa para o Servidor Mestre<\/strong><br \/>\nPrograma Especial de Incentivo \u00e0 Pesquisa para o Servidor Mestre para servidores da UFSM que obtiveram o t\u00edtulo de Mestre a partir de 1\u00ba de Janeiro de 2011 ou estar em per\u00edodo de est\u00e1gio probat\u00f3rio na UFSM com ingresso na UFSM ap\u00f3s 1\u00ba de janeiro de 2013<br \/>\n<a href=\"https:\/\/drive.google.com\/open?id=1aVSn2Fe9iKp67AiUc2AztvZ-F0wIEQZ_\">Edital 015\/2016\u00a0\u2013 PEIPSM<\/a> \u2013\u00a0inscri\u00e7\u00f5es:\u00a018 de mar\u00e7o a 04 de abril de 2016, at\u00e9 \u00e0s 17:00 horas<br \/>\n<a href=\"https:\/\/drive.google.com\/open?id=1aVSn2Fe9iKp67AiUc2AztvZ-F0wIEQZ_\">Ficha de Avalia\u00e7\u00e3o<\/a><br \/>\n<a href=\"https:\/\/drive.google.com\/open?id=1aVSn2Fe9iKp67AiUc2AztvZ-F0wIEQZ_\">Resultado<\/a><\/p>\n<p><strong>FIT \u2013 Fundo de Incentivo \u00e0 Inova\u00e7\u00e3o Tecnol\u00f3gica<\/strong><br \/>\nPrograma de concess\u00e3o de bolsas de inicia\u00e7\u00e3o \u00e0 inova\u00e7\u00e3o tecnol\u00f3gica (BIT) e aux\u00edlio \u00e0 projetos de inova\u00e7\u00e3o tecnol\u00f3gica aos docentes e servidores da UFSM.<br \/>\n<a href=\"https:\/\/drive.google.com\/open?id=14l9jANj8p6MpOV8Ioy98enQBc3bR5kIW\">Edital n.012\/2016\u00a0\u2013 FIT BIT<\/a>\u00a0&#8211;\u00a0inscri\u00e7\u00f5es: 18 de mar\u00e7o a 04 de abril de 2016, at\u00e9 \u00e0s 18:00 horas<br \/>\n<a href=\"https:\/\/drive.google.com\/open?id=14l9jANj8p6MpOV8Ioy98enQBc3bR5kIW\">Edital n.013\/2016\u00a0\u2013 FIT BIT Jr.<\/a>\u00a0&#8211;\u00a0inscri\u00e7\u00f5es: 18 de mar\u00e7o a 04 de abril de 2016, at\u00e9 \u00e0s 17:00 horas<br \/>\n<a href=\"https:\/\/drive.google.com\/open?id=14l9jANj8p6MpOV8Ioy98enQBc3bR5kIW\">Ficha de Avalia\u00e7\u00e3o<\/a><br \/>\n<a href=\"https:\/\/drive.google.com\/open?id=14l9jANj8p6MpOV8Ioy98enQBc3bR5kIW\">Resultado<\/a><\/p>\n<p><strong>FIPE \u2013 Fundo de incentivo a Pesquisa<\/strong><br \/>\nPrograma de concess\u00e3o de bolsas de inicia\u00e7\u00e3o cient\u00edfica e aux\u00edlio \u00e0 pesquisa aos docentes e servidores da UFSM.<br \/>\n<a href=\"https:\/\/drive.google.com\/open?id=1_KoJb7kL68LEf6qdgbbRjWDN3tB9HS9F\">Edital n.011\/2016\u00a0\u2013 FIPE S\u00caNIOR<\/a>\u00a0&#8211; inscri\u00e7\u00f5es: 18 de mar\u00e7o a 04 de abril de 2016, at\u00e9 \u00e0s 18:00 horas<br \/>\n<a href=\"https:\/\/drive.google.com\/open?id=1_KoJb7kL68LEf6qdgbbRjWDN3tB9HS9F\">Edital n.010\/2016\u00a0\u2013 FIPE J\u00daNIOR<\/a>\u00a0&#8211; inscri\u00e7\u00f5es: 18 de mar\u00e7o a 04 de abril de 2016, at\u00e9 \u00e0s 18:00 horas<br \/>\n<a href=\"https:\/\/drive.google.com\/open?id=1_KoJb7kL68LEf6qdgbbRjWDN3tB9HS9F\">Edital n.009\/2016\u00a0\u2013 FIPE ARD \u2013 Enxoval\u00a0<\/a>\u2013 inscri\u00e7\u00f5es: 18 de mar\u00e7o a 04 de abril de 2016, at\u00e9 \u00e0s 18:00 horas<br \/>\n<a href=\"https:\/\/drive.google.com\/open?id=1_KoJb7kL68LEf6qdgbbRjWDN3tB9HS9F\">Ficha de Avalia\u00e7\u00e3o<\/a><\/p>\n<p><strong>PROIC HUSM \u2013 Programa de Inicia\u00e7\u00e3o Cient\u00edfica Para o Hospital Universit\u00e1rio de Santa Maria<\/strong><br \/>\nPrograma de concess\u00e3o de bolsas de inicia\u00e7\u00e3o cient\u00edfica e aux\u00edlio \u00e0 pesquisa para os grupos de pesquisa que desenvolvem a\u00e7\u00f5es no \u00e2mbito do Hosp\u00edtal Universit\u00e1rio de Santa Maria<br \/>\n<a href=\"https:\/\/drive.google.com\/open?id=14_uaipqeuX5RnfX8vuIXj7OZ8yf2EpQx\">Edital n.014\/2016<\/a>\u00a0&#8211;\u00a0inscri\u00e7\u00f5es: 18 de mar\u00e7o a 04 de abril de 2016, at\u00e9 \u00e0s 17:00 horas<br \/>\n<a href=\"https:\/\/drive.google.com\/open?id=14_uaipqeuX5RnfX8vuIXj7OZ8yf2EpQx\">Ficha de Avalia\u00e7\u00e3o<\/a><br \/>\n<a href=\"https:\/\/drive.google.com\/open?id=14_uaipqeuX5RnfX8vuIXj7OZ8yf2EpQx\">Declara\u00e7\u00e3o de Ci\u00eancia do Orientador<\/a><br \/>\n<a href=\"https:\/\/drive.google.com\/open?id=14_uaipqeuX5RnfX8vuIXj7OZ8yf2EpQx\">Declara\u00e7\u00e3o da Ger\u00eancia de Ensino e Pesquisa<\/a><br \/>\n<a href=\"https:\/\/drive.google.com\/open?id=14_uaipqeuX5RnfX8vuIXj7OZ8yf2EpQx\">Resultado\u00a0corrigido<\/a><\/p>\n<p><strong>Edital n. 016\/2016 &#8211;\u00a0Inscri\u00e7\u00e3o para Sele\u00e7\u00e3o de Estagi\u00e1rio Remunerado N\u00e3o-obrigat\u00f3rio de Estudantes\u00a0Vinculados \u00e0 UFSM.<\/strong><br \/>\n<a href=\"https:\/\/drive.google.com\/open?id=1Eq662v7upO3GLRuAqvtCIJKxI9dOA3NW\">Edital completo<\/a>\u00a0Per\u00edodo de inscri\u00e7\u00e3o: 22 de mar\u00e7o a 01 de abril de 2016, no hor\u00e1rio das 8h30min \u00e0s 11h30min e das 13h30min \u00e0s 16h30min.<br \/>\n<a href=\"https:\/\/drive.google.com\/open?id=1Eq662v7upO3GLRuAqvtCIJKxI9dOA3NW\">Rela\u00e7\u00e3o dos candidatos classificados<\/a><\/p>\n<p><strong>PROBIC \u2013 Programa Institucional de Bolsas de Inicia\u00e7\u00e3o Cient\u00edfica (FAPERGS\/UFSM)<\/strong><a href=\"http:\/\/prpgp.ufsm.br\/images\/editais-internos\/2015\/PIBITI\/FICHA%20DE%20AVALIAO%20PIBITI%202015%20-%20PLANILHA.xls\" target=\"_blank\" rel=\"noopener\"><br \/>\n<\/a>Programa de concess\u00e3o de bolsas de inicia\u00e7\u00e3o cient\u00edfica vinculado a FAPERGS, voltado para o desenvolvimento do pensamento cient\u00edfico e inicia\u00e7\u00e3o \u00e0 pesquisa de estudantes de gradua\u00e7\u00e3o do ensino superior do RS.<br \/>\n<a href=\"https:\/\/drive.google.com\/open?id=1Ic4OVp-WA5lqDLQ3RXuwJ890fhOuTqy1\">Edital 007\/2016:<\/a>\u00a0per\u00edodo de inscri\u00e7\u00e3o: 20 de abril a 09 de maio de 2016<br \/>\n<a href=\"https:\/\/drive.google.com\/open?id=1Ic4OVp-WA5lqDLQ3RXuwJ890fhOuTqy1\">Ficha de avalia\u00e7\u00e3o PROBIC<\/a><br \/>\n<a href=\"https:\/\/drive.google.com\/open?id=1Ic4OVp-WA5lqDLQ3RXuwJ890fhOuTqy1\">Resultado final :\u00a0arquivo doc<\/a><\/p>\n<p><strong>PROBITI \u2013 Programa Institucional de Bolsas de Inicia\u00e7\u00e3o Cient\u00edfica Tecnol\u00f3gica e Inova\u00e7\u00e3o (FAPERGS\/UFSM)<\/strong><br \/>\nPrograma de concess\u00e3o de bolsas de inicia\u00e7\u00e3o cient\u00edfica vinculado a FAPERGS, voltado para o desenvolvimento do pensamento cient\u00edfico e inicia\u00e7\u00e3o \u00e0 pesquisa de estudantes de gradua\u00e7\u00e3o do ensino superior do RS.<br \/>\n<a href=\"https:\/\/drive.google.com\/open?id=1kVzN31mUMwdnVhMTPnyBI6RYl6pkmidF\">Edital 008\/2016:\u00a0<\/a>per\u00edodo de inscri\u00e7\u00e3o:\u00a020 de abril a 09 de maio de 2016<br \/>\n<a href=\"https:\/\/drive.google.com\/open?id=1kVzN31mUMwdnVhMTPnyBI6RYl6pkmidF\">Ficha de avalia\u00e7\u00e3o PROBITI<\/a><a href=\"http:\/\/prpgp.ufsm.br\/images\/editais-internos\/2016\/FICHA_DE_AVALIAAO_PROBITI_2016-PLANILHA.xls\" target=\"_blank\" rel=\"noopener\"><br \/>\n<\/a><a href=\"https:\/\/drive.google.com\/open?id=1kVzN31mUMwdnVhMTPnyBI6RYl6pkmidF\">Resultado final:\u00a0arquivo doc<\/a><\/p>\n","protected":false},"excerpt":{"rendered":"<p>Chamada Interna N\u00ba 002\/2016\/PRPGP\/UFSM para sele\u00e7\u00e3o de Professor Visitante e Professor Visitante Estrangeiro\u00a0 Chamada Interna para contrata\u00e7\u00e3o de Professor Visitante e Professor Visitante Estrangeiro na Universidade Federal de Santa Maria, na forma e condi\u00e7\u00f5es estabelecidas na presente Chamada Interna. Chamada Interna PV e PVE 2016\u00a0&#8211; envio das propostas at\u00e9 o dia 16 de setembro de [&hellip;]<\/p>\n","protected":false},"author":221,"featured_media":0,"parent":7279,"menu_order":0,"comment_status":"closed","ping_status":"closed","template":"","meta":{"footnotes":""},"categories":[],"tags":[],"class_list":["post-7287","page","type-page","status-publish","hentry"],"acf":[],"_links":{"self":[{"href":"https:\/\/www.ufsm.br\/pro-reitorias\/prpgp\/wp-json\/wp\/v2\/pages\/7287","targetHints":{"allow":["GET"]}}],"collection":[{"href":"https:\/\/www.ufsm.br\/pro-reitorias\/prpgp\/wp-json\/wp\/v2\/pages"}],"about":[{"href":"https:\/\/www.ufsm.br\/pro-reitorias\/prpgp\/wp-json\/wp\/v2\/types\/page"}],"author":[{"embeddable":true,"href":"https:\/\/www.ufsm.br\/pro-reitorias\/prpgp\/wp-json\/wp\/v2\/users\/221"}],"replies":[{"embeddable":true,"href":"https:\/\/www.ufsm.br\/pro-reitorias\/prpgp\/wp-json\/wp\/v2\/comments?post=7287"}],"version-history":[{"count":0,"href":"https:\/\/www.ufsm.br\/pro-reitorias\/prpgp\/wp-json\/wp\/v2\/pages\/7287\/revisions"}],"up":[{"embeddable":true,"href":"https:\/\/www.ufsm.br\/pro-reitorias\/prpgp\/wp-json\/wp\/v2\/pages\/7279"}],"wp:attachment":[{"href":"https:\/\/www.ufsm.br\/pro-reitorias\/prpgp\/wp-json\/wp\/v2\/media?parent=7287"}],"wp:term":[{"taxonomy":"category","embeddable":true,"href":"https:\/\/www.ufsm.br\/pro-reitorias\/prpgp\/wp-json\/wp\/v2\/categories?post=7287"},{"taxonomy":"post_tag","embeddable":true,"href":"https:\/\/www.ufsm.br\/pro-reitorias\/prpgp\/wp-json\/wp\/v2\/tags?post=7287"}],"curies":[{"name":"wp","href":"https:\/\/api.w.org\/{rel}","templated":true}]}}