{"id":7288,"date":"2018-09-12T11:18:26","date_gmt":"2018-09-12T14:18:26","guid":{"rendered":"https:\/\/www.ufsm.br\/pro-reitorias\/prpgp\/?page_id=7288"},"modified":"2018-11-01T15:14:45","modified_gmt":"2018-11-01T18:14:45","slug":"editais-internos-2015","status":"publish","type":"page","link":"https:\/\/www.ufsm.br\/pro-reitorias\/prpgp\/editais-passados\/editais-internos-2015","title":{"rendered":"Editais Internos 2015"},"content":{"rendered":"<p><strong>CHAMADA INTERNA PARA DISTRIBUI\u00c7\u00c3O DE BOLSAS DEMANDA SOCIAL &#8211; COTA PRPGP<\/strong><br \/>\nO Programa de Demanda Social &#8211; DS &#8211; tem por objetivo a forma\u00e7\u00e3o de recursos humanos de alto n\u00edvel necess\u00e1rios ao Pa\u00eds, proporcionando aos programas de p\u00f3s-gradua\u00e7\u00e3o stricto sensu as condi\u00e7\u00f5es adequadas ao desenvolvimento de suas atividades. O\u00a0envio das propostas dos Programas de P\u00f3s-Gradua\u00e7\u00e3o da UFSM para concorrerem ao sistema de distribui\u00e7\u00e3o das cotas da PRPGP no Programa de Demanda Social &#8211; DS\/CAPES dever\u00e1 ser feito at\u00e9 o dia 30 de dezembro de 2015.<br \/>\n<a href=\"https:\/\/drive.google.com\/open?id=1wXO6ypUOtgJpF1yc_o1BtgTW20i2Hsyg\">Chamada Interna bolsa DS\u00a0<\/a>&#8211; Recebimento das propostas at\u00e9 12h do dia 30 de dezembro de 2015.<br \/>\n<a href=\"https:\/\/drive.google.com\/open?id=1wXO6ypUOtgJpF1yc_o1BtgTW20i2Hsyg\">Propostas Contempladas<\/a><br \/>\n<a href=\"https:\/\/drive.google.com\/open?id=1wXO6ypUOtgJpF1yc_o1BtgTW20i2Hsyg\">Resultado Final das Propostas Contempladas<\/a><\/p>\n<p><strong>PVA &#8211;\u00a0Programa Institucional de Volunt\u00e1rio Acad\u00eamico (Modalidades: PIVIC, PIVEN, PIVEX)<br \/>\n<\/strong>A presente chamada compreende os tr\u00eas programas espec\u00edficos para cada a\u00e7\u00e3o, pesquisa, ensino e extens\u00e3o, chamados respectivamente de PIVIC (Programa Institucional de Volunt\u00e1rios de Inicia\u00e7\u00e3o Cient\u00edfica), PIVEN (Programa Institucional de Volunt\u00e1rios de Ensino) e PIVEX (Programa Institucional de Volunt\u00e1rios de Extens\u00e3o).<br \/>\nEste programa possui caracter\u00edstica de fluxo cont\u00ednuo, podendo receber solicita\u00e7\u00f5es sempre nos primeiros 10 dias de cada m\u00eas.<br \/>\n<a href=\"https:\/\/drive.google.com\/open?id=1qd0pyboqNujCVu9Yuu_RykBWYFIrHTso\">Chamada PVA<\/a>\u00a0&#8211;\u00a0Inscri\u00e7\u00f5es at\u00e9 o dia 10 de cada m\u00eas.<\/p>\n<p><strong>30\u00aa JORNADA ACAD\u00caMICA INTEGRADA &#8211; JAI<br \/>\n<\/strong><a href=\"https:\/\/drive.google.com\/open?id=1ziYURAEfRqbL1kO_DhB1OBSmnlXu7Gq3\">Edital 005\/2015<\/a> &#8211; PRPGP\/PROGRAD\/PRE\/UFSM, que estabelece normas e procedimentos para participa\u00e7\u00e3o na 30\u00aa Jornada Acad\u00eamica Integrada da Universidade Federal de Santa Maria.<strong><br \/>\n<\/strong><a href=\"https:\/\/drive.google.com\/open?id=1ziYURAEfRqbL1kO_DhB1OBSmnlXu7Gq3\">Edital n.005\/2015<\/a><br \/>\n<a href=\"http:\/\/www.ufsm.br\/jai\" target=\"_blank\" rel=\"noopener\">Site da JAI\u00a0<\/a><\/p>\n<p><strong>APCN 2015 &#8211; CHAMADA INTERNA PRPGP E COMIT\u00ca ASSESSOR<br \/>\n<\/strong>Chamada interna para sele\u00e7\u00e3o de propostas de cursos novos\u00a0<em>Stricto Sensu<\/em>\u00a0(Mestrado e Doutorado) para submiss\u00e3o \u00e0 UFSM em 2015 e in\u00edcio em 2017<strong>.<br \/>\n<\/strong><a href=\"https:\/\/drive.google.com\/open?id=1Cbkbj8yqMKtvvrsaj8HgtOSrmMd1QMdR\">Chamada Interna APCN 2015.<\/a><br \/>\n<a href=\"https:\/\/drive.google.com\/open?id=1Cbkbj8yqMKtvvrsaj8HgtOSrmMd1QMdR\">Altera\u00e7\u00e3o do CRONOGRAMA da chamada interna APCN 2015.<\/a><\/p>\n<p><strong>Pr\u00f3-Publica\u00e7\u00f5es Internacionais (Edital 027\/15)<\/strong><br \/>\nPrograma Especial de Incentivo \u00e0s Publica\u00e7\u00f5es Internacionais que visa custear o pagamento de despesas como taxas de publica\u00e7\u00e3o de artigo cient\u00edfico em peri\u00f3dico internacional, tradu\u00e7\u00e3o para l\u00edngua estrangeira ou corre\u00e7\u00e3o de gram\u00e1tica e estilo de artigo cient\u00edfico ou cap\u00edtulo de livro.<br \/>\n<a href=\"https:\/\/drive.google.com\/open?id=1NT6nTdyo7kT799Swwfeq8yJw-gNNWMAB\">Edital completo<\/a>:\u00a0per\u00edodo de inscri\u00e7\u00e3o:\u00a019 de junho de 2015 a 15 de outubro de 2015.<br \/>\n<a href=\"https:\/\/drive.google.com\/open?id=1NT6nTdyo7kT799Swwfeq8yJw-gNNWMAB\">Ficha de Inscri\u00e7\u00e3o<\/a><br \/>\n<a href=\"https:\/\/drive.google.com\/open?id=1NT6nTdyo7kT799Swwfeq8yJw-gNNWMAB\">Modelo de Presta\u00e7\u00e3o de Contas (Relat\u00f3rio T\u00e9cnico)<\/a><br \/>\n<a href=\"https:\/\/drive.google.com\/open?id=1NT6nTdyo7kT799Swwfeq8yJw-gNNWMAB\">Lei 4320 de 17 de mar\u00e7o de 1964<\/a><\/p>\n<p><strong>PROIC HUSM \u2013 Programa de Inicia\u00e7\u00e3o Cient\u00edfica para o Hospital Universit\u00e1rio de Santa Maria<br \/>\n<\/strong><a href=\"https:\/\/drive.google.com\/open?id=1wpU74u3ZG2ZGdwWq0-GTaYl7jgICl8gI\">Edital n.024\/2015<\/a> \u2013 PROIC \u2013 HUSM\u00a0\u2013 inscri\u00e7\u00f5es: 11 a 19 de maio de 2015.<br \/>\n<a href=\"https:\/\/drive.google.com\/open?id=1wpU74u3ZG2ZGdwWq0-GTaYl7jgICl8gI\">Ficha de Avalia\u00e7\u00e3o<\/a><br \/>\n<a href=\"https:\/\/drive.google.com\/open?id=1wpU74u3ZG2ZGdwWq0-GTaYl7jgICl8gI\">Declara\u00e7\u00e3o de Ci\u00eancia de Orienta\u00e7\u00e3o<\/a><br \/>\n<a href=\"https:\/\/drive.google.com\/open?id=1wpU74u3ZG2ZGdwWq0-GTaYl7jgICl8gI\">Declara\u00e7\u00e3o DEPE\/HUSM<\/a><br \/>\n<a href=\"https:\/\/drive.google.com\/open?id=1wpU74u3ZG2ZGdwWq0-GTaYl7jgICl8gI\">Resultado<\/a><\/p>\n<p><strong>PR\u00d3-REVISTAS 2015<\/strong><br \/>\nPrograma Especial de Incentivo \u00e0s Revistas Cient\u00edficas editadas pela UFSM que visa a concess\u00e3o de aux\u00edlio financeiro para apoio \u00e0s atividades de publica\u00e7\u00e3o e o gerenciamento digital (\u201con line\u201d) e consolida\u00e7\u00e3o das mesmas.<br \/>\n<a href=\"https:\/\/drive.google.com\/open?id=1XqEpAowoPILgIKHPMNDJKoL-TpzUXNf0\">Edital n.023\/2015\u00a0<\/a>\u2013 entrega propostas at\u00e9 12h de 15\/05\/2015.<br \/>\n<a href=\"https:\/\/drive.google.com\/open?id=1XqEpAowoPILgIKHPMNDJKoL-TpzUXNf0\">Ficha de Inscri\u00e7\u00e3o<\/a><br \/>\n<a href=\"https:\/\/drive.google.com\/open?id=1XqEpAowoPILgIKHPMNDJKoL-TpzUXNf0\">Plano de aplica\u00e7\u00e3o dos recursos<\/a><br \/>\n<a href=\"https:\/\/drive.google.com\/open?id=1XqEpAowoPILgIKHPMNDJKoL-TpzUXNf0\">Plano Atividades do Bolsista<\/a><br \/>\n<a href=\"https:\/\/drive.google.com\/open?id=1XqEpAowoPILgIKHPMNDJKoL-TpzUXNf0\">Ficha de confer\u00eancia dos documentos<\/a><br \/>\n<a href=\"https:\/\/drive.google.com\/open?id=1XqEpAowoPILgIKHPMNDJKoL-TpzUXNf0\">Modelo de Relat\u00f3rio T\u00e9cnico<\/a><\/p>\n<p><strong>PROINFRA \u2013 Chamada Interna da PRPGP\/UFSM MCT\/FINEP\/CT-INFRA-PROINFRA 02\/2014<\/strong><br \/>\nChamada Interna da PRPGP\/UFSM MCT\/FINEP\/CT-INFRA-PROINFRA 02\/2014.\u00a0Para atender a chamada p\u00fablica MCT\/FINEP\/CT-INFRA \u2013 PROINFRA \u2013 02\/2014 a ser lan\u00e7ada pela FINEP, a PRPGP estar\u00e1 acolhendo propostas para apoio financeiro de subprojetos de infra-estrutura de pesquisa.<br \/>\n<a href=\"https:\/\/drive.google.com\/open?id=1lrEwJFk29rMUVxOslxSrbRXwVvzvWLro\">Chamada Interna<\/a><br \/>\n<a href=\"https:\/\/drive.google.com\/open?id=1lrEwJFk29rMUVxOslxSrbRXwVvzvWLro\">Ficha de Avalia\u00e7\u00e3o CT-INFRA<\/a><br \/>\n<a href=\"https:\/\/drive.google.com\/open?id=1lrEwJFk29rMUVxOslxSrbRXwVvzvWLro\">Formul\u00e1rio para envio de Projetos<\/a><\/p>\n<p><strong>PEIPSM \u2013 Programa Especial de Incentivo \u00e0 Pesquisa para o Servidor Mestre<br \/>\n<\/strong>Programa Especial de Incentivo \u00e0 Pesquisa para o Servidor Mestre para servidores da UFSM que obtiveram o t\u00edtulo de Mestre a partir de 1\u00ba. de Janeiro de 2009 ou estar em per\u00edodo de est\u00e1gio probat\u00f3rio na UFSM.<br \/>\n<a href=\"https:\/\/drive.google.com\/open?id=1UdgiaSNpqpVUl8YrPTBK1RkYWNh2WFty\">Edital n.010\/2015\u00a0\u2013 PEIPSM<\/a> \u2013\u00a0inscri\u00e7\u00f5es:\u00a001 a 15 de abril de 2015, at\u00e9 \u00e0s 17:00 horas<br \/>\n<a href=\"https:\/\/drive.google.com\/open?id=1UdgiaSNpqpVUl8YrPTBK1RkYWNh2WFty\">Ficha de Avalia\u00e7\u00e3o<\/a><br \/>\n<a href=\"https:\/\/drive.google.com\/open?id=1UdgiaSNpqpVUl8YrPTBK1RkYWNh2WFty\">Resultado<\/a><\/p>\n<p><strong>FIT \u2013 Fundo de Incentivo \u00e0 Inova\u00e7\u00e3o Tecnol\u00f3gica<br \/>\n<\/strong>Programa de concess\u00e3o de bolsas de inicia\u00e7\u00e3o \u00e0 inova\u00e7\u00e3o tecnol\u00f3gica (BIT) e aux\u00edlio \u00e0 projetos de inova\u00e7\u00e3o tecnol\u00f3gica aos docentes e servidores da UFSM.<br \/>\n<a href=\"https:\/\/drive.google.com\/open?id=1RGLlfV_hOPgKa2vj0_A2o6mtK57dd3Xt\">Edital n.011\/2015\u00a0\u2013 FIT BIT\u00a0<\/a>&#8211;\u00a0inscri\u00e7\u00f5es:\u00a001 a 15 de abril de 2015, at\u00e9 \u00e0s 17:00 horas<br \/>\n<a href=\"https:\/\/drive.google.com\/open?id=1RGLlfV_hOPgKa2vj0_A2o6mtK57dd3Xt\">Edital n.012\/2015\u00a0\u2013 FIT BIT Jr.<\/a>\u00a0&#8211;\u00a0inscri\u00e7\u00f5es:\u00a001 a 15 de abril de 2015,\u00a0\u00a0at\u00e9 \u00e0s 17:00 horas<br \/>\n<a href=\"https:\/\/drive.google.com\/open?id=1RGLlfV_hOPgKa2vj0_A2o6mtK57dd3Xt\">Errata 01\u00a0&#8211; Editais 011\/2015 (FIT-BIT) e 012\/2015 (FIT-BIT Jr.)<\/a><br \/>\n<a href=\"https:\/\/drive.google.com\/open?id=1RGLlfV_hOPgKa2vj0_A2o6mtK57dd3Xt\">Ficha de Avalia\u00e7\u00e3o<\/a><br \/>\n<a href=\"https:\/\/drive.google.com\/open?id=1RGLlfV_hOPgKa2vj0_A2o6mtK57dd3Xt\">Resultados<\/a><\/p>\n<p><strong>FIPE \u2013 Fundo de incentivo a Pesquisa<br \/>\n<\/strong>Programa de concess\u00e3o de bolsas de inicia\u00e7\u00e3o cient\u00edfica e aux\u00edlio \u00e0 pesquisa aos docentes e servidores da UFSM.<br \/>\n<a href=\"https:\/\/drive.google.com\/open?id=14iWQfyBsffuxmcCEXu_Rzf99R6sQ-wr4\">Edital n.013\/2015\u00a0\u2013 FIPE S\u00caNIOR\u00a0<\/a>&#8211;\u00a0inscri\u00e7\u00f5es: 01\/04\/2015 at\u00e9 15\/04\/2015, \u00e0s 18:00 horas<br \/>\n<a href=\"https:\/\/drive.google.com\/open?id=14iWQfyBsffuxmcCEXu_Rzf99R6sQ-wr4\">Edital n.014\/2015\u00a0\u2013 FIPE J\u00daNIOR<\/a>\u00a0&#8211; inscri\u00e7\u00f5es: 01\/04\/2015 at\u00e9 15\/04\/2015 \u00e0s 18:00 horas<br \/>\n<a href=\"https:\/\/drive.google.com\/open?id=14iWQfyBsffuxmcCEXu_Rzf99R6sQ-wr4\">Edital n.015\/2015\u00a0\u2013 FIPE ARD \u2013 Enxoval\u00a0<\/a>\u2013 inscri\u00e7\u00f5es:\u00a001\/04\/2015 at\u00e9 15\/04\/2015 \u00e0s 18:00 horas<br \/>\n<a href=\"https:\/\/drive.google.com\/open?id=14iWQfyBsffuxmcCEXu_Rzf99R6sQ-wr4\">Errata 02\u00a0&#8211; Edital FIPE ARD &#8211; Enxoval<\/a><br \/>\n<a href=\"https:\/\/drive.google.com\/open?id=14iWQfyBsffuxmcCEXu_Rzf99R6sQ-wr4\">Ficha de Avalia\u00e7\u00e3o<\/a><br \/>\n<a href=\"https:\/\/drive.google.com\/open?id=14iWQfyBsffuxmcCEXu_Rzf99R6sQ-wr4\">Resultado FIPE CCNE (final)<\/a><br \/>\n<a href=\"https:\/\/drive.google.com\/open?id=14iWQfyBsffuxmcCEXu_Rzf99R6sQ-wr4\">Resultado FIPE CCR (final)<\/a><br \/>\n<a href=\"https:\/\/drive.google.com\/open?id=14iWQfyBsffuxmcCEXu_Rzf99R6sQ-wr4\">Resultado FIPE CCS (final)<\/a><br \/>\n<a href=\"https:\/\/drive.google.com\/open?id=14iWQfyBsffuxmcCEXu_Rzf99R6sQ-wr4\">Resultado FIPE CTISM (final)<\/a><br \/>\n<a href=\"https:\/\/drive.google.com\/open?id=14iWQfyBsffuxmcCEXu_Rzf99R6sQ-wr4\">Resultado Retificado FIPE CTISM (final)<\/a><br \/>\n<a href=\"https:\/\/drive.google.com\/open?id=14iWQfyBsffuxmcCEXu_Rzf99R6sQ-wr4\">Resultado FIPE CAL J\u00daNIOR (final<\/a>)<br \/>\n<a href=\"https:\/\/drive.google.com\/open?id=14iWQfyBsffuxmcCEXu_Rzf99R6sQ-wr4\">Resultado FIPE CAL S\u00caNIOR (final)<\/a><br \/>\n<a href=\"https:\/\/drive.google.com\/open?id=14iWQfyBsffuxmcCEXu_Rzf99R6sQ-wr4\">Resultado FIPE CAL ARD (final)<\/a><br \/>\n<a href=\"https:\/\/drive.google.com\/open?id=14iWQfyBsffuxmcCEXu_Rzf99R6sQ-wr4\">Resultado FIPE CEFD (final)<\/a><\/p>\n<p><strong>PIBIC \u2013 Programa Institucional de Bolsas de Inicia\u00e7\u00e3o Cient\u00edfica (CNPq\/UFSM)<br \/>\n<\/strong>Programa de concess\u00e3o de bolsas de inicia\u00e7\u00e3o cient\u00edfica vinculado ao CNPq, voltado para o desenvolvimento do pensamento cient\u00edfico e inicia\u00e7\u00e3o \u00e0 pesquisa de estudantes de gradua\u00e7\u00e3o do esino superior.<br \/>\n<a href=\"https:\/\/drive.google.com\/open?id=15YCDVrIpZixWxopworsBoUaBbYSJK3tr\">Edital 006\/2015<\/a>: per\u00edodo de inscri\u00e7\u00e3o: 13 de abril a 08 de maio de 2015<br \/>\n<a href=\"https:\/\/drive.google.com\/open?id=15YCDVrIpZixWxopworsBoUaBbYSJK3tr\">Ficha de avalia\u00e7\u00e3o PIBIC<\/a><br \/>\n<a href=\"https:\/\/drive.google.com\/open?id=15YCDVrIpZixWxopworsBoUaBbYSJK3tr\">Resultado<\/a><\/p>\n<p><strong>PIBIC EM \u2013 Programa Institucional de Bolsas de Inicia\u00e7\u00e3o Cient\u00edfica &#8211; Ensino M\u00e9dio (CNPq\/UFSM)<br \/>\n<\/strong>Programa de concess\u00e3o de bolsas de inicia\u00e7\u00e3o cient\u00edfica vinculado ao CNPq, voltado para o desenvolvimento do pensamento cient\u00edfico e inicia\u00e7\u00e3o \u00e0 pesquisa de estudantes de gradua\u00e7\u00e3o do esino superior.<br \/>\n<a href=\"https:\/\/drive.google.com\/open?id=1hoHOzRvhvJSbfVpo5L3hV7T6OyKoRDRQ\">Edital 018\/2015:<\/a> per\u00edodo de inscri\u00e7\u00e3o: 13 de abril a 08 de maio de 2015<br \/>\n<a href=\"https:\/\/drive.google.com\/open?id=1hoHOzRvhvJSbfVpo5L3hV7T6OyKoRDRQ\">Ficha de avalia\u00e7\u00e3o PIBIC<\/a><br \/>\n<a href=\"https:\/\/drive.google.com\/open?id=1hoHOzRvhvJSbfVpo5L3hV7T6OyKoRDRQ\">Resultado<\/a><\/p>\n<p><strong>PIBITI \u2013 Programa Institucional de Bolsas de Inicia\u00e7\u00e3o em Desenvolvimento Tecnol\u00f3gico e Inova\u00e7\u00e3o (CNPq\/UFSM)<br \/>\n<\/strong>Programa de concess\u00e3o de bolsas de inicia\u00e7\u00e3o em desenvolvimento tecnol\u00f3gico e inova\u00e7\u00e3o que visa estimular estudantes do ensino t\u00e9cnico e superior ao desenvolvimento e transfer\u00eancia de novas tecnologias e inova\u00e7\u00e3o.<br \/>\n<a href=\"https:\/\/drive.google.com\/open?id=1Q5n-fa2pP4RH4nNkHZss9ffNFFXuoKW6\">Edital 007\/2015:<\/a>\u00a0per\u00edodo de inscri\u00e7\u00e3o: 13\u00a0de abril a 08 de maio de 2015<br \/>\n<a href=\"https:\/\/drive.google.com\/open?id=1Q5n-fa2pP4RH4nNkHZss9ffNFFXuoKW6\">Ficha de avalia\u00e7\u00e3o PIBITI<\/a><br \/>\n<a href=\"https:\/\/drive.google.com\/open?id=1Q5n-fa2pP4RH4nNkHZss9ffNFFXuoKW6\">Resultado<\/a><a href=\"http:\/\/prpgp.ufsm.br\/images\/editais-internos\/2015\/PIBITI\/FICHA%20DE%20AVALIAO%20PIBITI%202015%20-%20PLANILHA.xls\" target=\"_blank\" rel=\"noopener\"><br \/>\n<\/a><\/p>\n<p><strong>PROBIC \u2013 Programa Institucional de Bolsas de Inicia\u00e7\u00e3o Cient\u00edfica (FAPERGS\/UFSM)<br \/>\n<\/strong>Programa de concess\u00e3o de bolsas de inicia\u00e7\u00e3o cient\u00edfica vinculado a FAPERGS, voltado para o desenvolvimento do pensamento cient\u00edfico e inicia\u00e7\u00e3o \u00e0 pesquisa de estudantes de gradua\u00e7\u00e3o do ensino superior do RS.<br \/>\n<a href=\"https:\/\/drive.google.com\/open?id=1u6iBSfYBYBudqYIdjLcVjeqMwiaiYPbH\">Edital 008\/2015:<\/a>\u00a0per\u00edodo de inscri\u00e7\u00e3o: 13\u00a0de abril a 08 de maio de 2015<br \/>\n<a href=\"https:\/\/drive.google.com\/open?id=1u6iBSfYBYBudqYIdjLcVjeqMwiaiYPbH\">Ficha de avalia\u00e7\u00e3o PROBIC<\/a><br \/>\n<a href=\"https:\/\/drive.google.com\/open?id=1u6iBSfYBYBudqYIdjLcVjeqMwiaiYPbH\">Resultado<\/a><\/p>\n<p><strong>PROBITI \u2013 Programa Institucional de Bolsas de Inicia\u00e7\u00e3o Cient\u00edfica Tecnol\u00f3gica e Inova\u00e7\u00e3o (FAPERGS\/UFSM)<br \/>\n<\/strong>Programa de concess\u00e3o de bolsas de inicia\u00e7\u00e3o cient\u00edfica vinculado a FAPERGS, voltado para o desenvolvimento do pensamento cient\u00edfico e inicia\u00e7\u00e3o \u00e0 pesquisa de estudantes de gradua\u00e7\u00e3o do ensino superior do RS.<br \/>\n<a href=\"https:\/\/drive.google.com\/open?id=1rlXlifhMaEcnvDx-EjSkwvUnH-EatOJJ\">Edital 009\/2015:<\/a>\u00a0per\u00edodo de inscri\u00e7\u00e3o:\u00a013\u00a0de abril a 08 de maio de 2015<strong><br \/>\n<\/strong><a href=\"https:\/\/drive.google.com\/open?id=1rlXlifhMaEcnvDx-EjSkwvUnH-EatOJJ\">Ficha de avalia\u00e7\u00e3o PROBITI<\/a><br \/>\n<a href=\"https:\/\/drive.google.com\/open?id=1rlXlifhMaEcnvDx-EjSkwvUnH-EatOJJ\">Resultado<\/a><\/p>\n","protected":false},"excerpt":{"rendered":"<p>CHAMADA INTERNA PARA DISTRIBUI\u00c7\u00c3O DE BOLSAS DEMANDA SOCIAL &#8211; COTA PRPGP O Programa de Demanda Social &#8211; DS &#8211; tem por objetivo a forma\u00e7\u00e3o de recursos humanos de alto n\u00edvel necess\u00e1rios ao Pa\u00eds, proporcionando aos programas de p\u00f3s-gradua\u00e7\u00e3o stricto sensu as condi\u00e7\u00f5es adequadas ao desenvolvimento de suas atividades. O\u00a0envio das propostas dos Programas de P\u00f3s-Gradua\u00e7\u00e3o [&hellip;]<\/p>\n","protected":false},"author":221,"featured_media":0,"parent":7279,"menu_order":0,"comment_status":"closed","ping_status":"closed","template":"","meta":{"footnotes":""},"categories":[],"tags":[],"class_list":["post-7288","page","type-page","status-publish","hentry"],"acf":[],"_links":{"self":[{"href":"https:\/\/www.ufsm.br\/pro-reitorias\/prpgp\/wp-json\/wp\/v2\/pages\/7288","targetHints":{"allow":["GET"]}}],"collection":[{"href":"https:\/\/www.ufsm.br\/pro-reitorias\/prpgp\/wp-json\/wp\/v2\/pages"}],"about":[{"href":"https:\/\/www.ufsm.br\/pro-reitorias\/prpgp\/wp-json\/wp\/v2\/types\/page"}],"author":[{"embeddable":true,"href":"https:\/\/www.ufsm.br\/pro-reitorias\/prpgp\/wp-json\/wp\/v2\/users\/221"}],"replies":[{"embeddable":true,"href":"https:\/\/www.ufsm.br\/pro-reitorias\/prpgp\/wp-json\/wp\/v2\/comments?post=7288"}],"version-history":[{"count":0,"href":"https:\/\/www.ufsm.br\/pro-reitorias\/prpgp\/wp-json\/wp\/v2\/pages\/7288\/revisions"}],"up":[{"embeddable":true,"href":"https:\/\/www.ufsm.br\/pro-reitorias\/prpgp\/wp-json\/wp\/v2\/pages\/7279"}],"wp:attachment":[{"href":"https:\/\/www.ufsm.br\/pro-reitorias\/prpgp\/wp-json\/wp\/v2\/media?parent=7288"}],"wp:term":[{"taxonomy":"category","embeddable":true,"href":"https:\/\/www.ufsm.br\/pro-reitorias\/prpgp\/wp-json\/wp\/v2\/categories?post=7288"},{"taxonomy":"post_tag","embeddable":true,"href":"https:\/\/www.ufsm.br\/pro-reitorias\/prpgp\/wp-json\/wp\/v2\/tags?post=7288"}],"curies":[{"name":"wp","href":"https:\/\/api.w.org\/{rel}","templated":true}]}}