{"id":7289,"date":"2018-09-12T11:23:28","date_gmt":"2018-09-12T14:23:28","guid":{"rendered":"https:\/\/www.ufsm.br\/pro-reitorias\/prpgp\/?page_id=7289"},"modified":"2018-11-01T15:31:21","modified_gmt":"2018-11-01T18:31:21","slug":"editais-internos-2014","status":"publish","type":"page","link":"https:\/\/www.ufsm.br\/pro-reitorias\/prpgp\/editais-passados\/editais-internos-2014","title":{"rendered":"Editais Internos 2014"},"content":{"rendered":"<p><strong>PIVIC \u2013 Programa Institucional de Volunt\u00e1rios em Inicia\u00e7\u00e3o Cient\u00edfica<\/strong><br \/>\n<a href=\"https:\/\/drive.google.com\/open?id=10-U8Gom41hFI9prB2quxXguqoTm6w2zp\">Edital n.016-2014\u00a0\u2013 PIVIC<\/a>\u00a0\u2013 inscri\u00e7\u00f5es: 17 de julho a 04 de agosto de 2014<br \/>\n<a href=\"https:\/\/drive.google.com\/open?id=10-U8Gom41hFI9prB2quxXguqoTm6w2zp\">Termo aditivo ao edital 016\/2014<\/a><\/p>\n<p><strong>Pr\u00f3-Revistas 2014<\/strong><br \/>\nPrograma Especial de Incentivo \u00e0s Revistas Cient\u00edficas editadas pela UFSM que visa a concess\u00e3o de aux\u00edlio financeiro para apoio \u00e0s atividades de publica\u00e7\u00e3o e o gerenciamento digital (\u201con line\u201d) e consolida\u00e7\u00e3o das mesmas.<br \/>\n<a href=\"https:\/\/drive.google.com\/open?id=1_UU1M-VvwwMuvaTzwW_7KldAJT9P35VQ\">Edital n.026\/2014<\/a>\u00a0\u2013 entrega propostas at\u00e9 12h de 16\/06\/2014.<br \/>\n<a href=\"https:\/\/drive.google.com\/open?id=1_UU1M-VvwwMuvaTzwW_7KldAJT9P35VQ\">Ficha de Inscri\u00e7\u00e3o<\/a><br \/>\n<a href=\"https:\/\/drive.google.com\/open?id=1_UU1M-VvwwMuvaTzwW_7KldAJT9P35VQ\">Plano de aplica\u00e7\u00e3o dos recursos<\/a><br \/>\n<a href=\"https:\/\/drive.google.com\/open?id=1_UU1M-VvwwMuvaTzwW_7KldAJT9P35VQ\">Plano Atividades do Bolsista<\/a><br \/>\n<a href=\"https:\/\/drive.google.com\/open?id=1_UU1M-VvwwMuvaTzwW_7KldAJT9P35VQ\">Ficha de confer\u00eancia dos documentos<\/a><br \/>\n<a href=\"https:\/\/drive.google.com\/open?id=1_UU1M-VvwwMuvaTzwW_7KldAJT9P35VQ\">Modelo de Relat\u00f3rio T\u00e9cnico<\/a><\/p>\n<p><strong>Pr\u00f3-Equipamentos UFSM 2014<\/strong><\/p>\n<p>Programa de financiamento de equipamentos de pequeno porte e mobili\u00e1rio para laborat\u00f3rios vinculados aos programas de p\u00f3s-gradua\u00e7\u00e3o\u00a0stricto-sensu, com conceito 3 e 4.<br \/>\n<a href=\"https:\/\/drive.google.com\/open?id=1Ur7WK5mp_Jw0y8bd8BLe12Gaqolx_gOF\">Edital 024\/2014<\/a>\u00a0&#8211; per\u00edodo de inscri\u00e7\u00e3o: at\u00e9 as 12h do dia 24 de maio de 2014.<br \/>\n<a href=\"https:\/\/drive.google.com\/open?id=1Ur7WK5mp_Jw0y8bd8BLe12Gaqolx_gOF\">Check list Pr\u00f3-Equipamentos UFSM 2014<\/a><br \/>\n<a href=\"https:\/\/drive.google.com\/open?id=1Ur7WK5mp_Jw0y8bd8BLe12Gaqolx_gOF\">Modelo de Relat\u00f3rio T\u00e9cnico de Execu\u00e7\u00e3o<\/a><br \/>\n<a href=\"https:\/\/drive.google.com\/open?id=1Ur7WK5mp_Jw0y8bd8BLe12Gaqolx_gOF\">Modelo Carta de Compromisso<\/a><br \/>\n<a href=\"https:\/\/drive.google.com\/open?id=1Ur7WK5mp_Jw0y8bd8BLe12Gaqolx_gOF\">Modelo de Declara\u00e7\u00e3o de Apoio ao Projeto<\/a><br \/>\n<a href=\"https:\/\/drive.google.com\/open?id=1Ur7WK5mp_Jw0y8bd8BLe12Gaqolx_gOF\">Planilha de Equipe<\/a><\/p>\n<p><strong>Pr\u00f3-Publica\u00e7\u00f5es Internacionais<\/strong><br \/>\nPrograma Especial de Incentivo \u00e0s Publica\u00e7\u00f5es Internacionais que visa custear o pagamento de despesas como taxas de publica\u00e7\u00e3o de artigo cient\u00edfico em peri\u00f3dico internacional, tradu\u00e7\u00e3o para l\u00edngua estrangeira ou corre\u00e7\u00e3o de gram\u00e1tica e estilo de artigo cient\u00edfico ou cap\u00edtulo de livro.<br \/>\n<a href=\"https:\/\/drive.google.com\/open?id=1narwymuE9VRpuyneFIMKDuZLlkFJ8d63\">Edital completo:<\/a> per\u00edodo de inscri\u00e7\u00e3o:\u00a012 de maio a 31 de outubro de 2014<strong><br \/>\n<\/strong><a href=\"https:\/\/drive.google.com\/open?id=1narwymuE9VRpuyneFIMKDuZLlkFJ8d63\">Ficha de Inscri\u00e7\u00e3o<\/a><strong><a href=\"http:\/\/prpgp.ufsm.br\/images\/editais-internos\/Ficha-de-Inscricao-2012-Pre-puclicacoes.doc\"><br \/>\n<\/a><\/strong><a href=\"https:\/\/drive.google.com\/open?id=1narwymuE9VRpuyneFIMKDuZLlkFJ8d63\">Modelo de Presta\u00e7\u00e3o de Contas (Relat\u00f3rio T\u00e9cnico)<\/a><br \/>\n<a href=\"https:\/\/drive.google.com\/open?id=1narwymuE9VRpuyneFIMKDuZLlkFJ8d63\">Lei 4320 de 17 de mar\u00e7o de 1964<\/a><\/p>\n<p><strong>APCN 2014 &#8211; CHAMADA INTERNA PRPGP E COMIT\u00ca ASSESSOR<br \/>\n<\/strong>Chamada interna para sele\u00e7\u00e3o de propostas de cursos novos\u00a0Stricto Sensu\u00a0(Mestrado e Doutorado) para submiss\u00e3o \u00e0 UFSM em 2014, \u00e0 Capes em 2015 e in\u00edcio em 2016<strong>.<br \/>\n<\/strong><a href=\"https:\/\/drive.google.com\/open?id=1_Yrg2hEdP5YKeBSDufeK8VdbMqG-iFAz\">Veja aqui.<\/a><\/p>\n<p><strong>PROBITI \u2013 Programa Institucional de Bolsas de Inicia\u00e7\u00e3o Cient\u00edfica Tecnol\u00f3gica e Inova\u00e7\u00e3o (FAPERGS\/UFSM)<br \/>\n<\/strong>Programa de concess\u00e3o de bolsas de inicia\u00e7\u00e3o cient\u00edfica vinculado a FAPERGS, voltado para o desenvolvimento do pensamento cient\u00edfico e inicia\u00e7\u00e3o \u00e0 pesquisa de estudantes de gradua\u00e7\u00e3o do ensino superior do RS.<br \/>\n<a href=\"https:\/\/drive.google.com\/open?id=1nQfj7417oSERE44Z3wxCxgprYow_R8Q2\">Edital 015\/2014:\u00a0<\/a>per\u00edodo de inscri\u00e7\u00e3o:\u00a014 de abril a 9 de maio de 2014<strong><br \/>\n<\/strong><a href=\"https:\/\/drive.google.com\/open?id=1nQfj7417oSERE44Z3wxCxgprYow_R8Q2\">Ficha de Avalia\u00e7\u00e3o PROBITI<\/a><br \/>\n<a href=\"https:\/\/drive.google.com\/open?id=1nQfj7417oSERE44Z3wxCxgprYow_R8Q2\">Resultado<\/a><a href=\"http:\/\/prpgp.ufsm.br\/images\/editais-internos\/2014\/PROBIC-Fapergs2014\/ResultadoEditaisPROBICePROBITI2014.pdf\" target=\"_blank\" rel=\"noopener\"><br \/>\n<\/a><a href=\"https:\/\/drive.google.com\/open?id=1nQfj7417oSERE44Z3wxCxgprYow_R8Q2\">Cotas Adicionais<\/a><\/p>\n<p><strong>PROBIC \u2013 Programa Institucional de Bolsas de Inicia\u00e7\u00e3o Cient\u00edfica (FAPERGS\/UFSM)<br \/>\n<\/strong>Programa de concess\u00e3o de bolsas de inicia\u00e7\u00e3o cient\u00edfica vinculado a FAPERGS, voltado para o desenvolvimento do pensamento cient\u00edfico e inicia\u00e7\u00e3o \u00e0 pesquisa de estudantes de gradua\u00e7\u00e3o do ensino superior do RS.<br \/>\n<a href=\"https:\/\/drive.google.com\/open?id=1MJAh5x4MPmWmd8Jv9A7Vg9jJuRK9V70S\">Edital 014\/2014:<\/a>per\u00edodo de inscri\u00e7\u00e3o:\u00a014 de abril a 9 de maio de 2014<br \/>\n<a href=\"https:\/\/drive.google.com\/open?id=1MJAh5x4MPmWmd8Jv9A7Vg9jJuRK9V70S\">Ficha de Avalia\u00e7\u00e3o PROBIC<\/a><br \/>\n<a href=\"https:\/\/drive.google.com\/open?id=1MJAh5x4MPmWmd8Jv9A7Vg9jJuRK9V70S\">Resultado<\/a><\/p>\n<p><strong>PIBITI \u2013 Programa Institucional de Bolsas de Inicia\u00e7\u00e3o em Desenvolvimento Tecnol\u00f3gico e Inova\u00e7\u00e3o (CNPq\/UFSM)<\/strong><br \/>\nPrograma de concess\u00e3o de bolsas de inicia\u00e7\u00e3o em desenvolvimento tecnol\u00f3gico e inova\u00e7\u00e3o que visa estimular estudantes do ensino t\u00e9cnico e superior ao desenvolvimento e transfer\u00eancia de novas tecnologias e inova\u00e7\u00e3o.<strong><a href=\"http:\/\/w3.ufsm.br\/wp-content\/uploads\/2011\/02\/arq_Edital_n__008_2010_110.pdf\"><br \/>\n<\/a><\/strong><a href=\"https:\/\/drive.google.com\/open?id=1CNyiEfIk5mx3JlVLb366zaVFy32Jd4Ku\">Edital 013\/2014:<\/a>\u00a0per\u00edodo de inscri\u00e7\u00e3o:\u00a014 de abril a 9 de maio de 2014<strong><br \/>\n<\/strong><a href=\"https:\/\/drive.google.com\/open?id=1CNyiEfIk5mx3JlVLb366zaVFy32Jd4Ku\">Ficha de Avalia\u00e7\u00e3o PIBITI<\/a><br \/>\n<a href=\"https:\/\/drive.google.com\/open?id=1CNyiEfIk5mx3JlVLb366zaVFy32Jd4Ku\">Resultado<\/a><\/p>\n<p><strong>PIBITI\/FUNTTEL\u00a0\u2013 Programa Institucional de Bolsas de Inicia\u00e7\u00e3o em Desenvolvimento Tecnol\u00f3gico e Inova\u00e7\u00e3o (CNPq\/UFSM)<\/strong><br \/>\nPrograma de concess\u00e3o de bolsas de inicia\u00e7\u00e3o em desenvolvimento tecnol\u00f3gico e inova\u00e7\u00e3o que visa estimular estudantes do ensino t\u00e9cnico e superior ao desenvolvimento e transfer\u00eancia de novas tecnologias e inova\u00e7\u00e3o.<br \/>\n<a href=\"https:\/\/drive.google.com\/open?id=1fH9dkmBeoQioTin36kthKay4bCefQ2KJ\">Edital 022\/2014<\/a><br \/>\n<a href=\"https:\/\/drive.google.com\/open?id=1fH9dkmBeoQioTin36kthKay4bCefQ2KJ\">Ficha de Avalia\u00e7\u00e3o PIBITI\/FUNTTEL<\/a><br \/>\n<a href=\"https:\/\/drive.google.com\/open?id=1fH9dkmBeoQioTin36kthKay4bCefQ2KJ\">Resultado PIBITI-FUNTTEL<\/a><\/p>\n<p><strong>PIBIC EM \u2013 Programa Institucional de Bolsas de Inicia\u00e7\u00e3o Cient\u00edfica &#8211; Ensino M\u00e9dio (CNPq\/UFSM)<br \/>\n<\/strong>Programa de concess\u00e3o de bolsas de inicia\u00e7\u00e3o cient\u00edfica vinculado ao CNPq, voltado para o desenvolvimento do pensamento cient\u00edfico e inicia\u00e7\u00e3o \u00e0 pesquisa de estudantes de gradua\u00e7\u00e3o do esino superior.<br \/>\n<a href=\"https:\/\/drive.google.com\/open?id=1gDviT1gVx9UxPXdQLSPkWdB5NQX-YznM\">Edital 012\/2014:<\/a> per\u00edodo de inscri\u00e7\u00e3o:\u00a014 de abril a 9 de maio de 2014<br \/>\n<a href=\"https:\/\/drive.google.com\/open?id=1gDviT1gVx9UxPXdQLSPkWdB5NQX-YznM\">Ficha de Avalia\u00e7\u00e3o PIBIC\u00a0EM<\/a><br \/>\n<a href=\"https:\/\/drive.google.com\/open?id=1gDviT1gVx9UxPXdQLSPkWdB5NQX-YznM\">Resultado<\/a><\/p>\n<p><strong>PIBIC \u2013 Programa Institucional de Bolsas de Inicia\u00e7\u00e3o Cient\u00edfica (CNPq\/UFSM)<br \/>\n<\/strong>Programa de concess\u00e3o de bolsas de inicia\u00e7\u00e3o cient\u00edfica vinculado ao CNPq, voltado para o desenvolvimento do pensamento cient\u00edfico e inicia\u00e7\u00e3o \u00e0 pesquisa de estudantes de gradua\u00e7\u00e3o do esino superior.<br \/>\n<a href=\"https:\/\/drive.google.com\/open?id=1hV3QqyzEazgvrMIV7-qKLuvhQpHp7LJ4\">Edital 011\/2014:<\/a> per\u00edodo de inscri\u00e7\u00e3o:\u00a014 de abril a 9 de maio de 2014<br \/>\n<a href=\"https:\/\/drive.google.com\/open?id=1hV3QqyzEazgvrMIV7-qKLuvhQpHp7LJ4\">Ficha de Avalia\u00e7\u00e3o PIBIC<\/a><br \/>\n<a href=\"https:\/\/drive.google.com\/open?id=1hV3QqyzEazgvrMIV7-qKLuvhQpHp7LJ4\">Resultado<\/a><\/p>\n<p><strong>PEIPSM \u2013 Programa Especial de Incentivo \u00e0 Pesquisa para o Servidor Mestre<br \/>\n<\/strong>Programa Especial de Incentivo \u00e0 Pesquisa para o Servidor Mestre para servidores da UFSM que obtiveram o t\u00edtulo de Mestre a partir de 1\u00ba. de Janeiro de 2009 ou estar em per\u00edodo de est\u00e1gio probat\u00f3rio na UFSM.<br \/>\n<a href=\"https:\/\/drive.google.com\/open?id=1fldEkERtoLPoTEVs8vS9vK2zA8PYGn6-\">Edital n.009\/2014\u00a0\u2013 PEIPSM<\/a> \u2013\u00a0inscri\u00e7\u00f5es:\u00a0\u00a001 a 15 de abril de 2014, \u00e0s 17:00 horas<br \/>\n<a href=\"https:\/\/drive.google.com\/open?id=1fldEkERtoLPoTEVs8vS9vK2zA8PYGn6-\">Ficha de Avalia\u00e7\u00e3o<\/a><br \/>\n<a href=\"https:\/\/drive.google.com\/open?id=1fldEkERtoLPoTEVs8vS9vK2zA8PYGn6-\">Resultado<\/a><\/p>\n<p><strong>PROIC HUSM \u2013 Programa de Inicia\u00e7\u00e3o Cient\u00edfica para o Hospital Universit\u00e1rio de Santa Maria<br \/>\n<\/strong>Edital n.010\/2014 \u2013 PROIC \u2013 HUSM\u00a0\u2013\u00a0inscri\u00e7\u00f5es:\u00a001 a 15 de abril de 2014, \u00e0s 18:00 horas<br \/>\n<a href=\"https:\/\/drive.google.com\/open?id=1bDM32reofE5FOTnXzZFjI9eaLyZ5YNnu\">Ficha de Avalia\u00e7\u00e3o<\/a><br \/>\n<a href=\"https:\/\/drive.google.com\/open?id=1bDM32reofE5FOTnXzZFjI9eaLyZ5YNnu\">Declara\u00e7\u00e3o de Ci\u00eancia de Orienta\u00e7\u00e3o<\/a><br \/>\n<a href=\"https:\/\/drive.google.com\/open?id=1bDM32reofE5FOTnXzZFjI9eaLyZ5YNnu\">Declara\u00e7\u00e3o DEPE\/HUSM<\/a><br \/>\n<a href=\"https:\/\/drive.google.com\/open?id=1bDM32reofE5FOTnXzZFjI9eaLyZ5YNnu\">Resultado<\/a><\/p>\n<p><strong>FIT \u2013 Fundo de Incentivo \u00e0 Inova\u00e7\u00e3o Tecnol\u00f3gica<br \/>\n<\/strong>Programa de concess\u00e3o de bolsas de inicia\u00e7\u00e3o \u00e0 inova\u00e7\u00e3o tecnol\u00f3gica (BIT) e aux\u00edlio \u00e0 projetos de inova\u00e7\u00e3o tecnol\u00f3gica aos docentes e servidores da UFSM.<br \/>\n<a href=\"https:\/\/drive.google.com\/open?id=1SzZX-MzQOGNH06IdfNWS1trmtbVdkqB_\">Edital n.007\/2014<\/a> \u2013 FIT BIT\u00a0&#8211;\u00a0inscri\u00e7\u00f5es:\u00a001 a 15 de abril de 2014, \u00e0s 18:00 horas<strong><br \/>\n<\/strong><a href=\"https:\/\/drive.google.com\/open?id=1SzZX-MzQOGNH06IdfNWS1trmtbVdkqB_\">Edital n.008\/2014<\/a> \u2013 FIT BIT Jr.\u00a0&#8211;\u00a0inscri\u00e7\u00f5es:\u00a001 a 15 de abril de 2014, \u00e0s 17:00 horas<strong><br \/>\n<\/strong><a href=\"https:\/\/drive.google.com\/open?id=1SzZX-MzQOGNH06IdfNWS1trmtbVdkqB_\">Ficha de Avalia\u00e7\u00e3o<\/a><br \/>\n<a href=\"https:\/\/drive.google.com\/open?id=1SzZX-MzQOGNH06IdfNWS1trmtbVdkqB_\">Resultados<\/a><\/p>\n<p><strong>FIPE \u2013 Fundo de incentivo a Pesquisa<br \/>\n<\/strong>Programa de concess\u00e3o de bolsas de inicia\u00e7\u00e3o cient\u00edfica e aux\u00edlio \u00e0 pesquisa aos docentes e servidores da UFSM.<br \/>\n<a href=\"https:\/\/drive.google.com\/open?id=1aC7MEePQmr1KAffxb9KAuPEDF5uDzhpz\">Edital n.004\/2014 \u2013 FIPE ARD<\/a> \u2013 Enxoval\u00a0\u2013 inscri\u00e7\u00f5es:\u00a001\/04\/2014 at\u00e9 15\/04\/2014 \u00e0s 18:00 horas<br \/>\n<a href=\"https:\/\/drive.google.com\/open?id=1aC7MEePQmr1KAffxb9KAuPEDF5uDzhpz\">Edital n.005\/2013 \u2013 FIPE J\u00daNIOR<\/a>\u00a0&#8211; inscri\u00e7\u00f5es: 01\/04\/2014 at\u00e9 15\/04\/2014 \u00e0s 18:00 horas<br \/>\n<a href=\"https:\/\/drive.google.com\/open?id=1aC7MEePQmr1KAffxb9KAuPEDF5uDzhpz\">Edital n.006\/2013 \u2013 FIPE S\u00caNIOR\u00a0<\/a>&#8211;\u00a0inscri\u00e7\u00f5es: 01\/04\/2014 at\u00e9 15\/04\/2014, \u00e0s 18:00 horas<br \/>\n<a href=\"https:\/\/drive.google.com\/open?id=1aC7MEePQmr1KAffxb9KAuPEDF5uDzhpz\">Ficha de Avalia\u00e7\u00e3o<\/a><\/p>\n<p><strong>Pr\u00f3-Equipamentos CAPES 2014<br \/>\n<\/strong>Programa de financiamento de equipamentos de pequeno e m\u00e9dio porte para laborat\u00f3rios vinculados aos programas de p\u00f3s-gradua\u00e7\u00e3o, financiados pela CAPES.<br \/>\n<a href=\"https:\/\/drive.google.com\/open?id=1Ur7WK5mp_Jw0y8bd8BLe12Gaqolx_gOF\">Chamada Interna:<\/a>\u00a0submiss\u00e3o de propostas at\u00e9 \u00e0s 12 horas do dia 02 de abril de 2014<br \/>\n<a href=\"https:\/\/drive.google.com\/open?id=1Ur7WK5mp_Jw0y8bd8BLe12Gaqolx_gOF\">Modelo de Relat\u00f3rio T\u00e9cnico de Execu\u00e7\u00e3o<\/a><a href=\"http:\/\/sites.multiweb.ufsm.br\/prpgp\/images\/editais-internos\/capes\/Relat%C3%B3rio-T%C3%A9c-de-Exec-Pr%C3%B3-Equip-CAPES-Edital-n.-24-2012.doc\" target=\"_blank\" rel=\"noopener\"><br \/>\n<\/a><a href=\"https:\/\/drive.google.com\/open?id=1Ur7WK5mp_Jw0y8bd8BLe12Gaqolx_gOF\">Planilha de Equipe<\/a><a href=\"http:\/\/sites.multiweb.ufsm.br\/prpgp\/images\/editais-internos\/capes\/Planilha-Equipe_ProEquipamentos-CAPES-Edital-n.-24-2012.doc\" target=\"_blank\" rel=\"noopener\"><br \/>\n<\/a><a href=\"https:\/\/drive.google.com\/open?id=1Ur7WK5mp_Jw0y8bd8BLe12Gaqolx_gOF\">Check list Pr\u00f3-Equipamentos CAPES 2013<\/a><a href=\"http:\/\/sites.multiweb.ufsm.br\/prpgp\/images\/editais-internos\/capes\/Check-list-Pr%C3%B3-Equipamentos-CAPES-Edital-n.-24-2012.doc\" target=\"_blank\" rel=\"noopener\"><br \/>\n<\/a><a href=\"https:\/\/drive.google.com\/open?id=1Ur7WK5mp_Jw0y8bd8BLe12Gaqolx_gOF\">Lista de Equipamentos adquiridos em Editais CAPES 2008 &#8211; 2013<\/a><br \/>\n<a href=\"https:\/\/drive.google.com\/open?id=1Ur7WK5mp_Jw0y8bd8BLe12Gaqolx_gOF\">Apresenta\u00e7\u00e3o Semin\u00e1rio: Elabora\u00e7\u00e3o Propostas Pr\u00f3-equipamentos<\/a><br \/>\n<a href=\"https:\/\/drive.google.com\/open?id=1Ur7WK5mp_Jw0y8bd8BLe12Gaqolx_gOF\">Subprojetos recomendados pelo Comit\u00ea Assessor<\/a><\/p>\n","protected":false},"excerpt":{"rendered":"<p>PIVIC \u2013 Programa Institucional de Volunt\u00e1rios em Inicia\u00e7\u00e3o Cient\u00edfica Edital n.016-2014\u00a0\u2013 PIVIC\u00a0\u2013 inscri\u00e7\u00f5es: 17 de julho a 04 de agosto de 2014 Termo aditivo ao edital 016\/2014 Pr\u00f3-Revistas 2014 Programa Especial de Incentivo \u00e0s Revistas Cient\u00edficas editadas pela UFSM que visa a concess\u00e3o de aux\u00edlio financeiro para apoio \u00e0s atividades de publica\u00e7\u00e3o e o gerenciamento [&hellip;]<\/p>\n","protected":false},"author":221,"featured_media":0,"parent":7279,"menu_order":0,"comment_status":"closed","ping_status":"closed","template":"","meta":{"footnotes":""},"categories":[],"tags":[],"class_list":["post-7289","page","type-page","status-publish","hentry"],"acf":[],"_links":{"self":[{"href":"https:\/\/www.ufsm.br\/pro-reitorias\/prpgp\/wp-json\/wp\/v2\/pages\/7289","targetHints":{"allow":["GET"]}}],"collection":[{"href":"https:\/\/www.ufsm.br\/pro-reitorias\/prpgp\/wp-json\/wp\/v2\/pages"}],"about":[{"href":"https:\/\/www.ufsm.br\/pro-reitorias\/prpgp\/wp-json\/wp\/v2\/types\/page"}],"author":[{"embeddable":true,"href":"https:\/\/www.ufsm.br\/pro-reitorias\/prpgp\/wp-json\/wp\/v2\/users\/221"}],"replies":[{"embeddable":true,"href":"https:\/\/www.ufsm.br\/pro-reitorias\/prpgp\/wp-json\/wp\/v2\/comments?post=7289"}],"version-history":[{"count":0,"href":"https:\/\/www.ufsm.br\/pro-reitorias\/prpgp\/wp-json\/wp\/v2\/pages\/7289\/revisions"}],"up":[{"embeddable":true,"href":"https:\/\/www.ufsm.br\/pro-reitorias\/prpgp\/wp-json\/wp\/v2\/pages\/7279"}],"wp:attachment":[{"href":"https:\/\/www.ufsm.br\/pro-reitorias\/prpgp\/wp-json\/wp\/v2\/media?parent=7289"}],"wp:term":[{"taxonomy":"category","embeddable":true,"href":"https:\/\/www.ufsm.br\/pro-reitorias\/prpgp\/wp-json\/wp\/v2\/categories?post=7289"},{"taxonomy":"post_tag","embeddable":true,"href":"https:\/\/www.ufsm.br\/pro-reitorias\/prpgp\/wp-json\/wp\/v2\/tags?post=7289"}],"curies":[{"name":"wp","href":"https:\/\/api.w.org\/{rel}","templated":true}]}}