{"id":7293,"date":"2018-09-12T11:36:33","date_gmt":"2018-09-12T14:36:33","guid":{"rendered":"https:\/\/www.ufsm.br\/pro-reitorias\/prpgp\/?page_id=7293"},"modified":"2018-11-01T16:00:05","modified_gmt":"2018-11-01T19:00:05","slug":"editais-internos-2011","status":"publish","type":"page","link":"https:\/\/www.ufsm.br\/pro-reitorias\/prpgp\/editais-passados\/editais-internos-2011","title":{"rendered":"Editais Internos 2011"},"content":{"rendered":"<p><strong>CsF \u2013 Programa Ci\u00eancia sem Fronteiras \u2013 CNPq e CAPES<br \/>\n<\/strong>Programa de concess\u00e3o de bolsas, na modalidade Gradua\u00e7\u00e3o Sandu\u00edche no Exterior \u2013 SWG, dentro do Programa Ci\u00eancia sem Fronteiras, vinculado ao CNPq e CAPES<\/p>\n<p><a href=\"https:\/\/drive.google.com\/open?id=1VRIJBD--nMgxPvHc8SgnO3dLfsT-RA4b\">Edital completo CNPq\u00a0<\/a>\u2013 per\u00edodo de inscri\u00e7\u00f5es: 14 a 30 de setembro de 2011<br \/>\n<a href=\"https:\/\/drive.google.com\/open?id=1VRIJBD--nMgxPvHc8SgnO3dLfsT-RA4b\">Ficha de Inscri\u00e7\u00e3o CNPq<\/a><strong><br \/>\n<\/strong><a href=\"https:\/\/drive.google.com\/open?id=1VRIJBD--nMgxPvHc8SgnO3dLfsT-RA4b\">Edital completo CAPES\u00a0<\/a>\u2013 per\u00edodo de inscri\u00e7\u00f5es: 14 a 30 de setembro de 2011<br \/>\n<a href=\"https:\/\/drive.google.com\/open?id=1VRIJBD--nMgxPvHc8SgnO3dLfsT-RA4b\">Termo Aditivo ao Edital Completo CAPES\u00a0\u2013 Profici\u00eancia em Ingl\u00eas<\/a><br \/>\n<a href=\"https:\/\/drive.google.com\/open?id=1VRIJBD--nMgxPvHc8SgnO3dLfsT-RA4b\">Ficha de Inscri\u00e7\u00e3o CAPES<\/a><\/p>\n<p><strong>Chamada Interna Destaque Inicia\u00e7\u00e3o Cient\u00edfica 2011<br \/>\n<\/strong><a href=\"https:\/\/drive.google.com\/open?id=1WaF7dHpIs3TagWsy90cdsU-FsZKx8BDO\">Edital completo<\/a>\u00a0<em>&#8211; data limite para inscri\u00e7\u00f5es: 19\/08\/201<br \/>\n<\/em><\/p>\n<p><strong>Edital para sele\u00e7\u00e3o de Estagi\u00e1rio remunerado n\u00e3o-obrigat\u00f3rio de estudantes vinculados \u00e0 UFSM<br \/>\n<\/strong><a href=\"https:\/\/drive.google.com\/open?id=1TyTo3bEtJldF_5oP9F8zlFDiRkP6Sbgw\">Edital completo<\/a>\u00a0\u2013 encerrado<br \/>\n<a href=\"https:\/\/drive.google.com\/open?id=1TyTo3bEtJldF_5oP9F8zlFDiRkP6Sbgw\">Ficha de Inscri\u00e7\u00e3o<\/a><\/p>\n<p><strong>PIBIC-EM \u2013 Programa Institucional de Bolsa de Inicia\u00e7\u00e3o Cient\u00edfica \u2013 Ensino M\u00e9dio (CNPq\/UFSM)<\/strong><em><br \/>\nPrograma de concess\u00e3o de bolsas de inicia\u00e7\u00e3o cient\u00edfica vinculado ao CNPq, voltado para o desenvolvimento do pensamento cient\u00edfico e inicia\u00e7\u00e3o \u00e0 pesquisa de estudantes do Ensino M\u00e9dio.<br \/>\n<\/em><a href=\"https:\/\/drive.google.com\/open?id=1n0pcNBe0kjtXmf-5d-Zpe0gVtF059Rp-\">Edital n. 020\/2011 \u2013 completo<em>:\u00a0<\/em>encerrado<\/a><strong><br \/>\n<\/strong><a href=\"https:\/\/drive.google.com\/open?id=1n0pcNBe0kjtXmf-5d-Zpe0gVtF059Rp-\">Edital n. 042\/2011\u00a0\u2013 altera o cronograma<\/a><strong><br \/>\n<\/strong><a href=\"https:\/\/drive.google.com\/open?id=1n0pcNBe0kjtXmf-5d-Zpe0gVtF059Rp-\">Edital n. 043\/2011\u00a0\u2013 informa\u00e7\u00f5es complementares<\/a><strong><br \/>\n<\/strong><a href=\"https:\/\/drive.google.com\/open?id=1n0pcNBe0kjtXmf-5d-Zpe0gVtF059Rp-\">Ficha de Avalia\u00e7\u00e3o PIBIC-EM<\/a><\/p>\n","protected":false},"excerpt":{"rendered":"<p>CsF \u2013 Programa Ci\u00eancia sem Fronteiras \u2013 CNPq e CAPES Programa de concess\u00e3o de bolsas, na modalidade Gradua\u00e7\u00e3o Sandu\u00edche no Exterior \u2013 SWG, dentro do Programa Ci\u00eancia sem Fronteiras, vinculado ao CNPq e CAPES Edital completo CNPq\u00a0\u2013 per\u00edodo de inscri\u00e7\u00f5es: 14 a 30 de setembro de 2011 Ficha de Inscri\u00e7\u00e3o CNPq Edital completo CAPES\u00a0\u2013 per\u00edodo [&hellip;]<\/p>\n","protected":false},"author":221,"featured_media":0,"parent":7279,"menu_order":0,"comment_status":"closed","ping_status":"closed","template":"","meta":{"footnotes":""},"categories":[],"tags":[],"class_list":["post-7293","page","type-page","status-publish","hentry"],"acf":[],"_links":{"self":[{"href":"https:\/\/www.ufsm.br\/pro-reitorias\/prpgp\/wp-json\/wp\/v2\/pages\/7293","targetHints":{"allow":["GET"]}}],"collection":[{"href":"https:\/\/www.ufsm.br\/pro-reitorias\/prpgp\/wp-json\/wp\/v2\/pages"}],"about":[{"href":"https:\/\/www.ufsm.br\/pro-reitorias\/prpgp\/wp-json\/wp\/v2\/types\/page"}],"author":[{"embeddable":true,"href":"https:\/\/www.ufsm.br\/pro-reitorias\/prpgp\/wp-json\/wp\/v2\/users\/221"}],"replies":[{"embeddable":true,"href":"https:\/\/www.ufsm.br\/pro-reitorias\/prpgp\/wp-json\/wp\/v2\/comments?post=7293"}],"version-history":[{"count":0,"href":"https:\/\/www.ufsm.br\/pro-reitorias\/prpgp\/wp-json\/wp\/v2\/pages\/7293\/revisions"}],"up":[{"embeddable":true,"href":"https:\/\/www.ufsm.br\/pro-reitorias\/prpgp\/wp-json\/wp\/v2\/pages\/7279"}],"wp:attachment":[{"href":"https:\/\/www.ufsm.br\/pro-reitorias\/prpgp\/wp-json\/wp\/v2\/media?parent=7293"}],"wp:term":[{"taxonomy":"category","embeddable":true,"href":"https:\/\/www.ufsm.br\/pro-reitorias\/prpgp\/wp-json\/wp\/v2\/categories?post=7293"},{"taxonomy":"post_tag","embeddable":true,"href":"https:\/\/www.ufsm.br\/pro-reitorias\/prpgp\/wp-json\/wp\/v2\/tags?post=7293"}],"curies":[{"name":"wp","href":"https:\/\/api.w.org\/{rel}","templated":true}]}}