{"id":7294,"date":"2018-09-12T11:37:27","date_gmt":"2018-09-12T14:37:27","guid":{"rendered":"https:\/\/www.ufsm.br\/pro-reitorias\/prpgp\/?page_id=7294"},"modified":"2018-11-01T16:00:56","modified_gmt":"2018-11-01T19:00:56","slug":"editais-internos-2010","status":"publish","type":"page","link":"https:\/\/www.ufsm.br\/pro-reitorias\/prpgp\/editais-passados\/editais-internos-2010","title":{"rendered":"Editais Internos 2010"},"content":{"rendered":"<p><strong>PNPD\/CAPES \u2013 Programa Nacional de P\u00f3s-Gradua\u00e7\u00e3o<br \/>\n<\/strong><em>O Coordenador do Programa de P\u00f3s-Gradua\u00e7\u00e3o em Qu\u00edmica da UFSM comunica que est\u00e3o abertas as inscri\u00e7\u00f5es para o processo seletivo de Rec\u00e9m-doutor, referente a 02 (duas) vagas de bolsista de P\u00f3s-Doutorado, concedidas na linha 1 do edital MEC\/CAPES N\u00ba 001\/2010 \u201cProgra-ma Nacional de P\u00f3s-Doutorado \u2013 PNPD\u201d, no projeto \u201cApoio \u00e0 Cria\u00e7\u00e3o e Fortalecimento de Linhas de Pesquisas Interdisciplinares no PPGQ\/UFSM\u201d.<br \/>\n<\/em><a href=\"https:\/\/drive.google.com\/open?id=1csDaZ216GZ6dXQjJBoWSECIC-jgkh07i\">Edital de Sele\u00e7\u00e3o<\/a><\/p>\n","protected":false},"excerpt":{"rendered":"<p>PNPD\/CAPES \u2013 Programa Nacional de P\u00f3s-Gradua\u00e7\u00e3o O Coordenador do Programa de P\u00f3s-Gradua\u00e7\u00e3o em Qu\u00edmica da UFSM comunica que est\u00e3o abertas as inscri\u00e7\u00f5es para o processo seletivo de Rec\u00e9m-doutor, referente a 02 (duas) vagas de bolsista de P\u00f3s-Doutorado, concedidas na linha 1 do edital MEC\/CAPES N\u00ba 001\/2010 \u201cProgra-ma Nacional de P\u00f3s-Doutorado \u2013 PNPD\u201d, no projeto \u201cApoio [&hellip;]<\/p>\n","protected":false},"author":221,"featured_media":0,"parent":7279,"menu_order":0,"comment_status":"closed","ping_status":"closed","template":"","meta":{"footnotes":""},"categories":[],"tags":[],"class_list":["post-7294","page","type-page","status-publish","hentry"],"acf":[],"_links":{"self":[{"href":"https:\/\/www.ufsm.br\/pro-reitorias\/prpgp\/wp-json\/wp\/v2\/pages\/7294","targetHints":{"allow":["GET"]}}],"collection":[{"href":"https:\/\/www.ufsm.br\/pro-reitorias\/prpgp\/wp-json\/wp\/v2\/pages"}],"about":[{"href":"https:\/\/www.ufsm.br\/pro-reitorias\/prpgp\/wp-json\/wp\/v2\/types\/page"}],"author":[{"embeddable":true,"href":"https:\/\/www.ufsm.br\/pro-reitorias\/prpgp\/wp-json\/wp\/v2\/users\/221"}],"replies":[{"embeddable":true,"href":"https:\/\/www.ufsm.br\/pro-reitorias\/prpgp\/wp-json\/wp\/v2\/comments?post=7294"}],"version-history":[{"count":0,"href":"https:\/\/www.ufsm.br\/pro-reitorias\/prpgp\/wp-json\/wp\/v2\/pages\/7294\/revisions"}],"up":[{"embeddable":true,"href":"https:\/\/www.ufsm.br\/pro-reitorias\/prpgp\/wp-json\/wp\/v2\/pages\/7279"}],"wp:attachment":[{"href":"https:\/\/www.ufsm.br\/pro-reitorias\/prpgp\/wp-json\/wp\/v2\/media?parent=7294"}],"wp:term":[{"taxonomy":"category","embeddable":true,"href":"https:\/\/www.ufsm.br\/pro-reitorias\/prpgp\/wp-json\/wp\/v2\/categories?post=7294"},{"taxonomy":"post_tag","embeddable":true,"href":"https:\/\/www.ufsm.br\/pro-reitorias\/prpgp\/wp-json\/wp\/v2\/tags?post=7294"}],"curies":[{"name":"wp","href":"https:\/\/api.w.org\/{rel}","templated":true}]}}