{"id":8849,"date":"2019-05-10T09:30:20","date_gmt":"2019-05-10T12:30:20","guid":{"rendered":"https:\/\/www.ufsm.br\/pro-reitorias\/prpgp\/?page_id=8849"},"modified":"2025-06-06T11:45:33","modified_gmt":"2025-06-06T14:45:33","slug":"formularios-2","status":"publish","type":"page","link":"https:\/\/www.ufsm.br\/pro-reitorias\/prpgp\/formularios-2","title":{"rendered":"Formul\u00e1rios"},"content":{"rendered":"\t\t<div data-elementor-type=\"wp-page\" data-elementor-id=\"8849\" class=\"elementor elementor-8849\">\n\t\t\t\t\t\t<section class=\"elementor-section elementor-top-section elementor-element elementor-element-17833bdf elementor-section-boxed elementor-section-height-default elementor-section-height-default\" data-id=\"17833bdf\" data-element_type=\"section\">\n\t\t\t\t\t\t<div class=\"elementor-container elementor-column-gap-default\">\n\t\t\t\t\t<div class=\"elementor-column elementor-col-100 elementor-top-column elementor-element elementor-element-336607b8\" data-id=\"336607b8\" data-element_type=\"column\">\n\t\t\t<div class=\"elementor-widget-wrap elementor-element-populated\">\n\t\t\t\t\t\t<div class=\"elementor-element elementor-element-7379dc1b elementor-widget elementor-widget-text-editor\" data-id=\"7379dc1b\" data-element_type=\"widget\" data-widget_type=\"text-editor.default\">\n\t\t\t\t<div class=\"elementor-widget-container\">\n\t\t\t\t\t\t\t<!-- wp:tadv\/classic-paragraph -->\n<p><strong>Modelos de Formul\u00e1rio Unificado e Requerimento para submiss\u00e3o de projeto ao CEUA:<\/strong><\/p>\n<p>&#8211; ENSINO &#8211; <a href=\"https:\/\/www.ufsm.br\/app\/uploads\/sites\/345\/2023\/01\/Modelo_Formulario-Unificado-RN-52_Anexo-I-1.doc\">Formul\u00e1rio Unificado para solicita\u00e7\u00e3o de autoriza\u00e7\u00e3o para USO DE ANIMAIS EM ENSINO OU DESENVOLVIMENTO DE RECURSOS DID\u00c1TICOS-RN &#8211; 52_Anexo-I<\/a><\/p>\n<p>&#8211; PESQUISA &#8211; <a href=\"https:\/\/www.ufsm.br\/app\/uploads\/sites\/345\/2023\/01\/Modelo_Formulario-Unificado-RN-52_Anexo-II.doc\">Formul\u00e1rio Unificado para solicita\u00e7\u00e3o de autoriza\u00e7\u00e3o para USO DE ANIMAIS EM EXPERIMENTA\u00c7\u00c3O-RN \u2013 52_Anexo-II<\/a><\/p>\n<p>&#8211; <a href=\"https:\/\/www.ufsm.br\/app\/uploads\/sites\/345\/2023\/09\/TermoCompromisso-1.docx\">Modelo de Termo de Compromisso<\/a>.<\/p>\n<p>&#8211; <a href=\"https:\/\/www.ufsm.br\/app\/uploads\/sites\/345\/2023\/09\/TermoResponsabilidade-1.docx\">Modelo de Termo de Responsabilidade<\/a>.<\/p>\n<p>&#8211; <a href=\"https:\/\/www.ufsm.br\/app\/uploads\/sites\/345\/2023\/09\/DelineamentoEsquematizado_ReferenciasCompletas-2.docx\">Modelo de delineamento esquematizado e refer\u00eancias completas<\/a>.<\/p>\n<p>&#8211; <a href=\"https:\/\/www.ufsm.br\/app\/uploads\/sites\/345\/2023\/09\/DeclaracaoTreinamento-1.docx\">Declara\u00e7\u00e3o de Treinamento.<\/a><\/p>\n<p>&#8211; <a href=\"https:\/\/www.ufsm.br\/app\/uploads\/sites\/345\/2023\/09\/TCLE-1.docx\">Modelo de TCLE<\/a> &#8211; Conforme a Diretriz Brasileira Para o Cuidado e a Utiliza\u00e7\u00e3o de Animais Para Fins Cient\u00edficos e Did\u00e1ticos &#8211; DBCA, os projetos realizados com animais de companhia (pacientes) e animais de produ\u00e7\u00e3o, mantidos em propriedades particulares, devem ser submetidos \u00e0 CEUA. Para tal, \u00e9 necess\u00e1rio o preenchimento do <strong>Termo de Consentimento Livre e Esclarecido Para Participa\u00e7\u00e3o em Pesquisa<\/strong>.<\/p>\n<p>\u00a0<\/p>\n<p><strong>ATEN\u00c7\u00c3O! Prazos para:<\/strong><br \/>&#8211; <span style=\"text-decoration: underline\">SUBMISS\u00c3O do projeto<\/span>: 6 dias \u00daTEIS antes de cada reuni\u00e3o(*)(**).<br \/>&#8211; <span style=\"text-decoration: underline\">Responder as PEND\u00caNCIAS<\/span>: 60 dias (deve-se anexar o <a href=\"https:\/\/www.ufsm.br\/app\/uploads\/sites\/345\/2023\/09\/ApresentacaoPendencias.docx\">Formul\u00e1rio para Apresenta\u00e7\u00e3o de Pend\u00eancias<\/a> na submiss\u00e3o da resposta).<\/p>\n<p>(*) Este per\u00edodo de tempo \u00e9 necess\u00e1rio para que aconte\u00e7am os tr\u00e2mites de recep\u00e7\u00e3o e valida\u00e7\u00e3o documental e para a an\u00e1lise do relator.<\/p>\n<p>(**) A inclus\u00e3o do projeto na pauta est\u00e1 condicionada ao prazo de submiss\u00e3o do projeto e ao n\u00famero m\u00e1ximo de projetos por pauta.<\/p>\n<p>\u00a0<\/p>\n<p><strong>Modelos de Formul\u00e1rio a serem utilizados ap\u00f3s a aprova\u00e7\u00e3o do projeto pela CEUA:<\/strong><\/p>\n<p>&#8211; <a href=\"https:\/\/www.ufsm.br\/app\/uploads\/sites\/345\/2024\/06\/RelatorioParcial-Final2024.docx\">Modelo de Relat\u00f3rio Parcial ou Final.<\/a><\/p>\n<p>&#8211; <a href=\"https:\/\/www.ufsm.br\/app\/uploads\/sites\/345\/2024\/06\/ApresentacaoEmenda2024.docx\">Modelo de Formul\u00e1rio para Apresenta\u00e7\u00e3o de Emenda<\/a>.<\/p>\n<!-- \/wp:tadv\/classic-paragraph -->\t\t\t\t\t\t<\/div>\n\t\t\t\t<\/div>\n\t\t\t\t\t<\/div>\n\t\t<\/div>\n\t\t\t\t\t<\/div>\n\t\t<\/section>\n\t\t\t\t<\/div>\n\t\t","protected":false},"excerpt":{"rendered":"<p>Modelos de Formul\u00e1rio Unificado e Requerimento para submiss\u00e3o de projeto ao CEUA: &#8211; ENSINO &#8211; Formul\u00e1rio Unificado para solicita\u00e7\u00e3o de autoriza\u00e7\u00e3o para USO DE ANIMAIS EM ENSINO OU DESENVOLVIMENTO DE RECURSOS DID\u00c1TICOS-RN &#8211; 52_Anexo-I &#8211; PESQUISA &#8211; Formul\u00e1rio Unificado para solicita\u00e7\u00e3o de autoriza\u00e7\u00e3o para USO DE ANIMAIS EM EXPERIMENTA\u00c7\u00c3O-RN \u2013 52_Anexo-II &#8211; Modelo de Termo [&hellip;]<\/p>\n","protected":false},"author":117,"featured_media":0,"parent":0,"menu_order":0,"comment_status":"closed","ping_status":"closed","template":"","meta":{"footnotes":""},"categories":[],"tags":[],"class_list":["post-8849","page","type-page","status-publish","hentry"],"acf":[],"_links":{"self":[{"href":"https:\/\/www.ufsm.br\/pro-reitorias\/prpgp\/wp-json\/wp\/v2\/pages\/8849","targetHints":{"allow":["GET"]}}],"collection":[{"href":"https:\/\/www.ufsm.br\/pro-reitorias\/prpgp\/wp-json\/wp\/v2\/pages"}],"about":[{"href":"https:\/\/www.ufsm.br\/pro-reitorias\/prpgp\/wp-json\/wp\/v2\/types\/page"}],"author":[{"embeddable":true,"href":"https:\/\/www.ufsm.br\/pro-reitorias\/prpgp\/wp-json\/wp\/v2\/users\/117"}],"replies":[{"embeddable":true,"href":"https:\/\/www.ufsm.br\/pro-reitorias\/prpgp\/wp-json\/wp\/v2\/comments?post=8849"}],"version-history":[{"count":0,"href":"https:\/\/www.ufsm.br\/pro-reitorias\/prpgp\/wp-json\/wp\/v2\/pages\/8849\/revisions"}],"wp:attachment":[{"href":"https:\/\/www.ufsm.br\/pro-reitorias\/prpgp\/wp-json\/wp\/v2\/media?parent=8849"}],"wp:term":[{"taxonomy":"category","embeddable":true,"href":"https:\/\/www.ufsm.br\/pro-reitorias\/prpgp\/wp-json\/wp\/v2\/categories?post=8849"},{"taxonomy":"post_tag","embeddable":true,"href":"https:\/\/www.ufsm.br\/pro-reitorias\/prpgp\/wp-json\/wp\/v2\/tags?post=8849"}],"curies":[{"name":"wp","href":"https:\/\/api.w.org\/{rel}","templated":true}]}}