{"id":9634,"date":"2020-03-20T18:04:11","date_gmt":"2020-03-20T21:04:11","guid":{"rendered":"https:\/\/www.ufsm.br\/pro-reitorias\/prpgp\/?page_id=9634"},"modified":"2022-06-30T15:53:34","modified_gmt":"2022-06-30T18:53:34","slug":"normativas-prpgp-covid-19","status":"publish","type":"page","link":"https:\/\/www.ufsm.br\/pro-reitorias\/prpgp\/normativas-prpgp-covid-19","title":{"rendered":"Instru\u00e7\u00f5es Normativas PRPGP  COVID-19"},"content":{"rendered":"\t\t<div data-elementor-type=\"wp-page\" data-elementor-id=\"9634\" class=\"elementor elementor-9634\">\n\t\t\t\t\t\t<section class=\"elementor-section elementor-top-section elementor-element elementor-element-518e8ab7 elementor-section-boxed elementor-section-height-default elementor-section-height-default\" data-id=\"518e8ab7\" data-element_type=\"section\">\n\t\t\t\t\t\t<div class=\"elementor-container elementor-column-gap-default\">\n\t\t\t\t\t<div class=\"elementor-column elementor-col-100 elementor-top-column elementor-element elementor-element-5cf4f790\" data-id=\"5cf4f790\" data-element_type=\"column\">\n\t\t\t<div class=\"elementor-widget-wrap elementor-element-populated\">\n\t\t\t\t\t\t<div class=\"elementor-element elementor-element-357fa6d6 elementor-widget elementor-widget-text-editor\" data-id=\"357fa6d6\" data-element_type=\"widget\" data-widget_type=\"text-editor.default\">\n\t\t\t\t<div class=\"elementor-widget-container\">\n\t\t\t\t\t\t\t<p><!-- wp:tadv\/classic-paragraph --><\/p>\n<p>Publica\u00e7\u00f5es com as Instru\u00e7\u00f5es Normativas da Pr\u00f3-Reitoria de P\u00f3s-Gradua\u00e7\u00e3o e Pesquisa, que orientam acerca da suspens\u00e3o das atividades presenciais acad\u00eamicas e administrativas no \u00e2mbito do ensino de P\u00f3s-Gradua\u00e7\u00e3o e Pesquisa da UFSM e o funcionamento da Pr\u00f3-Reitoria de P\u00f3s-Gradua\u00e7\u00e3o (PRPGP) durante a Suspens\u00e3o das Atividades Acad\u00eamicas e Administrativas em face da Pandemia COVID-19.<\/p>\n<p>Durante a pandemia a PRPGP funciona com atendimento remoto virtual e deve ser feito por e-mail atrav\u00e9s dos seguintes contatos:<br \/>\u2013 Secretaria: prpgp@ufsm.br<br \/>\u2013 Coordenadoria de P\u00f3s-Gradua\u00e7\u00e3o: cpg.prpgp@ufsm.br<br \/>\u2013 Coordenadoria de Pesquisa: cp.prpgp@ufsm.br<br \/>\u2013 Coordenadoria de Inicia\u00e7\u00e3o Cient\u00edfica: cic.prpgp@ufsm.br<br \/>\u2013 Coordenadoria de Projetos Institucionais: npe.prpe@ufsm.br<br \/>\u2013 Comit\u00ea de \u00c9tica: ceua.ufsm@gmail.com, cep.ufsm@gmail.com e cibio@ufsm.br<br \/>\u2013 Assessoria Financeira: financeiro.prpgp@ufsm.br<br \/>\u2013 Reconhecimento de Diploma: reconhecimento.prpgp@ufsm.br<br \/>\u2013 CAPES PrInt: capes.print@ufsm.br<\/p>\n<p style=\"text-align: justify\">\u00a0<\/p>\n<h2 style=\"text-align: justify\">DISQUE COVID &#8211; (55) 3220-8500 e (55) 3213-1800<\/h2>\n<p style=\"text-align: justify\">A UFSM possui uma p\u00e1gina dedicada para not\u00edcias, informa\u00e7\u00f5es, instru\u00e7\u00f5es da UFSM sobre o coronav\u00edrus e o COVID-19. <a href=\"https:\/\/www.ufsm.br\/2020\/03\/17\/coronavirus\/\">LINK- UFSM<\/a><\/p>\n<p style=\"text-align: justify\">Neste site reunimos as informa\u00e7\u00f5es da PRPGP sobre o coronav\u00edrus (COVID-19) e orienta\u00e7\u00f5es a respeito da universidade no per\u00edodo de suspens\u00e3o das atividades.<\/p>\n<ul style=\"text-align: justify\">\n<li>No dia 16 de mar\u00e7o, a UFSM suspendeu as atividades presenciais, acad\u00eamicas e administrativas, atrav\u00e9s da <a href=\"https:\/\/www.ufsm.br\/wp-content\/uploads\/2020\/03\/PORTARIA-97.935.pdf\">Portaria N\u00ba 97.935<\/a>.<\/li>\n<li>INSTRU\u00c7\u00c3O NORMATIVA N. 001\/2020\/PRPGP, de 20 de mar\u00e7o de 2020. <a href=\"https:\/\/www.ufsm.br\/pro-reitorias\/prpgp\/wp-content\/uploads\/sites\/345\/2020\/03\/Instru%C3%A7%C3%A3o-Normativa-01-2020-PRPGP-suspens%C3%A3o-atividades-presenciais.pdf\">Link acess\u00edvel aqui<\/a>.<\/li>\n<li>Divulga\u00e7\u00e3o da CAPES com as diretrizes que orientam seus bolsistas no exterior durante a pandemia do v\u00edrus corona\/COVID-19. <a href=\"https:\/\/www.ufsm.br\/pro-reitorias\/prpgp\/2020\/03\/19\/a-capes-divulgou-diretrizes-que-orientarao-seus-bolsistas-no-exterior-durante-a-pandemia-do-virus-corona-covid-19\/\">Link acess\u00edvel aqui<\/a>.<\/li>\n<li>NOTA INFORMATIVA 001\/2020 \u2013 CIC\/PRPGP. <a href=\"https:\/\/www.ufsm.br\/pro-reitorias\/prpgp\/2020\/03\/19\/nota-informativa-001-2020\/\">Link acess\u00edvel aqui<\/a>.<\/li>\n<li>NOTA INFORMATIVA 002\/2020 \u2013 CIC\/PRPGP. <a href=\"https:\/\/www.ufsm.br\/pro-reitorias\/prpgp\/2020\/03\/19\/nota-informativa-002-2020\/\">Link acess\u00edvel aqui<\/a>.<\/li>\n<li>Nota P\u00fablica \u2013 CP\/PRPGP e Biot\u00e9rio Central. <a href=\"https:\/\/www.ufsm.br\/pro-reitorias\/prpgp\/2020\/03\/20\/nota-publica-cp-prpgp-e-bioterio-central\/\">Link acess\u00edvel aqui<\/a>.<\/li>\n<li>Orienta\u00e7\u00f5es CPG\/PRPGP &#8211; flexibiliza\u00e7\u00e3o atividades e disciplinas. <a href=\"https:\/\/www.ufsm.br\/pro-reitorias\/prpgp\/wp-content\/uploads\/sites\/345\/2020\/04\/Orienta\u00e7\u00f5es-CPG-PRPGP-flexibiliza\u00e7\u00e3o-atividades-acad\u00eamicas-presenciais.pdf\" target=\"_blank\" rel=\"noopener noreferrer\">Link acess\u00edvel aqui<\/a>.<\/li>\n<li>Nota p\u00fablica CPG\/PRPGP &#8211; Prorroga\u00e7\u00e3o de prazos de defesa. <a href=\"https:\/\/www.ufsm.br\/pro-reitorias\/prpgp\/wp-content\/uploads\/sites\/345\/2020\/05\/NOTA-PRORROGA%C3%87%C3%83O-DE-PRAZO-DE-DEFESA-E-NOVA-FUNCIONALIDADE.pdf\">Link acess\u00edvel aqui<\/a>.<\/li>\n<li>(ATUALIZA\u00c7\u00c3O 24\/07\/20) Orienta\u00e7\u00f5es para defesa de MDT e diplomas urgentes. <a href=\"https:\/\/www.ufsm.br\/pro-reitorias\/prpgp\/wp-content\/uploads\/sites\/345\/2020\/05\/Orienta\u00e7\u00f5es-PRPGP-pdf.pdf\">Link acess\u00edvel aqui<\/a>.<\/li>\n<li>Os crit\u00e9rios utilizados pelo <b>DERCA<\/b> para emiss\u00e3o de diplomas Urgentes (Cap\u00edtulo II, Art.8\u00ba).<a href=\"https:\/\/www.ufsm.br\/pro-reitorias\/prograd\/wp-content\/uploads\/sites\/342\/2020\/06\/IN-05-2020-FORMATURA-POR-WebCONFERENCIA-E-DIPLOMA-Final.pdf\" target=\"_blank\" rel=\"noopener\"> Link acess\u00edvel aqui<\/a>.<\/li>\n<li><b>Instru\u00e7\u00e3o Normativa 02\/2020\/PRPGP &#8211; Atividades de pesquisa e funcionamento dos laborat\u00f3rios na UFSM. <\/b><a href=\"https:\/\/www.ufsm.br\/app\/uploads\/sites\/345\/2020\/09\/IN_02_Labs.pdf\">Link acess\u00edvel aqui.<\/a><br \/>\u00a0&#8211; Anexo 1 e Anexo 2 &#8211; Planejamento e Readequa\u00e7\u00e3o de LABORAT\u00d3RIOS e PROJETOS DE PESQUISA. <a href=\"https:\/\/www.ufsm.br\/app\/uploads\/sites\/345\/2020\/09\/ANEXOS-I-II.docx\">Link acess\u00edvel aqui.<\/a><\/li>\n<li><a style=\"font-size: 16px\" href=\"https:\/\/portal.ufsm.br\/documentos\/publico\/documento.html?id=13993853\"><b>Instru\u00e7\u00e3o Normativa N. 003\/2022<\/b><\/a>\u00a0&#8211;\u00a0<b>Instruir a prorroga\u00e7\u00e3o de prazos de defesa, realiza\u00e7\u00e3o de defesas online e oferta de carga hor\u00e1ria a dist\u00e2ncia<\/b>, em car\u00e1ter provis\u00f3rio, para o retorno presencial das atividades acad\u00eamicas de p\u00f3s-gradua\u00e7\u00e3o na UFSM.\u00a0<a href=\"https:\/\/portal.ufsm.br\/documentos\/publico\/documento.html?id=13993853\" target=\"_blank\" rel=\"noopener\">Link acess\u00edvel aqui<\/a>.<\/li>\n<\/ul>\n<p><!-- \/wp:tadv\/classic-paragraph --><\/p>\t\t\t\t\t\t<\/div>\n\t\t\t\t<\/div>\n\t\t\t\t\t<\/div>\n\t\t<\/div>\n\t\t\t\t\t<\/div>\n\t\t<\/section>\n\t\t\t\t<section class=\"elementor-section elementor-top-section elementor-element elementor-element-6a041e2 elementor-section-boxed elementor-section-height-default elementor-section-height-default\" data-id=\"6a041e2\" data-element_type=\"section\">\n\t\t\t\t\t\t<div class=\"elementor-container elementor-column-gap-default\">\n\t\t\t\t\t<div class=\"elementor-column elementor-col-100 elementor-top-column elementor-element elementor-element-985bacc\" data-id=\"985bacc\" data-element_type=\"column\">\n\t\t\t<div class=\"elementor-widget-wrap elementor-element-populated\">\n\t\t\t\t\t\t<div class=\"elementor-element elementor-element-fb4d143 elementor-widget elementor-widget-text-editor\" data-id=\"fb4d143\" data-element_type=\"widget\" data-widget_type=\"text-editor.default\">\n\t\t\t\t<div class=\"elementor-widget-container\">\n\t\t\t\t\t\t\t<p style=\"text-align: justify\"><strong>Diretrizes sobre o retorno presencial das atividades acad\u00eamicas na UFSM<\/strong><\/p>\n<p style=\"text-align: justify\"><a href=\"https:\/\/www.ufsm.br\/pro-reitorias\/proplan\/resolucao-ufsm-n-079-2022\">RESOLU\u00c7\u00c3O UFSM N. 079, DE 17 DE FEVEREIRO DE 2022<\/a> &#8211;&nbsp;Revoga o Regime de Exerc\u00edcios Domiciliares Especiais (REDE), estabelece diretrizes sobre o Calend\u00e1rio Suplementar e o retorno presencial das atividades acad\u00eamicas na UFSM.<\/p>\n<p style=\"text-align: justify\"><a href=\"https:\/\/www.ufsm.br\/coronavirus\/cbio\/instrucoes-normativas\/\">Centro de Opera\u00e7\u00f5es de Emerg\u00eancia em Sa\u00fade para Educa\u00e7\u00e3o (COE-E UFSM)<\/a> &#8211; <a href=\"https:\/\/www.ufsm.br\/app\/uploads\/sites\/820\/2022\/01\/IN-04_2022-casos-suspeitos-e-positivos-V2.pdf\">INSTRU\u00c7\u00c3O NORMATIVA 04\/2022<\/a> &#8211; Orientar sobre os protocolos a serem seguidos quando de casos suspeitos e confirmados para Covid-19 na Universidade Federal de Santa Maria.<\/p>\n<p style=\"text-align: justify\"><b>Orienta\u00e7\u00f5es para casos de necessidade de isolamento\/afastamento:<\/b><\/p>\n<p style=\"text-align: justify\"><span style=\"color: #000000;font-size: 16px;background-color: var(--bs-body-bg)\">Para recupera\u00e7\u00e3o das disciplinas, suas atividades, avalia\u00e7\u00f5es ou requerimento de licen\u00e7a para tratamento de sa\u00fade, o<\/span><span style=\"font-size: 16px;background-color: var(--bs-body-bg)\">s discentes e cursos de p\u00f3s-gradua\u00e7\u00e3o dever\u00e3o seguir o constante no GUIA ACAD\u00caMICO DA UFSM, c<\/span><span style=\"font-size: 16px;background-color: var(--bs-body-bg)\">onsiderando<\/span><span style=\"background-color: var(--bs-body-bg)\">:<br><\/span><span style=\"background-color: var(--bs-body-bg)\">&#8211; C<\/span><span style=\"font-size: 16px;background-color: var(--bs-body-bg)\">asos de manifesta\u00e7\u00e3o de sintomas e\/ou teste positivo para COVID-19 dever\u00e3o cumprir as orienta\u00e7\u00f5es do COE-E e apresentar os devidos;<br><\/span><span style=\"font-size: 16px;background-color: var(--bs-body-bg)\">&#8211; O<\/span><span style=\"font-size: 16px;background-color: var(--bs-body-bg)\">utra situa\u00e7\u00e3o de sa\u00fade apresentada,&nbsp;<\/span><span style=\"background-color: var(--bs-body-bg)\">desde que a esteja devidamente comprovada por atestado m\u00e9dico com CID, assinatura, CRM e data.<\/span><\/p>\n<p style=\"text-align: justify\">As disciplinas que n\u00e3o sejam conclu\u00eddas no semestre vigente dever\u00e3o ter a situa\u00e7\u00e3o &#8220;I&#8221;, de trabalho\/disciplina incompleto, lan\u00e7ada como conceito na disciplina. Esta situa\u00e7\u00e3o tamb\u00e9m pode ocorrer quando n\u00e3o h\u00e1 possibilidade de registro da nota no semestre letivo vigente por motivo de Tratamento de sa\u00fade.<\/p>\n<p style=\"text-align: justify\"><strong>NOTA do COE-E\/UFSM sobre uso de m\u00e1scaras em ambientes fechados<\/strong>:<\/p>\n<p style=\"text-align: justify\">O COE-E-UFSM, considerando o disposto no Decreto n\u00ba 56.474, de 28 de abril de 2022, do Governo do RS, <b>RECOMENDA FORTEMENTE <\/b>o uso de m\u00e1scara em salas de aula e outros espa\u00e7os fechados. Mesmo que n\u00e3o seja obrigat\u00f3ria, a m\u00e1scara continua sendo recomendada em fun\u00e7\u00e3o das caracter\u00edsticas de ocupa\u00e7\u00e3o destes espa\u00e7os.<br>Os pr\u00e9dios que atendem pacientes s\u00e3o considerados estabelecimentos de sa\u00fade e devem seguir o decreto municipal, que obriga o uso de m\u00e1scaras nestes ambientes.<br>O COE-E tamb\u00e9m alerta para a import\u00e2ncia da notifica\u00e7\u00e3o de casos positivos na Universidade. Para tal, o indiv\u00edduo deve enviar e-mail para&nbsp;<a href=\"mailto:coe@ufsm.br\">coe@ufsm.br<\/a> informando o caso confirmado para Covid e o ambiente que frequenta, bem como se isolar imediatamente.<br>Em caso de sintomas respirat\u00f3rios, use m\u00e1scara!<br>O COE-E conta com a colabora\u00e7\u00e3o de toda a comunidade acad\u00eamica para que possamos continuar com as atividades presenciais na institui\u00e7\u00e3o.<\/p>\t\t\t\t\t\t<\/div>\n\t\t\t\t<\/div>\n\t\t\t\t\t<\/div>\n\t\t<\/div>\n\t\t\t\t\t<\/div>\n\t\t<\/section>\n\t\t\t\t<section class=\"elementor-section elementor-top-section elementor-element elementor-element-e0432ee elementor-section-boxed elementor-section-height-default elementor-section-height-default\" data-id=\"e0432ee\" data-element_type=\"section\">\n\t\t\t\t\t\t<div class=\"elementor-container elementor-column-gap-default\">\n\t\t\t\t\t<div class=\"elementor-column elementor-col-100 elementor-top-column elementor-element elementor-element-125138d\" data-id=\"125138d\" data-element_type=\"column\">\n\t\t\t<div class=\"elementor-widget-wrap elementor-element-populated\">\n\t\t\t\t\t\t<div class=\"elementor-element elementor-element-a7e438a elementor-widget elementor-widget-heading\" data-id=\"a7e438a\" data-element_type=\"widget\" data-widget_type=\"heading.default\">\n\t\t\t\t<div class=\"elementor-widget-container\">\n\t\t\t<h2 class=\"elementor-heading-title elementor-size-medium\"><span style=\"font-size: 16px\">Esclarecimentos sobre a emiss\u00e3o de diplomas urgentes da PRPGP e agendamento para entrega de diplomas do DERCA&nbsp;<\/span><\/h2>\t\t<\/div>\n\t\t\t\t<\/div>\n\t\t\t\t\t<\/div>\n\t\t<\/div>\n\t\t\t\t\t<\/div>\n\t\t<\/section>\n\t\t\t\t<section class=\"elementor-section elementor-top-section elementor-element elementor-element-49acd09 elementor-section-boxed elementor-section-height-default elementor-section-height-default\" data-id=\"49acd09\" data-element_type=\"section\">\n\t\t\t\t\t\t<div class=\"elementor-container elementor-column-gap-default\">\n\t\t\t\t\t<div class=\"elementor-column elementor-col-100 elementor-top-column elementor-element elementor-element-d325fbe\" data-id=\"d325fbe\" data-element_type=\"column\">\n\t\t\t<div class=\"elementor-widget-wrap elementor-element-populated\">\n\t\t\t\t\t\t<div class=\"elementor-element elementor-element-272f2b7 elementor-widget elementor-widget-text-editor\" data-id=\"272f2b7\" data-element_type=\"widget\" data-widget_type=\"text-editor.default\">\n\t\t\t\t<div class=\"elementor-widget-container\">\n\t\t\t\t\t\t\t<p style=\"text-align: justify\"><span style=\"color: black;font-size: 1rem\">A PRPGP, frente \u00e0s demandas solicitadas quanto ao processo de defesa e emiss\u00e3o de diplomas, apresentou orienta\u00e7\u00f5es que organiza as defesas por parecer e web confer\u00eancia, bem como explica os procedimentos para os pedidos de emiss\u00e3o de diploma urgente. Os pedidos s\u00e3o enviados ao DERCA, o qual tem executado a emiss\u00e3o e o registro de diploma conforme essas orienta\u00e7\u00f5es.\u00a0<\/span><span style=\"color: black;font-size: 1rem\">Contudo, para a entrega de diplomas de gradua\u00e7\u00e3o e de p\u00f3s-gradua\u00e7\u00e3o, o DERCA estabeleceu um sistema de controle no agendamento de retirada dos diplomas, conforme o cap\u00edtulo II da IN 05\/2020 PROGRAD. <\/span><span style=\"color: black;font-size: 1rem\">Casos espec\u00edficos ou com caracter\u00edsticas diferenciadas poder\u00e3o ser encaminhados \u00e0 PRPGP para aux\u00edlio na delibera\u00e7\u00e3o.\u00a0\u00a0<br \/><\/span><span style=\"color: black;font-size: 1rem\">INSTRU\u00c7\u00c3O NORMATIVA N. 05\/2020\/PROGRAD.\u00a0<\/span><a href=\"https:\/\/www.ufsm.br\/pro-reitorias\/prograd\/wp-content\/uploads\/sites\/342\/2020\/06\/IN-05-2020-FORMATURA-POR-WebCONFERENCIA-E-DIPLOMA-Final.pdf\">Link acess\u00edvel aqui<\/a><a style=\"font-size: 1rem;background-color: #ffffff\" href=\"https:\/\/www.ufsm.br\/pro-reitorias\/prograd\/wp-content\/uploads\/sites\/342\/2020\/06\/IN-05-2020-FORMATURA-POR-WebCONFERENCIA-E-DIPLOMA-Final.pdf\" target=\"_blank\" rel=\"noopener\">.<\/a><\/p>\t\t\t\t\t\t<\/div>\n\t\t\t\t<\/div>\n\t\t\t\t\t<\/div>\n\t\t<\/div>\n\t\t\t\t\t<\/div>\n\t\t<\/section>\n\t\t\t\t<\/div>\n\t\t","protected":false},"excerpt":{"rendered":"<p>Publica\u00e7\u00f5es com as Instru\u00e7\u00f5es Normativas da Pr\u00f3-Reitoria de P\u00f3s-Gradua\u00e7\u00e3o e Pesquisa, que orientam acerca da suspens\u00e3o das atividades presenciais acad\u00eamicas e administrativas no \u00e2mbito do ensino de P\u00f3s-Gradua\u00e7\u00e3o e Pesquisa da UFSM e o funcionamento da Pr\u00f3-Reitoria de P\u00f3s-Gradua\u00e7\u00e3o (PRPGP) durante a Suspens\u00e3o das Atividades Acad\u00eamicas e Administrativas em face da Pandemia COVID-19. Durante a [&hellip;]<\/p>\n","protected":false},"author":200,"featured_media":0,"parent":0,"menu_order":0,"comment_status":"closed","ping_status":"closed","template":"","meta":{"footnotes":""},"categories":[],"tags":[],"class_list":["post-9634","page","type-page","status-publish","hentry"],"acf":[],"_links":{"self":[{"href":"https:\/\/www.ufsm.br\/pro-reitorias\/prpgp\/wp-json\/wp\/v2\/pages\/9634","targetHints":{"allow":["GET"]}}],"collection":[{"href":"https:\/\/www.ufsm.br\/pro-reitorias\/prpgp\/wp-json\/wp\/v2\/pages"}],"about":[{"href":"https:\/\/www.ufsm.br\/pro-reitorias\/prpgp\/wp-json\/wp\/v2\/types\/page"}],"author":[{"embeddable":true,"href":"https:\/\/www.ufsm.br\/pro-reitorias\/prpgp\/wp-json\/wp\/v2\/users\/200"}],"replies":[{"embeddable":true,"href":"https:\/\/www.ufsm.br\/pro-reitorias\/prpgp\/wp-json\/wp\/v2\/comments?post=9634"}],"version-history":[{"count":0,"href":"https:\/\/www.ufsm.br\/pro-reitorias\/prpgp\/wp-json\/wp\/v2\/pages\/9634\/revisions"}],"wp:attachment":[{"href":"https:\/\/www.ufsm.br\/pro-reitorias\/prpgp\/wp-json\/wp\/v2\/media?parent=9634"}],"wp:term":[{"taxonomy":"category","embeddable":true,"href":"https:\/\/www.ufsm.br\/pro-reitorias\/prpgp\/wp-json\/wp\/v2\/categories?post=9634"},{"taxonomy":"post_tag","embeddable":true,"href":"https:\/\/www.ufsm.br\/pro-reitorias\/prpgp\/wp-json\/wp\/v2\/tags?post=9634"}],"curies":[{"name":"wp","href":"https:\/\/api.w.org\/{rel}","templated":true}]}}