{"id":9953,"date":"2020-07-02T18:46:29","date_gmt":"2020-07-02T21:46:29","guid":{"rendered":"https:\/\/www.ufsm.br\/pro-reitorias\/prpgp\/?page_id=9953"},"modified":"2022-03-16T14:21:02","modified_gmt":"2022-03-16T17:21:02","slug":"normas-do-conselho-de-gestao-do-patrimonio-genetico-cgen","status":"publish","type":"page","link":"https:\/\/www.ufsm.br\/pro-reitorias\/prpgp\/normas-do-conselho-de-gestao-do-patrimonio-genetico-cgen","title":{"rendered":"Normas do Conselho de Gest\u00e3o do Patrim\u00f4nio Gen\u00e9tico (CGEN)"},"content":{"rendered":"\t\t<div data-elementor-type=\"wp-page\" data-elementor-id=\"9953\" class=\"elementor elementor-9953\">\n\t\t\t\t\t\t<section class=\"elementor-section elementor-top-section elementor-element elementor-element-6ee06a31 elementor-section-boxed elementor-section-height-default elementor-section-height-default\" data-id=\"6ee06a31\" data-element_type=\"section\">\n\t\t\t\t\t\t<div class=\"elementor-container elementor-column-gap-default\">\n\t\t\t\t\t<div class=\"elementor-column elementor-col-100 elementor-top-column elementor-element elementor-element-33c8cbcb\" data-id=\"33c8cbcb\" data-element_type=\"column\">\n\t\t\t<div class=\"elementor-widget-wrap elementor-element-populated\">\n\t\t\t\t\t\t<div class=\"elementor-element elementor-element-449a43d3 elementor-widget elementor-widget-text-editor\" data-id=\"449a43d3\" data-element_type=\"widget\" data-widget_type=\"text-editor.default\">\n\t\t\t\t<div class=\"elementor-widget-container\">\n\t\t\t\t\t\t\t<!-- wp:tadv\/classic-paragraph -->\n<p><em>Informa\u00e7\u00f5es apresentadas pelo Minist\u00e9rio do Meio Ambiente (MMA) &#8211; https:\/\/app.powerbi.com\/view?r=eyJrIjoiMGIwMmVmNTgtMmU3My00NGM0LWFjZGYtNDFjYzBjOTA2YjUzIiwidCI6IjM5NTdhMzY3LTZkMzgtNGMxZi1hNGJhLTMzZThmM2M1NTBlNyJ9<\/em><\/p>\n<p>\u00a0<\/p>\n<p><strong><a href=\"https:\/\/antigo.mma.gov.br\/patrimonio-genetico\/conselho-de-gest%C3%A3o-do-patrim%C3%B4nio-gen%C3%A9tico\/nrmas-do-cgen.html#resolu%C3%A7%C3%B5es\" target=\"_blank\" rel=\"noopener noreferrer\">RESOLU\u00c7\u00d5ES<\/a><\/strong><\/p>\n<p><strong>Resolu\u00e7\u00e3o n\u00ba 2\u00a0<\/strong>\u2013 Estabelece normas e procedimentos para altera\u00e7\u00e3o de modalidade de reparti\u00e7\u00e3o de benef\u00edcios ap\u00f3s notifica\u00e7\u00e3o no SisGen.<\/p>\n<p><strong>Resolu\u00e7\u00e3o n\u00ba 3<\/strong>\u00a0\u2013 Estabelece os requisitos necess\u00e1rios para a suspens\u00e3o da distribui\u00e7\u00e3o de processos administrativos de recursos de auto de infra\u00e7\u00e3o ao Plen\u00e1rio do CGen.<\/p>\n<p><strong>Resolu\u00e7\u00e3o n\u00ba 16\u00a0<\/strong>\u2013 Estabelece prazo para cumprimento das obriga\u00e7\u00f5es previstas na Lei n\u00ba 13.123, de 2015, e seus regulamentos, relativas a variedades tradicionais locais ou crioulas e ra\u00e7as localmente adaptadas ou crioulas.<\/p>\n<p><strong>Resolu\u00e7\u00e3o n\u00ba 19<\/strong>\u00a0\u2013 Estabelece forma alternativa de cumprimento da obriga\u00e7\u00e3o de regulariza\u00e7\u00e3o nas hip\u00f3teses de acesso ao patrim\u00f4nio gen\u00e9tico ou ao conhecimento tradicional associado unicamente para fins de pesquisa cient\u00edfica.<\/p>\n<p><strong>Resolu\u00e7\u00e3o n\u00ba 20<\/strong>\u00a0\u2013 Estabelece procedimentos para que a Secretaria-Executiva do CGen cancele os cadastros de acesso, de remessa, ou de notifica\u00e7\u00e3o de produto acabado ou material reprodutivo, nos casos em que especifica.<\/p>\n<p><strong>Resolu\u00e7\u00e3o n\u00ba 21\u00a0<\/strong>\u2013 Estabelece forma de cumprimento da exig\u00eancia de apresenta\u00e7\u00e3o de Relat\u00f3rio de Atividades, e d\u00e1 outras provid\u00eancias.<\/p>\n<p><strong>Resolu\u00e7\u00e3o CGEN n\u00ba 24,<\/strong> de 19 de fevereiro de 2020 &#8211; Dispensa a realiza\u00e7\u00e3o de dep\u00f3sito de subamostra do patrim\u00f4nio gen\u00e9tico em institui\u00e7\u00f5es fi\u00e9is deposit\u00e1rias.<\/p>\n<p><strong>Resolu\u00e7\u00e3o CGEN n\u00ba 26<\/strong>, de 25 de agosto de 2021 &#8211; Disp\u00f5e sobre a Consolida\u00e7\u00e3o Normativa das Resolu\u00e7\u00f5es referentes \u00e0s formas alternativas de preenchimento de campos espec\u00edficos do SisGen, e revoga as Resolu\u00e7\u00f5es CGen n\u00bas 4, 6, 7, 8, 9, 10, 13, 17 e 17, de 2018, e a Resolu\u00e7\u00e3o CGen n\u00ba 22, de 2019.<\/p>\n<p><strong>Resolu\u00e7\u00e3o CGEN n\u00ba 27<\/strong>, de 25 de agosto de 2021 &#8211; Disp\u00f5e sobre a Consolida\u00e7\u00e3o Normativa das Resolu\u00e7\u00f5es referentes \u00e0 &#8220;remessa&#8221;, aprova o modelo de Termo de Transfer\u00eancia de Material &#8211; TTM, e revoga as Resolu\u00e7\u00f5es CGen n\u00bas 11, 12 e 15, de 2018.<\/p>\n<p><strong>Resolu\u00e7\u00e3o CGEN n\u00ba 28<\/strong>, de 25 de agosto de 2021 &#8211; Disp\u00f5e sobre a Consolida\u00e7\u00e3o Normativa das Orienta\u00e7\u00f5es T\u00e9cnicas referentes \u00e0 &#8220;data de<br \/>disponibiliza\u00e7\u00e3o do cadastro pelo CGen&#8221;, e revoga as Orienta\u00e7\u00f5es T\u00e9cnicas CGen n\u00bas 5, 7 e 10, de 2018, e a Resolu\u00e7\u00e3o CGen n\u00ba 3, de 2019.<\/p>\n<p><strong> Resolu\u00e7\u00e3o CGEN n\u00ba 29<\/strong>, de 25 de agosto de 2021 &#8211; Disp\u00f5e sobre a Consolida\u00e7\u00e3o Normativa das Orienta\u00e7\u00f5es T\u00e9cnicas referentes aos &#8220;exames atividades e testes que n\u00e3o s\u00e3o considerados acesso ao patrim\u00f4nio gen\u00e9tico, nas condi\u00e7\u00f5es que especifica&#8221;, e revoga as Orienta\u00e7\u00f5es T\u00e9cnicas CGen n\u00bas 9 e 11, de 2018.<\/p>\n<p>\u00a0<\/p>\n<p><a href=\"https:\/\/antigo.mma.gov.br\/patrimonio-genetico\/conselho-de-gest%C3%A3o-do-patrim%C3%B4nio-gen%C3%A9tico\/nrmas-do-cgen.html#orienta%C3%A7%C3%B5es-t%C3%A9cnicas\" target=\"_blank\" rel=\"noopener noreferrer\"><strong>ORIENTA\u00c7\u00d5ES T\u00c9CNICAS<\/strong><\/a>\u00a0<br \/><br \/><strong>Orienta\u00e7\u00e3o T\u00e9cnica n\u00ba 1\u00a0<\/strong>\u2013 Aprovar Orienta\u00e7\u00e3o T\u00e9cnica, para sobre notifica\u00e7\u00e3o de produto acabado ou material reprodutivo.<\/p>\n<p><strong>Orienta\u00e7\u00e3o T\u00e9cnica n\u00ba 2\u00a0<\/strong>\u2013 Aprovar Orienta\u00e7\u00e3o T\u00e9cnica, para definir conceitos de excipientes para setor de higiene pessoal, perfumaria e cosm\u00e9ticos.<\/p>\n<p><strong>Orienta\u00e7\u00e3o T\u00e9cnica n\u00ba 4<\/strong>\u00a0\u2013\u00a0 Esclarece sobre a forma de cumprimento da obriga\u00e7\u00e3o de adequa\u00e7\u00e3o de atividades de acesso ao patrim\u00f4nio gen\u00e9tico ou ao conhecimento tradicional associado de que trata o art. 37 da Lei n\u00ba 13.123, de 2015.<\/p>\n<p><strong>Orienta\u00e7\u00e3o T\u00e9cnica n\u00ba 6\u00a0<\/strong>\u2013\u00a0 Esclarece sobre a aplica\u00e7\u00e3o do conceito de \u201celementos principais de agrega\u00e7\u00e3o de valor ao produto\u201d para fins de aplica\u00e7\u00e3o do disposto no inciso II do \u00a7 3\u00ba do artigo 43 do Decreto n\u00ba 8.772, de 11 de maio de 2016, exclusivamente para o setor de fragr\u00e2ncias.<\/p>\n<p><strong>Orienta\u00e7\u00e3o T\u00e9cnica n\u00ba 8<\/strong>\u00a0\u2013 Esclarece o significado dos termos \u201cremessa\u201d e \u201cenvio de amostra\u201d a que se referem os incisos XIII e XXX do art. 2\u00ba e os incisos IV e V do art. 12 da Lei n\u00ba 13.123, de 20 de maio de 2015, combinados com a al\u00ednea \u2018b\u2019 do inciso II do \u00a7 6\u00ba do art. 24 e a al\u00ednea \u2018b\u2019 do inciso II do art. 25 do Decreto n\u00ba 8.772, de 11 de maio de 2016.<\/p>\n<p>\u00a0<\/p>\n<!-- \/wp:tadv\/classic-paragraph -->\t\t\t\t\t\t<\/div>\n\t\t\t\t<\/div>\n\t\t\t\t\t<\/div>\n\t\t<\/div>\n\t\t\t\t\t<\/div>\n\t\t<\/section>\n\t\t\t\t<section class=\"elementor-section elementor-top-section elementor-element elementor-element-768aa92 elementor-section-boxed elementor-section-height-default elementor-section-height-default\" data-id=\"768aa92\" data-element_type=\"section\">\n\t\t\t\t\t\t<div class=\"elementor-container elementor-column-gap-default\">\n\t\t\t\t\t<div class=\"elementor-column elementor-col-100 elementor-top-column elementor-element elementor-element-6785449\" data-id=\"6785449\" data-element_type=\"column\">\n\t\t\t<div class=\"elementor-widget-wrap elementor-element-populated\">\n\t\t\t\t\t\t<div class=\"elementor-element elementor-element-a1aab56 elementor-widget elementor-widget-heading\" data-id=\"a1aab56\" data-element_type=\"widget\" data-widget_type=\"heading.default\">\n\t\t\t\t<div class=\"elementor-widget-container\">\n\t\t\t<h5 class=\"elementor-heading-title elementor-size-default\">Revogadas<\/h5>\t\t<\/div>\n\t\t\t\t<\/div>\n\t\t\t\t<div class=\"elementor-element elementor-element-fd60987 elementor-widget elementor-widget-text-editor\" data-id=\"fd60987\" data-element_type=\"widget\" data-widget_type=\"text-editor.default\">\n\t\t\t\t<div class=\"elementor-widget-container\">\n\t\t\t\t\t\t\t<p><strong>Resolu\u00e7\u00e3o n\u00ba 1<\/strong> &#8211; Resolu\u00e7\u00e3o revogada pela Resolu\u00e7\u00e3o n\u00ba 5.<\/p>\n<p><strong>Resolu\u00e7\u00e3o n\u00ba 4<\/strong>\u00a0\u2013 Estabelece prazo para apresenta\u00e7\u00e3o de Contrato de Utiliza\u00e7\u00e3o do Patrim\u00f4nio Gen\u00e9tico e de Reparti\u00e7\u00e3o de Benef\u00edcios (CURB) ou de Projeto de Reparti\u00e7\u00e3o de Benef\u00edcios a ser anu\u00eddo pelo CGen, nos casos em que especifica.<\/p>\n<p><strong>Resolu\u00e7\u00e3o n\u00ba 5<\/strong>\u00a0&#8211; Resolu\u00e7\u00e3o revogada pela Resolu\u00e7\u00e3o n\u00ba 12<\/p>\n<p><strong>Resolu\u00e7\u00e3o n\u00ba 6<\/strong>\u00a0\u2013 Estabelece o n\u00edvel taxon\u00f4mico mais estrito a ser informado nos casos de pesquisa com o objetivo de avaliar ou elucidar a diversidade gen\u00e9tica ou a hist\u00f3ria evolutiva de uma esp\u00e9cie ou grupo taxon\u00f4mico.<\/p>\n<p><strong>Resolu\u00e7\u00e3o n\u00ba 7<\/strong>\u00a0\u2013 Estabelece a forma de indicar a localiza\u00e7\u00e3o geogr\u00e1fica mais espec\u00edfica poss\u00edvel nos casos em que o acesso seja exclusivamente para fins de pesquisa em que sejam necess\u00e1rios mais de cem registros de proced\u00eancia por cadastro.<\/p>\n<p><strong>Resolu\u00e7\u00e3o n\u00ba 8<\/strong>\u00a0\u2013 Estabelece a forma de indicar o patrim\u00f4nio gen\u00e9tico nos casos de acesso a partir de amostras de substratos contendo microrganismos n\u00e3o isolados.<\/p>\n<p><strong>Resolu\u00e7\u00e3o n\u00ba 9<\/strong>\u00a0(<em>alterada pela\u00a0Resolu\u00e7\u00e3o n\u00ba 22, de 7 de agosto de 2019<\/em>) \u2013 Estabelece a forma de identificar o patrim\u00f4nio gen\u00e9tico ou o conhecimento tradicional associado acessado(s) nos casos de regulariza\u00e7\u00e3o.<\/p>\n<p><strong>Resolu\u00e7\u00e3o n\u00ba 10<\/strong>\u00a0\u2013 Estabelece forma alternativa de registrar no Sistema Nacional de Gest\u00e3o do Patrim\u00f4nio Gen\u00e9tico e do Conhecimento Tradicional Associado \u2013 SisGen \u2013 a identifica\u00e7\u00e3o do patrim\u00f4nio gen\u00e9tico e sua proced\u00eancia, exclusivamente nos casos de pesquisa em filogenia, taxonomia, sistem\u00e1tica, ecologia, biogeografia e epidemiologia.<\/p>\n<p><strong>Resolu\u00e7\u00e3o n\u00ba 11\u00a0\u2013\u00a0Retifica\u00e7\u00e3o<\/strong>\u00a0\u2013 Estabelece que a devolu\u00e7\u00e3o de amostras de patrim\u00f4nio gen\u00e9tico brasileiro emprestadas \u00e0s institui\u00e7\u00f5es nacionais por institui\u00e7\u00f5es estrangeiras mantenedoras de cole\u00e7\u00e3o\u00a0<em>ex situ\u00a0<\/em><strong>n\u00e3o<\/strong>\u00a0configura remessa, e define os documentos necess\u00e1rios para a devolu\u00e7\u00e3o dessas amostras.<\/p>\n<p><strong>Resolu\u00e7\u00e3o n\u00ba 12\u00a0<\/strong>\u2013\u00a0Vers\u00e3o em ingl\u00eas do TTM revisada pelo Minist\u00e9rio das Rela\u00e7\u00f5es Exteriores \u2013 MRE. \u00a0\u2013 Aprova o modelo de Termo de Transfer\u00eancia de Material \u2013 TTM, e revoga a Resolu\u00e7\u00e3o CGen n\u00ba 05, de 2018.<\/p>\n<p><strong>Resolu\u00e7\u00e3o n\u00ba 13<\/strong>\u00a0\u2013 Estabelece forma alternativa de registrar no Sistema Nacional de Gest\u00e3o do Patrim\u00f4nio Gen\u00e9tico e do Conhecimento Tradicional Associado \u2013 SisGen \u2013 a identifica\u00e7\u00e3o do patrim\u00f4nio gen\u00e9tico e sua proced\u00eancia, nos casos de pesquisa ou desenvolvimento tecnol\u00f3gico em que as amostras de patrim\u00f4nio gen\u00e9tico tenham sido obtidas\u00a0<strong><em>in silico<\/em><\/strong>.<\/p>\n<p><strong>Resolu\u00e7\u00e3o n\u00ba 14 <\/strong>&#8211; Resolu\u00e7\u00e3o revogada pela Resolu\u00e7\u00e3o n\u00ba 23.<\/p>\n<p><strong>Resolu\u00e7\u00e3o n\u00ba 15<\/strong>\u00a0\u2013 Estabelece formas alternativas de cumprimento da obriga\u00e7\u00e3o de apresenta\u00e7\u00e3o de Termo de Transfer\u00eancia de Material \u2013 TTM \u2013 para cadastro de remessa para fins de regulariza\u00e7\u00e3o nos casos espec\u00edficos de que trata.<\/p>\n<p><strong>Resolu\u00e7\u00e3o n\u00ba 17<\/strong>\u00a0\u2013 Define o documento necess\u00e1rio para a comprova\u00e7\u00e3o da obten\u00e7\u00e3o do consentimento nos casos de regulariza\u00e7\u00e3o de acesso ao conhecimento tradicional associado (CTA) de origem identific\u00e1vel, e estabelece a forma de cadastramento do \u201cTermo de Consentimento do Provedor\u201d no Sistema Nacional de Gest\u00e3o do Patrim\u00f4nio Gen\u00e9tico e do Conhecimento Tradicional Assocaido \u2013 SisGen \u2013 para efeito de regulariza\u00e7\u00e3o.<\/p>\n<p><strong>Resolu\u00e7\u00e3o n\u00ba 18<\/strong>\u00a0\u2013 Estabelece forma alternativa de cadastramento do Termo de Compromisso no Sistema Nacional de Gest\u00e3o do Patrim\u00f4nio Gen\u00e9tico e do Conhecimento Tradicional Associado \u2013 SisGen \u2013 para efeito dos cadastros de regulariza\u00e7\u00e3o em que seja exigido Termo de Compromisso.<\/p>\n<p><strong>Resolu\u00e7\u00e3o n\u00ba 22\u00a0<\/strong>\u2013 Altera a Resolu\u00e7\u00e3o CGen n\u00ba 09, de 20 de mar\u00e7o de 2018, para estabelecer a forma alternativa de identificar o patrim\u00f4nio gen\u00e9tico ou o conhecimento tradicional associado.<\/p>\n<p><strong>Resolu\u00e7\u00e3o n\u00ba 23\u00a0<\/strong>\u2013 Estabelece a forma de cadastro da proced\u00eancia do patrim\u00f4nio gen\u00e9tico no Sistema Nacional de Gest\u00e3o do Patrim\u00f4nio Gen\u00e9tico e do Conhecimento Tradicional Associado \u2013 SisGen, quando n\u00e3o for poss\u00edvel informar o n\u00famero do cadastro de acesso que deu origem ao produto intermedi\u00e1rio obtido de terceiro.<\/p>\n<p>\u00a0<\/p>\n<p><strong>Orienta\u00e7\u00e3o T\u00e9cnica n\u00ba 5\u00a0<\/strong>(modificada pela<em>\u00a0\u00a0Resolu\u00e7\u00e3o n\u00ba 13, de 18 setembro de 2018<\/em>) \u2013 Esclarece sobre a \u201cdata da disponibiliza\u00e7\u00e3o do cadastro pelo CGen\u201d para fins de aplica\u00e7\u00e3o do disposto nos artigos 36, 37 e 38 da Lei n\u00ba 13.123, de 2015, e nos arts. 103, 104 e 118 do Decreto n\u00ba 8.772, de 11 de maio de 2016.<\/p>\n<p><strong>Orienta\u00e7\u00e3o T\u00e9cnica n\u00ba 7<\/strong>\u00a0\u2013\u00a0 Esclarece sobre a \u201cdata de disponibiliza\u00e7\u00e3o do cadastro pelo CGen\u201d para fins de aplica\u00e7\u00e3o do disposto nos artigos 16, 36, 37 e 38 da Lei n\u00ba 13.123, de 20 de maio de 2015, e nos arts. 22, 34, 103, 104 e 118 do Decreto n\u00ba 8.772, de 11 de maio de 2016.<\/p>\n<p><strong>Orienta\u00e7\u00e3o T\u00e9cnica n\u00ba 9\u00a0<\/strong>\u2013 Esclarece sobre as atividades e testes que n\u00e3o s\u00e3o considerados acesso ao patrim\u00f4nio gen\u00e9tico, por se equipararem \u00e0queles previstos no art. 107 do Decreto n\u00ba 8.772, de 11 de maio de 2016.<\/p>\n<p><strong>Orienta\u00e7\u00e3o T\u00e9cnica n\u00ba 10\u00a0<\/strong>\u2013\u00a0 Esclarece sobre a \u201cdata da disponibiliza\u00e7\u00e3o do cadastro pelo CGen\u201d para fins de aplica\u00e7\u00e3o do disposto nos artigos 16, 36, 37 e 38 da Lei n\u00ba 13.123, de 20 de maio de 2015, e dos arts. 22, 34, 103, 104 e 118 do Decreto n\u00ba 8.772, de 11 de maio de 2016.<\/p>\t\t\t\t\t\t<\/div>\n\t\t\t\t<\/div>\n\t\t\t\t\t<\/div>\n\t\t<\/div>\n\t\t\t\t\t<\/div>\n\t\t<\/section>\n\t\t\t\t<\/div>\n\t\t","protected":false},"excerpt":{"rendered":"<p>Informa\u00e7\u00f5es apresentadas pelo Minist\u00e9rio do Meio Ambiente (MMA) &#8211; https:\/\/app.powerbi.com\/view?r=eyJrIjoiMGIwMmVmNTgtMmU3My00NGM0LWFjZGYtNDFjYzBjOTA2YjUzIiwidCI6IjM5NTdhMzY3LTZkMzgtNGMxZi1hNGJhLTMzZThmM2M1NTBlNyJ9 \u00a0 RESOLU\u00c7\u00d5ES Resolu\u00e7\u00e3o n\u00ba 2\u00a0\u2013 Estabelece normas e procedimentos para altera\u00e7\u00e3o de modalidade de reparti\u00e7\u00e3o de benef\u00edcios ap\u00f3s notifica\u00e7\u00e3o no SisGen. Resolu\u00e7\u00e3o n\u00ba 3\u00a0\u2013 Estabelece os requisitos necess\u00e1rios para a suspens\u00e3o da distribui\u00e7\u00e3o de processos administrativos de recursos de auto de infra\u00e7\u00e3o ao Plen\u00e1rio do [&hellip;]<\/p>\n","protected":false},"author":2104,"featured_media":0,"parent":0,"menu_order":0,"comment_status":"closed","ping_status":"closed","template":"","meta":{"footnotes":""},"categories":[],"tags":[],"class_list":["post-9953","page","type-page","status-publish","hentry"],"acf":[],"_links":{"self":[{"href":"https:\/\/www.ufsm.br\/pro-reitorias\/prpgp\/wp-json\/wp\/v2\/pages\/9953","targetHints":{"allow":["GET"]}}],"collection":[{"href":"https:\/\/www.ufsm.br\/pro-reitorias\/prpgp\/wp-json\/wp\/v2\/pages"}],"about":[{"href":"https:\/\/www.ufsm.br\/pro-reitorias\/prpgp\/wp-json\/wp\/v2\/types\/page"}],"author":[{"embeddable":true,"href":"https:\/\/www.ufsm.br\/pro-reitorias\/prpgp\/wp-json\/wp\/v2\/users\/2104"}],"replies":[{"embeddable":true,"href":"https:\/\/www.ufsm.br\/pro-reitorias\/prpgp\/wp-json\/wp\/v2\/comments?post=9953"}],"version-history":[{"count":0,"href":"https:\/\/www.ufsm.br\/pro-reitorias\/prpgp\/wp-json\/wp\/v2\/pages\/9953\/revisions"}],"wp:attachment":[{"href":"https:\/\/www.ufsm.br\/pro-reitorias\/prpgp\/wp-json\/wp\/v2\/media?parent=9953"}],"wp:term":[{"taxonomy":"category","embeddable":true,"href":"https:\/\/www.ufsm.br\/pro-reitorias\/prpgp\/wp-json\/wp\/v2\/categories?post=9953"},{"taxonomy":"post_tag","embeddable":true,"href":"https:\/\/www.ufsm.br\/pro-reitorias\/prpgp\/wp-json\/wp\/v2\/tags?post=9953"}],"curies":[{"name":"wp","href":"https:\/\/api.w.org\/{rel}","templated":true}]}}