{"id":170,"date":"2021-03-26T12:02:46","date_gmt":"2021-03-26T15:02:46","guid":{"rendered":"https:\/\/www.ufsm.br\/projetos\/ensino\/isf\/?page_id=170"},"modified":"2021-03-26T12:59:30","modified_gmt":"2021-03-26T15:59:30","slug":"cursos","status":"publish","type":"page","link":"https:\/\/www.ufsm.br\/projetos\/ensino\/isf\/cursos","title":{"rendered":"Cursos"},"content":{"rendered":"\n<h3 style=\"text-align: center\"><a href=\"https:\/\/www.ufsm.br\/projetos\/ensino\/isf\/cursos-alemao\/\">Alem\u00e3o<\/a><\/h3>\n<h3 style=\"text-align: center\"><a href=\"https:\/\/www.ufsm.br\/projetos\/ensino\/isf\/cursos-espanhol\/\">Espanhol<\/a><\/h3>\n<h3 style=\"text-align: center\"><a href=\"https:\/\/www.ufsm.br\/projetos\/ensino\/isf\/cursos-frances\/\">Franc\u00eas<\/a><\/h3>\n<h3 style=\"text-align: center\"><a href=\"https:\/\/www.ufsm.br\/projetos\/ensino\/isf\/ingles\/\">Ingl\u00eas<\/a><\/h3>\n<h3 style=\"text-align: center\"><a href=\"https:\/\/www.ufsm.br\/projetos\/ensino\/isf\/italiano\/\">Italiano<\/a><\/h3>\n<h3 style=\"text-align: center\"><a href=\"https:\/\/www.ufsm.br\/projetos\/ensino\/isf\/portugues-para-estrangeiros\/\">Portugu\u00eas para Estrangeiros<\/a><\/h3>\n<p>\u00a0<\/p>\n<p>\u00a0<\/p>\n","protected":false},"excerpt":{"rendered":"<p>Alem\u00e3o Espanhol Franc\u00eas Ingl\u00eas Italiano Portugu\u00eas para Estrangeiros \u00a0 \u00a0<\/p>\n","protected":false},"author":3566,"featured_media":0,"parent":0,"menu_order":0,"comment_status":"closed","ping_status":"closed","template":"","meta":{"footnotes":""},"categories":[28],"tags":[27,18,19],"class_list":["post-170","page","type-page","status-publish","hentry","category-cursos","tag-cursos-de-lingua-estrangeira","tag-idiomas-sem-fronteiras","tag-isf"],"acf":[],"_links":{"self":[{"href":"https:\/\/www.ufsm.br\/projetos\/ensino\/isf\/wp-json\/wp\/v2\/pages\/170","targetHints":{"allow":["GET"]}}],"collection":[{"href":"https:\/\/www.ufsm.br\/projetos\/ensino\/isf\/wp-json\/wp\/v2\/pages"}],"about":[{"href":"https:\/\/www.ufsm.br\/projetos\/ensino\/isf\/wp-json\/wp\/v2\/types\/page"}],"author":[{"embeddable":true,"href":"https:\/\/www.ufsm.br\/projetos\/ensino\/isf\/wp-json\/wp\/v2\/users\/3566"}],"replies":[{"embeddable":true,"href":"https:\/\/www.ufsm.br\/projetos\/ensino\/isf\/wp-json\/wp\/v2\/comments?post=170"}],"version-history":[{"count":0,"href":"https:\/\/www.ufsm.br\/projetos\/ensino\/isf\/wp-json\/wp\/v2\/pages\/170\/revisions"}],"wp:attachment":[{"href":"https:\/\/www.ufsm.br\/projetos\/ensino\/isf\/wp-json\/wp\/v2\/media?parent=170"}],"wp:term":[{"taxonomy":"category","embeddable":true,"href":"https:\/\/www.ufsm.br\/projetos\/ensino\/isf\/wp-json\/wp\/v2\/categories?post=170"},{"taxonomy":"post_tag","embeddable":true,"href":"https:\/\/www.ufsm.br\/projetos\/ensino\/isf\/wp-json\/wp\/v2\/tags?post=170"}],"curies":[{"name":"wp","href":"https:\/\/api.w.org\/{rel}","templated":true}]}}