{"id":177,"date":"2021-03-26T12:32:09","date_gmt":"2021-03-26T15:32:09","guid":{"rendered":"https:\/\/www.ufsm.br\/projetos\/ensino\/isf\/?page_id=177"},"modified":"2025-08-21T11:30:40","modified_gmt":"2025-08-21T14:30:40","slug":"portugues-para-estrangeiros","status":"publish","type":"page","link":"https:\/\/www.ufsm.br\/projetos\/ensino\/isf\/portugues-para-estrangeiros","title":{"rendered":"Portugu\u00eas para Estrangeiros"},"content":{"rendered":"\n<p style=\"text-align: center\">A Rede Andifes &#8211; Idioma sem Fronteiras, por meio do\u00a0 N\u00facleo de L\u00ednguas, oferta cursos de Portugu\u00eas L\u00edngua Estrangeira n\u00e3o s\u00f3 para estudantes internacionais, que est\u00e3o matriculados em cursos de gradua\u00e7\u00e3o e\/ou p\u00f3s-gradua\u00e7\u00e3o, mas tamb\u00e9m para professores(as) visitantes, que est\u00e3o realizando alguma atividade\u00a0 temporariamente, na Universidade Federal de Santa Maria. Tais cursos t\u00eam por objetivo promover o ensino e a aprendizagem da cultura e da l\u00edngua portuguesa, visando ao fomento da internacionaliza\u00e7\u00e3o em contexto acad\u00eamico. Para tanto, eles podem ser ofertados na modalidade presencial e\/ou a dist\u00e2ncia, conforme demandas do contexto. Outras informa\u00e7\u00f5es sobre os curso em andamento ou a serem ofertados podem ser obtidas pelo e-mail isf.ple.pla@ufsm.br.<\/p>\n<p>\u00a0<\/p>\n<p>Eventos:<\/p>\n\n\n\n<ul class=\"wp-block-list\">\n<li><a href=\"https:\/\/www.ufsm.br\/projetos\/ensino\/isf\/eventos\/pesquisadoressemfronteiras\" data-type=\"link\" data-id=\"https:\/\/www.ufsm.br\/projetos\/ensino\/isf\/eventos\/pesquisadoressemfronteiras\">Pesquisadores sem Fronteiras: V mostra de trabalhos em andamento (2025)<\/a><\/li>\n\n\n\n<li><a href=\"https:\/\/www.ufsm.br\/projetos\/ensino\/isf\/eventos\/pesquisadoressemfronteiras\" data-type=\"link\" data-id=\"https:\/\/www.ufsm.br\/projetos\/ensino\/isf\/eventos\/pesquisadoressemfronteiras\">Pesquisadores sem Fronteiras: IV mostra de trabalhos em andamento (2024)<\/a><\/li>\n<\/ul>\n\n\n\n\n","protected":false},"excerpt":{"rendered":"<p>A Rede Andifes &#8211; Idioma sem Fronteiras, por meio do\u00a0 N\u00facleo de L\u00ednguas, oferta cursos de Portugu\u00eas L\u00edngua Estrangeira n\u00e3o s\u00f3 para estudantes internacionais, que est\u00e3o matriculados em cursos de gradua\u00e7\u00e3o e\/ou p\u00f3s-gradua\u00e7\u00e3o, mas tamb\u00e9m para professores(as) visitantes, que est\u00e3o realizando alguma atividade\u00a0 temporariamente, na Universidade Federal de Santa Maria. Tais cursos t\u00eam por objetivo [&hellip;]<\/p>\n","protected":false},"author":3566,"featured_media":0,"parent":0,"menu_order":0,"comment_status":"closed","ping_status":"closed","template":"","meta":{"footnotes":""},"categories":[28,29],"tags":[19,41,39,38,37,40],"class_list":["post-177","page","type-page","status-publish","hentry","category-cursos","category-linguas","tag-isf","tag-isf-ple","tag-ple","tag-ple-pla","tag-portugues-para-estrangeiros","tag-portuguese"],"acf":[],"_links":{"self":[{"href":"https:\/\/www.ufsm.br\/projetos\/ensino\/isf\/wp-json\/wp\/v2\/pages\/177","targetHints":{"allow":["GET"]}}],"collection":[{"href":"https:\/\/www.ufsm.br\/projetos\/ensino\/isf\/wp-json\/wp\/v2\/pages"}],"about":[{"href":"https:\/\/www.ufsm.br\/projetos\/ensino\/isf\/wp-json\/wp\/v2\/types\/page"}],"author":[{"embeddable":true,"href":"https:\/\/www.ufsm.br\/projetos\/ensino\/isf\/wp-json\/wp\/v2\/users\/3566"}],"replies":[{"embeddable":true,"href":"https:\/\/www.ufsm.br\/projetos\/ensino\/isf\/wp-json\/wp\/v2\/comments?post=177"}],"version-history":[{"count":0,"href":"https:\/\/www.ufsm.br\/projetos\/ensino\/isf\/wp-json\/wp\/v2\/pages\/177\/revisions"}],"wp:attachment":[{"href":"https:\/\/www.ufsm.br\/projetos\/ensino\/isf\/wp-json\/wp\/v2\/media?parent=177"}],"wp:term":[{"taxonomy":"category","embeddable":true,"href":"https:\/\/www.ufsm.br\/projetos\/ensino\/isf\/wp-json\/wp\/v2\/categories?post=177"},{"taxonomy":"post_tag","embeddable":true,"href":"https:\/\/www.ufsm.br\/projetos\/ensino\/isf\/wp-json\/wp\/v2\/tags?post=177"}],"curies":[{"name":"wp","href":"https:\/\/api.w.org\/{rel}","templated":true}]}}