{"id":154,"date":"2019-05-20T13:27:00","date_gmt":"2019-05-20T16:27:00","guid":{"rendered":"https:\/\/www.ufsm.br\/projetos-ensino-pecple\/?page_id=154"},"modified":"2025-01-04T19:25:12","modified_gmt":"2025-01-04T22:25:12","slug":"participantes","status":"publish","type":"page","link":"https:\/\/www.ufsm.br\/projetos\/ensino\/pecple\/participantes","title":{"rendered":"Equipe"},"content":{"rendered":"\n<p><strong>T\u00e2nia Maria Moreira <\/strong>&#8211;\u00a0Coordenadora<\/p>\n<p><strong>Guilherme Barbat <\/strong>&#8211; Professor\u00a0<\/p>\n<p><strong>Jo\u00e3o Victor Barbat<\/strong> &#8211; Auxiliar de comunica\u00e7\u00e3o<\/p>\n<p><strong>Lara Portella\u00a0<\/strong>&#8211; Monitora<\/p>\n<p><strong>Milena Cargnin Cielo <\/strong>&#8211; Monitora<\/p>\n<p><strong>Polyana Aparecida Floriano Barbosa<\/strong> &#8211; Monitora<\/p>\n<div>\u00a0<\/div>\n<p>\u00a0<\/p>\n","protected":false},"excerpt":{"rendered":"<p>T\u00e2nia Maria Moreira &#8211;\u00a0Coordenadora Guilherme Barbat &#8211; Professor\u00a0 Jo\u00e3o Victor Barbat &#8211; Auxiliar de comunica\u00e7\u00e3o Lara Portella\u00a0&#8211; Monitora Milena Cargnin Cielo &#8211; Monitora Polyana Aparecida Floriano Barbosa &#8211; Monitora \u00a0 \u00a0<\/p>\n","protected":false},"author":25,"featured_media":0,"parent":0,"menu_order":0,"comment_status":"closed","ping_status":"closed","template":"","meta":{"footnotes":""},"categories":[],"tags":[],"class_list":["post-154","page","type-page","status-publish","hentry"],"acf":[],"_links":{"self":[{"href":"https:\/\/www.ufsm.br\/projetos\/ensino\/pecple\/wp-json\/wp\/v2\/pages\/154","targetHints":{"allow":["GET"]}}],"collection":[{"href":"https:\/\/www.ufsm.br\/projetos\/ensino\/pecple\/wp-json\/wp\/v2\/pages"}],"about":[{"href":"https:\/\/www.ufsm.br\/projetos\/ensino\/pecple\/wp-json\/wp\/v2\/types\/page"}],"author":[{"embeddable":true,"href":"https:\/\/www.ufsm.br\/projetos\/ensino\/pecple\/wp-json\/wp\/v2\/users\/25"}],"replies":[{"embeddable":true,"href":"https:\/\/www.ufsm.br\/projetos\/ensino\/pecple\/wp-json\/wp\/v2\/comments?post=154"}],"version-history":[{"count":0,"href":"https:\/\/www.ufsm.br\/projetos\/ensino\/pecple\/wp-json\/wp\/v2\/pages\/154\/revisions"}],"wp:attachment":[{"href":"https:\/\/www.ufsm.br\/projetos\/ensino\/pecple\/wp-json\/wp\/v2\/media?parent=154"}],"wp:term":[{"taxonomy":"category","embeddable":true,"href":"https:\/\/www.ufsm.br\/projetos\/ensino\/pecple\/wp-json\/wp\/v2\/categories?post=154"},{"taxonomy":"post_tag","embeddable":true,"href":"https:\/\/www.ufsm.br\/projetos\/ensino\/pecple\/wp-json\/wp\/v2\/tags?post=154"}],"curies":[{"name":"wp","href":"https:\/\/api.w.org\/{rel}","templated":true}]}}