{"id":176,"date":"2024-07-18T23:08:51","date_gmt":"2024-07-19T02:08:51","guid":{"rendered":"https:\/\/www.ufsm.br\/projetos\/ensino\/pecple\/?page_id=176"},"modified":"2025-01-21T11:19:24","modified_gmt":"2025-01-21T14:19:24","slug":"informacoes-gerais","status":"publish","type":"page","link":"https:\/\/www.ufsm.br\/projetos\/ensino\/pecple\/informacoes-gerais","title":{"rendered":"Sobre"},"content":{"rendered":"\n<p><span style=\"font-weight: 400\">O Programa Estudante-Conv\u00eanio de Portugu\u00eas como L\u00edngua Estrangeira (PEC-PLE) se caracteriza como um curso de oferta regular e anual com dura\u00e7\u00e3o de dois semestres, cujo <\/span><span style=\"font-weight: 400\">objetivo \u00fanico \u00e9 preparar<\/span><span style=\"font-weight: 400\"> estudantes estrangeiros para aprova\u00e7\u00e3o no exame de profici\u00eancia Celpe-Bras e a familiariza\u00e7\u00e3o com o contexto universit\u00e1rio.<\/span><\/p>\n","protected":false},"excerpt":{"rendered":"<p>O Programa Estudante-Conv\u00eanio de Portugu\u00eas como L\u00edngua Estrangeira (PEC-PLE) se caracteriza como um curso de oferta regular e anual com dura\u00e7\u00e3o de dois semestres, cujo objetivo \u00fanico \u00e9 preparar estudantes estrangeiros para aprova\u00e7\u00e3o no exame de profici\u00eancia Celpe-Bras e a familiariza\u00e7\u00e3o com o contexto universit\u00e1rio.<\/p>\n","protected":false},"author":4035,"featured_media":0,"parent":0,"menu_order":0,"comment_status":"closed","ping_status":"closed","template":"","meta":{"footnotes":""},"categories":[],"tags":[],"class_list":["post-176","page","type-page","status-publish","hentry"],"acf":[],"_links":{"self":[{"href":"https:\/\/www.ufsm.br\/projetos\/ensino\/pecple\/wp-json\/wp\/v2\/pages\/176","targetHints":{"allow":["GET"]}}],"collection":[{"href":"https:\/\/www.ufsm.br\/projetos\/ensino\/pecple\/wp-json\/wp\/v2\/pages"}],"about":[{"href":"https:\/\/www.ufsm.br\/projetos\/ensino\/pecple\/wp-json\/wp\/v2\/types\/page"}],"author":[{"embeddable":true,"href":"https:\/\/www.ufsm.br\/projetos\/ensino\/pecple\/wp-json\/wp\/v2\/users\/4035"}],"replies":[{"embeddable":true,"href":"https:\/\/www.ufsm.br\/projetos\/ensino\/pecple\/wp-json\/wp\/v2\/comments?post=176"}],"version-history":[{"count":0,"href":"https:\/\/www.ufsm.br\/projetos\/ensino\/pecple\/wp-json\/wp\/v2\/pages\/176\/revisions"}],"wp:attachment":[{"href":"https:\/\/www.ufsm.br\/projetos\/ensino\/pecple\/wp-json\/wp\/v2\/media?parent=176"}],"wp:term":[{"taxonomy":"category","embeddable":true,"href":"https:\/\/www.ufsm.br\/projetos\/ensino\/pecple\/wp-json\/wp\/v2\/categories?post=176"},{"taxonomy":"post_tag","embeddable":true,"href":"https:\/\/www.ufsm.br\/projetos\/ensino\/pecple\/wp-json\/wp\/v2\/tags?post=176"}],"curies":[{"name":"wp","href":"https:\/\/api.w.org\/{rel}","templated":true}]}}