{"id":245,"date":"2024-06-19T20:38:47","date_gmt":"2024-06-19T23:38:47","guid":{"rendered":"https:\/\/www.ufsm.br\/projetos\/ensino\/traduzindo_a_ciencia\/?page_id=245"},"modified":"2024-06-19T20:42:31","modified_gmt":"2024-06-19T23:42:31","slug":"junho-vermelho-mes-da-doacao-de-sangue","status":"publish","type":"page","link":"https:\/\/www.ufsm.br\/projetos\/ensino\/traduzindo_a_ciencia\/junho-vermelho-mes-da-doacao-de-sangue","title":{"rendered":"JUNHO VERMELHO: M\u00caS DA DOA\u00c7\u00c3O DE SANGUE"},"content":{"rendered":"\n<div class=\"wp-block-columns is-layout-flex wp-container-core-columns-is-layout-9d6595d7 wp-block-columns-is-layout-flex\">\n<div class=\"wp-block-column is-layout-flow wp-block-column-is-layout-flow\">\n<p class=\"has-text-align-center\"><img fetchpriority=\"high\" decoding=\"async\" width=\"602\" height=\"232\" src=\"https:\/\/lh7-us.googleusercontent.com\/docsz\/AD_4nXdqsF0OLGkp_WcAwZghpdV0Kn6xu7Gy3tXfy_FytqlvrWtxAuaAAN_NBNu3mtLlRf7irn1aL1Z0oiFzfpE9VPE5mOaSluC1Unjvtj5VXtSWXmqFUkbvt-7inhIz0oUGnNfGjqCdSivYq_4kFANDnWSegN2Wnj7X-DYp2QQZeRk22WkOA4I07eI?key=ZSVgj7gGJ6RKoatFRuCmgw\"><\/p>\n<\/div>\n<\/div>\n\n\n\n<p>Em junho s\u00e3o realizadas campanhas para motiva\u00e7\u00e3o da doa\u00e7\u00e3o de sangue em todo o mundo, sendo o dia 14 deste m\u00eas o dia mundial do doador de sangue. Apesar disso, em 2023, apenas 1,6% da popula\u00e7\u00e3o brasileira constava em registro como doadora. Portanto, confira abaixo mais informa\u00e7\u00f5es sobre esse assunto.<\/p>\n\n\n\n<h2 class=\"wp-block-heading\">Existem benef\u00edcios para doadores?<\/h2>\n\n\n\n<p>Al\u00e9m de poder ajudar a sociedade, como o sangue precisa ser testado para aferi\u00e7\u00e3o de sua qualidade e n\u00e3o presen\u00e7a de pat\u00f3genos, o doador recebe uma bateria de exames gratuita, constando testagem para S\u00edfilis, HIV, Hepatites (B e C), Doen\u00e7a de Chagas, entre outras.<\/p>\n\n\n\n<p>Para pessoas que cont\u00e9m sobrecarga de Ferro, a doa\u00e7\u00e3o tamb\u00e9m pode auxiliar na preven\u00e7\u00e3o de problemas derivados do ac\u00famulo desse metal no organismo que pode causar no f\u00edgado, cirrose, no p\u00e2ncreas, diabetes, no cora\u00e7\u00e3o, insufici\u00eancia card\u00edaca e nas gl\u00e2ndulas problemas de produ\u00e7\u00e3o hormonal.<\/p>\n\n\n\n<p>Ademais, no Rio Grande do Sul existe a Lei 13.891, de janeiro de 2012, que garante aos doadores meia-entrada em todos eventos culturais promovidos em espa\u00e7os p\u00fablicos. \u00c9 interessante que cada estado pode apresentar regalias diferentes em rela\u00e7\u00e3o a isso.<\/p>\n\n\n\n<p>Por fim, todo trabalhador pode se ausentar do trabalho uma vez ao ano para doa\u00e7\u00e3o de acordo com o artigo 473 da CLT.&nbsp;<\/p>\n\n\n\n<h2 class=\"wp-block-heading\">Quais s\u00e3o os requisitos para doar?<\/h2>\n\n\n\n<ul class=\"wp-block-list\">\n<li>Ter entre 16 e 59 anos (menores de idade precisam de autoriza\u00e7\u00e3o dos pais);<\/li>\n\n\n\n<li>Possuir mais de 50kg;<\/li>\n\n\n\n<li>Dormir pelo menos 6h de sono na noite anterior a doa\u00e7\u00e3o;<\/li>\n\n\n\n<li>Apresentar documento com foto;<\/li>\n\n\n\n<li>N\u00e3o fumar por pelo menos 2h antes da doa\u00e7\u00e3o.<\/li>\n<\/ul>\n\n\n\n<h2 class=\"wp-block-heading\">Quais fatores configuram uma inaptid\u00e3o definitiva?<\/h2>\n\n\n\n<ul class=\"wp-block-list\">\n<li>Pacientes com problemas card\u00edacos;<\/li>\n\n\n\n<li>Apresentar doen\u00e7as hematol\u00f3gicas, autoimunes, infecciosas transmiss\u00edveis, c\u00e2ncer, entre outras.<\/li>\n<\/ul>\n\n\n\n<h2 class=\"wp-block-heading\">Existem impedimentos tempor\u00e1rios?<\/h2>\n\n\n\n<p>Sim, alguns medicamentos alteram as caracter\u00edsticas do sangue, em caso de d\u00favidas, informe-se com seu m\u00e9dico. Ademais, em caso de sintomas virais ou parasit\u00e1rios \u00e9 necess\u00e1rio aguardar at\u00e9 que cessem.&nbsp;<\/p>\n\n\n\n<p>Algumas vacinas tamb\u00e9m impedem a doa\u00e7\u00e3o por alguns dias, por exemplo, a vacina contra gripe impede por 48h e contra Covid-19 varia de acordo com a empresa produtora, podendo ser necess\u00e1rio o aguardo por at\u00e9 uma semana.<\/p>\n\n\n\n<p>Al\u00e9m disso, mulheres em amamenta\u00e7\u00e3o devem esperar 12 meses ap\u00f3s o parto e, por fim, em caso de ingest\u00e3o de bebidas alco\u00f3licas, \u00e9 necess\u00e1rio pelo menos 12h de intervalo.<\/p>\n\n\n\n<h2 class=\"wp-block-heading\">At\u00e9 quatro pessoas podem ser salvas com uma doa\u00e7\u00e3o.<\/h2>\n\n\n\n<p>Ocorre a separa\u00e7\u00e3o dos hemocomponentes em concentrado de hem\u00e1cias, plasma (esse pode ser armazenado fresco, congelado ou crioprecipitado), e concentrado de plaquetas.<\/p>\n\n\n\n<h2 class=\"wp-block-heading\">Mas para quem s\u00e3o destinadas as doa\u00e7\u00f5es?<\/h2>\n\n\n\n<p>Os componentes sangu\u00edneos j\u00e1 separados s\u00e3o distribu\u00eddos para os hospitais para atender aos casos de emerg\u00eancia e aos pacientes internados que necessitem de transfus\u00e3o. J\u00e1 as doa\u00e7\u00f5es de plaquetas, al\u00e9m de tamb\u00e9m serem destinadas a pacientes hospitalizados, nos \u00faltimos anos se observou seu grande potencial como alvo terap\u00eautico como agente antitromb\u00f3tico e para outras s\u00edndromes.<\/p>\n\n\n\n<h2 class=\"wp-block-heading\">\u00c9 importante que haja doa\u00e7\u00f5es regulares.<\/h2>\n\n\n\n<p>Diferentemente do concentrado de hem\u00e1cias, que possui validade de 35 dias, e o plasma, de at\u00e9 24 meses, o concentrado de plaquetas \u00e9 v\u00e1lido por menos tempo: apenas 5 dias. Por isso, juntamente com a grande demanda, \u00e9 importante que ocorram doa\u00e7\u00f5es sempre que poss\u00edvel, para n\u00e3o esgotar os estoques vi\u00e1veis.<\/p>\n\n\n\n<h2 class=\"wp-block-heading\">Outras d\u00favidas frequentes:<\/h2>\n\n\n\n<ul class=\"wp-block-list\">\n<li>Tatuagens e piercings impedem a doa\u00e7\u00e3o? N\u00e3o impedem a doa\u00e7\u00e3o, mas demandam uma espera de at\u00e9 um ano ap\u00f3s sua realiza\u00e7\u00e3o.<\/li>\n\n\n\n<li>H\u00e1 restri\u00e7\u00f5es para pessoas LGBTQIAP+? Desde 2021, com a aprova\u00e7\u00e3o do projeto de lei 2.353\/2021 pelo Senado, \u00e9 proibida a discrimina\u00e7\u00e3o de doadores de sangue com base na orienta\u00e7\u00e3o sexual.<\/li>\n\n\n\n<li>Qual o tempo indicado entre as doa\u00e7\u00f5es? Para os homens, sugere-se 2 meses, com um limite de 4 doa\u00e7\u00f5es por ano. J\u00e1 para as mulheres, sugere-se 3 meses, com um limite de 3 doa\u00e7\u00f5es anuais.<\/li>\n<\/ul>\n\n\n\n<h2 class=\"wp-block-heading\">Como e onde doar em Santa Maria\/RS?<\/h2>\n\n\n\n<p>As doa\u00e7\u00f5es de sangue e de medula \u00f3ssea podem ser feitas atrav\u00e9s de um agendamento no site do Hemocentro Regional de Santa Maria. O hor\u00e1rio de funcionamento \u00e9 das 8h \u00e0s 14h de segunda a sexta-feira e no terceiro s\u00e1bado de cada m\u00eas, das 8h \u00e0s 12h. O processo \u00e9 simples, r\u00e1pido e f\u00e1cil.&nbsp;<\/p>\n\n\n\n<p><strong>Fa\u00e7a sua parte: doe sangue, doe vida!<\/strong><\/p>\n\n\n\n<h2 class=\"wp-block-heading\">Refer\u00eancias:<\/h2>\n\n\n\n<p>16 curiosidades sobre doa\u00e7\u00e3o de sangue. Dispon\u00edvel em: &lt;<a href=\"https:\/\/www.ufsm.br\/midias\/arco\/16-curiosidades-sobre-doacao-de-sangue\">https:\/\/www.ufsm.br\/midias\/arco\/16-curiosidades-sobre-doacao-de-sangue<\/a>&gt;. Acesso em: 15. junho. 2024.<\/p>\n\n\n\n<p>Dia Mundial do Doador de Sangue \u00e9 celebrado nesta sexta, (14). Dispon\u00edvel em: &lt;<a href=\"https:\/\/www.gov.br\/saude\/pt-br\/assuntos\/noticias\/2024\/junho\/dia-mundial-do-doador-de-sangue-e-celebrado-nesta-sexta-14#:~:text=O%20Dia%20do%20Doador%20de,brasileira%20como%20doadora%2C%20em%202023\">https:\/\/www.gov.br\/saude\/pt-br\/assuntos\/noticias\/2024\/junho\/dia-mundial-do-doador-de-sangue-e-celebrado-nesta-sexta-14#:~:text=O%20Dia%20do%20Doador%20de,brasileira%20como%20doadora%2C%20em%202023<\/a>&gt;. Acesso em: 15 junho. 2024.<\/p>\n\n\n\n<p>Gloss\u00e1rio de doen\u00e7as e sintomas: Hemocromatose. Dispon\u00edvel em : &lt;<a href=\"https:\/\/www.einstein.br\/doencas-sintomas\/hemocromatose#:~:text=O%20excesso%20de%20ferro%20no,e%20problemas%20na%20produ%C3%A7%C3%A3o%20hormonal\">https:\/\/www.einstein.br\/doencas-sintomas\/hemocromatose#:~:text=O%20excesso%20de%20ferro%20no,e%20problemas%20na%20produ\u00e7\u00e3o%20hormonal<\/a>&gt;. Acesso em: 15 junho. 2024.<\/p>\n\n\n\n<h2 class=\"wp-block-heading\">Autores<\/h2>\n\n\n\n<p><strong>Lu\u00edsa dos Santos Furquim<\/strong>, discente do curso de gradua\u00e7\u00e3o em Medicina pela Universidade Federal de Santa Maria (UFSM), participante do grupo Traduzindo Ci\u00eancia, e-mail <a href=\"mailto:luisa.furquim@acad.ufsm.br\">luisa.furquim@acad.ufsm.br<\/a>, Lattes: <a href=\"http:\/\/lattes.cnpq.br\/6264603590739657\">http:\/\/lattes.cnpq.br\/6264603590739657<\/a><strong>.<\/strong><\/p>\n\n\n\n<p><strong>Roberta Danieli Marchesan<\/strong>, discente do curso de gradua\u00e7\u00e3o em Farm\u00e1cia pela Universidade Federal de Santa Maria (UFSM), participante do grupo Traduzindo Ci\u00eancia, e-mail <a href=\"mailto:roberta.danieli@acad.ufsm.br\">roberta.danieli@acad.ufsm.br<\/a>, Lattes: <a href=\"http:\/\/lattes.cnpq.br\/9252659605014994\">http:\/\/lattes.cnpq.br\/9252659605014994<\/a>.<\/p>\n\n\n\n<blockquote class=\"wp-block-quote is-layout-flow wp-block-quote-is-layout-flow\">\n<p><\/p>\n<\/blockquote>\n","protected":false},"excerpt":{"rendered":"<p>Em junho s\u00e3o realizadas campanhas para motiva\u00e7\u00e3o da doa\u00e7\u00e3o de sangue em todo o mundo, sendo o dia 14 deste m\u00eas o dia mundial do doador de sangue. Apesar disso, em 2023, apenas 1,6% da popula\u00e7\u00e3o brasileira constava em registro como doadora. Portanto, confira abaixo mais informa\u00e7\u00f5es sobre esse assunto. Existem benef\u00edcios para doadores? Al\u00e9m [&hellip;]<\/p>\n","protected":false},"author":8098,"featured_media":246,"parent":0,"menu_order":0,"comment_status":"closed","ping_status":"closed","template":"","meta":{"footnotes":""},"categories":[27],"tags":[32,33],"class_list":["post-245","page","type-page","status-publish","has-post-thumbnail","hentry","category-publicacoes","tag-hemocentro","tag-solidariedade"],"acf":[],"_links":{"self":[{"href":"https:\/\/www.ufsm.br\/projetos\/ensino\/traduzindo_a_ciencia\/wp-json\/wp\/v2\/pages\/245","targetHints":{"allow":["GET"]}}],"collection":[{"href":"https:\/\/www.ufsm.br\/projetos\/ensino\/traduzindo_a_ciencia\/wp-json\/wp\/v2\/pages"}],"about":[{"href":"https:\/\/www.ufsm.br\/projetos\/ensino\/traduzindo_a_ciencia\/wp-json\/wp\/v2\/types\/page"}],"author":[{"embeddable":true,"href":"https:\/\/www.ufsm.br\/projetos\/ensino\/traduzindo_a_ciencia\/wp-json\/wp\/v2\/users\/8098"}],"replies":[{"embeddable":true,"href":"https:\/\/www.ufsm.br\/projetos\/ensino\/traduzindo_a_ciencia\/wp-json\/wp\/v2\/comments?post=245"}],"version-history":[{"count":0,"href":"https:\/\/www.ufsm.br\/projetos\/ensino\/traduzindo_a_ciencia\/wp-json\/wp\/v2\/pages\/245\/revisions"}],"wp:featuredmedia":[{"embeddable":true,"href":"https:\/\/www.ufsm.br\/projetos\/ensino\/traduzindo_a_ciencia\/wp-json\/wp\/v2\/media\/246"}],"wp:attachment":[{"href":"https:\/\/www.ufsm.br\/projetos\/ensino\/traduzindo_a_ciencia\/wp-json\/wp\/v2\/media?parent=245"}],"wp:term":[{"taxonomy":"category","embeddable":true,"href":"https:\/\/www.ufsm.br\/projetos\/ensino\/traduzindo_a_ciencia\/wp-json\/wp\/v2\/categories?post=245"},{"taxonomy":"post_tag","embeddable":true,"href":"https:\/\/www.ufsm.br\/projetos\/ensino\/traduzindo_a_ciencia\/wp-json\/wp\/v2\/tags?post=245"}],"curies":[{"name":"wp","href":"https:\/\/api.w.org\/{rel}","templated":true}]}}