{"id":247,"date":"2024-07-18T23:40:34","date_gmt":"2024-07-19T02:40:34","guid":{"rendered":"https:\/\/www.ufsm.br\/projetos\/ensino\/traduzindo_a_ciencia\/?page_id=247"},"modified":"2024-07-18T23:48:48","modified_gmt":"2024-07-19T02:48:48","slug":"conscientizacao-das-hepatites-virais-prevencao-diagnostico-e-tratamento-no-mes-de-julho","status":"publish","type":"page","link":"https:\/\/www.ufsm.br\/projetos\/ensino\/traduzindo_a_ciencia\/conscientizacao-das-hepatites-virais-prevencao-diagnostico-e-tratamento-no-mes-de-julho","title":{"rendered":"CONSCIENTIZA\u00c7\u00c3O DAS HEPATITES VIRAIS: PREVEN\u00c7\u00c3O, DIAGN\u00d3STICO E TRATAMENTO NO M\u00caS DE JULHO"},"content":{"rendered":"\n\n\n<figure class=\"wp-block-image size-large\"><img fetchpriority=\"high\" decoding=\"async\" width=\"1024\" height=\"254\" src=\"https:\/\/www.ufsm.br\/app\/uploads\/sites\/931\/2024\/07\/Captura-de-tela-2024-07-18-233904-1024x254.jpg\" alt=\"\" class=\"wp-image-249\" srcset=\"https:\/\/www.ufsm.br\/app\/uploads\/sites\/931\/2024\/07\/Captura-de-tela-2024-07-18-233904-1024x254.jpg 1024w, https:\/\/www.ufsm.br\/app\/uploads\/sites\/931\/2024\/07\/Captura-de-tela-2024-07-18-233904-300x74.jpg 300w, https:\/\/www.ufsm.br\/app\/uploads\/sites\/931\/2024\/07\/Captura-de-tela-2024-07-18-233904-768x191.jpg 768w, https:\/\/www.ufsm.br\/app\/uploads\/sites\/931\/2024\/07\/Captura-de-tela-2024-07-18-233904.jpg 1169w\" sizes=\"(max-width: 1024px) 100vw, 1024px\" \/><\/figure>\n\n\n\n<h2 class=\"wp-block-heading\">Introdu\u00e7\u00e3o<\/h2>\n\n\n\n<p><span style=\"font-weight: 400\">A campanha &#8220;Julho Amarelo: m\u00eas de luta contra as hepatites virais&#8221; visa refor\u00e7ar a\u00e7\u00f5es de vigil\u00e2ncia, preven\u00e7\u00e3o e controle das hepatites. A cor amarela refere-se \u00e0 icter\u00edcia, um sintoma comum da hepatite. Julho foi escolhido por incluir o Dia Mundial da Luta Contra Hepatites Virais, celebrado em 28 de julho pela OMS. Hepatite \u00e9 uma inflama\u00e7\u00e3o do f\u00edgado causada por v\u00edrus, medicamentos, \u00e1lcool, drogas, doen\u00e7as autoimunes, metab\u00f3licas ou gen\u00e9ticas, e apresenta sintomas como cansa\u00e7o, febre, enjoo, e icter\u00edcia.&nbsp;<\/span><\/p>\n<p><span style=\"font-weight: 400\">No Brasil, os tipos mais comuns s\u00e3o as hepatites A, B e C, enquanto a D \u00e9 mais frequente no Norte, e a E \u00e9 rara. O SUS oferece diagn\u00f3stico e tratamento gratuitos para todas as hepatites virais. As hepatites virais, s\u00e3o causadas por v\u00edrus classificados pelas letras do alfabeto em A, B, C, D e E.<\/span><\/p>\n\n\n\n<h2 class=\"wp-block-heading\"><strong>Formas de transmiss\u00e3o<\/strong><\/h2>\n\n\n\n<p><span style=\"font-weight: 400\">As hepatites A e E s\u00e3o transmitidas principalmente pelo contato fecal-oral, sendo prevalentes em \u00e1reas com infraestrutura prec\u00e1ria de saneamento b\u00e1sico e higiene. A hepatite A \u00e9 frequentemente adquirida atrav\u00e9s da ingest\u00e3o de \u00e1gua ou alimentos contaminados por fezes humanas que contenham o v\u00edrus, enquanto a hepatite E \u00e9 comumente transmitida por \u00e1gua contaminada, especialmente em regi\u00f5es onde as condi\u00e7\u00f5es sanit\u00e1rias s\u00e3o inadequadas.&nbsp;<\/span><\/p>\n<p><span style=\"font-weight: 400\">Por outro lado, as hepatites B, C e D s\u00e3o principalmente transmitidas atrav\u00e9s do contato com sangue ou fluidos corporais infectados. A hepatite B pode ser transmitida pelo contato sexual desprotegido, compartilhamento de agulhas e seringas contaminadas, e de m\u00e3e para filho durante o parto. A hepatite C \u00e9 frequentemente associada ao compartilhamento de agulhas durante o uso de drogas injet\u00e1veis e tamb\u00e9m pode ocorrer por via sexual ou atrav\u00e9s de transfus\u00f5es de sangue n\u00e3o testadas. A hepatite D, por sua vez, ocorre apenas em indiv\u00edduos que j\u00e1 est\u00e3o infectados pelo v\u00edrus da hepatite B, pois precisam do HBV para se replicar e se propagar. Esses tipos de hepatite viral requerem estrat\u00e9gias espec\u00edficas de preven\u00e7\u00e3o, como programas de vacina\u00e7\u00e3o para HBV e medidas rigorosas de controle de infec\u00e7\u00f5es em ambientes de cuidados de sa\u00fade e comunidades vulner\u00e1veis.<\/span><\/p>\n\n\n<div class=\"wp-block-image\">\n<figure class=\"aligncenter size-full\"><img decoding=\"async\" width=\"580\" height=\"473\" src=\"https:\/\/www.ufsm.br\/app\/uploads\/sites\/931\/2024\/07\/Captura-de-tela-2024-07-18-233848.jpg\" alt=\"\" class=\"wp-image-250\" srcset=\"https:\/\/www.ufsm.br\/app\/uploads\/sites\/931\/2024\/07\/Captura-de-tela-2024-07-18-233848.jpg 580w, https:\/\/www.ufsm.br\/app\/uploads\/sites\/931\/2024\/07\/Captura-de-tela-2024-07-18-233848-300x245.jpg 300w\" sizes=\"(max-width: 580px) 100vw, 580px\" \/><\/figure>\n<\/div>\n\n\n<p style=\"text-align: center\"><span style=\"font-weight: 400\">(Fonte: Elaborado por Douglas, 2024)<\/span><\/p>\n\n\n\n<h2 class=\"wp-block-heading\"><strong>Sintomas<\/strong><\/h2>\n\n\n\n<p><span style=\"font-weight: 400\">As hepatites virais podem apresentar uma variedade de sintomas, que podem variar dependendo do tipo de v\u00edrus (A, B, C, D, E). Os sintomas comuns incluem fadiga, febre, mal-estar, perda de apetite, n\u00e1useas, v\u00f4mitos, dores abdominais e icter\u00edcia (amarelamento da pele e dos olhos). Em alguns casos, a infec\u00e7\u00e3o pode ser assintom\u00e1tica, especialmente nas fases iniciais ou em infec\u00e7\u00f5es cr\u00f4nicas, dificultando a detec\u00e7\u00e3o precoce da doen\u00e7a.<\/span><\/p>\n<p>&nbsp;<\/p>\n\n\n\n<h2 class=\"wp-block-heading\"><strong>Formas de preven\u00e7\u00e3o<\/strong><\/h2>\n\n\n\n<p><span style=\"font-weight: 400\">A preven\u00e7\u00e3o das hepatites virais envolve v\u00e1rias estrat\u00e9gias. A vacina\u00e7\u00e3o \u00e9 altamente eficaz contra as hepatites A e B, e \u00e9 uma medida preventiva crucial. Al\u00e9m disso, pr\u00e1ticas de higiene rigorosas, como lavar as m\u00e3os frequentemente e garantir a seguran\u00e7a alimentar, ajudam a prevenir a hepatite A e E. O uso de preservativos durante as rela\u00e7\u00f5es sexuais \u00e9 essencial para reduzir o risco de transmiss\u00e3o das hepatites B e C. Evitar o compartilhamento de agulhas e seringas tamb\u00e9m \u00e9 fundamental para prevenir a hepatite C.<\/span><\/p>\n<p>&nbsp;<\/p>\n\n\n\n<h2 class=\"wp-block-heading\"><strong>Diagn\u00f3stico e tratamento<\/strong><\/h2>\n\n\n\n<p><span style=\"font-weight: 400\">O diagn\u00f3stico das hepatites virais \u00e9 realizado principalmente por meio de exames de sangue que detectam a presen\u00e7a de anticorpos ou material gen\u00e9tico do v\u00edrus. O acompanhamento m\u00e9dico \u00e9 essencial para monitorar a progress\u00e3o da doen\u00e7a e planejar o tratamento adequado. O tratamento pode variar desde medidas de suporte para hepatite A e E, que geralmente se resolvem sozinhas, at\u00e9 o uso de antivirais para hepatites B e C. A ades\u00e3o ao tratamento \u00e9 crucial para evitar complica\u00e7\u00f5es a longo prazo.<\/span><\/p>\n\n\n\n<h2 class=\"wp-block-heading\"><strong>Complica\u00e7\u00f5es<\/strong><\/h2>\n\n\n\n<p><span style=\"font-weight: 400\">As hepatites virais podem levar a s\u00e9rias complica\u00e7\u00f5es se n\u00e3o forem tratadas adequadamente. A infec\u00e7\u00e3o cr\u00f4nica por hepatite B ou C pode evoluir para cirrose, uma condi\u00e7\u00e3o em que o tecido hep\u00e1tico saud\u00e1vel \u00e9 substitu\u00eddo por tecido cicatricial, comprometendo a fun\u00e7\u00e3o do f\u00edgado. Al\u00e9m disso, a hepatite cr\u00f4nica aumenta significativamente o risco de desenvolver c\u00e2ncer de f\u00edgado. O impacto geral das complica\u00e7\u00f5es da hepatite pode ser devastador, afetando a qualidade de vida e aumentando a mortalidade.<\/span><\/p>\n\n\n\n<h2 class=\"wp-block-heading\">Refer\u00eancias<\/h2>\n\n\n\n<p><span style=\"font-weight: 400\">ALVES, B. \/ O. \/ O.-M. M\u00eas de luta contra as hepatites virais: \u201cJulho Amarelo\u201d | Biblioteca Virtual em Sa\u00fade MS. Dispon\u00edvel em: &lt;https:\/\/bvsms.saude.gov.br\/mes-de-luta-contra-as-hepatites-virais-julho-amarelo\/&gt;. Acesso em: 05 jul. 2024.<\/span><\/p>\n<p><span style=\"font-weight: 400\">WORLD HEALTH ORGANIZATION. fact sheets about hepatitis. Dispon\u00edvel em: &lt;<\/span><a href=\"https:\/\/www.who.int\/news-room\/fact-sheets\/detail\/hepatitis\"><span style=\"font-weight: 400\">https:\/\/www.who.int\/news-room\/fact-sheets\/detail\/hepatitis<\/span><\/a><span style=\"font-weight: 400\">&gt;. Acesso em: 05 jul. 2024.<\/span><\/p>\n<p>&nbsp;<\/p>\n\n\n\n<h2 class=\"wp-block-heading\">Autores<\/h2>\n\n\n\n<p><b>Carolina Piccolo Carvalho<\/b><span style=\"font-weight: 400\">, discente do curso de gradua\u00e7\u00e3o em Medicina pela Universidade Federal de Santa Maria (UFSM), participante do grupo Traduzindo Ci\u00eancia, e-mail: <\/span><a href=\"mailto:carvalho.carolina@acad.ufsm.br\"><span style=\"font-weight: 400\">carvalho.carolina@acad.ufsm.br<\/span><\/a><span style=\"font-weight: 400\">, Lattes: <\/span><span style=\"font-weight: 400\">\u00a0<\/span><span style=\"font-weight: 400\">http:\/\/lattes.cnpq.br\/3098931727210662 <\/span><span style=\"font-weight: 400\">.<\/span><\/p>\n<p><b>Douglas Gon\u00e7alves Friedrichs<\/b><span style=\"font-weight: 400\">, discente do curso de gradua\u00e7\u00e3o em Farm\u00e1cia pela Universidade Federal de Santa Maria (UFSM), participante do grupo Traduzindo Ci\u00eancia, e-mail: <\/span><a href=\"mailto:Douglas.friedrichs@acad.ufsm.br\"><span style=\"font-weight: 400\">Douglas.friedrichs@acad.ufsm.br<\/span><\/a><span style=\"font-weight: 400\">, Lattes: <\/span><a href=\"http:\/\/lattes.cnpq.br\/3554617523788031\"><span style=\"font-weight: 400\">http:\/\/lattes.cnpq.br\/3554617523788031<\/span><\/a><\/p>\n<p><br \/><br \/><\/p>\n","protected":false},"excerpt":{"rendered":"<p>Introdu\u00e7\u00e3o A campanha &#8220;Julho Amarelo: m\u00eas de luta contra as hepatites virais&#8221; visa refor\u00e7ar a\u00e7\u00f5es de vigil\u00e2ncia, preven\u00e7\u00e3o e controle das hepatites. A cor amarela refere-se \u00e0 icter\u00edcia, um sintoma comum da hepatite. Julho foi escolhido por incluir o Dia Mundial da Luta Contra Hepatites Virais, celebrado em 28 de julho pela OMS. Hepatite \u00e9 [&hellip;]<\/p>\n","protected":false},"author":8098,"featured_media":251,"parent":0,"menu_order":0,"comment_status":"closed","ping_status":"closed","template":"","meta":{"footnotes":""},"categories":[27],"tags":[30,35,34,36],"class_list":["post-247","page","type-page","status-publish","has-post-thumbnail","hentry","category-publicacoes","tag-conscientizacao","tag-hepatites-virais","tag-imunizacao","tag-saude-2"],"acf":[],"_links":{"self":[{"href":"https:\/\/www.ufsm.br\/projetos\/ensino\/traduzindo_a_ciencia\/wp-json\/wp\/v2\/pages\/247","targetHints":{"allow":["GET"]}}],"collection":[{"href":"https:\/\/www.ufsm.br\/projetos\/ensino\/traduzindo_a_ciencia\/wp-json\/wp\/v2\/pages"}],"about":[{"href":"https:\/\/www.ufsm.br\/projetos\/ensino\/traduzindo_a_ciencia\/wp-json\/wp\/v2\/types\/page"}],"author":[{"embeddable":true,"href":"https:\/\/www.ufsm.br\/projetos\/ensino\/traduzindo_a_ciencia\/wp-json\/wp\/v2\/users\/8098"}],"replies":[{"embeddable":true,"href":"https:\/\/www.ufsm.br\/projetos\/ensino\/traduzindo_a_ciencia\/wp-json\/wp\/v2\/comments?post=247"}],"version-history":[{"count":0,"href":"https:\/\/www.ufsm.br\/projetos\/ensino\/traduzindo_a_ciencia\/wp-json\/wp\/v2\/pages\/247\/revisions"}],"wp:featuredmedia":[{"embeddable":true,"href":"https:\/\/www.ufsm.br\/projetos\/ensino\/traduzindo_a_ciencia\/wp-json\/wp\/v2\/media\/251"}],"wp:attachment":[{"href":"https:\/\/www.ufsm.br\/projetos\/ensino\/traduzindo_a_ciencia\/wp-json\/wp\/v2\/media?parent=247"}],"wp:term":[{"taxonomy":"category","embeddable":true,"href":"https:\/\/www.ufsm.br\/projetos\/ensino\/traduzindo_a_ciencia\/wp-json\/wp\/v2\/categories?post=247"},{"taxonomy":"post_tag","embeddable":true,"href":"https:\/\/www.ufsm.br\/projetos\/ensino\/traduzindo_a_ciencia\/wp-json\/wp\/v2\/tags?post=247"}],"curies":[{"name":"wp","href":"https:\/\/api.w.org\/{rel}","templated":true}]}}