{"id":151,"date":"2019-05-20T13:25:09","date_gmt":"2019-05-20T16:25:09","guid":{"rendered":"https:\/\/www.ufsm.br\/projetos-extensao-adote-uma-lesao\/?page_id=151"},"modified":"2023-06-14T10:45:17","modified_gmt":"2023-06-14T13:45:17","slug":"dados-basicos","status":"publish","type":"page","link":"https:\/\/www.ufsm.br\/projetos\/extensao\/adote-uma-lesao\/dados-basicos","title":{"rendered":"Dados B\u00e1sicos"},"content":{"rendered":"\n<p><strong><span id=\"OutFieldTag_HyKt90Xqwdu8s1RI_label\" class=\"label\">T\u00edtulo<\/span><\/strong><br \/><strong><span id=\"OutFieldTag_HyKt90Xqwdu8s1RI\" class=\"\" aria-labelledby=\"OutFieldTag_HyKt90Xqwdu8s1RI_label\">ADOTE LES\u00c3O: UM PROJETO INTERDISCIPLINAR DE ATEN\u00c7\u00c3O EM SA\u00daDE<\/span><\/strong><\/p>\n<p><strong>Resumo<\/strong><br \/>A pele \u00e9 o maior \u00f3rg\u00e3o do corpo humano e tem como fun\u00e7\u00f5es revestir, delimitar, proteger e interagir com o meio exterior. As les\u00f5es na pele acometem a popula\u00e7\u00e3o de forma geral, independente de sexo, idade ou etnia e, em raz\u00e3o do alto \u00edndice de pessoas que apresentam altera\u00e7\u00f5es na integridade da pele, caracteriza-se em um s\u00e9rio problema de sa\u00fade p\u00fablica. A cicatriza\u00e7\u00e3o de les\u00f5es \u00e9 considerada um processo de restaura\u00e7\u00e3o da homeostase da pele, din\u00e2mico e altamente coordenado. Muitas vezes, as les\u00f5es n\u00e3o s\u00e3o prevenidas ou tratadas corretamente, devido a car\u00eancia de embasamento para compreens\u00e3o das diferentes possibilidades de tratamento. Neste sentido o objetivo principal deste projeto \u00e9 Intervir na preven\u00e7\u00e3o e tratamento de les\u00f5es de pele por meio de capacita\u00e7\u00f5es a profissionais da \u00e1rea da sa\u00fade e comunidade em geral. A metodologia a ser utilizada ser\u00e1 inicialmente a capacita\u00e7\u00e3o de graduandos da \u00e1rea da sa\u00fade, especialmente enfermagem, para a preven\u00e7\u00e3o e o tratamento das les\u00f5es de pele, a partir de materiais, aulas e semin\u00e1rios utilizando exemplos pr\u00e1ticos baseados em evid\u00eancias cientificas. Para que um segundo momento este estudantes propaguem o conhecimento via cursos e oficinas de capacita\u00e7\u00e3o, juntamente com professores, em estrat\u00e9gias de sa\u00fade da fam\u00edlia, institui\u00e7\u00f5es asilares, bem como a pacientes e cuidadores que tiverem interesse.<\/p>\n<p><br \/><strong>Objetivos<\/strong><br \/><em>Objetivo Geral:<\/em><\/p>\n<ul>\n<li>Intervir na preven\u00e7\u00e3o e tratamento de les\u00f5es de pele por meio de capacita\u00e7\u00f5es a profissionais da \u00e1rea da sa\u00fade e comunidade em geral.<\/li>\n<\/ul>\n<p><em>Objetivos espec\u00edficos:<\/em><\/p>\n<ul>\n<li>Comprometer a Enfermagem no uso de sua atribui\u00e7\u00e3o legal \u00e0 preven\u00e7\u00e3o e tratamento de les\u00f5es, com atua\u00e7\u00e3o efetiva da equipe multiprofissional.<\/li>\n<li>Buscar alternativas de cuidado que possam contribuir para evolu\u00e7\u00e3o eficaz no processo de cicatriza\u00e7\u00e3o<\/li>\n<li>Envolver as Institui\u00e7\u00f5es de Sa\u00fade e \u00f3rg\u00e3os competentes para o investimento e possibilidade de tecnologias de cobertura para preven\u00e7\u00e3o da integridade cut\u00e2nea e tratamento das les\u00f5es<\/li>\n<li>Motivar o paciente com les\u00e3o, seu familiar e\/ou cuidador, para ades\u00e3o do seu tratamento, responsabilizando-os para auxiliar na sua reabilita\u00e7\u00e3o melhora de sua qualidade de vida<\/li>\n<li>Enfatizar a necessidade de avalia\u00e7\u00e3o da equipe multiprofissional dos fatores que predisp\u00f5e ao desenvolvimento das les\u00f5es, como idade, doen\u00e7a de base, nutri\u00e7\u00e3o, cl\u00ednica laboratorial, sa\u00fade mental e melhora da qualidade de vida<\/li>\n<li>Fortalecer a Enfermagem como profissionais atuantes na sua especificidade aliando a sua compet\u00eancia t\u00e9cnica fundamentada no conhecimento cient\u00edfico<\/li>\n<li>Estimular os profissionais da \u00e1rea da sa\u00fade, em especial os enfermeiros \u00e0 produ\u00e7\u00e3o de publica\u00e7\u00f5es cient\u00edficas das les\u00f5es adotadas.<\/li>\n<li>Organizar um Simp\u00f3sio Nacional promovendo o projeto Adote uma les\u00e3o com o objetivo de compartilhar experi\u00eancias pr\u00e1ticas e conhecimentos cient\u00edficos sobre o tema central deste projeto.<\/li>\n<li>Realizar atividades de extens\u00e3o nas comunidades envolvendo graduandos de enfermagem e de demais \u00e1reas da sa\u00fade com a finalidade de reduzir os \u00edndices das les\u00f5es<\/li>\n<\/ul>\n<p><br \/><strong>Justificativa<\/strong><br \/>No Brasil, as les\u00f5es de pele acometem a popula\u00e7\u00e3o de forma geral, independente de sexo, idade ou ra\u00e7a. Em raz\u00e3o do alto \u00edndice de pessoas que apresentam altera\u00e7\u00f5es na integridade cut\u00e2nea, caracteriza-se em um s\u00e9rio problema de sa\u00fade p\u00fablica. Por\u00e9m, devido \u00e0 falta de registro desses atendimentos, existe escassez de dados estat\u00edsticos que possam caracterizar de forma mais clara a epidemiologia destas les\u00f5es. As les\u00f5es de pele podem atingir n\u00e3o apenas a pele em uma ou mais camadas, mas tamb\u00e9m tecido muscular, tend\u00f5es, nervos e ossos. Pessoas acometidas por esta enfermidade, t\u00eam seu estilo de vida alterado devido \u00e0 dor, dificuldade de mobilidade, baixa autoestima e diminui\u00e7\u00e3o da capacidade para o trabalho, principalmente quando a les\u00e3o est\u00e1 localizada em membros inferiores (EVANGELISTA et al., 2012). Diante deste contexto, saber fazer a avalia\u00e7\u00e3o da les\u00e3o \u00e9 um fator determinante para a terap\u00eautica adequada. Assim, este trabalho justifica-se integralmente, justamente por contribuir na capacita\u00e7\u00e3o dos profissionais da sa\u00fade, para a preven\u00e7\u00e3o e tratamento das les\u00f5es de pele.<\/p>\n<p><br \/><strong>Resultados esperados<\/strong><br \/>Como resultados esperados, ao final deste projeto espera-se que profissionais da \u00e1rea da sa\u00fade, p\u00f3s-graduandos, principalmente enfermeiros e graduandos em enfermagem tenham: -Obtido conhecimento t\u00e9cnico- cient\u00edfico sobre a import\u00e2ncia da preven\u00e7\u00e3o de les\u00f5es e o seu tratamento adequado; -Capacidade de reconhecimentos das coberturas a serem utilizadas em cada grau da les\u00e3o; &#8211; Capacidade de identificar os fatores que predisp\u00f5e ao desencadeamento das les\u00f5es de pele; &#8211; Consci\u00eancia da import\u00e2ncia de compartilhar suas experi\u00eancias pr\u00e1ticas com base cient\u00edfica, com outros profissionais de \u00e1reas afins; A ades\u00e3o do paciente e cuidadores para o autocuidado como resultado da efetividade do seu tratamento; Espera-se ainda, participa\u00e7\u00e3o efetiva da comunidade acad\u00eamica e de profissionais da sa\u00fade no Simp\u00f3sio promovido.<\/p>\n","protected":false},"excerpt":{"rendered":"<p>T\u00edtuloADOTE LES\u00c3O: UM PROJETO INTERDISCIPLINAR DE ATEN\u00c7\u00c3O EM SA\u00daDE ResumoA pele \u00e9 o maior \u00f3rg\u00e3o do corpo humano e tem como fun\u00e7\u00f5es revestir, delimitar, proteger e interagir com o meio exterior. As les\u00f5es na pele acometem a popula\u00e7\u00e3o de forma geral, independente de sexo, idade ou etnia e, em raz\u00e3o do alto \u00edndice de pessoas [&hellip;]<\/p>\n","protected":false},"author":25,"featured_media":0,"parent":0,"menu_order":0,"comment_status":"closed","ping_status":"closed","template":"","meta":{"footnotes":""},"categories":[],"tags":[],"class_list":["post-151","page","type-page","status-publish","hentry"],"acf":[],"_links":{"self":[{"href":"https:\/\/www.ufsm.br\/projetos\/extensao\/adote-uma-lesao\/wp-json\/wp\/v2\/pages\/151","targetHints":{"allow":["GET"]}}],"collection":[{"href":"https:\/\/www.ufsm.br\/projetos\/extensao\/adote-uma-lesao\/wp-json\/wp\/v2\/pages"}],"about":[{"href":"https:\/\/www.ufsm.br\/projetos\/extensao\/adote-uma-lesao\/wp-json\/wp\/v2\/types\/page"}],"author":[{"embeddable":true,"href":"https:\/\/www.ufsm.br\/projetos\/extensao\/adote-uma-lesao\/wp-json\/wp\/v2\/users\/25"}],"replies":[{"embeddable":true,"href":"https:\/\/www.ufsm.br\/projetos\/extensao\/adote-uma-lesao\/wp-json\/wp\/v2\/comments?post=151"}],"version-history":[{"count":0,"href":"https:\/\/www.ufsm.br\/projetos\/extensao\/adote-uma-lesao\/wp-json\/wp\/v2\/pages\/151\/revisions"}],"wp:attachment":[{"href":"https:\/\/www.ufsm.br\/projetos\/extensao\/adote-uma-lesao\/wp-json\/wp\/v2\/media?parent=151"}],"wp:term":[{"taxonomy":"category","embeddable":true,"href":"https:\/\/www.ufsm.br\/projetos\/extensao\/adote-uma-lesao\/wp-json\/wp\/v2\/categories?post=151"},{"taxonomy":"post_tag","embeddable":true,"href":"https:\/\/www.ufsm.br\/projetos\/extensao\/adote-uma-lesao\/wp-json\/wp\/v2\/tags?post=151"}],"curies":[{"name":"wp","href":"https:\/\/api.w.org\/{rel}","templated":true}]}}