{"id":156,"date":"2019-05-20T13:27:39","date_gmt":"2019-05-20T16:27:39","guid":{"rendered":"https:\/\/www.ufsm.br\/projetos-extensao-adote-uma-lesao\/?page_id=156"},"modified":"2021-01-24T13:37:39","modified_gmt":"2021-01-24T16:37:39","slug":"plano-de-trabalho","status":"publish","type":"page","link":"https:\/\/www.ufsm.br\/projetos\/extensao\/adote-uma-lesao\/plano-de-trabalho","title":{"rendered":"Plano de Trabalho"},"content":{"rendered":"\t\t<div data-elementor-type=\"wp-page\" data-elementor-id=\"156\" class=\"elementor elementor-156\">\n\t\t\t\t\t\t<section class=\"elementor-section elementor-top-section elementor-element elementor-element-2320027 elementor-section-boxed elementor-section-height-default elementor-section-height-default\" data-id=\"2320027\" data-element_type=\"section\">\n\t\t\t\t\t\t<div class=\"elementor-container elementor-column-gap-default\">\n\t\t\t\t\t<div class=\"elementor-column elementor-col-100 elementor-top-column elementor-element elementor-element-50711db5\" data-id=\"50711db5\" data-element_type=\"column\">\n\t\t\t<div class=\"elementor-widget-wrap elementor-element-populated\">\n\t\t\t\t\t\t<div class=\"elementor-element elementor-element-1f8eb205 elementor-widget elementor-widget-text-editor\" data-id=\"1f8eb205\" data-element_type=\"widget\" data-widget_type=\"text-editor.default\">\n\t\t\t\t<div class=\"elementor-widget-container\">\n\t\t\t\t\t\t\t<!-- wp:tadv\/classic-paragraph -->\n<p>Planejamento de material did\u00e1tico e capacita\u00e7\u00f5es para graduandos e profissionais da sa\u00fade, sobretudo da enfermagem, sobre a preven\u00e7\u00e3o, a abordagem e o tratamento de les\u00f5es cut\u00e2neas, por meio de aulas\/cursos\/semin\u00e1rios. Para que, posteriormente, estes participantes propaguem o conhecimento em Unidades B\u00e1sicas de Sa\u00fade e Institui\u00e7\u00f5es interessadas, sempre sob a supervis\u00e3o da Coordenadora deste Projeto. Bem como, estejam aptos a adotar a les\u00e3o de um paciente, com corresponsabilidade deste e de seus cuidadores, at\u00e9 a completa reepiteliza\u00e7\u00e3o da \u00e1rea cut\u00e2nea lesionada. Al\u00e9m disso, o projeto busca organizar eventos cient\u00edficos sobre o tema, envolvendo alunos de gradua\u00e7\u00e3o, p\u00f3s-gradua\u00e7\u00e3o e profissionais de sa\u00fade, para apresenta\u00e7\u00e3o de relatos de experi\u00eancia das les\u00f5es adotadas. Os relatos de experi\u00eancia devem cumprir um formul\u00e1rio (check-list) e ser\u00e3o avaliados por pareceristas, sendo premiados os cinco melhores trabalhos.<\/p>\n<p>Acesse o \u00edcone &#8220;Normas para submiss\u00e3o de trabalhos&#8221; para ver o check-list.\u00a0<\/p>\n<!-- \/wp:tadv\/classic-paragraph -->\t\t\t\t\t\t<\/div>\n\t\t\t\t<\/div>\n\t\t\t\t\t<\/div>\n\t\t<\/div>\n\t\t\t\t\t<\/div>\n\t\t<\/section>\n\t\t\t\t<\/div>\n\t\t","protected":false},"excerpt":{"rendered":"<p>Planejamento de material did\u00e1tico e capacita\u00e7\u00f5es para graduandos e profissionais da sa\u00fade, sobretudo da enfermagem, sobre a preven\u00e7\u00e3o, a abordagem e o tratamento de les\u00f5es cut\u00e2neas, por meio de aulas\/cursos\/semin\u00e1rios. Para que, posteriormente, estes participantes propaguem o conhecimento em Unidades B\u00e1sicas de Sa\u00fade e Institui\u00e7\u00f5es interessadas, sempre sob a supervis\u00e3o da Coordenadora deste Projeto. Bem [&hellip;]<\/p>\n","protected":false},"author":25,"featured_media":0,"parent":0,"menu_order":0,"comment_status":"closed","ping_status":"closed","template":"","meta":{"footnotes":""},"categories":[],"tags":[],"class_list":["post-156","page","type-page","status-publish","hentry"],"acf":[],"_links":{"self":[{"href":"https:\/\/www.ufsm.br\/projetos\/extensao\/adote-uma-lesao\/wp-json\/wp\/v2\/pages\/156","targetHints":{"allow":["GET"]}}],"collection":[{"href":"https:\/\/www.ufsm.br\/projetos\/extensao\/adote-uma-lesao\/wp-json\/wp\/v2\/pages"}],"about":[{"href":"https:\/\/www.ufsm.br\/projetos\/extensao\/adote-uma-lesao\/wp-json\/wp\/v2\/types\/page"}],"author":[{"embeddable":true,"href":"https:\/\/www.ufsm.br\/projetos\/extensao\/adote-uma-lesao\/wp-json\/wp\/v2\/users\/25"}],"replies":[{"embeddable":true,"href":"https:\/\/www.ufsm.br\/projetos\/extensao\/adote-uma-lesao\/wp-json\/wp\/v2\/comments?post=156"}],"version-history":[{"count":0,"href":"https:\/\/www.ufsm.br\/projetos\/extensao\/adote-uma-lesao\/wp-json\/wp\/v2\/pages\/156\/revisions"}],"wp:attachment":[{"href":"https:\/\/www.ufsm.br\/projetos\/extensao\/adote-uma-lesao\/wp-json\/wp\/v2\/media?parent=156"}],"wp:term":[{"taxonomy":"category","embeddable":true,"href":"https:\/\/www.ufsm.br\/projetos\/extensao\/adote-uma-lesao\/wp-json\/wp\/v2\/categories?post=156"},{"taxonomy":"post_tag","embeddable":true,"href":"https:\/\/www.ufsm.br\/projetos\/extensao\/adote-uma-lesao\/wp-json\/wp\/v2\/tags?post=156"}],"curies":[{"name":"wp","href":"https:\/\/api.w.org\/{rel}","templated":true}]}}