{"id":218,"date":"2021-01-24T14:04:41","date_gmt":"2021-01-24T17:04:41","guid":{"rendered":"https:\/\/www.ufsm.br\/projetos\/extensao\/adote-uma-lesao\/?page_id=218"},"modified":"2021-02-04T14:31:37","modified_gmt":"2021-02-04T17:31:37","slug":"normas-para-submissao-de-trabalhos","status":"publish","type":"page","link":"https:\/\/www.ufsm.br\/projetos\/extensao\/adote-uma-lesao\/normas-para-submissao-de-trabalhos","title":{"rendered":"Normas para submiss\u00e3o de trabalhos"},"content":{"rendered":"\n<p>A ado\u00e7\u00e3o da les\u00e3o de um paciente at\u00e9 sua reepiteliza\u00e7\u00e3o completa pode ser apresentada nos eventos do projeto na forma de relato de experi\u00eancia. Esses trabalhos devem preencher um formul\u00e1rio (check-list) para serem submetidos \u00e0 avalia\u00e7\u00e3o dos pareceristas.\u00a0<\/p>\n<p>&#8211;&gt; Acesse a not\u00edcia &#8220;O que \u00e9 adotar uma les\u00e3o?&#8221; para mais informa\u00e7\u00f5es.\u00a0<\/p>\n<p>Vale ressaltar que, al\u00e9m do tratamento de les\u00f5es cut\u00e2neas j\u00e1 estabelecidas, a preserva\u00e7\u00e3o da integridade cut\u00e2nea tamb\u00e9m comp\u00f5e um dos objetivos do projeto. Dessa forma, voc\u00ea tamb\u00e9m pode submeter um relato de experi\u00eancia de preven\u00e7\u00e3o de les\u00f5es cut\u00e2neas de um paciente.\u00a0<\/p>\n<p>Abaixo, est\u00e3o dispon\u00edveis os seguintes documentos para download:\u00a0<\/p>\n<ul>\n<li>Normas de submiss\u00e3o dos resumos e formul\u00e1rio (check-list) para avalia\u00e7\u00e3o dos pareceristas;<\/li>\n<li>Termo de Consentimento Livre e Esclarecido (TCLE).\u00a0<\/li>\n<\/ul>\n<p><a href=\"https:\/\/www.ufsm.br\/app\/uploads\/sites\/844\/2021\/02\/Check-List-AVALIACAO-DOS-PARECERISTAS-ADOTE-2021-1.docx\">Check-List &#8211; AVALIA\u00c7\u00c3O DOS PARECERISTAS ADOTE 2021<\/a><\/p>\n<p><a href=\"https:\/\/www.ufsm.br\/app\/uploads\/sites\/844\/2021\/02\/TCLE-Adote-uma-Lesao.docx\">TCLE &#8211; Adote uma Les\u00e3o<\/a><\/p>\n<p>\u00a0<\/p>\n<p>\u00a0<\/p>\n","protected":false},"excerpt":{"rendered":"<p>A ado\u00e7\u00e3o da les\u00e3o de um paciente at\u00e9 sua reepiteliza\u00e7\u00e3o completa pode ser apresentada nos eventos do projeto na forma de relato de experi\u00eancia. Esses trabalhos devem preencher um formul\u00e1rio (check-list) para serem submetidos \u00e0 avalia\u00e7\u00e3o dos pareceristas.\u00a0 &#8211;&gt; Acesse a not\u00edcia &#8220;O que \u00e9 adotar uma les\u00e3o?&#8221; para mais informa\u00e7\u00f5es.\u00a0 Vale ressaltar que, al\u00e9m [&hellip;]<\/p>\n","protected":false},"author":3612,"featured_media":0,"parent":0,"menu_order":0,"comment_status":"closed","ping_status":"closed","template":"","meta":{"footnotes":""},"categories":[],"tags":[],"class_list":["post-218","page","type-page","status-publish","hentry"],"acf":[],"_links":{"self":[{"href":"https:\/\/www.ufsm.br\/projetos\/extensao\/adote-uma-lesao\/wp-json\/wp\/v2\/pages\/218","targetHints":{"allow":["GET"]}}],"collection":[{"href":"https:\/\/www.ufsm.br\/projetos\/extensao\/adote-uma-lesao\/wp-json\/wp\/v2\/pages"}],"about":[{"href":"https:\/\/www.ufsm.br\/projetos\/extensao\/adote-uma-lesao\/wp-json\/wp\/v2\/types\/page"}],"author":[{"embeddable":true,"href":"https:\/\/www.ufsm.br\/projetos\/extensao\/adote-uma-lesao\/wp-json\/wp\/v2\/users\/3612"}],"replies":[{"embeddable":true,"href":"https:\/\/www.ufsm.br\/projetos\/extensao\/adote-uma-lesao\/wp-json\/wp\/v2\/comments?post=218"}],"version-history":[{"count":0,"href":"https:\/\/www.ufsm.br\/projetos\/extensao\/adote-uma-lesao\/wp-json\/wp\/v2\/pages\/218\/revisions"}],"wp:attachment":[{"href":"https:\/\/www.ufsm.br\/projetos\/extensao\/adote-uma-lesao\/wp-json\/wp\/v2\/media?parent=218"}],"wp:term":[{"taxonomy":"category","embeddable":true,"href":"https:\/\/www.ufsm.br\/projetos\/extensao\/adote-uma-lesao\/wp-json\/wp\/v2\/categories?post=218"},{"taxonomy":"post_tag","embeddable":true,"href":"https:\/\/www.ufsm.br\/projetos\/extensao\/adote-uma-lesao\/wp-json\/wp\/v2\/tags?post=218"}],"curies":[{"name":"wp","href":"https:\/\/api.w.org\/{rel}","templated":true}]}}