{"id":372,"date":"2020-10-29T13:46:52","date_gmt":"2020-10-29T16:46:52","guid":{"rendered":"https:\/\/www.ufsm.br\/projetos\/extensao\/alternativa\/?page_id=372"},"modified":"2020-10-29T13:51:12","modified_gmt":"2020-10-29T16:51:12","slug":"edital-2019","status":"publish","type":"page","link":"https:\/\/www.ufsm.br\/projetos\/extensao\/alternativa\/edital-2019","title":{"rendered":"Edital 2019"},"content":{"rendered":"\n<p><strong>PROCESSO SELETIVO 2019<\/strong><\/p>\n<p><strong>PR\u00c9-UNIVERSIT\u00c1RIO POPULAR ALTERNATIVA<\/strong><\/p>\n<p>A Coordena\u00e7\u00e3o do Pr\u00e9-Universit\u00e1rio Popular Alternativa, projeto da Pr\u00f3-Reitoria de Extens\u00e3o (PRE) da Universidade Federal de Santa Maria, torna p\u00fablico o edital (<a href=\"https:\/\/www.ufsm.br\/app\/uploads\/sites\/841\/2020\/10\/Edital_Alternativa_2019_25.02.2019.pdf\" target=\"_blank\" rel=\"noopener noreferrer\">clique aqui<\/a>) do processo seletivo de 2019. D\u00favidas podem ser tiradas pelo telefone\u00a0(55) 99603-9989\u00a0e pelo e-mail\u00a0<a href=\"mailto:alternativa.pvp@gmail.com.\">alternativa.pvp@gmail.com.<\/a>\u00a0Caso seja necess\u00e1rio declarar renda informal, a coordena\u00e7\u00e3o oferece tamb\u00e9m um modelo (<a href=\"https:\/\/www.ufsm.br\/app\/uploads\/sites\/841\/2020\/10\/Declaracao_trabalho_informal_2019.pdf\" target=\"_blank\" rel=\"noopener noreferrer\">clique aqui<\/a>).<\/p>\n<p><strong>\u00a0<\/strong>Abaixo, o cronograma do processo seletivo:<\/p>\n<table style=\"width: 100%;height: 298px\" border=\"1\" cellspacing=\"0\" cellpadding=\"0\">\n<tbody>\n<tr style=\"height: 42px\">\n<td style=\"height: 42px;width: 73.1734%\" valign=\"top\" width=\"416\"><strong>Publica\u00e7\u00e3o do Edital\u00a0<\/strong>no site e\u00a0no Facebook do Alternativa e no site da Pr\u00f3-Reitoria de Extens\u00e3o<\/td>\n<td style=\"height: 42px;width: 26.4995%\" valign=\"top\" width=\"150\"><strong>25\/02\/2019<\/strong><\/td>\n<\/tr>\n<tr style=\"height: 42px\">\n<td style=\"height: 42px;width: 73.1734%\" valign=\"top\" width=\"416\"><strong>Per\u00edodo de inscri\u00e7\u00e3o<\/strong>, com entrega do question\u00e1rio socioecon\u00f4mico e toda a documenta\u00e7\u00e3o do(a) candidato(a)<\/td>\n<td style=\"height: 42px;width: 26.4995%\" valign=\"top\" width=\"150\"><strong>11\/03\/2019 a 23\/03\/2019<\/strong><\/td>\n<\/tr>\n<tr style=\"height: 42px\">\n<td style=\"height: 42px;width: 73.1734%\" valign=\"top\" width=\"416\"><strong>Disponibiliza\u00e7\u00e3o de c\u00f3pia impressa do question\u00e1rio socioecon\u00f4mico\u00a0<\/strong>na portaria do Pr\u00e9dio da Antiga Reitoria<\/td>\n<td style=\"height: 42px;width: 26.4995%\" valign=\"top\" width=\"150\"><strong>27\/02\/2019 a 23\/03\/2019<\/strong><\/td>\n<\/tr>\n<tr style=\"height: 22px\">\n<td style=\"height: 22px;width: 73.1734%\" valign=\"top\" width=\"416\"><strong>Entrevista dos(as) candidatos(as)<\/strong><\/td>\n<td style=\"height: 22px;width: 26.4995%\" valign=\"top\" width=\"150\"><strong>13\/03\/2019 a 25\/03\/2019<\/strong><\/td>\n<\/tr>\n<tr style=\"height: 42px\">\n<td style=\"height: 42px;width: 73.1734%\" valign=\"top\" width=\"416\"><strong>Divulga\u00e7\u00e3o da listagem preliminar dos(as) selecionados(as) e suplentes\u00a0<\/strong>na p\u00e1gina e no Facebook do Alternativa e no site da Pr\u00f3-Reitoria de Extens\u00e3o.<\/td>\n<td style=\"height: 42px;width: 26.4995%\" valign=\"top\" width=\"150\"><strong>27\/03\/2019<\/strong><\/td>\n<\/tr>\n<tr style=\"height: 22px\">\n<td style=\"height: 22px;width: 73.1734%\" valign=\"top\" width=\"416\"><strong>Per\u00edodo para interposi\u00e7\u00e3o de recursos<\/strong><\/td>\n<td style=\"height: 22px;width: 26.4995%\" valign=\"top\" width=\"150\"><strong>28\/03\/2019 a 29\/03\/2019<\/strong><\/td>\n<\/tr>\n<tr style=\"height: 22px\">\n<td style=\"height: 22px;width: 73.1734%\" valign=\"top\" width=\"416\"><strong>Avalia\u00e7\u00e3o dos recursos<\/strong><\/td>\n<td style=\"height: 22px;width: 26.4995%\" valign=\"top\" width=\"150\"><strong>30\/03\/2019 e 01\/04\/2019<\/strong><\/td>\n<\/tr>\n<tr style=\"height: 42px\">\n<td style=\"height: 42px;width: 73.1734%\" valign=\"top\" width=\"416\"><strong>Divulga\u00e7\u00e3o da listagem final dos(as) selecionados(as) e suplentes\u00a0<\/strong>na p\u00e1gina e no Facebook do Alternativa e no site da Pr\u00f3-Reitoria de Extens\u00e3o<\/td>\n<td style=\"height: 42px;width: 26.4995%\" valign=\"top\" width=\"150\"><strong>01\/04\/2019<\/strong><\/td>\n<\/tr>\n<tr style=\"height: 22px\">\n<td style=\"height: 22px;width: 73.1734%\" valign=\"top\" width=\"416\"><strong>In\u00edcio das aulas<\/strong><\/td>\n<td style=\"height: 22px;width: 26.4995%\" valign=\"top\" width=\"150\"><strong>02\/04\/2019<\/strong><\/td>\n<\/tr>\n<\/tbody>\n<\/table>\n\n\n\n<div class=\"wp-block-image\"><figure class=\"aligncenter size-large\"><img fetchpriority=\"high\" decoding=\"async\" width=\"745\" height=\"1024\" src=\"https:\/\/www.ufsm.br\/app\/uploads\/sites\/841\/2020\/10\/carla_raquel_letras_phixr-745x1024.jpg\" alt=\"\" class=\"wp-image-373\" srcset=\"https:\/\/www.ufsm.br\/app\/uploads\/sites\/841\/2020\/10\/carla_raquel_letras_phixr-745x1024.jpg 745w, https:\/\/www.ufsm.br\/app\/uploads\/sites\/841\/2020\/10\/carla_raquel_letras_phixr-218x300.jpg 218w, https:\/\/www.ufsm.br\/app\/uploads\/sites\/841\/2020\/10\/carla_raquel_letras_phixr-768x1055.jpg 768w, https:\/\/www.ufsm.br\/app\/uploads\/sites\/841\/2020\/10\/carla_raquel_letras_phixr.jpg 1048w\" sizes=\"(max-width: 745px) 100vw, 745px\" \/><\/figure><\/div>\n","protected":false},"excerpt":{"rendered":"<p>PROCESSO SELETIVO 2019 PR\u00c9-UNIVERSIT\u00c1RIO POPULAR ALTERNATIVA A Coordena\u00e7\u00e3o do Pr\u00e9-Universit\u00e1rio Popular Alternativa, projeto da Pr\u00f3-Reitoria de Extens\u00e3o (PRE) da Universidade Federal de Santa Maria, torna p\u00fablico o edital (clique aqui) do processo seletivo de 2019. D\u00favidas podem ser tiradas pelo telefone\u00a0(55) 99603-9989\u00a0e pelo e-mail\u00a0alternativa.pvp@gmail.com.\u00a0Caso seja necess\u00e1rio declarar renda informal, a coordena\u00e7\u00e3o oferece tamb\u00e9m um modelo [&hellip;]<\/p>\n","protected":false},"author":2223,"featured_media":0,"parent":0,"menu_order":0,"comment_status":"closed","ping_status":"closed","template":"","meta":{"footnotes":""},"categories":[],"tags":[],"class_list":["post-372","page","type-page","status-publish","hentry"],"acf":[],"_links":{"self":[{"href":"https:\/\/www.ufsm.br\/projetos\/extensao\/alternativa\/wp-json\/wp\/v2\/pages\/372","targetHints":{"allow":["GET"]}}],"collection":[{"href":"https:\/\/www.ufsm.br\/projetos\/extensao\/alternativa\/wp-json\/wp\/v2\/pages"}],"about":[{"href":"https:\/\/www.ufsm.br\/projetos\/extensao\/alternativa\/wp-json\/wp\/v2\/types\/page"}],"author":[{"embeddable":true,"href":"https:\/\/www.ufsm.br\/projetos\/extensao\/alternativa\/wp-json\/wp\/v2\/users\/2223"}],"replies":[{"embeddable":true,"href":"https:\/\/www.ufsm.br\/projetos\/extensao\/alternativa\/wp-json\/wp\/v2\/comments?post=372"}],"version-history":[{"count":0,"href":"https:\/\/www.ufsm.br\/projetos\/extensao\/alternativa\/wp-json\/wp\/v2\/pages\/372\/revisions"}],"wp:attachment":[{"href":"https:\/\/www.ufsm.br\/projetos\/extensao\/alternativa\/wp-json\/wp\/v2\/media?parent=372"}],"wp:term":[{"taxonomy":"category","embeddable":true,"href":"https:\/\/www.ufsm.br\/projetos\/extensao\/alternativa\/wp-json\/wp\/v2\/categories?post=372"},{"taxonomy":"post_tag","embeddable":true,"href":"https:\/\/www.ufsm.br\/projetos\/extensao\/alternativa\/wp-json\/wp\/v2\/tags?post=372"}],"curies":[{"name":"wp","href":"https:\/\/api.w.org\/{rel}","templated":true}]}}