{"id":550,"date":"2024-03-04T09:43:56","date_gmt":"2024-03-04T12:43:56","guid":{"rendered":"https:\/\/www.ufsm.br\/projetos\/extensao\/alternativa\/?page_id=550"},"modified":"2025-03-17T16:14:35","modified_gmt":"2025-03-17T19:14:35","slug":"edital-2024","status":"publish","type":"page","link":"https:\/\/www.ufsm.br\/projetos\/extensao\/alternativa\/edital-2024","title":{"rendered":"Edital 2025"},"content":{"rendered":"\t\t<div data-elementor-type=\"wp-page\" data-elementor-id=\"550\" class=\"elementor elementor-550\">\n\t\t\t\t\t\t<section class=\"elementor-section elementor-top-section elementor-element elementor-element-0457404 elementor-section-boxed elementor-section-height-default elementor-section-height-default\" data-id=\"0457404\" data-element_type=\"section\">\n\t\t\t\t\t\t<div class=\"elementor-container elementor-column-gap-default\">\n\t\t\t\t\t<div class=\"elementor-column elementor-col-100 elementor-top-column elementor-element elementor-element-9e39208\" data-id=\"9e39208\" data-element_type=\"column\">\n\t\t\t<div class=\"elementor-widget-wrap elementor-element-populated\">\n\t\t\t\t\t\t<div class=\"elementor-element elementor-element-81cdf01 elementor-widget elementor-widget-spacer\" data-id=\"81cdf01\" data-element_type=\"widget\" data-widget_type=\"spacer.default\">\n\t\t\t\t<div class=\"elementor-widget-container\">\n\t\t\t\t\t<div class=\"elementor-spacer\">\n\t\t\t<div class=\"elementor-spacer-inner\"><\/div>\n\t\t<\/div>\n\t\t\t\t<\/div>\n\t\t\t\t<\/div>\n\t\t\t\t<div class=\"elementor-element elementor-element-c854958 elementor-widget elementor-widget-heading\" data-id=\"c854958\" data-element_type=\"widget\" data-widget_type=\"heading.default\">\n\t\t\t\t<div class=\"elementor-widget-container\">\n\t\t\t<h3 class=\"elementor-heading-title elementor-size-default\"><span>A Pr\u00f3-Reitoria de Extens\u00e3o da Universidade Federal de Santa Maria e os Laborat\u00f3rios de Metodologia do Ensino tornam p\u00fablica a abertura dos seguintes processos seletivos.<\/span><\/h3>\t\t<\/div>\n\t\t\t\t<\/div>\n\t\t\t\t\t<\/div>\n\t\t<\/div>\n\t\t\t\t\t<\/div>\n\t\t<\/section>\n\t\t\t\t<section class=\"elementor-section elementor-top-section elementor-element elementor-element-f12c63e elementor-section-boxed elementor-section-height-default elementor-section-height-default\" data-id=\"f12c63e\" data-element_type=\"section\">\n\t\t\t\t\t\t<div class=\"elementor-container elementor-column-gap-default\">\n\t\t\t\t\t<div class=\"elementor-column elementor-col-100 elementor-top-column elementor-element elementor-element-7e4e2e4\" data-id=\"7e4e2e4\" data-element_type=\"column\">\n\t\t\t<div class=\"elementor-widget-wrap elementor-element-populated\">\n\t\t\t\t\t\t<div class=\"elementor-element elementor-element-0346118 elementor-widget__width-initial elementor-widget elementor-widget-text-editor\" data-id=\"0346118\" data-element_type=\"widget\" data-widget_type=\"text-editor.default\">\n\t\t\t\t<div class=\"elementor-widget-container\">\n\t\t\t\t\t\t\t<table style=\"border-collapse: collapse;width: 100%\"><tbody><tr><td style=\"width: 33.3333%\"><b>Edital:<\/b><\/td><td style=\"width: 33.3333%\"><b>\u00a0Per\u00edodo de inscri\u00e7\u00e3o:<\/b><\/td><td style=\"width: 33.3333%\"><b>\u00a0\u00a0P\u00e1gina de publica\u00e7\u00e3o:<\/b><\/td><\/tr><\/tbody><\/table><table style=\"border-collapse: collapse;width: 0%;height: 388px\"><tbody><tr style=\"height: 368px\"><td style=\"width: 33.3333%;height: 368px\"><p><span style=\"color: #000000;font-size: 16px\">Sele\u00e7\u00e3o de educandos &#8211; Edital: 011\/2025 &#8211; PRE &#8211; UFSM<\/span><\/p><\/td><td style=\"width: 33.3333%;height: 368px\"><p>10\/03\/2025 at\u00e9 24\/03\/2025<\/p><\/td><td style=\"width: 33.3333%;height: 368px\"><p><a href=\"https:\/\/www.ufsm.br\/pro-reitorias\/pre\/editais\/011-2025\">https:\/\/www.ufsm.br\/pro-reitorias\/pre\/editais\/011-2025<\/a>\u00a0<\/p><\/td><\/tr><tr style=\"height: 10px\"><td style=\"width: 33.3333%;height: 10px\">\u00a0<\/td><td style=\"width: 33.3333%;height: 10px\">\u00a0<\/td><td style=\"width: 33.3333%;height: 10px\">\u00a0<\/td><\/tr><tr style=\"height: 10px\"><td style=\"width: 33.3333%;height: 10px\">\u00a0<\/td><td style=\"width: 33.3333%;height: 10px\">\u00a0<\/td><td style=\"width: 33.3333%;height: 10px\">\u00a0<\/td><\/tr><\/tbody><\/table>\t\t\t\t\t\t<\/div>\n\t\t\t\t<\/div>\n\t\t\t\t\t<\/div>\n\t\t<\/div>\n\t\t\t\t\t<\/div>\n\t\t<\/section>\n\t\t\t\t<\/div>\n\t\t","protected":false},"excerpt":{"rendered":"<p>A Pr\u00f3-Reitoria de Extens\u00e3o da Universidade Federal de Santa Maria e os Laborat\u00f3rios de Metodologia do Ensino tornam p\u00fablica a abertura dos seguintes processos seletivos. Edital: \u00a0Per\u00edodo de inscri\u00e7\u00e3o: \u00a0\u00a0P\u00e1gina de publica\u00e7\u00e3o: Sele\u00e7\u00e3o de educandos &#8211; Edital: 011\/2025 &#8211; PRE &#8211; UFSM 10\/03\/2025 at\u00e9 24\/03\/2025 https:\/\/www.ufsm.br\/pro-reitorias\/pre\/editais\/011-2025\u00a0 \u00a0 \u00a0 \u00a0 \u00a0 \u00a0 \u00a0<\/p>\n","protected":false},"author":6820,"featured_media":0,"parent":0,"menu_order":0,"comment_status":"closed","ping_status":"closed","template":"","meta":{"footnotes":""},"categories":[],"tags":[],"class_list":["post-550","page","type-page","status-publish","hentry"],"acf":[],"_links":{"self":[{"href":"https:\/\/www.ufsm.br\/projetos\/extensao\/alternativa\/wp-json\/wp\/v2\/pages\/550","targetHints":{"allow":["GET"]}}],"collection":[{"href":"https:\/\/www.ufsm.br\/projetos\/extensao\/alternativa\/wp-json\/wp\/v2\/pages"}],"about":[{"href":"https:\/\/www.ufsm.br\/projetos\/extensao\/alternativa\/wp-json\/wp\/v2\/types\/page"}],"author":[{"embeddable":true,"href":"https:\/\/www.ufsm.br\/projetos\/extensao\/alternativa\/wp-json\/wp\/v2\/users\/6820"}],"replies":[{"embeddable":true,"href":"https:\/\/www.ufsm.br\/projetos\/extensao\/alternativa\/wp-json\/wp\/v2\/comments?post=550"}],"version-history":[{"count":0,"href":"https:\/\/www.ufsm.br\/projetos\/extensao\/alternativa\/wp-json\/wp\/v2\/pages\/550\/revisions"}],"wp:attachment":[{"href":"https:\/\/www.ufsm.br\/projetos\/extensao\/alternativa\/wp-json\/wp\/v2\/media?parent=550"}],"wp:term":[{"taxonomy":"category","embeddable":true,"href":"https:\/\/www.ufsm.br\/projetos\/extensao\/alternativa\/wp-json\/wp\/v2\/categories?post=550"},{"taxonomy":"post_tag","embeddable":true,"href":"https:\/\/www.ufsm.br\/projetos\/extensao\/alternativa\/wp-json\/wp\/v2\/tags?post=550"}],"curies":[{"name":"wp","href":"https:\/\/api.w.org\/{rel}","templated":true}]}}