{"id":154,"date":"2019-05-20T13:27:00","date_gmt":"2019-05-20T16:27:00","guid":{"rendered":"https:\/\/www.ufsm.br\/projetos\/extensao\/ateliedetextos\/?page_id=154"},"modified":"2023-08-26T16:42:44","modified_gmt":"2023-08-26T19:42:44","slug":"participantes","status":"publish","type":"page","link":"https:\/\/www.ufsm.br\/projetos\/extensao\/ateliedetextos\/participantes","title":{"rendered":"Participantes"},"content":{"rendered":"\t\t<div data-elementor-type=\"wp-page\" data-elementor-id=\"154\" class=\"elementor elementor-154\">\n\t\t\t\t\t\t<section class=\"elementor-section elementor-top-section elementor-element elementor-element-4504e9fa elementor-section-boxed elementor-section-height-default elementor-section-height-default\" data-id=\"4504e9fa\" data-element_type=\"section\">\n\t\t\t\t\t\t<div class=\"elementor-container elementor-column-gap-default\">\n\t\t\t\t\t<div class=\"elementor-column elementor-col-100 elementor-top-column elementor-element elementor-element-54d224b2\" data-id=\"54d224b2\" data-element_type=\"column\">\n\t\t\t<div class=\"elementor-widget-wrap elementor-element-populated\">\n\t\t\t\t\t\t<div class=\"elementor-element elementor-element-6586126d elementor-widget elementor-widget-text-editor\" data-id=\"6586126d\" data-element_type=\"widget\" data-widget_type=\"text-editor.default\">\n\t\t\t\t<div class=\"elementor-widget-container\">\n\t\t\t\t\t\t\t<!-- wp:tadv\/classic-paragraph \/-->\t\t\t\t\t\t<\/div>\n\t\t\t\t<\/div>\n\t\t\t\t\t<\/div>\n\t\t<\/div>\n\t\t\t\t\t<\/div>\n\t\t<\/section>\n\t\t\t\t<section class=\"elementor-section elementor-top-section elementor-element elementor-element-deca18e elementor-section-boxed elementor-section-height-default elementor-section-height-default\" data-id=\"deca18e\" data-element_type=\"section\">\n\t\t\t\t\t\t<div class=\"elementor-container elementor-column-gap-default\">\n\t\t\t\t\t<div class=\"elementor-column elementor-col-100 elementor-top-column elementor-element elementor-element-94d0ded\" data-id=\"94d0ded\" data-element_type=\"column\">\n\t\t\t<div class=\"elementor-widget-wrap elementor-element-populated\">\n\t\t\t\t\t\t<div class=\"elementor-element elementor-element-83c0079 elementor-widget elementor-widget-text-editor\" data-id=\"83c0079\" data-element_type=\"widget\" data-widget_type=\"text-editor.default\">\n\t\t\t\t<div class=\"elementor-widget-container\">\n\t\t\t\t\t\t\t<p style=\"color: #000000;font-size: 16px\"><span style=\"font-weight: bolder\">Coordenadora:\u00a0<\/span>Profa. Dra. Cristiane Fuzer\u00a0<\/p>\n<p style=\"color: #000000;font-size: 16px\"><b>Colaboradores:<\/b> Sara Regina Scotta Cabral, T\u00e2nia Maria Moreira, Anidene de Siqueira Cecchin, Carla Carine Gerhardt, Cintia Cocco<\/p>\n<p style=\"color: #000000;font-size: 16px\"><b>Acad\u00eamicos de p\u00f3s-gradua\u00e7\u00e3o:<\/b> Guilherme Barbat Barros, Mhdi Ibrahim Bader Khun, Maria Cec\u00edlia Castro, Simone Bitencurt<\/p>\n<p style=\"color: #000000;font-size: 16px\"><b>Acad\u00eamicos de gradua\u00e7\u00e3o:<\/b> Ana Carolina Muniz, Larissa N\u00f3brega Tavares, Natalia Kober Medeiros, P\u00e2mela Mota<\/p>\t\t\t\t\t\t<\/div>\n\t\t\t\t<\/div>\n\t\t\t\t\t<\/div>\n\t\t<\/div>\n\t\t\t\t\t<\/div>\n\t\t<\/section>\n\t\t\t\t<section class=\"elementor-section elementor-top-section elementor-element elementor-element-1321367 elementor-section-boxed elementor-section-height-default elementor-section-height-default\" data-id=\"1321367\" data-element_type=\"section\">\n\t\t\t\t\t\t<div class=\"elementor-container elementor-column-gap-default\">\n\t\t\t\t\t<div class=\"elementor-column elementor-col-100 elementor-top-column elementor-element elementor-element-83e59e0\" data-id=\"83e59e0\" data-element_type=\"column\">\n\t\t\t<div class=\"elementor-widget-wrap elementor-element-populated\">\n\t\t\t\t\t\t\t<\/div>\n\t\t<\/div>\n\t\t\t\t\t<\/div>\n\t\t<\/section>\n\t\t\t\t<\/div>\n\t\t","protected":false},"excerpt":{"rendered":"<p>Coordenadora:\u00a0Profa. Dra. Cristiane Fuzer\u00a0 Colaboradores: Sara Regina Scotta Cabral, T\u00e2nia Maria Moreira, Anidene de Siqueira Cecchin, Carla Carine Gerhardt, Cintia Cocco Acad\u00eamicos de p\u00f3s-gradua\u00e7\u00e3o: Guilherme Barbat Barros, Mhdi Ibrahim Bader Khun, Maria Cec\u00edlia Castro, Simone Bitencurt Acad\u00eamicos de gradua\u00e7\u00e3o: Ana Carolina Muniz, Larissa N\u00f3brega Tavares, Natalia Kober Medeiros, P\u00e2mela Mota<\/p>\n","protected":false},"author":25,"featured_media":0,"parent":0,"menu_order":0,"comment_status":"closed","ping_status":"closed","template":"","meta":{"footnotes":""},"categories":[],"tags":[],"class_list":["post-154","page","type-page","status-publish","hentry"],"acf":[],"_links":{"self":[{"href":"https:\/\/www.ufsm.br\/projetos\/extensao\/ateliedetextos\/wp-json\/wp\/v2\/pages\/154","targetHints":{"allow":["GET"]}}],"collection":[{"href":"https:\/\/www.ufsm.br\/projetos\/extensao\/ateliedetextos\/wp-json\/wp\/v2\/pages"}],"about":[{"href":"https:\/\/www.ufsm.br\/projetos\/extensao\/ateliedetextos\/wp-json\/wp\/v2\/types\/page"}],"author":[{"embeddable":true,"href":"https:\/\/www.ufsm.br\/projetos\/extensao\/ateliedetextos\/wp-json\/wp\/v2\/users\/25"}],"replies":[{"embeddable":true,"href":"https:\/\/www.ufsm.br\/projetos\/extensao\/ateliedetextos\/wp-json\/wp\/v2\/comments?post=154"}],"version-history":[{"count":0,"href":"https:\/\/www.ufsm.br\/projetos\/extensao\/ateliedetextos\/wp-json\/wp\/v2\/pages\/154\/revisions"}],"wp:attachment":[{"href":"https:\/\/www.ufsm.br\/projetos\/extensao\/ateliedetextos\/wp-json\/wp\/v2\/media?parent=154"}],"wp:term":[{"taxonomy":"category","embeddable":true,"href":"https:\/\/www.ufsm.br\/projetos\/extensao\/ateliedetextos\/wp-json\/wp\/v2\/categories?post=154"},{"taxonomy":"post_tag","embeddable":true,"href":"https:\/\/www.ufsm.br\/projetos\/extensao\/ateliedetextos\/wp-json\/wp\/v2\/tags?post=154"}],"curies":[{"name":"wp","href":"https:\/\/api.w.org\/{rel}","templated":true}]}}