{"id":314,"date":"2020-02-04T11:10:39","date_gmt":"2020-02-04T14:10:39","guid":{"rendered":"https:\/\/www.ufsm.br\/projetos\/extensao\/ateliedetextos\/?page_id=314"},"modified":"2026-01-04T13:24:45","modified_gmt":"2026-01-04T16:24:45","slug":"premios","status":"publish","type":"page","link":"https:\/\/www.ufsm.br\/projetos\/extensao\/ateliedetextos\/premios","title":{"rendered":"Pr\u00eamios"},"content":{"rendered":"\t\t<div data-elementor-type=\"wp-page\" data-elementor-id=\"314\" class=\"elementor elementor-314\">\n\t\t\t\t\t\t<section class=\"elementor-section elementor-top-section elementor-element elementor-element-47b2f6a elementor-section-boxed elementor-section-height-default elementor-section-height-default\" data-id=\"47b2f6a\" data-element_type=\"section\">\n\t\t\t\t\t\t<div class=\"elementor-container elementor-column-gap-default\">\n\t\t\t\t\t<div class=\"elementor-column elementor-col-100 elementor-top-column elementor-element elementor-element-9001f0b\" data-id=\"9001f0b\" data-element_type=\"column\">\n\t\t\t<div class=\"elementor-widget-wrap elementor-element-populated\">\n\t\t\t\t\t\t<div class=\"elementor-element elementor-element-bf4a66d elementor-widget elementor-widget-heading\" data-id=\"bf4a66d\" data-element_type=\"widget\" data-widget_type=\"heading.default\">\n\t\t\t\t<div class=\"elementor-widget-container\">\n\t\t\t<h2 class=\"elementor-heading-title elementor-size-default\">Pr\u00eamio RBS de Educa\u00e7\u00e3o<\/h2>\t\t<\/div>\n\t\t\t\t<\/div>\n\t\t\t\t\t<\/div>\n\t\t<\/div>\n\t\t\t\t\t<\/div>\n\t\t<\/section>\n\t\t\t\t<section class=\"elementor-section elementor-top-section elementor-element elementor-element-54664e7 elementor-section-boxed elementor-section-height-default elementor-section-height-default\" data-id=\"54664e7\" data-element_type=\"section\">\n\t\t\t\t\t\t<div class=\"elementor-container elementor-column-gap-default\">\n\t\t\t\t\t<div class=\"elementor-column elementor-col-100 elementor-top-column elementor-element elementor-element-40c1a2e\" data-id=\"40c1a2e\" data-element_type=\"column\">\n\t\t\t<div class=\"elementor-widget-wrap elementor-element-populated\">\n\t\t\t\t\t\t<div class=\"elementor-element elementor-element-b3ff2bf elementor-widget elementor-widget-text-editor\" data-id=\"b3ff2bf\" data-element_type=\"widget\" data-widget_type=\"text-editor.default\">\n\t\t\t\t<div class=\"elementor-widget-container\">\n\t\t\t\t\t\t\t<div><b>Destaque Extensionista UFSM<\/b><\/div><div>Trabalho do Ateli\u00ea de Textos \u00e9 Destaque Extensionista da UFSM!\u00a0<\/div><div>O\u00a0trabalho intitulado &#8220;Ateli\u00ea de Textos: proposta de atividades para leitura e produ\u00e7\u00e3o de sinopses de obras cinematogr\u00e1ficas\u00a0no contexto do Geoparque Quarta Col\u00f4nia&#8221;, apresentado pela estudante de Letras Carla Raquel da Silva Pengo e orientado pela Profa. Dra. Cristiane Fuzer,foi eleito o melhor trabalho de extens\u00e3o do Centro de Artes e Letras de 2023. A cerim\u00f4nia de entrega de entrega do certificado de Destaque Extensionista ocorreu durante a 38\u00aa Jornada Acad\u00eamica Integrada, em 2024, na UFSM.\u00a0<\/div>\t\t\t\t\t\t<\/div>\n\t\t\t\t<\/div>\n\t\t\t\t\t<\/div>\n\t\t<\/div>\n\t\t\t\t\t<\/div>\n\t\t<\/section>\n\t\t\t\t<section class=\"elementor-section elementor-top-section elementor-element elementor-element-0fb8e57 elementor-section-boxed elementor-section-height-default elementor-section-height-default\" data-id=\"0fb8e57\" data-element_type=\"section\">\n\t\t\t\t\t\t<div class=\"elementor-container elementor-column-gap-default\">\n\t\t\t\t\t<div class=\"elementor-column elementor-col-100 elementor-top-column elementor-element elementor-element-5f027dc\" data-id=\"5f027dc\" data-element_type=\"column\">\n\t\t\t<div class=\"elementor-widget-wrap elementor-element-populated\">\n\t\t\t\t\t\t<div class=\"elementor-element elementor-element-9874802 elementor-widget elementor-widget-text-editor\" data-id=\"9874802\" data-element_type=\"widget\" data-widget_type=\"text-editor.default\">\n\t\t\t\t<div class=\"elementor-widget-container\">\n\t\t\t\t\t\t\t<figure id=\"attachment_466\" aria-describedby=\"caption-attachment-466\" style=\"width: 533px\" class=\"wp-caption aligncenter\"><img fetchpriority=\"high\" decoding=\"async\" class=\"wp-image-466\" src=\"https:\/\/www.ufsm.br\/app\/uploads\/sites\/801\/2026\/01\/Destaque-Extensionista-2024-300x225.jpg\" alt=\"imagem comemorativa do recebimento do pr\u00eamio da Profa. Dra. Cristiane Fuzer e acad\u00eamica Carla Raquel da Silva Pengo.\" width=\"533\" height=\"400\" srcset=\"https:\/\/www.ufsm.br\/app\/uploads\/sites\/801\/2026\/01\/Destaque-Extensionista-2024-300x225.jpg 300w, https:\/\/www.ufsm.br\/app\/uploads\/sites\/801\/2026\/01\/Destaque-Extensionista-2024-1024x768.jpg 1024w, https:\/\/www.ufsm.br\/app\/uploads\/sites\/801\/2026\/01\/Destaque-Extensionista-2024-768x576.jpg 768w, https:\/\/www.ufsm.br\/app\/uploads\/sites\/801\/2026\/01\/Destaque-Extensionista-2024-1536x1152.jpg 1536w, https:\/\/www.ufsm.br\/app\/uploads\/sites\/801\/2026\/01\/Destaque-Extensionista-2024.jpg 2048w\" sizes=\"(max-width: 533px) 100vw, 533px\" \/><figcaption id=\"caption-attachment-466\" class=\"wp-caption-text\">Profa. Dra. Cristiane Fuzer e acad\u00eamica Carla Raquel da Silva Pengo. Foto: acervo Ateli\u00ea de Textos.<\/figcaption><\/figure>\t\t\t\t\t\t<\/div>\n\t\t\t\t<\/div>\n\t\t\t\t\t<\/div>\n\t\t<\/div>\n\t\t\t\t\t<\/div>\n\t\t<\/section>\n\t\t\t\t<section class=\"elementor-section elementor-top-section elementor-element elementor-element-e668379 elementor-section-boxed elementor-section-height-default elementor-section-height-default\" data-id=\"e668379\" data-element_type=\"section\">\n\t\t\t\t\t\t<div class=\"elementor-container elementor-column-gap-default\">\n\t\t\t\t\t<div class=\"elementor-column elementor-col-100 elementor-top-column elementor-element elementor-element-118e7c9\" data-id=\"118e7c9\" data-element_type=\"column\">\n\t\t\t<div class=\"elementor-widget-wrap elementor-element-populated\">\n\t\t\t\t\t\t<div class=\"elementor-element elementor-element-4e67757 elementor-widget elementor-widget-text-editor\" data-id=\"4e67757\" data-element_type=\"widget\" data-widget_type=\"text-editor.default\">\n\t\t\t\t<div class=\"elementor-widget-container\">\n\t\t\t\t\t\t\t<p><strong>O Ateli\u00ea de Textos foi vencedor da minha primeira edi\u00e7\u00e3o do Pr\u00eamio RBS de Educa\u00e7\u00e3o na\u00a0Categoria Projeto Comunit\u00e1rio,\u00a0em 2013.<\/strong><\/p><p><a href=\"https:\/\/www.youtube.com\/watch?v=AFXeQmdjmZk\">Assista ao v\u00eddeo do Ateli\u00ea de Textos<\/a>.<\/p><p><a href=\"https:\/\/youtu.be\/dVY_7EjIpyM?si=9Jdo8YiPqSh5UGqb\">Assista ao v\u00eddeo da Cerim\u00f4nia de Premia\u00e7\u00e3o.<\/a><\/p><p><a href=\"http:\/\/globotv.globo.com\/rbs-rs\/rbs-noticias\/v\/professora-cria-atelier-de-textos-para-alunos-de-escolas-publicas\/2970737\/\">Ateli\u00ea de Textos no RBS Not\u00edcias (2013)<\/a><a href=\"https:\/\/www.youtube.com\/watch?v=AFXeQmdjmZk\">.<\/a><\/p><p><a href=\"http:\/\/globotv.globo.com\/rbs-rs\/rbs-noticias\/v\/lancado-3a-premio-rbs-de-educacao-em-santa-maria\/4156813\/\">Ateli\u00ea de Textos no RBS Not\u00edcias (2015).<\/a><\/p><p><a href=\"http:\/\/globotv.globo.com\/rbs-rs\/jornal-do-almoco\/v\/professores-do-rs-que-venceram-o-premio-rbs-de-educacao-participam-do-jornal-do-almoco\/2994719\/\">Ateli\u00ea de Textos no Jornal do Almo\u00e7o RS (2013).<\/a><\/p><p><a href=\"http:\/\/globotv.globo.com\/rbs-rs\/jornal-do-almoco\/v\/ao-vivo-da-feira-do-livro-professora-fala-de-livros-que-nao-sao-compostos-por-palavras\/4157688\/\">Ateli\u00ea de Textos no Jornal no Almo\u00e7o RS (maio de 2015).<\/a><\/p><p><a href=\"http:\/\/globotv.globo.com\/rbs-rs\/jornal-do-almoco\/v\/premio-rbs-de-educacao-busca-valorizar-acoes-de-alunos-e-educadores\/4410602\/\">Ateli\u00ea de Textos no Jornal do Almo\u00e7o RS (agosto de 2015)<\/a>.<\/p><p><a href=\"http:\/\/globotv.globo.com\/rbs-sc\/jornal-do-almoco-sc\/v\/conheca-os-projetos-vencedores-do-premio-rbs-de-educacao\/2994668\/\">Ateli\u00ea de Textos no Jornal do Almo\u00e7o SC.<\/a>\u00a0<\/p>\t\t\t\t\t\t<\/div>\n\t\t\t\t<\/div>\n\t\t\t\t\t<\/div>\n\t\t<\/div>\n\t\t\t\t\t<\/div>\n\t\t<\/section>\n\t\t\t\t<section class=\"elementor-section elementor-top-section elementor-element elementor-element-deec0d0 elementor-section-boxed elementor-section-height-default elementor-section-height-default\" data-id=\"deec0d0\" data-element_type=\"section\">\n\t\t\t\t\t\t<div class=\"elementor-container elementor-column-gap-default\">\n\t\t\t\t\t<div class=\"elementor-column elementor-col-100 elementor-top-column elementor-element elementor-element-645b9fe\" data-id=\"645b9fe\" data-element_type=\"column\">\n\t\t\t<div class=\"elementor-widget-wrap elementor-element-populated\">\n\t\t\t\t\t\t<div class=\"elementor-element elementor-element-cd2fd2e elementor-widget elementor-widget-text-editor\" data-id=\"cd2fd2e\" data-element_type=\"widget\" data-widget_type=\"text-editor.default\">\n\t\t\t\t<div class=\"elementor-widget-container\">\n\t\t\t\t\t\t\t<figure id=\"attachment_315\" aria-describedby=\"caption-attachment-315\" style=\"width: 565px\" class=\"wp-caption aligncenter\"><img decoding=\"async\" class=\"wp-image-315\" src=\"https:\/\/www.ufsm.br\/app\/uploads\/sites\/801\/2020\/02\/equipepremiook-1-300x212.jpg\" alt=\"Equipe do projeto na cerim\u00f4nia de premia\u00e7\u00e3o em Florian\u00f3polis, SC. Fonte: acervo Ateli\u00ea de Textos. \" width=\"565\" height=\"400\" srcset=\"https:\/\/www.ufsm.br\/app\/uploads\/sites\/801\/2020\/02\/equipepremiook-1-300x212.jpg 300w, https:\/\/www.ufsm.br\/app\/uploads\/sites\/801\/2020\/02\/equipepremiook-1.jpg 448w\" sizes=\"(max-width: 565px) 100vw, 565px\" \/><figcaption id=\"caption-attachment-315\" class=\"wp-caption-text\">Equipe do projeto na cerim\u00f4nia de premia\u00e7\u00e3o em Florian\u00f3polis, SC. Fonte: acervo Ateli\u00ea de Textos.<\/figcaption><\/figure><figure id=\"attachment_316\" aria-describedby=\"caption-attachment-316\" style=\"width: 533px\" class=\"wp-caption aligncenter\"><img decoding=\"async\" class=\"wp-image-316\" src=\"https:\/\/www.ufsm.br\/app\/uploads\/sites\/801\/2020\/02\/premiook-300x225.jpg\" alt=\"Coordenadora do projeto recebendo o Pr\u00eamio RBS de Educa\u00e7\u00e3o. Foto: Rochele Perosa.\" width=\"533\" height=\"400\" srcset=\"https:\/\/www.ufsm.br\/app\/uploads\/sites\/801\/2020\/02\/premiook-300x225.jpg 300w, https:\/\/www.ufsm.br\/app\/uploads\/sites\/801\/2020\/02\/premiook.jpg 448w\" sizes=\"(max-width: 533px) 100vw, 533px\" \/><figcaption id=\"caption-attachment-316\" class=\"wp-caption-text\">Coordenadora do projeto recebendo o Pr\u00eamio RBS de Educa\u00e7\u00e3o. Fonte: Rochele Perosa.<\/figcaption><\/figure><figure id=\"attachment_317\" aria-describedby=\"caption-attachment-317\" style=\"width: 603px\" class=\"wp-caption aligncenter\"><img loading=\"lazy\" decoding=\"async\" class=\"wp-image-317\" src=\"https:\/\/www.ufsm.br\/app\/uploads\/sites\/801\/2020\/02\/equipepremio3sok-300x199.jpg\" alt=\"Integrantes do projeto comemorando a premia\u00e7\u00e3o.\u00a0\u00a0Fonte: acervo Ateli\u00ea de Textos. \" width=\"603\" height=\"400\" srcset=\"https:\/\/www.ufsm.br\/app\/uploads\/sites\/801\/2020\/02\/equipepremio3sok-300x199.jpg 300w, https:\/\/www.ufsm.br\/app\/uploads\/sites\/801\/2020\/02\/equipepremio3sok.jpg 448w\" sizes=\"(max-width: 603px) 100vw, 603px\" \/><figcaption id=\"caption-attachment-317\" class=\"wp-caption-text\">Integrantes do projeto comemorando a premia\u00e7\u00e3o.\u00a0Fonte: acervo Ateli\u00ea de Textos.<\/figcaption><\/figure>\t\t\t\t\t\t<\/div>\n\t\t\t\t<\/div>\n\t\t\t\t\t<\/div>\n\t\t<\/div>\n\t\t\t\t\t<\/div>\n\t\t<\/section>\n\t\t\t\t<section class=\"elementor-section elementor-top-section elementor-element elementor-element-8580364 elementor-section-boxed elementor-section-height-default elementor-section-height-default\" data-id=\"8580364\" data-element_type=\"section\">\n\t\t\t\t\t\t<div class=\"elementor-container elementor-column-gap-default\">\n\t\t\t\t\t<div class=\"elementor-column elementor-col-100 elementor-top-column elementor-element elementor-element-7d10cc7\" data-id=\"7d10cc7\" data-element_type=\"column\">\n\t\t\t<div class=\"elementor-widget-wrap elementor-element-populated\">\n\t\t\t\t\t\t<div class=\"elementor-element elementor-element-264c3bc elementor-widget elementor-widget-text-editor\" data-id=\"264c3bc\" data-element_type=\"widget\" data-widget_type=\"text-editor.default\">\n\t\t\t\t<div class=\"elementor-widget-container\">\n\t\t\t\t\t\t\t<p><strong>Pr\u00eamio Professor Rubens Murillo Marques\u00a0<\/strong><\/p><p>Em 2017, o\u00a0projeto &#8220;Leitura e avalia\u00e7\u00e3o de textos: etapas para a forma\u00e7\u00e3o inicial de professores de produ\u00e7\u00e3o textual&#8221;, da Profa. Dra. Cristiane Fuzer, venceu o Pr\u00eamio Professor Rubens Murillo Marques 2017.\u00a0Em sua s\u00e9tima edi\u00e7\u00e3o, o Pr\u00eamio \u00e9 uma iniciativa da Funda\u00e7\u00e3o Carlos Chagas para valorizar experi\u00eancias educativas inovadoras propostas por professores de Licenciatura que visam \u00e0 forma\u00e7\u00e3o de professores para a educa\u00e7\u00e3o b\u00e1sica. Nesta edi\u00e7\u00e3o, foram avaliados 115 trabalhos desenvolvidos por docentes de diversas institui\u00e7\u00f5es universit\u00e1rias das cinco regi\u00f5es do Brasil.\u00a0<\/p><div>O primeiro trabalho premiado, desenvolvido pela Profa. Cristiane desde 2010 como disciplina complementar de gradua\u00e7\u00e3o criada para os cursos de licenciatura em Letras na UFSM, consiste em um conjunto de atividades que aliam teoria e pr\u00e1tica por meio de experi\u00eancias de intera\u00e7\u00e3o real via textos envolvendo graduandos de Letras, professor formador, professor em servi\u00e7o e alunos da educa\u00e7\u00e3o b\u00e1sica.\u00a0<\/div><div>\u00a0<\/div><div>A cerim\u00f4nia de premia\u00e7\u00e3o ocorreu no dia 17\/11\/2017, em S\u00e3o Paulo, e contou com a participa\u00e7\u00e3o da diretoria da Funda\u00e7\u00e3o Carlos Chagas, com representantes da comiss\u00e3o avaliadora, os premiados e demais convidados.<\/div><div>\u00a0<\/div><div>\u00a0<a href=\"https:\/\/publicacoes.fcc.org.br\/textosfcc\/article\/view\/5550\">Leia o trabalho premiado publicado na \u00edntegra pela FCC.<\/a><\/div>\t\t\t\t\t\t<\/div>\n\t\t\t\t<\/div>\n\t\t\t\t\t<\/div>\n\t\t<\/div>\n\t\t\t\t\t<\/div>\n\t\t<\/section>\n\t\t\t\t<section class=\"elementor-section elementor-top-section elementor-element elementor-element-f7160f3 elementor-section-boxed elementor-section-height-default elementor-section-height-default\" data-id=\"f7160f3\" data-element_type=\"section\">\n\t\t\t\t\t\t<div class=\"elementor-container elementor-column-gap-default\">\n\t\t\t\t\t<div class=\"elementor-column elementor-col-100 elementor-top-column elementor-element elementor-element-0238d3b\" data-id=\"0238d3b\" data-element_type=\"column\">\n\t\t\t<div class=\"elementor-widget-wrap elementor-element-populated\">\n\t\t\t\t\t\t<div class=\"elementor-element elementor-element-86915f9 elementor-widget elementor-widget-text-editor\" data-id=\"86915f9\" data-element_type=\"widget\" data-widget_type=\"text-editor.default\">\n\t\t\t\t<div class=\"elementor-widget-container\">\n\t\t\t\t\t\t\t<figure id=\"attachment_446\" aria-describedby=\"caption-attachment-446\" style=\"width: 585px\" class=\"wp-caption aligncenter\"><img loading=\"lazy\" decoding=\"async\" class=\"wp-image-446\" src=\"https:\/\/www.ufsm.br\/app\/uploads\/sites\/801\/2024\/01\/Cris-Premio-Rubens-Murillo-Marques-300x205.jpg\" alt=\"Profa. Dra. Cristiane Fuzer e demais contemplados com o Pr\u00eamio Professor Rubens Murillo Marques. Foto: Funda\u00e7\u00e3o Carlos Chagas.\u00a0\u00a0\" width=\"585\" height=\"400\" srcset=\"https:\/\/www.ufsm.br\/app\/uploads\/sites\/801\/2024\/01\/Cris-Premio-Rubens-Murillo-Marques-300x205.jpg 300w, https:\/\/www.ufsm.br\/app\/uploads\/sites\/801\/2024\/01\/Cris-Premio-Rubens-Murillo-Marques-1024x700.jpg 1024w, https:\/\/www.ufsm.br\/app\/uploads\/sites\/801\/2024\/01\/Cris-Premio-Rubens-Murillo-Marques-768x525.jpg 768w, https:\/\/www.ufsm.br\/app\/uploads\/sites\/801\/2024\/01\/Cris-Premio-Rubens-Murillo-Marques-1536x1050.jpg 1536w, https:\/\/www.ufsm.br\/app\/uploads\/sites\/801\/2024\/01\/Cris-Premio-Rubens-Murillo-Marques.jpg 1920w\" sizes=\"(max-width: 585px) 100vw, 585px\" \/><figcaption id=\"caption-attachment-446\" class=\"wp-caption-text\">Profa. Dra. Cristiane Fuzer e demais contemplados com o Pr\u00eamio Professor Rubens Murillo Marques. Fonte: Funda\u00e7\u00e3o Carlos Chagas.\u00a0\u00a0<\/figcaption><\/figure>\t\t\t\t\t\t<\/div>\n\t\t\t\t<\/div>\n\t\t\t\t\t<\/div>\n\t\t<\/div>\n\t\t\t\t\t<\/div>\n\t\t<\/section>\n\t\t\t\t<\/div>\n\t\t","protected":false},"excerpt":{"rendered":"<p>Pr\u00eamio RBS de Educa\u00e7\u00e3o Destaque Extensionista UFSMTrabalho do Ateli\u00ea de Textos \u00e9 Destaque Extensionista da UFSM!\u00a0O\u00a0trabalho intitulado &#8220;Ateli\u00ea de Textos: proposta de atividades para leitura e produ\u00e7\u00e3o de sinopses de obras cinematogr\u00e1ficas\u00a0no contexto do Geoparque Quarta Col\u00f4nia&#8221;, apresentado pela estudante de Letras Carla Raquel da Silva Pengo e orientado pela Profa. Dra. Cristiane Fuzer,foi eleito [&hellip;]<\/p>\n","protected":false},"author":867,"featured_media":0,"parent":0,"menu_order":0,"comment_status":"closed","ping_status":"closed","template":"","meta":{"footnotes":""},"categories":[],"tags":[],"class_list":["post-314","page","type-page","status-publish","hentry"],"acf":[],"_links":{"self":[{"href":"https:\/\/www.ufsm.br\/projetos\/extensao\/ateliedetextos\/wp-json\/wp\/v2\/pages\/314","targetHints":{"allow":["GET"]}}],"collection":[{"href":"https:\/\/www.ufsm.br\/projetos\/extensao\/ateliedetextos\/wp-json\/wp\/v2\/pages"}],"about":[{"href":"https:\/\/www.ufsm.br\/projetos\/extensao\/ateliedetextos\/wp-json\/wp\/v2\/types\/page"}],"author":[{"embeddable":true,"href":"https:\/\/www.ufsm.br\/projetos\/extensao\/ateliedetextos\/wp-json\/wp\/v2\/users\/867"}],"replies":[{"embeddable":true,"href":"https:\/\/www.ufsm.br\/projetos\/extensao\/ateliedetextos\/wp-json\/wp\/v2\/comments?post=314"}],"version-history":[{"count":0,"href":"https:\/\/www.ufsm.br\/projetos\/extensao\/ateliedetextos\/wp-json\/wp\/v2\/pages\/314\/revisions"}],"wp:attachment":[{"href":"https:\/\/www.ufsm.br\/projetos\/extensao\/ateliedetextos\/wp-json\/wp\/v2\/media?parent=314"}],"wp:term":[{"taxonomy":"category","embeddable":true,"href":"https:\/\/www.ufsm.br\/projetos\/extensao\/ateliedetextos\/wp-json\/wp\/v2\/categories?post=314"},{"taxonomy":"post_tag","embeddable":true,"href":"https:\/\/www.ufsm.br\/projetos\/extensao\/ateliedetextos\/wp-json\/wp\/v2\/tags?post=314"}],"curies":[{"name":"wp","href":"https:\/\/api.w.org\/{rel}","templated":true}]}}