{"id":321,"date":"2020-02-04T11:26:00","date_gmt":"2020-02-04T14:26:00","guid":{"rendered":"https:\/\/www.ufsm.br\/projetos\/extensao\/ateliedetextos\/?page_id=321"},"modified":"2025-04-22T15:36:43","modified_gmt":"2025-04-22T18:36:43","slug":"contatos","status":"publish","type":"page","link":"https:\/\/www.ufsm.br\/projetos\/extensao\/ateliedetextos\/contatos","title":{"rendered":"Contatos"},"content":{"rendered":"\n<p>Laborat\u00f3rio de L\u00edngua Portuguesa (LabPort)<br \/>Sala 3319B e 3325, Pr\u00e9dio 16, Centro de Educa\u00e7\u00e3o, UFSM<br \/>E-mail: <a href=\"mailto:ateliedetextextos@ufsm.br\" target=\"_blank\" rel=\"noopener\">ateliedetextextos@ufsm.br<\/a><span id=\"cloak63495\"><\/span><\/p>\n<p>Curta nossa <a href=\"https:\/\/www.facebook.com\/pages\/Ateli%C3%AA-de-Textos\/583832961656943?ref=bookmarks\">p\u00e1gina no\u00a0Facebook<\/a> e no <a href=\"https:\/\/www.instagram.com\/atelie.de.textos.ufsm\/\">Instagram<\/a>.\u00a0\u00a0<\/p>\n","protected":false},"excerpt":{"rendered":"<p>Laborat\u00f3rio de L\u00edngua Portuguesa (LabPort)Sala 3319B e 3325, Pr\u00e9dio 16, Centro de Educa\u00e7\u00e3o, UFSME-mail: ateliedetextextos@ufsm.br Curta nossa p\u00e1gina no\u00a0Facebook e no Instagram.\u00a0\u00a0<\/p>\n","protected":false},"author":867,"featured_media":0,"parent":0,"menu_order":0,"comment_status":"closed","ping_status":"closed","template":"","meta":{"footnotes":""},"categories":[],"tags":[],"class_list":["post-321","page","type-page","status-publish","hentry"],"acf":[],"_links":{"self":[{"href":"https:\/\/www.ufsm.br\/projetos\/extensao\/ateliedetextos\/wp-json\/wp\/v2\/pages\/321","targetHints":{"allow":["GET"]}}],"collection":[{"href":"https:\/\/www.ufsm.br\/projetos\/extensao\/ateliedetextos\/wp-json\/wp\/v2\/pages"}],"about":[{"href":"https:\/\/www.ufsm.br\/projetos\/extensao\/ateliedetextos\/wp-json\/wp\/v2\/types\/page"}],"author":[{"embeddable":true,"href":"https:\/\/www.ufsm.br\/projetos\/extensao\/ateliedetextos\/wp-json\/wp\/v2\/users\/867"}],"replies":[{"embeddable":true,"href":"https:\/\/www.ufsm.br\/projetos\/extensao\/ateliedetextos\/wp-json\/wp\/v2\/comments?post=321"}],"version-history":[{"count":0,"href":"https:\/\/www.ufsm.br\/projetos\/extensao\/ateliedetextos\/wp-json\/wp\/v2\/pages\/321\/revisions"}],"wp:attachment":[{"href":"https:\/\/www.ufsm.br\/projetos\/extensao\/ateliedetextos\/wp-json\/wp\/v2\/media?parent=321"}],"wp:term":[{"taxonomy":"category","embeddable":true,"href":"https:\/\/www.ufsm.br\/projetos\/extensao\/ateliedetextos\/wp-json\/wp\/v2\/categories?post=321"},{"taxonomy":"post_tag","embeddable":true,"href":"https:\/\/www.ufsm.br\/projetos\/extensao\/ateliedetextos\/wp-json\/wp\/v2\/tags?post=321"}],"curies":[{"name":"wp","href":"https:\/\/api.w.org\/{rel}","templated":true}]}}