{"id":332,"date":"2020-02-04T11:35:18","date_gmt":"2020-02-04T14:35:18","guid":{"rendered":"https:\/\/www.ufsm.br\/projetos\/extensao\/ateliedetextos\/?page_id=332"},"modified":"2025-12-05T20:17:24","modified_gmt":"2025-12-05T23:17:24","slug":"coletaneas","status":"publish","type":"page","link":"https:\/\/www.ufsm.br\/projetos\/extensao\/ateliedetextos\/coletaneas","title":{"rendered":"Colet\u00e2neas"},"content":{"rendered":"\n<p class=\"has-text-align-center has-medium-font-size\">&nbsp;<strong>Colet\u00e2neas de est\u00f3rias produzidas por alunos de 6\u00ba a 9\u00ba Anos das&nbsp;escolas&nbsp;parceiras do projeto<\/strong><\/p>\n\n\n\n<p><\/p>\n<p class=\"has-text-align-center\"><strong>2025<\/strong>: <a href=\"https:\/\/repositorio.ufsm.br\/handle\/1\/36751\">Campos Borges em palavras e imagens<\/a><\/p>\n<p> <\/p>\n<p class=\"has-text-align-center\"><a href=\"https:\/\/online.anyflip.com\/xshil\/xbfn\/mobile\/\"><img fetchpriority=\"high\" decoding=\"async\" class=\"aligncenter wp-image-462 size-medium\" src=\"https:\/\/www.ufsm.br\/app\/uploads\/sites\/801\/2025\/12\/Capa-Campos-Borges-em-palavras-e-imagens-221x300.jpg\" alt=\"Capa da Colet\u00e2nea de 2025 do Ateli\u00ea de Textos, intitulada &quot;Campos Borges em palavras e imagens&quot;.\" width=\"221\" height=\"300\" srcset=\"https:\/\/www.ufsm.br\/app\/uploads\/sites\/801\/2025\/12\/Capa-Campos-Borges-em-palavras-e-imagens-221x300.jpg 221w, https:\/\/www.ufsm.br\/app\/uploads\/sites\/801\/2025\/12\/Capa-Campos-Borges-em-palavras-e-imagens.jpg 544w\" sizes=\"(max-width: 221px) 100vw, 221px\" \/><\/a><\/p>\n<p> <\/p>\n<p class=\"has-text-align-center\">E.E.E.B. Jo\u00e3o Ferrari (Campos Borges, RS)<br \/>Colaboradoras: Simone Bitencurt<br \/>Integrantes da equipe do Ateli\u00ea de Textos: \u00c9rika Paniagua, Larissa N\u00f3brega Tavares,\u00a0Rochelle Oliveira, Guilherme Barbat Barros, Cristiane Fuzer<\/p>\n<p><\/p>\n<p class=\"has-text-align-center\"><strong>202<\/strong>4: <a href=\"https:\/\/repositorio.ufsm.br\/bitstream\/handle\/1\/33466\/E_book_Atelie_de_Textos.2024.pdf?sequence=1&amp;is Allowed=y\">Diferentes caminhos rumo \u00e0 educa\u00e7\u00e3o: relatos que inspiram<\/a><\/p>\n\n\n\n<p class=\"has-text-align-center\"><a href=\"https:\/\/repositorio.ufsm.br\/bitstream\/handle\/1\/33466\/E_book_Atelie_de_Textos.2024.pdf?sequence=1&amp;amp;is Allowed=y\" data-wplink-url-error=\"true\"><img decoding=\"async\" class=\"aligncenter size-medium wp-image-456\" src=\"https:\/\/www.ufsm.br\/app\/uploads\/sites\/801\/2025\/04\/Captura-de-tela-2025-04-22-150243-213x300.jpg\" alt=\"Capa d colet\u00e2nea de 2024 do Ateli\u00ea de Textos, &quot;Diferentes caminhos rumo \u00e0 educa\u00e7\u00e3o: relatos que inspiram&quot;.\" width=\"213\" height=\"300\" srcset=\"https:\/\/www.ufsm.br\/app\/uploads\/sites\/801\/2025\/04\/Captura-de-tela-2025-04-22-150243-213x300.jpg 213w, https:\/\/www.ufsm.br\/app\/uploads\/sites\/801\/2025\/04\/Captura-de-tela-2025-04-22-150243.jpg 517w\" sizes=\"(max-width: 213px) 100vw, 213px\" \/><\/a><\/p>\n\n\n\n<p class=\"has-text-align-center\" style=\"font-size:15px\">E.M.E.I.E.F. Dezid\u00e9rio Fuzer (Restinga S\u00eaca, RS)<br>E.M.E.F. Suzana Cartier Laranjeira (Santa Maria, RS)<br>Colaboradoras: Andressa Polhmann, Mariana Milbradt e Daniela Fontoura<br>Integrantes da equipe do Ateli\u00ea de Textos: Claucio Rigon, Vict\u00f3ria Borgmann, Clarissa<br>Pereira, Rochelle Oliveira, Guilherme Barbat Barros e Ariadne Soares<\/p>\n\n\n\n<p class=\"has-text-align-center\"><strong>2023:<\/strong> <a href=\"https:\/\/repositorio.ufsm.br\/handle\/1\/30882\">Caminhos da vida: explorando nossas ra\u00edzes<\/a><\/p>\n\n\n<div class=\"wp-block-image\">\n<figure class=\"aligncenter size-medium is-resized\"><a href=\"https:\/\/anyflip.com\/xshil\/dzwz\/\"><img decoding=\"async\" width=\"212\" height=\"300\" src=\"https:\/\/www.ufsm.br\/app\/uploads\/sites\/801\/2024\/01\/Capa-Final-Caminhos-da-vida-212x300.jpg\" alt=\"\" class=\"wp-image-447\" style=\"width:219px\" srcset=\"https:\/\/www.ufsm.br\/app\/uploads\/sites\/801\/2024\/01\/Capa-Final-Caminhos-da-vida-212x300.jpg 212w, https:\/\/www.ufsm.br\/app\/uploads\/sites\/801\/2024\/01\/Capa-Final-Caminhos-da-vida.jpg 630w\" sizes=\"(max-width: 212px) 100vw, 212px\" \/><\/a><\/figure>\n<\/div>\n\n\n<div class=\"wp-block-group\"><div class=\"wp-block-group__inner-container is-layout-constrained wp-block-group-is-layout-constrained\">\n<p class=\"has-text-align-center\" style=\"font-size:15px\">Escola Estadual de Educa\u00e7\u00e3o B\u00e1sica Jo\u00e3o Ferrari (Campos Borges, RS) <\/p>\n\n\n\n<p class=\"has-text-align-center\" style=\"font-size:15px\">Escola Municipal de Ensino Fundamental Altina Teixeira (Santa Maria, RS)<\/p>\n\n\n\n<p class=\"has-text-align-center\" style=\"font-size:15px\">Colaboradoras: Anidene de Siqueira Cecchin e Simone Marci Bitencurt<\/p>\n\n\n\n<p class=\"has-text-align-center\" style=\"font-size:15px\">Bolsistas dos Ateli\u00ea de Textos: Ana Carolina Mainardi Muniz, Larissa N\u00f3brega Pereira Tavares, Nat\u00e1lia Kober Medeiros e P\u00e2mela Motta<\/p>\n\n\n\n<p class=\"has-text-align-center\" style=\"font-size:15px\">Demais participantes: Ariadne Quirino Soares, Guilherme Barbat Barros e Rochelle Oliveira<\/p>\n\n\n\n<p class=\"has-text-align-center\" style=\"font-size:15px\"><\/p>\n<\/div><\/div>\n\n\n\n<p class=\"has-text-align-center\"><strong>2022:<\/strong> <a href=\"http:\/\/repositorio.ufsm.br\/handle\/1\/29150\">Mist\u00e9rios por tr\u00e1s das belezas de Nova Palma<\/a><\/p>\n\n\n<div class=\"wp-block-image\">\n<figure class=\"aligncenter size-full is-resized\"><a href=\"https:\/\/repositorio.ufsm.br\/bitstream\/handle\/1\/29150\/Misterios_Atelie_2022.pdf?sequence=1&amp;isAllowed=y\"><img loading=\"lazy\" decoding=\"async\" width=\"219\" height=\"327\" src=\"https:\/\/www.ufsm.br\/app\/uploads\/sites\/801\/2023\/02\/2022.jpg\" alt=\"\" class=\"wp-image-422\" style=\"width:219px\" srcset=\"https:\/\/www.ufsm.br\/app\/uploads\/sites\/801\/2023\/02\/2022.jpg 219w, https:\/\/www.ufsm.br\/app\/uploads\/sites\/801\/2023\/02\/2022-201x300.jpg 201w\" sizes=\"(max-width: 219px) 100vw, 219px\" \/><\/a><\/figure>\n<\/div>\n\n\n<div class=\"wp-block-group\"><div class=\"wp-block-group__inner-container is-layout-constrained wp-block-group-is-layout-constrained\">\n<p class=\"has-text-align-center\" style=\"font-size:15px\">Escola Municipal de Ensino Fundamental Prof\u00aa C\u00e2ndida Zasso<\/p>\n\n\n\n<p class=\"has-text-align-center\" style=\"font-size:15px\">Colaboradores: Simone Pesamosca, Adriana Coradini Facco, Mateus dos Santos<\/p>\n\n\n\n<p class=\"has-text-align-center\" style=\"font-size:15px\">Bolsistas dos Ateli\u00ea de Textos: Carla Raquel Pengo, Maria Cec\u00edlia de Castro da Silva e Ariadne Quirino Soares<\/p>\n\n\n\n<p><\/p>\n<\/div><\/div>\n\n\n\n<p class=\"has-text-align-center\"><strong>2021:<\/strong> <a href=\"http:\/\/repositorio.ufsm.br\/handle\/1\/29143\">Aprendendo com est\u00f3rias: o poder das virtudes<\/a><\/p>\n\n\n<div class=\"wp-block-image\">\n<figure class=\"aligncenter size-full is-resized\"><a href=\"https:\/\/repositorio.ufsm.br\/bitstream\/handle\/1\/29143\/Aprendendo_estorias_2021.pdf?sequence=1&amp;isAllowed=y\"><img loading=\"lazy\" decoding=\"async\" width=\"307\" height=\"461\" src=\"https:\/\/www.ufsm.br\/app\/uploads\/sites\/801\/2022\/10\/Captura-de-tela-2022-10-04-231938.jpg\" alt=\"\" class=\"wp-image-397\" style=\"width:219px;height:329px\" srcset=\"https:\/\/www.ufsm.br\/app\/uploads\/sites\/801\/2022\/10\/Captura-de-tela-2022-10-04-231938.jpg 307w, https:\/\/www.ufsm.br\/app\/uploads\/sites\/801\/2022\/10\/Captura-de-tela-2022-10-04-231938-200x300.jpg 200w\" sizes=\"(max-width: 307px) 100vw, 307px\" \/><\/a><\/figure>\n<\/div>\n\n\n<div class=\"wp-block-group\"><div class=\"wp-block-group__inner-container is-layout-constrained wp-block-group-is-layout-constrained\">\n<p class=\"has-text-align-center\" style=\"font-size:15px\">Escola Municipal de Ensino Fundamental Ant\u00f4nio Gon\u00e7alves do Amaral<\/p>\n\n\n\n<p class=\"has-text-align-center\" style=\"font-size:15px\">Colaboradoras: Daniela L. Fontoura e Silvana B. Padoin<\/p>\n\n\n\n<p class=\"has-text-align-center\" style=\"font-size:15px\">Ministrantes de oficina: Carla Raquel Pengo e Bibiana Souza Reis<\/p>\n\n\n\n<p><\/p>\n<\/div><\/div>\n\n\n\n<p class=\"has-text-align-center\"><strong>2020:<\/strong> <a href=\"https:\/\/repositorio.ufsm.br\/handle\/1\/29147\">Estante virtual da J\u00falio do Canto: a magia das est\u00f3rias<\/a><\/p>\n\n\n<div class=\"wp-block-image\">\n<figure class=\"aligncenter is-resized\"><a href=\"https:\/\/repositorio.ufsm.br\/bitstream\/handle\/1\/29147\/Estante_virtual_Julio_do_Canto.pdf?sequence=1&amp;isAllowed=y\"><img decoding=\"async\" src=\"https:\/\/image.isu.pub\/201214154610-c3e72ce51a3b3707d4a526772a3adcb1\/jpg\/page_1.jpg\" alt=\"Estante virtual da J\u00falio do Canto: a magia das est\u00f3rias (e-book) by Ateli\u00ea  de Textos - UFSM - Issuu\" style=\"width:219px;height:330px\" \/><\/a><\/figure>\n<\/div>\n\n\n<div class=\"wp-block-group\"><div class=\"wp-block-group__inner-container is-layout-constrained wp-block-group-is-layout-constrained\">\n<p class=\"has-text-align-center\" style=\"font-size:15px\">Escola Municipal de Ensino Fundamental J\u00falio do Canto<\/p>\n\n\n\n<p class=\"has-text-align-center\" style=\"font-size:15px\">Colaboradoras: Elisane Scapin Cargnin, Diva Maria Pereira Marques<\/p>\n\n\n\n<p class=\"has-text-align-center\" style=\"font-size:15px\">Ministrante de oficina:&nbsp;Karen Machado Figueiredo da Rosa<\/p>\n\n\n\n<p><\/p>\n<\/div><\/div>\n\n\n\n<p class=\"has-text-align-center\"><strong>2020:<\/strong> <a href=\"https:\/\/repositorio.ufsm.br\/handle\/1\/29145\">Entre natureza e patrim\u00f4nio cultura: as exuber\u00e2ncias de Agudo, Nova Palma e Restinga S\u00eaca<\/a><\/p>\n\n\n<div class=\"wp-block-image\">\n<figure class=\"aligncenter is-resized\"><a href=\"https:\/\/repositorio.ufsm.br\/bitstream\/handle\/1\/29145\/Atelie_Textos_Geoparque_Quarta_Colonia.pdf?sequence=1&amp;isAllowed=y\"><img loading=\"lazy\" decoding=\"async\" width=\"417\" height=\"667\" src=\"https:\/\/www.ufsm.br\/app\/uploads\/sites\/801\/2022\/10\/2020.jpg\" alt=\"\" class=\"wp-image-410\" style=\"width:219px;height:350px\" srcset=\"https:\/\/www.ufsm.br\/app\/uploads\/sites\/801\/2022\/10\/2020.jpg 417w, https:\/\/www.ufsm.br\/app\/uploads\/sites\/801\/2022\/10\/2020-188x300.jpg 188w\" sizes=\"(max-width: 417px) 100vw, 417px\" \/><\/a><\/figure>\n<\/div>\n\n\n<div class=\"wp-block-group\"><div class=\"wp-block-group__inner-container is-layout-constrained wp-block-group-is-layout-constrained\">\n<p class=\"has-text-align-center\" style=\"font-size:15px\">Escola Municipal de Ensino Fundamental Alberto Pasqualini (Agudo, RS)<\/p>\n\n\n\n<p class=\"has-text-align-center\" style=\"font-size:15px\">Escola Municipal de Ensino Fundamental Olavo Bilac (Agudo, RS)<\/p>\n\n\n\n<p class=\"has-text-align-center\" style=\"font-size:15px\">Escola Municipal de Ensino Fundamental Santos Reis (Agudo, RS)<\/p>\n\n\n\n<p class=\"has-text-align-center\" style=\"font-size:15px\">Escola Municipal de Ensino Fundamental Tr\u00eas de Maio (Agudo, RS)<\/p>\n\n\n\n<p class=\"has-text-align-center\" style=\"font-size:15px\">Escola Estadual de Ensino Fundamental Ana L\u00f6bler (Nova Palma, RS)<\/p>\n\n\n\n<p class=\"has-text-align-center\" style=\"font-size:15px\">Colaboradora: Micheli Mariel Decian de Pellegrin<\/p>\n<\/div><\/div>\n\n\n\n<div class=\"wp-block-group\"><div class=\"wp-block-group__inner-container is-layout-constrained wp-block-group-is-layout-constrained\">\n<p class=\"has-text-align-center\" style=\"font-size:15px\">Escola Municipal de Educa\u00e7\u00e3o Infantil e Ensino Fundamental Dezid\u00e9rio Fuzer (Restinga S\u00eaca, RS)<\/p>\n\n\n\n<p class=\"has-text-align-center\" style=\"font-size:15px\">Colaboradora: Cristina Machado Severo<\/p>\n<\/div><\/div>\n\n\n\n<p class=\"has-text-align-center\" style=\"font-size:15px\">Ministrantes de oficinas: Aline Guimar\u00e3es Peres, Rafael Kszyszerak, Fl\u00e1via Maria de Brito Perosa Vasconcelos<\/p>\n\n\n\n<p><\/p>\n\n\n\n<p class=\"has-text-align-center\"><strong>2019:<\/strong> Emo\u00e7\u00f5es marcantes: vou te contar um epis\u00f3dio<\/p>\n\n\n<div class=\"wp-block-image\">\n<figure class=\"aligncenter is-resized\"><img loading=\"lazy\" decoding=\"async\" width=\"485\" height=\"677\" src=\"https:\/\/www.ufsm.br\/app\/uploads\/sites\/801\/2022\/10\/2019-1.jpg\" alt=\"\" class=\"wp-image-408\" style=\"width:219px;height:306px\" srcset=\"https:\/\/www.ufsm.br\/app\/uploads\/sites\/801\/2022\/10\/2019-1.jpg 485w, https:\/\/www.ufsm.br\/app\/uploads\/sites\/801\/2022\/10\/2019-1-215x300.jpg 215w\" sizes=\"(max-width: 485px) 100vw, 485px\" \/><\/figure>\n<\/div>\n\n\n<div class=\"wp-block-group\"><div class=\"wp-block-group__inner-container is-layout-constrained wp-block-group-is-layout-constrained\">\n<div class=\"wp-block-group\"><div class=\"wp-block-group__inner-container is-layout-constrained wp-block-group-is-layout-constrained\">\n<p class=\"has-text-align-center\" style=\"font-size:15px\">Escola Municipal de Ensino Fundamental Maria de Lourdes Castro (Vila Maringa, Santa Maria, RS)<\/p>\n\n\n\n<p class=\"has-text-align-center\" style=\"font-size:15px\">Colaboradora: Prof\u00aa Daniela Moraes Pereira<\/p>\n\n\n\n<p class=\"has-text-align-center\" style=\"font-size:15px\">Ministrantes da oficina: Guilherme Barbat Barros, Carla Carine Gerhardt<\/p>\n\n\n\n<p><\/p>\n<\/div><\/div>\n<\/div><\/div>\n\n\n\n<p class=\"has-text-align-center\"><strong>2018: <\/strong>&nbsp;Pessoas especiais, hist\u00f3rias extraordin\u00e1rias<\/p>\n\n\n<div class=\"wp-block-image\">\n<figure class=\"aligncenter is-resized\"><img decoding=\"async\" src=\"https:\/\/image.isu.pub\/190917001538-0569eb09c6da6b638e8712324bea6ee0\/jpg\/page_1.jpg\" alt=\"Pessoas especiais, hist\u00f3rias extraordin\u00e1rias by Anidene Cecchin - Issuu\" style=\"width:219px;height:307px\" \/><\/figure>\n<\/div>\n\n\n<div class=\"wp-block-group\"><div class=\"wp-block-group__inner-container is-layout-constrained wp-block-group-is-layout-constrained\">\n<div class=\"wp-block-group\"><div class=\"wp-block-group__inner-container is-layout-constrained wp-block-group-is-layout-constrained\">\n<p class=\"has-text-align-center\" style=\"font-size:15px\">Instituto S\u00e3o Jos\u00e9 (Dom Antonio Reis, Santa Maria, RS)<\/p>\n\n\n\n<p class=\"has-text-align-center\" style=\"font-size:15px\">Colaboradora: Prof\u00aa Anidene de Siqueira Cecchin<\/p>\n\n\n\n<p class=\"has-text-align-center\" style=\"font-size:15px\">Ministrantes: Camila Berlezi de Moura (bolsista FIEX UFSM) e Anidene de Siqueira Cecchin<\/p>\n\n\n\n<p><\/p>\n<\/div><\/div>\n<\/div><\/div>\n\n\n\n<p class=\"has-text-align-center\"><strong>2016:<\/strong>&nbsp;Recontando contos: o mundo contempor\u00e2neo nos cl\u00e1ssicos<\/p>\n\n\n<div class=\"wp-block-image\">\n<figure class=\"aligncenter is-resized\"><img decoding=\"async\" src=\"https:\/\/www.ufsm.br\/projetos\/extensao\/ateliedetextos\/wp-content\/uploads\/sites\/801\/2020\/02\/thumbnail_Convite_lan%C3%A7amento_2016.jpg\" alt=\"\" style=\"width:223px;height:315px\" \/><\/figure>\n<\/div>\n\n\n<div class=\"wp-block-group\"><div class=\"wp-block-group__inner-container is-layout-constrained wp-block-group-is-layout-constrained\">\n<p class=\"has-text-align-center\" style=\"font-size:15px\">Escola Estadual de Ensino M\u00e9dio Dartagnan Tubino (Centro, Quarai, RS)<br>Diretora: Profa. Simone Cristina Alves Machado<br>Supervisora pedag\u00f3gica: Profa. Arlete Teresinha Corr\u00eaa Magalh\u00e3es<br>Colaboradoras: Profa. Maria Enilza Pinto Corr\u00eaa Freitas, Profa. Lis\u00e2ngela Anversa Felice, Profa. Lauren Maciel Bortolanza e Profa. Eliteti Viana Trindade<br>Ministrantes da oficina: Mhdi Ibrahim Bader Khun e Rom\u00e1rio Dias Garcia<\/p>\n<\/div><\/div>\n\n\n\n<div class=\"wp-block-group\"><div class=\"wp-block-group__inner-container is-layout-constrained wp-block-group-is-layout-constrained\">\n<p class=\"has-text-align-center\" style=\"font-size:15px\">Escola Municipal de Ensino Fundamental Louren\u00e7o Dalla Corte (S\u00e3o Jos\u00e9, Santa Maria, RS)<br>Diretora: Profa. Simone Dias Leal<br>Supervisora pedag\u00f3gica: Profa. Andr\u00e9ia Rossato Branco<br>Colaboradora: Profa. C\u00e1ria Carvalho<br>Ministrantes da oficina: Simone Rossi e Janaina Kanitz<\/p>\n<\/div><\/div>\n\n\n\n<div class=\"wp-block-group\"><div class=\"wp-block-group__inner-container is-layout-constrained wp-block-group-is-layout-constrained\">\n<p class=\"has-text-align-center\" style=\"font-size:15px\">Escola Municipal de Ensino Fundamental Pinheiro Machado (Pinheiro Machado, Santa Maria, RS)<br>Diretora: Profa. Gesiel Freiri dos Santos<br>Supervisora pedag\u00f3gica: Profa. Sintia Coelho<br>Ministrantes: Nath\u00e1lia Marques Flores e Camila Silva Lima<\/p>\n<\/div><\/div>\n\n\n\n<div class=\"wp-block-group\"><div class=\"wp-block-group__inner-container is-layout-constrained wp-block-group-is-layout-constrained\">\n<p class=\"has-text-align-center\" style=\"font-size:15px\">Escola Municipal de Ensino Fundamental Nossa Senhora do Perp\u00e9tuo Socorro (Nossa Senhora do Perp\u00e9tuo Socorro, Santa Maria, RS)<br>Diretora: Profa. Daniela Guterres<br>Supervisoras pedag\u00f3gicas: Sandra Machado Minato e Eliza Renect<br>Colaboradoras: Profa. Elisabeth Esouque e Profa. Maria Catarina<br>Ministrantes da oficina: Jordana Maran e Sabrina Damiani&nbsp;<\/p>\n\n\n\n<p><\/p>\n<\/div><\/div>\n\n\n\n<p class=\"has-text-align-center\"><strong>2015:&nbsp;<\/strong>Era uma vez outra vez: est\u00f3rias do S\u00e9culo XXI<\/p>\n\n\n<div class=\"wp-block-image\">\n<figure class=\"aligncenter is-resized\"><img decoding=\"async\" src=\"https:\/\/www.ufsm.br\/projetos\/extensao\/ateliedetextos\/wp-content\/uploads\/sites\/801\/2020\/02\/Capa-Era-uma-vez-outra-vez-728x1024.jpg\" alt=\"\" style=\"width:218px;height:307px\" \/><\/figure>\n<\/div>\n\n\n<div class=\"wp-block-group\"><div class=\"wp-block-group__inner-container is-layout-constrained wp-block-group-is-layout-constrained\">\n<p class=\"has-text-align-center\" style=\"font-size:15px\">Escola Municipal de Ensino Fundamental Santos Dumont (Vila Cai\u00e7ara, Agudo, RS)<br>Colaboradoras: Prof\u00aa&nbsp;Carla Medianeira Costa Domingues e Profa.&nbsp;Mariana Savegnago<br>Ministrante de oficina: Jacyara Rosa da Cunha<br>Monitora: Glauciane Gon\u00e7alves&nbsp;<\/p>\n<\/div><\/div>\n\n\n\n<div class=\"wp-block-group\"><div class=\"wp-block-group__inner-container is-layout-constrained wp-block-group-is-layout-constrained\">\n<p class=\"has-text-align-center\" style=\"font-size:15px\">Escola Municipal de Ensino Fundamental Miguel Beltrame (Camobi, Santa Maria, RS)<br>Colaboradoras: Prof\u00aa Luci Basso e Profa. Isabel dos Santos<br>Ministrante de oficina: Sabrine Weber<br>Monitora: Simone Rossi<\/p>\n<\/div><\/div>\n\n\n\n<div class=\"wp-block-group\"><div class=\"wp-block-group__inner-container is-layout-constrained wp-block-group-is-layout-constrained\">\n<p class=\"has-text-align-center\" style=\"font-size:15px\">Escola Municipal de Ensino Fundamental Castro Alves (Passo da Areia, Santa Maria, RS)<br>Colaboradoras: Profa.&nbsp;Iara Pozzobon&nbsp;e Profa. Lucia Carrion<br>Ministrante: Nath\u00e1lia Marques Flores<br>Monitora: Patr\u00edcia Michelotti<\/p>\n<\/div><\/div>\n\n\n\n<div class=\"wp-block-group\"><div class=\"wp-block-group__inner-container is-layout-constrained wp-block-group-is-layout-constrained\">\n<p class=\"has-text-align-center\" style=\"font-size:15px\">Escola Municipal de Ensino Fundamental Gaud\u00eancio Concei\u00e7\u00e3o e Escola Municipal de Ensino Fundamental Em\u00edlio Callo (Centro, Quara\u00ed, RS)<br>Colaboradoras; Profa.&nbsp;Claudia Simone Maciel Romeiro e&nbsp;Cati\u00fascia Silene Vilaverde Pedroso<br>Ministrante: Mhdi&nbsp;Ibrahim Bader Khun&nbsp;Monitores:&nbsp;Rom\u00e1rio Dias Garcia e&nbsp;Yusara Maria Tapes&nbsp;<\/p>\n\n\n\n<p><\/p>\n<\/div><\/div>\n\n\n\n<p class=\"has-text-align-center\"><strong>2014:&nbsp;<\/strong>Nosso mundo, nossas vers\u00f5es: contos e f\u00e1bulas<\/p>\n\n\n<div class=\"wp-block-image\">\n<figure class=\"aligncenter is-resized\"><img decoding=\"async\" src=\"https:\/\/www.ufsm.br\/projetos\/extensao\/ateliedetextos\/wp-content\/uploads\/sites\/801\/2020\/02\/2014-720x1024.jpg\" alt=\"\" style=\"width:218px;height:310px\" \/><\/figure>\n<\/div>\n\n\n<div class=\"wp-block-group\"><div class=\"wp-block-group__inner-container is-layout-constrained wp-block-group-is-layout-constrained\">\n<p class=\"has-text-align-center\" style=\"font-size:15px\">Escola Municipal de Ensino Fundamental P\u00e3o dos Pobre Santo Ant\u00f4nio (Santa Maria \u2013 RS)<br>Colaboradora: Prof\u00aa Maria Mag\u00e1lia Giacomini Benini<br>Ministrante: Sabrine Weber (bolsista PROLICEN)<\/p>\n<\/div><\/div>\n\n\n\n<div class=\"wp-block-group\"><div class=\"wp-block-group__inner-container is-layout-constrained wp-block-group-is-layout-constrained\">\n<p class=\"has-text-align-center\" style=\"font-size:15px\">Escola Municipal de Ensino Fundamental Vicente Farencena (Santa Maria \u2013 RS)<br>Colaboradora: Prof\u00aa Josiane Aparecida Silveira<br>Ministrante: Carla Carine Gerhardt (bolsista FIEX)<\/p>\n<\/div><\/div>\n\n\n\n<div class=\"wp-block-group\"><div class=\"wp-block-group__inner-container is-layout-constrained wp-block-group-is-layout-constrained\">\n<p class=\"has-text-align-center\" style=\"font-size:15px\">Escola Estadual de Ensino M\u00e9dio Dr. J\u00falio Prates de Castilhos (J\u00falio de Castilhos \u2013 RS)<br>Colaboradora: Prof\u00aa Maria Elena Turra<br>Ministrante: Prof. Lucas Saldanha da Cruz<\/p>\n<\/div><\/div>\n\n\n\n<div class=\"wp-block-group\"><div class=\"wp-block-group__inner-container is-layout-constrained wp-block-group-is-layout-constrained\">\n<p class=\"has-text-align-center\" style=\"font-size:15px\">Escola Estadual de Ensino M\u00e9dio Vital Brasil (Cachoeira do Sul \u2013 RS)<br>Colaboradora: Prof\u00aa Graziela Alves<br>Ministrante: Prof\u00aa Gisele Souza e Silva<\/p>\n\n\n\n<p><\/p>\n<\/div><\/div>\n\n\n\n<p class=\"has-text-align-center\"><strong>2013<em>:&nbsp;<\/em><\/strong>Contos e recontos: de leitores a escritores<\/p>\n\n\n<div class=\"wp-block-image\">\n<figure class=\"aligncenter is-resized\"><img decoding=\"async\" src=\"https:\/\/www.ufsm.br\/projetos\/extensao\/ateliedetextos\/wp-content\/uploads\/sites\/801\/2020\/02\/2013-712x1024.jpg\" alt=\"\" style=\"width:218px;height:315px\" \/><\/figure>\n<\/div>\n\n\n<div class=\"wp-block-group\"><div class=\"wp-block-group__inner-container is-layout-constrained wp-block-group-is-layout-constrained\">\n<p class=\"has-text-align-center\" style=\"font-size:15px\">Escola Estadual Prof\u00aa Margarida Lopes&nbsp;(Santa Maria \u2013 RS)&nbsp;<\/p>\n\n\n\n<p class=\"has-text-align-center\" style=\"font-size:15px\">Colaboradora: Prof\u00aa Denise Menin Tortelli&nbsp;<\/p>\n\n\n\n<p class=\"has-text-align-center\" style=\"font-size:15px\">Ministrante: Carla Carine Gerhardt&nbsp;<\/p>\n<\/div><\/div>\n\n\n\n<div class=\"wp-block-group\"><div class=\"wp-block-group__inner-container is-layout-constrained wp-block-group-is-layout-constrained\">\n<p class=\"has-text-align-center\" style=\"font-size:15px\">Escola Estadual de Ensino Fundamental Prof\u00aa Celina de Moraes&nbsp;(Santa Maria \u2013 RS)<\/p>\n\n\n\n<p class=\"has-text-align-center\" style=\"font-size:15px\">Colaboradora: Prof\u00aa Naidia Salete M\u00fcller Bronzatti&nbsp;<\/p>\n\n\n\n<p class=\"has-text-align-center\" style=\"font-size:15px\">Ministrante: Sabrine Weber (bolsista FIEX)<\/p>\n\n\n\n<p><\/p>\n<\/div><\/div>\n\n\n\n<p class=\"has-text-align-center\"><strong>2012:&nbsp;<\/strong>Modernizando os cl\u00e1ssicos<\/p>\n\n\n<div class=\"wp-block-image\">\n<figure class=\"aligncenter is-resized\"><img decoding=\"async\" src=\"https:\/\/www.ufsm.br\/projetos\/extensao\/ateliedetextos\/wp-content\/uploads\/sites\/801\/2020\/02\/2012-701x1024.jpg\" alt=\"\" style=\"width:219px;height:320px\" \/><\/figure>\n<\/div>\n\n\n<div class=\"wp-block-group\"><div class=\"wp-block-group__inner-container is-layout-constrained wp-block-group-is-layout-constrained\">\n<p class=\"has-text-align-center\" style=\"font-size:15px\">Escola Estadual de Ensino Fundamental Marieta D\u2019Ambrosio (Santa Maria \u2013 RS)<\/p>\n\n\n\n<p class=\"has-text-align-center\" style=\"font-size:15px\">Colaboradora: Prof\u00aa Gl\u00e1dis Maria Soldera Rocha<\/p>\n\n\n\n<p class=\"has-text-align-center\" style=\"font-size:15px\">Ministrante: Taciane Weber (bolsista PROLICEN)<\/p>\n\n\n\n<p><\/p>\n<\/div><\/div>\n\n\n\n<p class=\"has-text-align-center\"><strong>2011:&nbsp;<\/strong>Misturamos e deu nisso<\/p>\n\n\n<div class=\"wp-block-image\">\n<figure class=\"aligncenter is-resized\"><img decoding=\"async\" src=\"https:\/\/www.ufsm.br\/projetos\/extensao\/ateliedetextos\/wp-content\/uploads\/sites\/801\/2020\/02\/2011-703x1024.jpg\" alt=\"\" style=\"width:219px;height:320px\" \/><\/figure>\n<\/div>\n\n\n<div class=\"wp-block-group\"><div class=\"wp-block-group__inner-container is-layout-constrained wp-block-group-is-layout-constrained\">\n<p class=\"has-text-align-center\" style=\"font-size:16px\">Col\u00e9gio Estadual Prof\u00aa Edna May Cardoso&nbsp;(Santa Maria \u2013 RS)&nbsp;<\/p>\n\n\n\n<p class=\"has-text-align-center\" style=\"font-size:15px\">Colaboradora: Prof\u00aa Elisane Scapin Cargnin<\/p>\n\n\n\n<p class=\"has-text-align-center\" style=\"font-size:15px\">Ministrante: Taciane Weber (bolsista PROLICEN)<\/p>\n<\/div><\/div>\n","protected":false},"excerpt":{"rendered":"<p>&nbsp;Colet\u00e2neas de est\u00f3rias produzidas por alunos de 6\u00ba a 9\u00ba Anos das&nbsp;escolas&nbsp;parceiras do projeto E.M.E.I.E.F. Dezid\u00e9rio Fuzer (Restinga S\u00eaca, RS)E.M.E.F. Suzana Cartier Laranjeira (Santa Maria, RS)Colaboradoras: Andressa Polhmann, Mariana Milbradt e Daniela FontouraIntegrantes da equipe do Ateli\u00ea de Textos: Claucio Rigon, Vict\u00f3ria Borgmann, ClarissaPereira, Rochelle Oliveira, Guilherme Barbat Barros e Ariadne Soares 2023: Caminhos da [&hellip;]<\/p>\n","protected":false},"author":867,"featured_media":0,"parent":0,"menu_order":0,"comment_status":"closed","ping_status":"closed","template":"","meta":{"footnotes":""},"categories":[],"tags":[],"class_list":["post-332","page","type-page","status-publish","hentry"],"acf":[],"_links":{"self":[{"href":"https:\/\/www.ufsm.br\/projetos\/extensao\/ateliedetextos\/wp-json\/wp\/v2\/pages\/332","targetHints":{"allow":["GET"]}}],"collection":[{"href":"https:\/\/www.ufsm.br\/projetos\/extensao\/ateliedetextos\/wp-json\/wp\/v2\/pages"}],"about":[{"href":"https:\/\/www.ufsm.br\/projetos\/extensao\/ateliedetextos\/wp-json\/wp\/v2\/types\/page"}],"author":[{"embeddable":true,"href":"https:\/\/www.ufsm.br\/projetos\/extensao\/ateliedetextos\/wp-json\/wp\/v2\/users\/867"}],"replies":[{"embeddable":true,"href":"https:\/\/www.ufsm.br\/projetos\/extensao\/ateliedetextos\/wp-json\/wp\/v2\/comments?post=332"}],"version-history":[{"count":0,"href":"https:\/\/www.ufsm.br\/projetos\/extensao\/ateliedetextos\/wp-json\/wp\/v2\/pages\/332\/revisions"}],"wp:attachment":[{"href":"https:\/\/www.ufsm.br\/projetos\/extensao\/ateliedetextos\/wp-json\/wp\/v2\/media?parent=332"}],"wp:term":[{"taxonomy":"category","embeddable":true,"href":"https:\/\/www.ufsm.br\/projetos\/extensao\/ateliedetextos\/wp-json\/wp\/v2\/categories?post=332"},{"taxonomy":"post_tag","embeddable":true,"href":"https:\/\/www.ufsm.br\/projetos\/extensao\/ateliedetextos\/wp-json\/wp\/v2\/tags?post=332"}],"curies":[{"name":"wp","href":"https:\/\/api.w.org\/{rel}","templated":true}]}}