{"id":381,"date":"2021-10-25T14:52:50","date_gmt":"2021-10-25T17:52:50","guid":{"rendered":"https:\/\/www.ufsm.br\/projetos\/extensao\/ateliedetextos\/?page_id=381"},"modified":"2024-09-24T14:58:56","modified_gmt":"2024-09-24T17:58:56","slug":"materiais-didaticos","status":"publish","type":"page","link":"https:\/\/www.ufsm.br\/projetos\/extensao\/ateliedetextos\/materiais-didaticos","title":{"rendered":"Materiais Did\u00e1ticos"},"content":{"rendered":"\n<p style=\"text-align: center\"><strong><span style=\"color: #000000\">Ateli\u00ea de Textos: atividades de leitura e produ\u00e7\u00e3o de epis\u00f3dios <\/span><\/strong><\/p>\n<p><a href=\"https:\/\/repositorio.ufsm.br\/bitstream\/handle\/1\/32453\/cartilha%206%20finalizada.pdf?sequence=1&amp;isAllowed=y\"><img fetchpriority=\"high\" decoding=\"async\" class=\"aligncenter wp-image-449\" src=\"https:\/\/www.ufsm.br\/app\/uploads\/sites\/801\/2024\/09\/Captura-de-tela-2024-09-24-145614.jpg\" alt=\"\" width=\"420\" height=\"526\" srcset=\"https:\/\/www.ufsm.br\/app\/uploads\/sites\/801\/2024\/09\/Captura-de-tela-2024-09-24-145614.jpg 631w, https:\/\/www.ufsm.br\/app\/uploads\/sites\/801\/2024\/09\/Captura-de-tela-2024-09-24-145614-240x300.jpg 240w\" sizes=\"(max-width: 420px) 100vw, 420px\" \/><\/a><\/p>\n<p style=\"text-align: center\">Dispon\u00edvel no <a href=\"https:\/\/repositorio.ufsm.br\/handle\/1\/32453\">manancial<\/a>.\u00a0<\/p>\n<p style=\"text-align: center\"><strong><span style=\"color: #000000\">Gloss\u00e1rio e letra Rap da Coes\u00e3o<\/span><\/strong><\/p>\n<p><a href=\"https:\/\/podcasters.spotify.com\/pod\/show\/ateli-de-textos-podcasts\/episodes\/Rap-da-coeso-epg5kn\"><img decoding=\"async\" class=\"aligncenter wp-image-448 size-full\" src=\"https:\/\/www.ufsm.br\/app\/uploads\/sites\/801\/2024\/05\/Captura-de-tela-2024-05-21-123759.jpg\" alt=\"Gloss\u00e1rio e letra Rap da Coes\u00e3o\" width=\"582\" height=\"201\" srcset=\"https:\/\/www.ufsm.br\/app\/uploads\/sites\/801\/2024\/05\/Captura-de-tela-2024-05-21-123759.jpg 582w, https:\/\/www.ufsm.br\/app\/uploads\/sites\/801\/2024\/05\/Captura-de-tela-2024-05-21-123759-300x104.jpg 300w\" sizes=\"(max-width: 582px) 100vw, 582px\" \/><\/a><\/p>\n<p style=\"text-align: center\">Dispon\u00edvel no site da UFSM <a href=\"https:\/\/www.ufsm.br\/projetos\/institucional\/educacao-basica-em-rede\/podcast\/episodio-1?preview=true\">clicando aqui<\/a>\u00a0(dos minutos 18:16 a 28:07) ou direto no Spotify <a href=\"https:\/\/podcasters.spotify.com\/pod\/show\/ateli-de-textos-podcasts\/episodes\/Rap-da-coeso-epg5kn\">clicando aqui<\/a>.\u00a0<\/p>\n<p style=\"text-align: center\"><strong>Ateli\u00ea de Textos: atividades de leitura e produ\u00e7\u00e3o de textos<br \/>do g\u00eanero exemplo<\/strong><\/p>\n<p><a href=\"https:\/\/repositorio.ufsm.br\/bitstream\/handle\/1\/29945\/Cartilha_-_Atelie_de_Textos.pdf?sequence=1&amp;isAllowed=y\"><img decoding=\"async\" class=\"aligncenter wp-image-432\" src=\"https:\/\/www.ufsm.br\/app\/uploads\/sites\/801\/2023\/09\/Captura-de-tela-2023-09-01-113958.jpg\" alt=\"\" width=\"420\" height=\"597\" srcset=\"https:\/\/www.ufsm.br\/app\/uploads\/sites\/801\/2023\/09\/Captura-de-tela-2023-09-01-113958.jpg 521w, https:\/\/www.ufsm.br\/app\/uploads\/sites\/801\/2023\/09\/Captura-de-tela-2023-09-01-113958-211x300.jpg 211w\" sizes=\"(max-width: 420px) 100vw, 420px\" \/><\/a><\/p>\n<p style=\"text-align: center\">Dispon\u00edvel no <a href=\"http:\/\/repositorio.ufsm.br\/handle\/1\/29945\">manancial<\/a>.<\/p>\n<p>\u00a0<\/p>\n<p style=\"text-align: center\"><strong>Ateli\u00ea de Textos: atividades de leitura e produ\u00e7\u00e3o de observa\u00e7\u00e3o comentada<\/strong><\/p>\n<p style=\"text-align: center\"><a href=\"https:\/\/drive.google.com\/file\/d\/1tP00-mYSLYSzlaCaGEgqgnyQYTQQhDxG\/view\"><img loading=\"lazy\" decoding=\"async\" class=\"aligncenter wp-image-416 size-full\" src=\"https:\/\/www.ufsm.br\/app\/uploads\/sites\/801\/2022\/11\/Capturar.jpg\" alt=\"\" width=\"420\" height=\"597\" srcset=\"https:\/\/www.ufsm.br\/app\/uploads\/sites\/801\/2022\/11\/Capturar.jpg 420w, https:\/\/www.ufsm.br\/app\/uploads\/sites\/801\/2022\/11\/Capturar-211x300.jpg 211w\" sizes=\"(max-width: 420px) 100vw, 420px\" \/><\/a><\/p>\n<p style=\"text-align: center\">Dispon\u00edvel no <a href=\"http:\/\/repositorio.ufsm.br\/handle\/1\/28400\">manancial<\/a>.<\/p>\n<p>\u00a0<\/p>\n<p style=\"text-align: center\"><strong>Ateli\u00ea de Textos: atividades de leitura e produ\u00e7\u00e3o de biografias multimodais<\/strong><\/p>\n<p style=\"text-align: center\"><a href=\"https:\/\/drive.google.com\/file\/d\/1vBR6Do8lOyHo6KwlVmFHLYpbk8rDHtej\/view\"><img loading=\"lazy\" decoding=\"async\" class=\"aligncenter wp-image-382\" src=\"https:\/\/www.ufsm.br\/app\/uploads\/sites\/801\/2021\/10\/Capturar.png\" alt=\"\" width=\"420\" height=\"594\" srcset=\"https:\/\/www.ufsm.br\/app\/uploads\/sites\/801\/2021\/10\/Capturar.png 372w, https:\/\/www.ufsm.br\/app\/uploads\/sites\/801\/2021\/10\/Capturar-212x300.png 212w\" sizes=\"(max-width: 420px) 100vw, 420px\" \/><\/a><\/p>\n<p style=\"text-align: center\">Dispon\u00edvel no manancial.\u00a0<\/p>\n<p style=\"text-align: center\">\u00a0<\/p>\n<p style=\"text-align: center\"><strong>Ateli\u00ea de Textos &#8211; Para ler e reinventar est\u00f3rias: do contexto ao texto e vice versa<\/strong><\/p>\n<p><a href=\"https:\/\/repositorio.ufsm.br\/bitstream\/handle\/1\/11535\/cadernos_extensao_UFSM_cultura.pdf?sequence=1&amp;isAllowed=y\"><img loading=\"lazy\" decoding=\"async\" class=\"aligncenter wp-image-418\" src=\"https:\/\/www.ufsm.br\/app\/uploads\/sites\/801\/2022\/11\/capa-narrativas.jpg\" alt=\"\" width=\"420\" height=\"595\" srcset=\"https:\/\/www.ufsm.br\/app\/uploads\/sites\/801\/2022\/11\/capa-narrativas.jpg 391w, https:\/\/www.ufsm.br\/app\/uploads\/sites\/801\/2022\/11\/capa-narrativas-212x300.jpg 212w\" sizes=\"(max-width: 420px) 100vw, 420px\" \/><\/a><\/p>\n<p style=\"text-align: center\">Dispon\u00edvel no <a href=\"http:\/\/repositorio.ufsm.br\/handle\/1\/11535\">manancial<\/a>.<\/p>\n<p>\u00a0<\/p>\n<p>\u00a0<\/p>\n","protected":false},"excerpt":{"rendered":"<p>Ateli\u00ea de Textos: atividades de leitura e produ\u00e7\u00e3o de epis\u00f3dios Dispon\u00edvel no manancial.\u00a0 Gloss\u00e1rio e letra Rap da Coes\u00e3o Dispon\u00edvel no site da UFSM clicando aqui\u00a0(dos minutos 18:16 a 28:07) ou direto no Spotify clicando aqui.\u00a0 Ateli\u00ea de Textos: atividades de leitura e produ\u00e7\u00e3o de textosdo g\u00eanero exemplo Dispon\u00edvel no manancial. \u00a0 Ateli\u00ea de Textos: [&hellip;]<\/p>\n","protected":false},"author":4624,"featured_media":0,"parent":0,"menu_order":0,"comment_status":"closed","ping_status":"closed","template":"","meta":{"footnotes":""},"categories":[],"tags":[],"class_list":["post-381","page","type-page","status-publish","hentry"],"acf":[],"_links":{"self":[{"href":"https:\/\/www.ufsm.br\/projetos\/extensao\/ateliedetextos\/wp-json\/wp\/v2\/pages\/381","targetHints":{"allow":["GET"]}}],"collection":[{"href":"https:\/\/www.ufsm.br\/projetos\/extensao\/ateliedetextos\/wp-json\/wp\/v2\/pages"}],"about":[{"href":"https:\/\/www.ufsm.br\/projetos\/extensao\/ateliedetextos\/wp-json\/wp\/v2\/types\/page"}],"author":[{"embeddable":true,"href":"https:\/\/www.ufsm.br\/projetos\/extensao\/ateliedetextos\/wp-json\/wp\/v2\/users\/4624"}],"replies":[{"embeddable":true,"href":"https:\/\/www.ufsm.br\/projetos\/extensao\/ateliedetextos\/wp-json\/wp\/v2\/comments?post=381"}],"version-history":[{"count":0,"href":"https:\/\/www.ufsm.br\/projetos\/extensao\/ateliedetextos\/wp-json\/wp\/v2\/pages\/381\/revisions"}],"wp:attachment":[{"href":"https:\/\/www.ufsm.br\/projetos\/extensao\/ateliedetextos\/wp-json\/wp\/v2\/media?parent=381"}],"wp:term":[{"taxonomy":"category","embeddable":true,"href":"https:\/\/www.ufsm.br\/projetos\/extensao\/ateliedetextos\/wp-json\/wp\/v2\/categories?post=381"},{"taxonomy":"post_tag","embeddable":true,"href":"https:\/\/www.ufsm.br\/projetos\/extensao\/ateliedetextos\/wp-json\/wp\/v2\/tags?post=381"}],"curies":[{"name":"wp","href":"https:\/\/api.w.org\/{rel}","templated":true}]}}