{"id":427,"date":"2023-02-10T13:48:07","date_gmt":"2023-02-10T16:48:07","guid":{"rendered":"https:\/\/www.ufsm.br\/projetos\/extensao\/ateliedetextos\/?page_id=427"},"modified":"2024-04-21T11:36:35","modified_gmt":"2024-04-21T14:36:35","slug":"podcast","status":"publish","type":"page","link":"https:\/\/www.ufsm.br\/projetos\/extensao\/ateliedetextos\/podcast","title":{"rendered":"Podcast"},"content":{"rendered":"\n<p>Acesse o Podcast do Ateli\u00ea de Textos no spotify e escute as conta\u00e7\u00f5es dos autores das colet\u00e2neas organizadas pelo Ateli\u00ea.<\/p>\n<p><strong>2023<\/strong> \u00a0<a href=\"https:\/\/open.spotify.com\/playlist\/73OHIX36Ehh8Wh6U0FrGvk?si=_H_jP3h3SySX23xn49IT6A\">Caminhos da vida: explorando nossas ra\u00edzes<\/a><\/p>\n<p><strong>2022<\/strong>\u00a0 <a href=\"https:\/\/open.spotify.com\/show\/43X10RIjD3rChV1Q5szgnS\">Mist\u00e9rios por tr\u00e1s das belezas de Nova Palma<\/a><\/p>\n<p><strong>2021<\/strong>\u00a0 <a href=\"https:\/\/open.spotify.com\/show\/43X10RIjD3rChV1Q5szgnS\">Aprendendo com est\u00f3rias: o poder das virtudes<\/a><\/p>\n<p><strong>2020<\/strong>\u00a0 <a href=\"https:\/\/open.spotify.com\/show\/43X10RIjD3rChV1Q5szgnS\">Entre natureza e patrim\u00f4nio cultura: as exuber\u00e2ncias de Agudo, Nova Palma e Restinga S\u00eaca<\/a><\/p>\n<p>\u00a0<\/p>\n","protected":false},"excerpt":{"rendered":"<p>Acesse o Podcast do Ateli\u00ea de Textos no spotify e escute as conta\u00e7\u00f5es dos autores das colet\u00e2neas organizadas pelo Ateli\u00ea. 2023 \u00a0Caminhos da vida: explorando nossas ra\u00edzes 2022\u00a0 Mist\u00e9rios por tr\u00e1s das belezas de Nova Palma 2021\u00a0 Aprendendo com est\u00f3rias: o poder das virtudes 2020\u00a0 Entre natureza e patrim\u00f4nio cultura: as exuber\u00e2ncias de Agudo, Nova [&hellip;]<\/p>\n","protected":false},"author":4624,"featured_media":0,"parent":0,"menu_order":0,"comment_status":"closed","ping_status":"closed","template":"","meta":{"footnotes":""},"categories":[],"tags":[],"class_list":["post-427","page","type-page","status-publish","hentry"],"acf":[],"_links":{"self":[{"href":"https:\/\/www.ufsm.br\/projetos\/extensao\/ateliedetextos\/wp-json\/wp\/v2\/pages\/427","targetHints":{"allow":["GET"]}}],"collection":[{"href":"https:\/\/www.ufsm.br\/projetos\/extensao\/ateliedetextos\/wp-json\/wp\/v2\/pages"}],"about":[{"href":"https:\/\/www.ufsm.br\/projetos\/extensao\/ateliedetextos\/wp-json\/wp\/v2\/types\/page"}],"author":[{"embeddable":true,"href":"https:\/\/www.ufsm.br\/projetos\/extensao\/ateliedetextos\/wp-json\/wp\/v2\/users\/4624"}],"replies":[{"embeddable":true,"href":"https:\/\/www.ufsm.br\/projetos\/extensao\/ateliedetextos\/wp-json\/wp\/v2\/comments?post=427"}],"version-history":[{"count":0,"href":"https:\/\/www.ufsm.br\/projetos\/extensao\/ateliedetextos\/wp-json\/wp\/v2\/pages\/427\/revisions"}],"wp:attachment":[{"href":"https:\/\/www.ufsm.br\/projetos\/extensao\/ateliedetextos\/wp-json\/wp\/v2\/media?parent=427"}],"wp:term":[{"taxonomy":"category","embeddable":true,"href":"https:\/\/www.ufsm.br\/projetos\/extensao\/ateliedetextos\/wp-json\/wp\/v2\/categories?post=427"},{"taxonomy":"post_tag","embeddable":true,"href":"https:\/\/www.ufsm.br\/projetos\/extensao\/ateliedetextos\/wp-json\/wp\/v2\/tags?post=427"}],"curies":[{"name":"wp","href":"https:\/\/api.w.org\/{rel}","templated":true}]}}