{"id":532,"date":"2025-05-24T14:11:42","date_gmt":"2025-05-24T17:11:42","guid":{"rendered":"https:\/\/www.ufsm.br\/projetos\/extensao\/ciencia-e-consciencia\/?page_id=532"},"modified":"2026-01-21T20:48:18","modified_gmt":"2026-01-21T23:48:18","slug":"e-books","status":"publish","type":"page","link":"https:\/\/www.ufsm.br\/projetos\/extensao\/ciencia-e-consciencia\/e-books","title":{"rendered":"E-Books"},"content":{"rendered":"\t\t<div data-elementor-type=\"wp-page\" data-elementor-id=\"532\" class=\"elementor elementor-532\">\n\t\t\t\t\t\t<section class=\"elementor-section elementor-top-section elementor-element elementor-element-30ab1c1 elementor-section-boxed elementor-section-height-default elementor-section-height-default\" data-id=\"30ab1c1\" data-element_type=\"section\">\n\t\t\t\t\t\t<div class=\"elementor-container elementor-column-gap-default\">\n\t\t\t\t\t<div class=\"elementor-column elementor-col-100 elementor-top-column elementor-element elementor-element-e711b11\" data-id=\"e711b11\" data-element_type=\"column\">\n\t\t\t<div class=\"elementor-widget-wrap elementor-element-populated\">\n\t\t\t\t\t\t<div class=\"elementor-element elementor-element-9fd9093 elementor-widget elementor-widget-image\" data-id=\"9fd9093\" data-element_type=\"widget\" data-widget_type=\"image.default\">\n\t\t\t\t<div class=\"elementor-widget-container\">\n\t\t\t\t\t\t\t\t\t\t\t\t\t<img fetchpriority=\"high\" decoding=\"async\" width=\"1920\" height=\"504\" src=\"https:\/\/www.ufsm.br\/app\/uploads\/sites\/910\/2025\/05\/Captura-de-Tela-172-1.jpg\" class=\"attachment-2048x2048 size-2048x2048 wp-image-538\" alt=\"\" srcset=\"https:\/\/www.ufsm.br\/app\/uploads\/sites\/910\/2025\/05\/Captura-de-Tela-172-1.jpg 1920w, https:\/\/www.ufsm.br\/app\/uploads\/sites\/910\/2025\/05\/Captura-de-Tela-172-1-300x79.jpg 300w, https:\/\/www.ufsm.br\/app\/uploads\/sites\/910\/2025\/05\/Captura-de-Tela-172-1-1024x269.jpg 1024w, https:\/\/www.ufsm.br\/app\/uploads\/sites\/910\/2025\/05\/Captura-de-Tela-172-1-768x202.jpg 768w, https:\/\/www.ufsm.br\/app\/uploads\/sites\/910\/2025\/05\/Captura-de-Tela-172-1-1536x403.jpg 1536w\" sizes=\"(max-width: 1920px) 100vw, 1920px\" \/>\t\t\t\t\t\t\t\t\t\t\t\t\t<\/div>\n\t\t\t\t<\/div>\n\t\t\t\t\t<\/div>\n\t\t<\/div>\n\t\t\t\t\t<\/div>\n\t\t<\/section>\n\t\t\t\t<section class=\"elementor-section elementor-top-section elementor-element elementor-element-acd2856 elementor-section-boxed elementor-section-height-default elementor-section-height-default\" data-id=\"acd2856\" data-element_type=\"section\">\n\t\t\t\t\t\t<div class=\"elementor-container elementor-column-gap-default\">\n\t\t\t\t\t<div class=\"elementor-column elementor-col-100 elementor-top-column elementor-element elementor-element-b2fe874\" data-id=\"b2fe874\" data-element_type=\"column\">\n\t\t\t<div class=\"elementor-widget-wrap elementor-element-populated\">\n\t\t\t\t\t\t<div class=\"elementor-element elementor-element-ee07e03 elementor-widget elementor-widget-heading\" data-id=\"ee07e03\" data-element_type=\"widget\" data-widget_type=\"heading.default\">\n\t\t\t\t<div class=\"elementor-widget-container\">\n\t\t\t<h5 class=\"elementor-heading-title elementor-size-default\">Apresenta\u00e7\u00e3o<\/h5>\t\t<\/div>\n\t\t\t\t<\/div>\n\t\t\t\t<div class=\"elementor-element elementor-element-6ea3cd7 elementor-widget elementor-widget-text-editor\" data-id=\"6ea3cd7\" data-element_type=\"widget\" data-widget_type=\"text-editor.default\">\n\t\t\t\t<div class=\"elementor-widget-container\">\n\t\t\t\t\t\t\t<p><em>Aqui na nossa p\u00e1gina de e-books voc\u00ea encontrar\u00e1 os materiais que produzimos em formato de livros eletr\u00f4nicos, sinta-se livre para explorar e descobrir um pouco mais sobre os assuntos que te interessam. Boa leitura!<\/em><\/p>\t\t\t\t\t\t<\/div>\n\t\t\t\t<\/div>\n\t\t\t\t\t<\/div>\n\t\t<\/div>\n\t\t\t\t\t<\/div>\n\t\t<\/section>\n\t\t\t\t<section class=\"elementor-section elementor-top-section elementor-element elementor-element-ad5fd46 elementor-section-boxed elementor-section-height-default elementor-section-height-default\" data-id=\"ad5fd46\" data-element_type=\"section\">\n\t\t\t\t\t\t<div class=\"elementor-container elementor-column-gap-default\">\n\t\t\t\t\t<div class=\"elementor-column elementor-col-25 elementor-top-column elementor-element elementor-element-24e1d45\" data-id=\"24e1d45\" data-element_type=\"column\">\n\t\t\t<div class=\"elementor-widget-wrap elementor-element-populated\">\n\t\t\t\t\t\t<div class=\"elementor-element elementor-element-150af44 elementor-widget elementor-widget-image\" data-id=\"150af44\" data-element_type=\"widget\" data-widget_type=\"image.default\">\n\t\t\t\t<div class=\"elementor-widget-container\">\n\t\t\t\t\t\t\t\t\t\t\t\t\t<img decoding=\"async\" width=\"453\" height=\"641\" src=\"https:\/\/www.ufsm.br\/app\/uploads\/sites\/910\/2026\/01\/Captura-de-Tela-267.jpg\" class=\"attachment-large size-large wp-image-627\" alt=\"\" srcset=\"https:\/\/www.ufsm.br\/app\/uploads\/sites\/910\/2026\/01\/Captura-de-Tela-267.jpg 453w, https:\/\/www.ufsm.br\/app\/uploads\/sites\/910\/2026\/01\/Captura-de-Tela-267-212x300.jpg 212w\" sizes=\"(max-width: 453px) 100vw, 453px\" \/>\t\t\t\t\t\t\t\t\t\t\t\t\t<\/div>\n\t\t\t\t<\/div>\n\t\t\t\t<div class=\"elementor-element elementor-element-c9b7646 elementor-button-warning elementor-align-center elementor-widget elementor-widget-button\" data-id=\"c9b7646\" data-element_type=\"widget\" data-widget_type=\"button.default\">\n\t\t\t\t<div class=\"elementor-widget-container\">\n\t\t\t\t\t\t\t<div class=\"elementor-button-wrapper\">\n\t\t\t\t\t<a class=\"elementor-button elementor-button-link elementor-size-sm elementor-animation-grow\" href=\"https:\/\/acrobat.adobe.com\/id\/urn:aaid:sc:US:5b6e4e56-df25-4ea4-87fa-115fcbfc9204\" target=\"_blank\">\n\t\t\t\t\t\t<span class=\"elementor-button-content-wrapper\">\n\t\t\t\t\t\t\t\t\t<span class=\"elementor-button-text\">Acesse a cartilha<\/span>\n\t\t\t\t\t<\/span>\n\t\t\t\t\t<\/a>\n\t\t\t\t<\/div>\n\t\t\t\t\t\t<\/div>\n\t\t\t\t<\/div>\n\t\t\t\t\t<\/div>\n\t\t<\/div>\n\t\t\t\t<div class=\"elementor-column elementor-col-25 elementor-top-column elementor-element elementor-element-d51bd36\" data-id=\"d51bd36\" data-element_type=\"column\">\n\t\t\t<div class=\"elementor-widget-wrap elementor-element-populated\">\n\t\t\t\t\t\t<div class=\"elementor-element elementor-element-8cb0ab1 elementor-widget elementor-widget-image\" data-id=\"8cb0ab1\" data-element_type=\"widget\" data-widget_type=\"image.default\">\n\t\t\t\t<div class=\"elementor-widget-container\">\n\t\t\t\t\t\t\t\t\t\t\t\t\t<img decoding=\"async\" width=\"456\" height=\"640\" src=\"https:\/\/www.ufsm.br\/app\/uploads\/sites\/910\/2026\/01\/Captura-de-Tela-266.jpg\" class=\"attachment-large size-large wp-image-625\" alt=\"\" srcset=\"https:\/\/www.ufsm.br\/app\/uploads\/sites\/910\/2026\/01\/Captura-de-Tela-266.jpg 456w, https:\/\/www.ufsm.br\/app\/uploads\/sites\/910\/2026\/01\/Captura-de-Tela-266-214x300.jpg 214w\" sizes=\"(max-width: 456px) 100vw, 456px\" \/>\t\t\t\t\t\t\t\t\t\t\t\t\t<\/div>\n\t\t\t\t<\/div>\n\t\t\t\t<div class=\"elementor-element elementor-element-4c1515d elementor-align-center elementor-widget elementor-widget-button\" data-id=\"4c1515d\" data-element_type=\"widget\" data-widget_type=\"button.default\">\n\t\t\t\t<div class=\"elementor-widget-container\">\n\t\t\t\t\t\t\t<div class=\"elementor-button-wrapper\">\n\t\t\t\t\t<a class=\"elementor-button elementor-button-link elementor-size-sm elementor-animation-grow\" href=\"https:\/\/acrobat.adobe.com\/id\/urn:aaid:sc:US:8aa80cb8-3879-49bc-be0b-56358380fc68\" target=\"_blank\">\n\t\t\t\t\t\t<span class=\"elementor-button-content-wrapper\">\n\t\t\t\t\t\t\t\t\t<span class=\"elementor-button-text\">Acesse a cartilha<\/span>\n\t\t\t\t\t<\/span>\n\t\t\t\t\t<\/a>\n\t\t\t\t<\/div>\n\t\t\t\t\t\t<\/div>\n\t\t\t\t<\/div>\n\t\t\t\t\t<\/div>\n\t\t<\/div>\n\t\t\t\t<div class=\"elementor-column elementor-col-25 elementor-top-column elementor-element elementor-element-820ebd6\" data-id=\"820ebd6\" data-element_type=\"column\">\n\t\t\t<div class=\"elementor-widget-wrap elementor-element-populated\">\n\t\t\t\t\t\t<div class=\"elementor-element elementor-element-0de9093 elementor-widget elementor-widget-image\" data-id=\"0de9093\" data-element_type=\"widget\" data-widget_type=\"image.default\">\n\t\t\t\t<div class=\"elementor-widget-container\">\n\t\t\t\t\t\t\t\t\t\t\t\t\t<img loading=\"lazy\" decoding=\"async\" width=\"454\" height=\"640\" src=\"https:\/\/www.ufsm.br\/app\/uploads\/sites\/910\/2025\/05\/Captura-de-Tela-170.jpg\" class=\"attachment-large size-large wp-image-535\" alt=\"\" srcset=\"https:\/\/www.ufsm.br\/app\/uploads\/sites\/910\/2025\/05\/Captura-de-Tela-170.jpg 454w, https:\/\/www.ufsm.br\/app\/uploads\/sites\/910\/2025\/05\/Captura-de-Tela-170-213x300.jpg 213w\" sizes=\"(max-width: 454px) 100vw, 454px\" \/>\t\t\t\t\t\t\t\t\t\t\t\t\t<\/div>\n\t\t\t\t<\/div>\n\t\t\t\t<div class=\"elementor-element elementor-element-768c52e elementor-align-center elementor-widget elementor-widget-button\" data-id=\"768c52e\" data-element_type=\"widget\" data-widget_type=\"button.default\">\n\t\t\t\t<div class=\"elementor-widget-container\">\n\t\t\t\t\t\t\t<div class=\"elementor-button-wrapper\">\n\t\t\t\t\t<a class=\"elementor-button elementor-button-link elementor-size-sm elementor-animation-grow\" href=\"https:\/\/acrobat.adobe.com\/id\/urn:aaid:sc:us:a01b2ce8-a1a8-4021-b912-fc6e2a98ca6a\" target=\"_blank\">\n\t\t\t\t\t\t<span class=\"elementor-button-content-wrapper\">\n\t\t\t\t\t\t\t\t\t<span class=\"elementor-button-text\">Acesse o e-book<\/span>\n\t\t\t\t\t<\/span>\n\t\t\t\t\t<\/a>\n\t\t\t\t<\/div>\n\t\t\t\t\t\t<\/div>\n\t\t\t\t<\/div>\n\t\t\t\t\t<\/div>\n\t\t<\/div>\n\t\t\t\t<div class=\"elementor-column elementor-col-25 elementor-top-column elementor-element elementor-element-ee103a1\" data-id=\"ee103a1\" data-element_type=\"column\">\n\t\t\t<div class=\"elementor-widget-wrap elementor-element-populated\">\n\t\t\t\t\t\t<div class=\"elementor-element elementor-element-864e0ee elementor-widget elementor-widget-image\" data-id=\"864e0ee\" data-element_type=\"widget\" data-widget_type=\"image.default\">\n\t\t\t\t<div class=\"elementor-widget-container\">\n\t\t\t\t\t\t\t\t\t\t\t\t\t<img loading=\"lazy\" decoding=\"async\" width=\"472\" height=\"666\" src=\"https:\/\/www.ufsm.br\/app\/uploads\/sites\/910\/2026\/01\/Captura-de-Tela-268-4.jpg\" class=\"attachment-large size-large wp-image-632\" alt=\"\" srcset=\"https:\/\/www.ufsm.br\/app\/uploads\/sites\/910\/2026\/01\/Captura-de-Tela-268-4.jpg 472w, https:\/\/www.ufsm.br\/app\/uploads\/sites\/910\/2026\/01\/Captura-de-Tela-268-4-213x300.jpg 213w\" sizes=\"(max-width: 472px) 100vw, 472px\" \/>\t\t\t\t\t\t\t\t\t\t\t\t\t<\/div>\n\t\t\t\t<\/div>\n\t\t\t\t<div class=\"elementor-element elementor-element-70e016b elementor-align-center elementor-widget elementor-widget-button\" data-id=\"70e016b\" data-element_type=\"widget\" data-widget_type=\"button.default\">\n\t\t\t\t<div class=\"elementor-widget-container\">\n\t\t\t\t\t\t\t<div class=\"elementor-button-wrapper\">\n\t\t\t\t\t<a class=\"elementor-button elementor-button-link elementor-size-sm elementor-animation-grow\" href=\"https:\/\/acrobat.adobe.com\/id\/urn:aaid:sc:US:0f921d08-6126-469c-8c7b-722cec07c483\" target=\"_blank\">\n\t\t\t\t\t\t<span class=\"elementor-button-content-wrapper\">\n\t\t\t\t\t\t\t\t\t<span class=\"elementor-button-text\">Acesse o e-book<\/span>\n\t\t\t\t\t<\/span>\n\t\t\t\t\t<\/a>\n\t\t\t\t<\/div>\n\t\t\t\t\t\t<\/div>\n\t\t\t\t<\/div>\n\t\t\t\t\t<\/div>\n\t\t<\/div>\n\t\t\t\t\t<\/div>\n\t\t<\/section>\n\t\t\t\t<section class=\"elementor-section elementor-top-section elementor-element elementor-element-617ff4b elementor-section-boxed elementor-section-height-default elementor-section-height-default\" data-id=\"617ff4b\" data-element_type=\"section\">\n\t\t\t\t\t\t<div class=\"elementor-container elementor-column-gap-default\">\n\t\t\t\t\t<div class=\"elementor-column elementor-col-25 elementor-top-column elementor-element elementor-element-c1b6d76\" data-id=\"c1b6d76\" data-element_type=\"column\">\n\t\t\t<div class=\"elementor-widget-wrap\">\n\t\t\t\t\t\t\t<\/div>\n\t\t<\/div>\n\t\t\t\t<div class=\"elementor-column elementor-col-25 elementor-top-column elementor-element elementor-element-f1ba11c\" data-id=\"f1ba11c\" data-element_type=\"column\">\n\t\t\t<div class=\"elementor-widget-wrap\">\n\t\t\t\t\t\t\t<\/div>\n\t\t<\/div>\n\t\t\t\t<div class=\"elementor-column elementor-col-25 elementor-top-column elementor-element elementor-element-a4c734a\" data-id=\"a4c734a\" data-element_type=\"column\">\n\t\t\t<div class=\"elementor-widget-wrap\">\n\t\t\t\t\t\t\t<\/div>\n\t\t<\/div>\n\t\t\t\t<div class=\"elementor-column elementor-col-25 elementor-top-column elementor-element elementor-element-bc13960\" data-id=\"bc13960\" data-element_type=\"column\">\n\t\t\t<div class=\"elementor-widget-wrap\">\n\t\t\t\t\t\t\t<\/div>\n\t\t<\/div>\n\t\t\t\t\t<\/div>\n\t\t<\/section>\n\t\t\t\t<\/div>\n\t\t","protected":false},"excerpt":{"rendered":"<p>Apresenta\u00e7\u00e3o Aqui na nossa p\u00e1gina de e-books voc\u00ea encontrar\u00e1 os materiais que produzimos em formato de livros eletr\u00f4nicos, sinta-se livre para explorar e descobrir um pouco mais sobre os assuntos que te interessam. Boa leitura! Acesse a cartilha Acesse a cartilha Acesse o e-book Acesse o e-book<\/p>\n","protected":false},"author":5237,"featured_media":0,"parent":0,"menu_order":0,"comment_status":"closed","ping_status":"closed","template":"","meta":{"footnotes":""},"categories":[],"tags":[],"class_list":["post-532","page","type-page","status-publish","hentry"],"acf":[],"_links":{"self":[{"href":"https:\/\/www.ufsm.br\/projetos\/extensao\/ciencia-e-consciencia\/wp-json\/wp\/v2\/pages\/532","targetHints":{"allow":["GET"]}}],"collection":[{"href":"https:\/\/www.ufsm.br\/projetos\/extensao\/ciencia-e-consciencia\/wp-json\/wp\/v2\/pages"}],"about":[{"href":"https:\/\/www.ufsm.br\/projetos\/extensao\/ciencia-e-consciencia\/wp-json\/wp\/v2\/types\/page"}],"author":[{"embeddable":true,"href":"https:\/\/www.ufsm.br\/projetos\/extensao\/ciencia-e-consciencia\/wp-json\/wp\/v2\/users\/5237"}],"replies":[{"embeddable":true,"href":"https:\/\/www.ufsm.br\/projetos\/extensao\/ciencia-e-consciencia\/wp-json\/wp\/v2\/comments?post=532"}],"version-history":[{"count":0,"href":"https:\/\/www.ufsm.br\/projetos\/extensao\/ciencia-e-consciencia\/wp-json\/wp\/v2\/pages\/532\/revisions"}],"wp:attachment":[{"href":"https:\/\/www.ufsm.br\/projetos\/extensao\/ciencia-e-consciencia\/wp-json\/wp\/v2\/media?parent=532"}],"wp:term":[{"taxonomy":"category","embeddable":true,"href":"https:\/\/www.ufsm.br\/projetos\/extensao\/ciencia-e-consciencia\/wp-json\/wp\/v2\/categories?post=532"},{"taxonomy":"post_tag","embeddable":true,"href":"https:\/\/www.ufsm.br\/projetos\/extensao\/ciencia-e-consciencia\/wp-json\/wp\/v2\/tags?post=532"}],"curies":[{"name":"wp","href":"https:\/\/api.w.org\/{rel}","templated":true}]}}