{"id":190,"date":"2021-06-10T16:31:12","date_gmt":"2021-06-10T19:31:12","guid":{"rendered":"https:\/\/www.ufsm.br\/projetos\/extensao\/dia-a-dia-da-ciencia\/?page_id=190"},"modified":"2023-01-17T11:20:11","modified_gmt":"2023-01-17T14:20:11","slug":"engenharias","status":"publish","type":"page","link":"https:\/\/www.ufsm.br\/projetos\/extensao\/dia-a-dia-da-ciencia\/engenharias","title":{"rendered":"Engenharias"},"content":{"rendered":"\t\t<div data-elementor-type=\"wp-page\" data-elementor-id=\"190\" class=\"elementor elementor-190\">\n\t\t\t\t\t\t<section class=\"elementor-section elementor-top-section elementor-element elementor-element-27897ec elementor-section-boxed elementor-section-height-default elementor-section-height-default\" data-id=\"27897ec\" data-element_type=\"section\">\n\t\t\t\t\t\t<div class=\"elementor-container elementor-column-gap-default\">\n\t\t\t\t\t<div class=\"elementor-column elementor-col-100 elementor-top-column elementor-element elementor-element-fea0870\" data-id=\"fea0870\" data-element_type=\"column\">\n\t\t\t<div class=\"elementor-widget-wrap elementor-element-populated\">\n\t\t\t\t\t\t<div class=\"elementor-element elementor-element-3015fed elementor-widget elementor-widget-wp-widget-ufsm_noticias_widget\" data-id=\"3015fed\" data-element_type=\"widget\" data-widget_type=\"wp-widget-ufsm_noticias_widget.default\">\n\t\t\t\t<div class=\"elementor-widget-container\">\n\t\t\t<div id='ufsm-carousel-1775851827-628427140' class='carousel slide carousel-ufsm' data-bs-ride='carousel' aria-hidden='true'>\n    <div class='carousel-inner'>\n                    \n\n            <div class='carousel-item active' data-bs-interval='4000'>\n                                    <!-- Slider Image -->\n                    <img class='w-100'   alt=\"\" srcset=\"https:\/\/www.ufsm.br\/app\/uploads\/sites\/852\/2021\/09\/banner-01-300x79.jpg 300w, https:\/\/www.ufsm.br\/app\/uploads\/sites\/852\/2021\/09\/banner-01-1024x270.jpg 1024w, https:\/\/www.ufsm.br\/app\/uploads\/sites\/852\/2021\/09\/banner-01-768x203.jpg 768w, https:\/\/www.ufsm.br\/app\/uploads\/sites\/852\/2021\/09\/banner-01.jpg 1536w\">\n                \n                \n                                                            <\/div>\n                    \n\n            <div class='carousel-item ' data-bs-interval='4000'>\n                                    <!-- Slider Image -->\n                    <img class='w-100'   alt=\"\" srcset=\"https:\/\/www.ufsm.br\/app\/uploads\/sites\/852\/2021\/09\/banner-04-300x79.jpg 300w, https:\/\/www.ufsm.br\/app\/uploads\/sites\/852\/2021\/09\/banner-04-1024x270.jpg 1024w, https:\/\/www.ufsm.br\/app\/uploads\/sites\/852\/2021\/09\/banner-04-768x203.jpg 768w, https:\/\/www.ufsm.br\/app\/uploads\/sites\/852\/2021\/09\/banner-04.jpg 1536w\">\n                \n                \n                                                            <\/div>\n                    \n\n            <div class='carousel-item ' data-bs-interval='4000'>\n                                    <!-- Slider Image -->\n                    <img class='w-100'   alt=\"\" srcset=\"https:\/\/www.ufsm.br\/app\/uploads\/sites\/852\/2021\/09\/banner-03-300x79.jpg 300w, https:\/\/www.ufsm.br\/app\/uploads\/sites\/852\/2021\/09\/banner-03-1024x270.jpg 1024w, https:\/\/www.ufsm.br\/app\/uploads\/sites\/852\/2021\/09\/banner-03-768x203.jpg 768w, https:\/\/www.ufsm.br\/app\/uploads\/sites\/852\/2021\/09\/banner-03.jpg 1536w\">\n                \n                \n                                                            <\/div>\n                    \n\n            <div class='carousel-item ' data-bs-interval='4000'>\n                                    <!-- Slider Image -->\n                    <img class='w-100'   alt=\"\" srcset=\"https:\/\/www.ufsm.br\/app\/uploads\/sites\/852\/2021\/09\/banner-02-300x79.jpg 300w, https:\/\/www.ufsm.br\/app\/uploads\/sites\/852\/2021\/09\/banner-02-1024x270.jpg 1024w, https:\/\/www.ufsm.br\/app\/uploads\/sites\/852\/2021\/09\/banner-02-768x203.jpg 768w, https:\/\/www.ufsm.br\/app\/uploads\/sites\/852\/2021\/09\/banner-02.jpg 1536w\">\n                \n                \n                                                            <\/div>\n                    <!-- Exibi Indicadores -->\n                    <ol class='carousel-indicators carousel-indicators-numbers d-none d-md-flex align-self-end m-0'>\n                <li data-bs-target='#ufsm-carousel-1775851827-628427140' data-bs-slide-to='0' class='d-flex rounded-circle active'><span class='m-auto fw-bold'>1<\/span><\/li><li data-bs-target='#ufsm-carousel-1775851827-628427140' data-bs-slide-to='1' class='d-flex rounded-circle '><span class='m-auto fw-bold'>2<\/span><\/li><li data-bs-target='#ufsm-carousel-1775851827-628427140' data-bs-slide-to='2' class='d-flex rounded-circle '><span class='m-auto fw-bold'>3<\/span><\/li><li data-bs-target='#ufsm-carousel-1775851827-628427140' data-bs-slide-to='3' class='d-flex rounded-circle '><span class='m-auto fw-bold'>4<\/span><\/li>            <\/ol>\n            <a class='carousel-control-prev' href='#ufsm-carousel-1775851827-628427140' role='button' data-bs-slide='prev'>\n                <span class='carousel-control-prev-icon' aria-hidden='true'><\/span>\n                <span class='visually-hidden'>Previous<\/span>\n            <\/a>\n            <a class='carousel-control-next' href='#ufsm-carousel-1775851827-628427140' role='button' data-bs-slide='next'>\n                <span class='carousel-control-next-icon' aria-hidden='true'><\/span>\n                <span class='visually-hidden'>Next<\/span>\n            <\/a>\n            <\/div>\n<\/div>\n<!-- Acessibilidade, apenas leitor de tela -->\n<ul class='visually-hidden'>\n    <li><a href='https:\/\/www.ufsm.br\/projetos\/extensao\/dia-a-dia-da-ciencia\/2021\/09\/28\/banner-04'>Banner &#8211; 04<\/a><\/li><li><a href='https:\/\/www.ufsm.br\/projetos\/extensao\/dia-a-dia-da-ciencia\/2021\/09\/28\/banner-03'>Banner &#8211; 03<\/a><\/li><li><a href='https:\/\/www.ufsm.br\/projetos\/extensao\/dia-a-dia-da-ciencia\/2021\/09\/28\/banner-02'>Banner &#8211; 02<\/a><\/li><li><a href='https:\/\/www.ufsm.br\/projetos\/extensao\/dia-a-dia-da-ciencia\/2021\/06\/09\/banner-01'><\/a><\/li><\/ul>\n\t\t<\/div>\n\t\t\t\t<\/div>\n\t\t\t\t\t<\/div>\n\t\t<\/div>\n\t\t\t\t\t<\/div>\n\t\t<\/section>\n\t\t\t\t<section class=\"elementor-section elementor-top-section elementor-element elementor-element-559c48e elementor-section-boxed elementor-section-height-default elementor-section-height-default\" data-id=\"559c48e\" data-element_type=\"section\">\n\t\t\t\t\t\t<div class=\"elementor-container elementor-column-gap-default\">\n\t\t\t\t\t<div class=\"elementor-column elementor-col-100 elementor-top-column elementor-element elementor-element-05f0c30\" data-id=\"05f0c30\" data-element_type=\"column\">\n\t\t\t<div class=\"elementor-widget-wrap elementor-element-populated\">\n\t\t\t\t\t\t<div class=\"elementor-element elementor-element-520a680 elementor-icon-list--layout-traditional elementor-list-item-link-full_width elementor-widget elementor-widget-icon-list\" data-id=\"520a680\" data-element_type=\"widget\" data-widget_type=\"icon-list.default\">\n\t\t\t\t<div class=\"elementor-widget-container\">\n\t\t\t\t\t<ul class=\"elementor-icon-list-items\">\n\t\t\t\t\t\t\t<li class=\"elementor-icon-list-item\">\n\t\t\t\t\t\t\t\t\t\t\t<a href=\"https:\/\/www.ufsm.br\/app\/uploads\/sites\/852\/2021\/12\/Diferencas-conceituais-entre-pocos-de-infiltracao-jardins-de-chuva-e-biorretencoes.pdf\" target=\"_blank\">\n\n\t\t\t\t\t\t\t\t\t\t\t\t<span class=\"elementor-icon-list-icon\">\n\t\t\t\t\t\t\t<i aria-hidden=\"true\" class=\"fas fa-angle-right\"><\/i>\t\t\t\t\t\t<\/span>\n\t\t\t\t\t\t\t\t\t\t<span class=\"elementor-icon-list-text\">Diferen\u00e7as conceituais entre po\u00e7os de infiltra\u00e7\u00e3o, jardins de chuva e biorreten\u00e7\u00f5es<\/span>\n\t\t\t\t\t\t\t\t\t\t\t<\/a>\n\t\t\t\t\t\t\t\t\t<\/li>\n\t\t\t\t\t\t\t\t<li class=\"elementor-icon-list-item\">\n\t\t\t\t\t\t\t\t\t\t\t<a href=\"https:\/\/www.ufsm.br\/app\/uploads\/sites\/852\/2023\/01\/Ponte-autoportante-de-Leonardo-da-Vinci-1.pdf\" target=\"_blank\">\n\n\t\t\t\t\t\t\t\t\t\t\t\t<span class=\"elementor-icon-list-icon\">\n\t\t\t\t\t\t\t<i aria-hidden=\"true\" class=\"fas fa-angle-right\"><\/i>\t\t\t\t\t\t<\/span>\n\t\t\t\t\t\t\t\t\t\t<span class=\"elementor-icon-list-text\">Ponte autoportante de Leonardo da Vinci<\/span>\n\t\t\t\t\t\t\t\t\t\t\t<\/a>\n\t\t\t\t\t\t\t\t\t<\/li>\n\t\t\t\t\t\t<\/ul>\n\t\t\t\t<\/div>\n\t\t\t\t<\/div>\n\t\t\t\t\t<\/div>\n\t\t<\/div>\n\t\t\t\t\t<\/div>\n\t\t<\/section>\n\t\t\t\t<\/div>\n\t\t","protected":false},"excerpt":{"rendered":"<p>Diferen\u00e7as conceituais entre po\u00e7os de infiltra\u00e7\u00e3o, jardins de chuva e biorreten\u00e7\u00f5es Ponte autoportante de Leonardo da Vinci<\/p>\n","protected":false},"author":3871,"featured_media":0,"parent":0,"menu_order":0,"comment_status":"closed","ping_status":"closed","template":"","meta":{"footnotes":""},"categories":[],"tags":[],"class_list":["post-190","page","type-page","status-publish","hentry"],"acf":[],"_links":{"self":[{"href":"https:\/\/www.ufsm.br\/projetos\/extensao\/dia-a-dia-da-ciencia\/wp-json\/wp\/v2\/pages\/190","targetHints":{"allow":["GET"]}}],"collection":[{"href":"https:\/\/www.ufsm.br\/projetos\/extensao\/dia-a-dia-da-ciencia\/wp-json\/wp\/v2\/pages"}],"about":[{"href":"https:\/\/www.ufsm.br\/projetos\/extensao\/dia-a-dia-da-ciencia\/wp-json\/wp\/v2\/types\/page"}],"author":[{"embeddable":true,"href":"https:\/\/www.ufsm.br\/projetos\/extensao\/dia-a-dia-da-ciencia\/wp-json\/wp\/v2\/users\/3871"}],"replies":[{"embeddable":true,"href":"https:\/\/www.ufsm.br\/projetos\/extensao\/dia-a-dia-da-ciencia\/wp-json\/wp\/v2\/comments?post=190"}],"version-history":[{"count":0,"href":"https:\/\/www.ufsm.br\/projetos\/extensao\/dia-a-dia-da-ciencia\/wp-json\/wp\/v2\/pages\/190\/revisions"}],"wp:attachment":[{"href":"https:\/\/www.ufsm.br\/projetos\/extensao\/dia-a-dia-da-ciencia\/wp-json\/wp\/v2\/media?parent=190"}],"wp:term":[{"taxonomy":"category","embeddable":true,"href":"https:\/\/www.ufsm.br\/projetos\/extensao\/dia-a-dia-da-ciencia\/wp-json\/wp\/v2\/categories?post=190"},{"taxonomy":"post_tag","embeddable":true,"href":"https:\/\/www.ufsm.br\/projetos\/extensao\/dia-a-dia-da-ciencia\/wp-json\/wp\/v2\/tags?post=190"}],"curies":[{"name":"wp","href":"https:\/\/api.w.org\/{rel}","templated":true}]}}